{"id":959,"date":"2024-09-09T12:31:13","date_gmt":"2024-09-09T12:31:13","guid":{"rendered":"https:\/\/newmood.kodektif.com\/?post_type=product&#038;p=959"},"modified":"2024-09-09T12:31:13","modified_gmt":"2024-09-09T12:31:13","slug":"bono-sandalye","status":"publish","type":"product","link":"https:\/\/newmood.com.tr\/en\/bono-sandalye\/","title":{"rendered":"Bono Chair"},"content":{"rendered":"","protected":false},"excerpt":{"rendered":"<p>Bono Chair adds an elegant touch to your dining room or living area with its modern and stylish design. Its comfortable seating area and ergonomic structure provide comfort even during long sessions. Its quality fabric or leather covering and carefully crafted details offer superior performance in terms of both aesthetics and durability. With its minimalist lines and stylish appearance, Bono Chair adapts to various decoration styles and brings a sophisticated touch to both modern and classic spaces. It is a perfect choice for both daily meals and special occasions.<\/p>","protected":false},"featured_media":937,"comment_status":"open","ping_status":"closed","template":"","meta":[],"product_brand":[],"product_cat":[15,20],"product_tag":[],"class_list":{"0":"post-959","1":"product","2":"type-product","3":"status-publish","4":"has-post-thumbnail","6":"product_cat-urunler","7":"product_cat-sandalyeler","9":"first","10":"instock","11":"shipping-taxable","12":"product-type-simple"},"yoast_head":"<!-- This site is optimized with the Yoast SEO plugin v24.9 - https:\/\/yoast.com\/wordpress\/plugins\/seo\/ -->\n<title>Bono Sandalye - Newmood<\/title>\n<meta name=\"robots\" content=\"index, follow, max-snippet:-1, max-image-preview:large, max-video-preview:-1\" \/>\n<link rel=\"canonical\" href=\"https:\/\/newmood.com.tr\/en\/bono-sandalye\/\" \/>\n<meta property=\"og:locale\" content=\"en_US\" \/>\n<meta property=\"og:type\" content=\"article\" \/>\n<meta property=\"og:title\" content=\"Bono Sandalye - Newmood\" \/>\n<meta property=\"og:description\" content=\"Bono Sandalye, modern ve \u015f\u0131k tasar\u0131m\u0131yla yemek odan\u0131za veya oturma alan\u0131n\u0131za zarif bir dokunu\u015f katar. Konforlu oturma alan\u0131 ve ergonomik yap\u0131s\u0131, uzun s\u00fcreli oturumlarda bile rahatl\u0131k sa\u011flar. Kaliteli kuma\u015f veya deri kaplamas\u0131 ve dikkatle i\u015flenmi\u015f detaylar\u0131, hem estetik hem de dayan\u0131kl\u0131l\u0131k a\u00e7\u0131s\u0131ndan \u00fcst\u00fcn bir performans sunar. Minimalist \u00e7izgileri ve \u015f\u0131k g\u00f6r\u00fcn\u00fcm\u00fcyle Bono Sandalye, \u00e7e\u015fitli dekorasyon tarzlar\u0131na uyum sa\u011flar ve hem modern hem de klasik mekanlara sofistike bir dokunu\u015f getirir. Hem g\u00fcnl\u00fck yemekler hem de \u00f6zel davetler i\u00e7in m\u00fckemmel bir tercihtir.\" \/>\n<meta property=\"og:url\" content=\"https:\/\/newmood.com.tr\/en\/bono-sandalye\/\" \/>\n<meta property=\"og:site_name\" content=\"Newmood\" \/>\n<meta property=\"og:image\" content=\"https:\/\/newmood.com.tr\/wp-content\/uploads\/2024\/09\/bono-yemek-odasi-090924-18.jpg\" \/>\n\t<meta property=\"og:image:width\" content=\"1920\" \/>\n\t<meta property=\"og:image:height\" content=\"1200\" \/>\n\t<meta property=\"og:image:type\" content=\"image\/jpeg\" \/>\n<meta name=\"twitter:card\" content=\"summary_large_image\" \/>\n<script type=\"application\/ld+json\" class=\"yoast-schema-graph\">{\"@context\":\"https:\/\/schema.org\",\"@graph\":[{\"@type\":\"WebPage\",\"@id\":\"https:\/\/newmood.com.tr\/en\/bono-sandalye\/\",\"url\":\"https:\/\/newmood.com.tr\/en\/bono-sandalye\/\",\"name\":\"Bono Sandalye - Newmood\",\"isPartOf\":{\"@id\":\"https:\/\/newmood.com.tr\/en\/#website\"},\"primaryImageOfPage\":{\"@id\":\"https:\/\/newmood.com.tr\/en\/bono-sandalye\/#primaryimage\"},\"image\":{\"@id\":\"https:\/\/newmood.com.tr\/en\/bono-sandalye\/#primaryimage\"},\"thumbnailUrl\":\"https:\/\/newmood.com.tr\/wp-content\/uploads\/2024\/09\/bono-yemek-odasi-090924-18.jpg\",\"datePublished\":\"2024-09-09T12:31:13+00:00\",\"breadcrumb\":{\"@id\":\"https:\/\/newmood.com.tr\/en\/bono-sandalye\/#breadcrumb\"},\"inLanguage\":\"en-US\",\"potentialAction\":[{\"@type\":\"ReadAction\",\"target\":[\"https:\/\/newmood.com.tr\/en\/bono-sandalye\/\"]}]},{\"@type\":\"ImageObject\",\"inLanguage\":\"en-US\",\"@id\":\"https:\/\/newmood.com.tr\/en\/bono-sandalye\/#primaryimage\",\"url\":\"https:\/\/newmood.com.tr\/wp-content\/uploads\/2024\/09\/bono-yemek-odasi-090924-18.jpg\",\"contentUrl\":\"https:\/\/newmood.com.tr\/wp-content\/uploads\/2024\/09\/bono-yemek-odasi-090924-18.jpg\",\"width\":1920,\"height\":1200},{\"@type\":\"BreadcrumbList\",\"@id\":\"https:\/\/newmood.com.tr\/en\/bono-sandalye\/#breadcrumb\",\"itemListElement\":[{\"@type\":\"ListItem\",\"position\":1,\"name\":\"Anasayfa\",\"item\":\"https:\/\/newmood.com.tr\/\"},{\"@type\":\"ListItem\",\"position\":2,\"name\":\"\u00dcr\u00fcnler\",\"item\":\"https:\/\/newmood.com.tr\/shop\/\"},{\"@type\":\"ListItem\",\"position\":3,\"name\":\"Bono Sandalye\"}]},{\"@type\":\"WebSite\",\"@id\":\"https:\/\/newmood.com.tr\/en\/#website\",\"url\":\"https:\/\/newmood.com.tr\/en\/\",\"name\":\"Newmood\",\"description\":\"\",\"potentialAction\":[{\"@type\":\"SearchAction\",\"target\":{\"@type\":\"EntryPoint\",\"urlTemplate\":\"https:\/\/newmood.com.tr\/en\/?s={search_term_string}\"},\"query-input\":{\"@type\":\"PropertyValueSpecification\",\"valueRequired\":true,\"valueName\":\"search_term_string\"}}],\"inLanguage\":\"en-US\"}]}<\/script>\n<!-- \/ Yoast SEO plugin. -->","yoast_head_json":{"title":"Bono Sandalye - Newmood","robots":{"index":"index","follow":"follow","max-snippet":"max-snippet:-1","max-image-preview":"max-image-preview:large","max-video-preview":"max-video-preview:-1"},"canonical":"https:\/\/newmood.com.tr\/en\/bono-sandalye\/","og_locale":"en_US","og_type":"article","og_title":"Bono Sandalye - Newmood","og_description":"Bono Sandalye, modern ve \u015f\u0131k tasar\u0131m\u0131yla yemek odan\u0131za veya oturma alan\u0131n\u0131za zarif bir dokunu\u015f katar. Konforlu oturma alan\u0131 ve ergonomik yap\u0131s\u0131, uzun s\u00fcreli oturumlarda bile rahatl\u0131k sa\u011flar. Kaliteli kuma\u015f veya deri kaplamas\u0131 ve dikkatle i\u015flenmi\u015f detaylar\u0131, hem estetik hem de dayan\u0131kl\u0131l\u0131k a\u00e7\u0131s\u0131ndan \u00fcst\u00fcn bir performans sunar. Minimalist \u00e7izgileri ve \u015f\u0131k g\u00f6r\u00fcn\u00fcm\u00fcyle Bono Sandalye, \u00e7e\u015fitli dekorasyon tarzlar\u0131na uyum sa\u011flar ve hem modern hem de klasik mekanlara sofistike bir dokunu\u015f getirir. Hem g\u00fcnl\u00fck yemekler hem de \u00f6zel davetler i\u00e7in m\u00fckemmel bir tercihtir.","og_url":"https:\/\/newmood.com.tr\/en\/bono-sandalye\/","og_site_name":"Newmood","og_image":[{"width":1920,"height":1200,"url":"https:\/\/newmood.com.tr\/wp-content\/uploads\/2024\/09\/bono-yemek-odasi-090924-18.jpg","type":"image\/jpeg"}],"twitter_card":"summary_large_image","schema":{"@context":"https:\/\/schema.org","@graph":[{"@type":"WebPage","@id":"https:\/\/newmood.com.tr\/en\/bono-sandalye\/","url":"https:\/\/newmood.com.tr\/en\/bono-sandalye\/","name":"Bono Sandalye - Newmood","isPartOf":{"@id":"https:\/\/newmood.com.tr\/en\/#website"},"primaryImageOfPage":{"@id":"https:\/\/newmood.com.tr\/en\/bono-sandalye\/#primaryimage"},"image":{"@id":"https:\/\/newmood.com.tr\/en\/bono-sandalye\/#primaryimage"},"thumbnailUrl":"https:\/\/newmood.com.tr\/wp-content\/uploads\/2024\/09\/bono-yemek-odasi-090924-18.jpg","datePublished":"2024-09-09T12:31:13+00:00","breadcrumb":{"@id":"https:\/\/newmood.com.tr\/en\/bono-sandalye\/#breadcrumb"},"inLanguage":"en-US","potentialAction":[{"@type":"ReadAction","target":["https:\/\/newmood.com.tr\/en\/bono-sandalye\/"]}]},{"@type":"ImageObject","inLanguage":"en-US","@id":"https:\/\/newmood.com.tr\/en\/bono-sandalye\/#primaryimage","url":"https:\/\/newmood.com.tr\/wp-content\/uploads\/2024\/09\/bono-yemek-odasi-090924-18.jpg","contentUrl":"https:\/\/newmood.com.tr\/wp-content\/uploads\/2024\/09\/bono-yemek-odasi-090924-18.jpg","width":1920,"height":1200},{"@type":"BreadcrumbList","@id":"https:\/\/newmood.com.tr\/en\/bono-sandalye\/#breadcrumb","itemListElement":[{"@type":"ListItem","position":1,"name":"Anasayfa","item":"https:\/\/newmood.com.tr\/"},{"@type":"ListItem","position":2,"name":"\u00dcr\u00fcnler","item":"https:\/\/newmood.com.tr\/shop\/"},{"@type":"ListItem","position":3,"name":"Bono Sandalye"}]},{"@type":"WebSite","@id":"https:\/\/newmood.com.tr\/en\/#website","url":"https:\/\/newmood.com.tr\/en\/","name":"Newmood","description":"","potentialAction":[{"@type":"SearchAction","target":{"@type":"EntryPoint","urlTemplate":"https:\/\/newmood.com.tr\/en\/?s={search_term_string}"},"query-input":{"@type":"PropertyValueSpecification","valueRequired":true,"valueName":"search_term_string"}}],"inLanguage":"en-US"}]}},"_links":{"self":[{"href":"https:\/\/newmood.com.tr\/en\/wp-json\/wp\/v2\/product\/959"}],"collection":[{"href":"https:\/\/newmood.com.tr\/en\/wp-json\/wp\/v2\/product"}],"about":[{"href":"https:\/\/newmood.com.tr\/en\/wp-json\/wp\/v2\/types\/product"}],"replies":[{"embeddable":true,"href":"https:\/\/newmood.com.tr\/en\/wp-json\/wp\/v2\/comments?post=959"}],"wp:featuredmedia":[{"embeddable":true,"href":"https:\/\/newmood.com.tr\/en\/wp-json\/wp\/v2\/media\/937"}],"wp:attachment":[{"href":"https:\/\/newmood.com.tr\/en\/wp-json\/wp\/v2\/media?parent=959"}],"wp:term":[{"taxonomy":"product_brand","embeddable":true,"href":"https:\/\/newmood.com.tr\/en\/wp-json\/wp\/v2\/product_brand?post=959"},{"taxonomy":"product_cat","embeddable":true,"href":"https:\/\/newmood.com.tr\/en\/wp-json\/wp\/v2\/product_cat?post=959"},{"taxonomy":"product_tag","embeddable":true,"href":"https:\/\/newmood.com.tr\/en\/wp-json\/wp\/v2\/product_tag?post=959"}],"curies":[{"name":"wp","href":"https:\/\/api.w.org\/{rel}","templated":true}]}}