{"id":954,"date":"2024-09-09T12:15:54","date_gmt":"2024-09-09T12:15:54","guid":{"rendered":"https:\/\/newmood.kodektif.com\/?post_type=product&#038;p=954"},"modified":"2024-09-09T12:25:39","modified_gmt":"2024-09-09T12:25:39","slug":"bono-konsol","status":"publish","type":"product","link":"https:\/\/newmood.com.tr\/en\/bono-konsol\/","title":{"rendered":"Bono Sideboard"},"content":{"rendered":"","protected":false},"excerpt":{"rendered":"<p>Bono Console is a stylish storage solution where modern design meets elegant details. It stands out as both a functional and decorative piece with its aesthetic lines and quality materials. While its wide shelves and drawers allow you to store your belongings in an orderly manner, it adds a sophisticated touch to your living space with its minimalist design and elegant details. Bono Console is both an aesthetic and practical choice that you can use in various areas such as the dining room or living room. It brings elegance and order to your home.<\/p>","protected":false},"featured_media":955,"comment_status":"open","ping_status":"closed","template":"","meta":[],"product_brand":[],"product_cat":[15,27],"product_tag":[],"class_list":{"0":"post-954","1":"product","2":"type-product","3":"status-publish","4":"has-post-thumbnail","6":"product_cat-urunler","7":"product_cat-konsollar","9":"first","10":"instock","11":"shipping-taxable","12":"product-type-simple"},"yoast_head":"<!-- This site is optimized with the Yoast SEO plugin v24.9 - https:\/\/yoast.com\/wordpress\/plugins\/seo\/ -->\n<title>Bono Konsol - Newmood<\/title>\n<meta name=\"robots\" content=\"index, follow, max-snippet:-1, max-image-preview:large, max-video-preview:-1\" \/>\n<link rel=\"canonical\" href=\"https:\/\/newmood.com.tr\/en\/bono-konsol\/\" \/>\n<meta property=\"og:locale\" content=\"en_US\" \/>\n<meta property=\"og:type\" content=\"article\" \/>\n<meta property=\"og:title\" content=\"Bono Konsol - Newmood\" \/>\n<meta property=\"og:description\" content=\"Bono Konsol, modern tasar\u0131m\u0131n zarif detaylarla bulu\u015ftu\u011fu \u015f\u0131k bir depolama \u00e7\u00f6z\u00fcm\u00fcd\u00fcr. Estetik \u00e7izgileri ve kaliteli malzemeleri ile hem fonksiyonel hem de dekoratif bir par\u00e7a olarak \u00f6ne \u00e7\u0131kar. Geni\u015f raf ve \u00e7ekmeceleri, e\u015fyalar\u0131n\u0131z\u0131 d\u00fczenli bir \u015fekilde saklaman\u0131z\u0131 sa\u011flarken, minimalist tasar\u0131m\u0131 ve zarif detaylar\u0131 ile ya\u015fam alan\u0131n\u0131za sofistike bir dokunu\u015f katar. Bono Konsol, yemek odas\u0131 veya oturma odas\u0131 gibi \u00e7e\u015fitli alanlarda kullanabilece\u011finiz, hem estetik hem de pratik bir se\u00e7imdir. Evinize \u015f\u0131kl\u0131k ve d\u00fczen getirir.\" \/>\n<meta property=\"og:url\" content=\"https:\/\/newmood.com.tr\/en\/bono-konsol\/\" \/>\n<meta property=\"og:site_name\" content=\"Newmood\" \/>\n<meta property=\"article:modified_time\" content=\"2024-09-09T12:25:39+00:00\" \/>\n<meta property=\"og:image\" content=\"https:\/\/newmood.com.tr\/wp-content\/uploads\/2024\/09\/bono-yemek-odasi-090924-21.jpg\" \/>\n\t<meta property=\"og:image:width\" content=\"1920\" \/>\n\t<meta property=\"og:image:height\" content=\"1200\" \/>\n\t<meta property=\"og:image:type\" content=\"image\/jpeg\" \/>\n<meta name=\"twitter:card\" content=\"summary_large_image\" \/>\n<script type=\"application\/ld+json\" class=\"yoast-schema-graph\">{\"@context\":\"https:\/\/schema.org\",\"@graph\":[{\"@type\":\"WebPage\",\"@id\":\"https:\/\/newmood.com.tr\/en\/bono-konsol\/\",\"url\":\"https:\/\/newmood.com.tr\/en\/bono-konsol\/\",\"name\":\"Bono Konsol - Newmood\",\"isPartOf\":{\"@id\":\"https:\/\/newmood.com.tr\/en\/#website\"},\"primaryImageOfPage\":{\"@id\":\"https:\/\/newmood.com.tr\/en\/bono-konsol\/#primaryimage\"},\"image\":{\"@id\":\"https:\/\/newmood.com.tr\/en\/bono-konsol\/#primaryimage\"},\"thumbnailUrl\":\"https:\/\/newmood.com.tr\/wp-content\/uploads\/2024\/09\/bono-yemek-odasi-090924-21.jpg\",\"datePublished\":\"2024-09-09T12:15:54+00:00\",\"dateModified\":\"2024-09-09T12:25:39+00:00\",\"breadcrumb\":{\"@id\":\"https:\/\/newmood.com.tr\/en\/bono-konsol\/#breadcrumb\"},\"inLanguage\":\"en-US\",\"potentialAction\":[{\"@type\":\"ReadAction\",\"target\":[\"https:\/\/newmood.com.tr\/en\/bono-konsol\/\"]}]},{\"@type\":\"ImageObject\",\"inLanguage\":\"en-US\",\"@id\":\"https:\/\/newmood.com.tr\/en\/bono-konsol\/#primaryimage\",\"url\":\"https:\/\/newmood.com.tr\/wp-content\/uploads\/2024\/09\/bono-yemek-odasi-090924-21.jpg\",\"contentUrl\":\"https:\/\/newmood.com.tr\/wp-content\/uploads\/2024\/09\/bono-yemek-odasi-090924-21.jpg\",\"width\":1920,\"height\":1200},{\"@type\":\"BreadcrumbList\",\"@id\":\"https:\/\/newmood.com.tr\/en\/bono-konsol\/#breadcrumb\",\"itemListElement\":[{\"@type\":\"ListItem\",\"position\":1,\"name\":\"Anasayfa\",\"item\":\"https:\/\/newmood.com.tr\/\"},{\"@type\":\"ListItem\",\"position\":2,\"name\":\"\u00dcr\u00fcnler\",\"item\":\"https:\/\/newmood.com.tr\/shop\/\"},{\"@type\":\"ListItem\",\"position\":3,\"name\":\"Bono Konsol\"}]},{\"@type\":\"WebSite\",\"@id\":\"https:\/\/newmood.com.tr\/en\/#website\",\"url\":\"https:\/\/newmood.com.tr\/en\/\",\"name\":\"Newmood\",\"description\":\"\",\"potentialAction\":[{\"@type\":\"SearchAction\",\"target\":{\"@type\":\"EntryPoint\",\"urlTemplate\":\"https:\/\/newmood.com.tr\/en\/?s={search_term_string}\"},\"query-input\":{\"@type\":\"PropertyValueSpecification\",\"valueRequired\":true,\"valueName\":\"search_term_string\"}}],\"inLanguage\":\"en-US\"}]}<\/script>\n<!-- \/ Yoast SEO plugin. -->","yoast_head_json":{"title":"Bono Konsol - Newmood","robots":{"index":"index","follow":"follow","max-snippet":"max-snippet:-1","max-image-preview":"max-image-preview:large","max-video-preview":"max-video-preview:-1"},"canonical":"https:\/\/newmood.com.tr\/en\/bono-konsol\/","og_locale":"en_US","og_type":"article","og_title":"Bono Konsol - Newmood","og_description":"Bono Konsol, modern tasar\u0131m\u0131n zarif detaylarla bulu\u015ftu\u011fu \u015f\u0131k bir depolama \u00e7\u00f6z\u00fcm\u00fcd\u00fcr. Estetik \u00e7izgileri ve kaliteli malzemeleri ile hem fonksiyonel hem de dekoratif bir par\u00e7a olarak \u00f6ne \u00e7\u0131kar. Geni\u015f raf ve \u00e7ekmeceleri, e\u015fyalar\u0131n\u0131z\u0131 d\u00fczenli bir \u015fekilde saklaman\u0131z\u0131 sa\u011flarken, minimalist tasar\u0131m\u0131 ve zarif detaylar\u0131 ile ya\u015fam alan\u0131n\u0131za sofistike bir dokunu\u015f katar. Bono Konsol, yemek odas\u0131 veya oturma odas\u0131 gibi \u00e7e\u015fitli alanlarda kullanabilece\u011finiz, hem estetik hem de pratik bir se\u00e7imdir. Evinize \u015f\u0131kl\u0131k ve d\u00fczen getirir.","og_url":"https:\/\/newmood.com.tr\/en\/bono-konsol\/","og_site_name":"Newmood","article_modified_time":"2024-09-09T12:25:39+00:00","og_image":[{"width":1920,"height":1200,"url":"https:\/\/newmood.com.tr\/wp-content\/uploads\/2024\/09\/bono-yemek-odasi-090924-21.jpg","type":"image\/jpeg"}],"twitter_card":"summary_large_image","schema":{"@context":"https:\/\/schema.org","@graph":[{"@type":"WebPage","@id":"https:\/\/newmood.com.tr\/en\/bono-konsol\/","url":"https:\/\/newmood.com.tr\/en\/bono-konsol\/","name":"Bono Konsol - Newmood","isPartOf":{"@id":"https:\/\/newmood.com.tr\/en\/#website"},"primaryImageOfPage":{"@id":"https:\/\/newmood.com.tr\/en\/bono-konsol\/#primaryimage"},"image":{"@id":"https:\/\/newmood.com.tr\/en\/bono-konsol\/#primaryimage"},"thumbnailUrl":"https:\/\/newmood.com.tr\/wp-content\/uploads\/2024\/09\/bono-yemek-odasi-090924-21.jpg","datePublished":"2024-09-09T12:15:54+00:00","dateModified":"2024-09-09T12:25:39+00:00","breadcrumb":{"@id":"https:\/\/newmood.com.tr\/en\/bono-konsol\/#breadcrumb"},"inLanguage":"en-US","potentialAction":[{"@type":"ReadAction","target":["https:\/\/newmood.com.tr\/en\/bono-konsol\/"]}]},{"@type":"ImageObject","inLanguage":"en-US","@id":"https:\/\/newmood.com.tr\/en\/bono-konsol\/#primaryimage","url":"https:\/\/newmood.com.tr\/wp-content\/uploads\/2024\/09\/bono-yemek-odasi-090924-21.jpg","contentUrl":"https:\/\/newmood.com.tr\/wp-content\/uploads\/2024\/09\/bono-yemek-odasi-090924-21.jpg","width":1920,"height":1200},{"@type":"BreadcrumbList","@id":"https:\/\/newmood.com.tr\/en\/bono-konsol\/#breadcrumb","itemListElement":[{"@type":"ListItem","position":1,"name":"Anasayfa","item":"https:\/\/newmood.com.tr\/"},{"@type":"ListItem","position":2,"name":"\u00dcr\u00fcnler","item":"https:\/\/newmood.com.tr\/shop\/"},{"@type":"ListItem","position":3,"name":"Bono Konsol"}]},{"@type":"WebSite","@id":"https:\/\/newmood.com.tr\/en\/#website","url":"https:\/\/newmood.com.tr\/en\/","name":"Newmood","description":"","potentialAction":[{"@type":"SearchAction","target":{"@type":"EntryPoint","urlTemplate":"https:\/\/newmood.com.tr\/en\/?s={search_term_string}"},"query-input":{"@type":"PropertyValueSpecification","valueRequired":true,"valueName":"search_term_string"}}],"inLanguage":"en-US"}]}},"_links":{"self":[{"href":"https:\/\/newmood.com.tr\/en\/wp-json\/wp\/v2\/product\/954"}],"collection":[{"href":"https:\/\/newmood.com.tr\/en\/wp-json\/wp\/v2\/product"}],"about":[{"href":"https:\/\/newmood.com.tr\/en\/wp-json\/wp\/v2\/types\/product"}],"replies":[{"embeddable":true,"href":"https:\/\/newmood.com.tr\/en\/wp-json\/wp\/v2\/comments?post=954"}],"wp:featuredmedia":[{"embeddable":true,"href":"https:\/\/newmood.com.tr\/en\/wp-json\/wp\/v2\/media\/955"}],"wp:attachment":[{"href":"https:\/\/newmood.com.tr\/en\/wp-json\/wp\/v2\/media?parent=954"}],"wp:term":[{"taxonomy":"product_brand","embeddable":true,"href":"https:\/\/newmood.com.tr\/en\/wp-json\/wp\/v2\/product_brand?post=954"},{"taxonomy":"product_cat","embeddable":true,"href":"https:\/\/newmood.com.tr\/en\/wp-json\/wp\/v2\/product_cat?post=954"},{"taxonomy":"product_tag","embeddable":true,"href":"https:\/\/newmood.com.tr\/en\/wp-json\/wp\/v2\/product_tag?post=954"}],"curies":[{"name":"wp","href":"https:\/\/api.w.org\/{rel}","templated":true}]}}