{"id":887,"date":"2024-09-09T11:44:44","date_gmt":"2024-09-09T11:44:44","guid":{"rendered":"https:\/\/newmood.kodektif.com\/?post_type=product&#038;p=887"},"modified":"2024-09-09T11:48:46","modified_gmt":"2024-09-09T11:48:46","slug":"domino-masa","status":"publish","type":"product","link":"https:\/\/newmood.com.tr\/en\/domino-masa\/","title":{"rendered":"Domino Table"},"content":{"rendered":"","protected":false},"excerpt":{"rendered":"<p>Domino Table brings an elegant touch to your dining room with its stylish and modern design. While it makes every moment more enjoyable, from family dinners to special invitations, thanks to its large surface, it also attracts attention with its elegant details and solid structure. Combining the warmth of wood texture and modern lines, it stands out as both a functional and aesthetic piece. While Domino Table offers a durable and stylish option for daily use, it also complements your decoration and adds a sophisticated atmosphere to your dining room.<\/p>","protected":false},"featured_media":854,"comment_status":"open","ping_status":"closed","template":"","meta":[],"product_brand":[],"product_cat":[15,21],"product_tag":[],"class_list":{"0":"post-887","1":"product","2":"type-product","3":"status-publish","4":"has-post-thumbnail","6":"product_cat-urunler","7":"product_cat-masalar","9":"first","10":"instock","11":"shipping-taxable","12":"product-type-simple"},"yoast_head":"<!-- This site is optimized with the Yoast SEO plugin v24.9 - https:\/\/yoast.com\/wordpress\/plugins\/seo\/ -->\n<title>Domino Masa - Newmood<\/title>\n<meta name=\"robots\" content=\"index, follow, max-snippet:-1, max-image-preview:large, max-video-preview:-1\" \/>\n<link rel=\"canonical\" href=\"https:\/\/newmood.com.tr\/en\/domino-masa\/\" \/>\n<meta property=\"og:locale\" content=\"en_US\" \/>\n<meta property=\"og:type\" content=\"article\" \/>\n<meta property=\"og:title\" content=\"Domino Masa - Newmood\" \/>\n<meta property=\"og:description\" content=\"Domino Masa, \u015f\u0131k ve modern tasar\u0131m\u0131yla yemek odan\u0131za zarif bir dokunu\u015f getirir. Geni\u015f y\u00fczeyi sayesinde aile yemeklerinden \u00f6zel davetlere kadar her an\u0131 daha keyifli hale getirirken, zarif detaylar\u0131 ve sa\u011flam yap\u0131s\u0131yla da dikkat \u00e7eker. Ah\u015fap dokusunun s\u0131cakl\u0131\u011f\u0131 ve modern \u00e7izgileri bir araya getirerek hem fonksiyonel hem de estetik bir par\u00e7a olarak \u00f6ne \u00e7\u0131kar. Domino Masa, g\u00fcnl\u00fck kullan\u0131mlar i\u00e7in dayan\u0131kl\u0131 ve \u015f\u0131k bir se\u00e7enek sunarken, dekorasyonunuzu da tamamlayarak yemek odan\u0131za sofistike bir hava katar.\" \/>\n<meta property=\"og:url\" content=\"https:\/\/newmood.com.tr\/en\/domino-masa\/\" \/>\n<meta property=\"og:site_name\" content=\"Newmood\" \/>\n<meta property=\"article:modified_time\" content=\"2024-09-09T11:48:46+00:00\" \/>\n<meta property=\"og:image\" content=\"https:\/\/newmood.com.tr\/wp-content\/uploads\/2024\/09\/domino-yemek-odasi-090924-17.jpg\" \/>\n\t<meta property=\"og:image:width\" content=\"1920\" \/>\n\t<meta property=\"og:image:height\" content=\"1200\" \/>\n\t<meta property=\"og:image:type\" content=\"image\/jpeg\" \/>\n<meta name=\"twitter:card\" content=\"summary_large_image\" \/>\n<script type=\"application\/ld+json\" class=\"yoast-schema-graph\">{\"@context\":\"https:\/\/schema.org\",\"@graph\":[{\"@type\":\"WebPage\",\"@id\":\"https:\/\/newmood.com.tr\/en\/domino-masa\/\",\"url\":\"https:\/\/newmood.com.tr\/en\/domino-masa\/\",\"name\":\"Domino Masa - Newmood\",\"isPartOf\":{\"@id\":\"https:\/\/newmood.com.tr\/en\/#website\"},\"primaryImageOfPage\":{\"@id\":\"https:\/\/newmood.com.tr\/en\/domino-masa\/#primaryimage\"},\"image\":{\"@id\":\"https:\/\/newmood.com.tr\/en\/domino-masa\/#primaryimage\"},\"thumbnailUrl\":\"https:\/\/newmood.com.tr\/wp-content\/uploads\/2024\/09\/domino-yemek-odasi-090924-17.jpg\",\"datePublished\":\"2024-09-09T11:44:44+00:00\",\"dateModified\":\"2024-09-09T11:48:46+00:00\",\"breadcrumb\":{\"@id\":\"https:\/\/newmood.com.tr\/en\/domino-masa\/#breadcrumb\"},\"inLanguage\":\"en-US\",\"potentialAction\":[{\"@type\":\"ReadAction\",\"target\":[\"https:\/\/newmood.com.tr\/en\/domino-masa\/\"]}]},{\"@type\":\"ImageObject\",\"inLanguage\":\"en-US\",\"@id\":\"https:\/\/newmood.com.tr\/en\/domino-masa\/#primaryimage\",\"url\":\"https:\/\/newmood.com.tr\/wp-content\/uploads\/2024\/09\/domino-yemek-odasi-090924-17.jpg\",\"contentUrl\":\"https:\/\/newmood.com.tr\/wp-content\/uploads\/2024\/09\/domino-yemek-odasi-090924-17.jpg\",\"width\":1920,\"height\":1200},{\"@type\":\"BreadcrumbList\",\"@id\":\"https:\/\/newmood.com.tr\/en\/domino-masa\/#breadcrumb\",\"itemListElement\":[{\"@type\":\"ListItem\",\"position\":1,\"name\":\"Anasayfa\",\"item\":\"https:\/\/newmood.com.tr\/\"},{\"@type\":\"ListItem\",\"position\":2,\"name\":\"\u00dcr\u00fcnler\",\"item\":\"https:\/\/newmood.com.tr\/shop\/\"},{\"@type\":\"ListItem\",\"position\":3,\"name\":\"Domino Masa\"}]},{\"@type\":\"WebSite\",\"@id\":\"https:\/\/newmood.com.tr\/en\/#website\",\"url\":\"https:\/\/newmood.com.tr\/en\/\",\"name\":\"Newmood\",\"description\":\"\",\"potentialAction\":[{\"@type\":\"SearchAction\",\"target\":{\"@type\":\"EntryPoint\",\"urlTemplate\":\"https:\/\/newmood.com.tr\/en\/?s={search_term_string}\"},\"query-input\":{\"@type\":\"PropertyValueSpecification\",\"valueRequired\":true,\"valueName\":\"search_term_string\"}}],\"inLanguage\":\"en-US\"}]}<\/script>\n<!-- \/ Yoast SEO plugin. -->","yoast_head_json":{"title":"Domino Masa - Newmood","robots":{"index":"index","follow":"follow","max-snippet":"max-snippet:-1","max-image-preview":"max-image-preview:large","max-video-preview":"max-video-preview:-1"},"canonical":"https:\/\/newmood.com.tr\/en\/domino-masa\/","og_locale":"en_US","og_type":"article","og_title":"Domino Masa - Newmood","og_description":"Domino Masa, \u015f\u0131k ve modern tasar\u0131m\u0131yla yemek odan\u0131za zarif bir dokunu\u015f getirir. Geni\u015f y\u00fczeyi sayesinde aile yemeklerinden \u00f6zel davetlere kadar her an\u0131 daha keyifli hale getirirken, zarif detaylar\u0131 ve sa\u011flam yap\u0131s\u0131yla da dikkat \u00e7eker. Ah\u015fap dokusunun s\u0131cakl\u0131\u011f\u0131 ve modern \u00e7izgileri bir araya getirerek hem fonksiyonel hem de estetik bir par\u00e7a olarak \u00f6ne \u00e7\u0131kar. Domino Masa, g\u00fcnl\u00fck kullan\u0131mlar i\u00e7in dayan\u0131kl\u0131 ve \u015f\u0131k bir se\u00e7enek sunarken, dekorasyonunuzu da tamamlayarak yemek odan\u0131za sofistike bir hava katar.","og_url":"https:\/\/newmood.com.tr\/en\/domino-masa\/","og_site_name":"Newmood","article_modified_time":"2024-09-09T11:48:46+00:00","og_image":[{"width":1920,"height":1200,"url":"https:\/\/newmood.com.tr\/wp-content\/uploads\/2024\/09\/domino-yemek-odasi-090924-17.jpg","type":"image\/jpeg"}],"twitter_card":"summary_large_image","schema":{"@context":"https:\/\/schema.org","@graph":[{"@type":"WebPage","@id":"https:\/\/newmood.com.tr\/en\/domino-masa\/","url":"https:\/\/newmood.com.tr\/en\/domino-masa\/","name":"Domino Masa - Newmood","isPartOf":{"@id":"https:\/\/newmood.com.tr\/en\/#website"},"primaryImageOfPage":{"@id":"https:\/\/newmood.com.tr\/en\/domino-masa\/#primaryimage"},"image":{"@id":"https:\/\/newmood.com.tr\/en\/domino-masa\/#primaryimage"},"thumbnailUrl":"https:\/\/newmood.com.tr\/wp-content\/uploads\/2024\/09\/domino-yemek-odasi-090924-17.jpg","datePublished":"2024-09-09T11:44:44+00:00","dateModified":"2024-09-09T11:48:46+00:00","breadcrumb":{"@id":"https:\/\/newmood.com.tr\/en\/domino-masa\/#breadcrumb"},"inLanguage":"en-US","potentialAction":[{"@type":"ReadAction","target":["https:\/\/newmood.com.tr\/en\/domino-masa\/"]}]},{"@type":"ImageObject","inLanguage":"en-US","@id":"https:\/\/newmood.com.tr\/en\/domino-masa\/#primaryimage","url":"https:\/\/newmood.com.tr\/wp-content\/uploads\/2024\/09\/domino-yemek-odasi-090924-17.jpg","contentUrl":"https:\/\/newmood.com.tr\/wp-content\/uploads\/2024\/09\/domino-yemek-odasi-090924-17.jpg","width":1920,"height":1200},{"@type":"BreadcrumbList","@id":"https:\/\/newmood.com.tr\/en\/domino-masa\/#breadcrumb","itemListElement":[{"@type":"ListItem","position":1,"name":"Anasayfa","item":"https:\/\/newmood.com.tr\/"},{"@type":"ListItem","position":2,"name":"\u00dcr\u00fcnler","item":"https:\/\/newmood.com.tr\/shop\/"},{"@type":"ListItem","position":3,"name":"Domino Masa"}]},{"@type":"WebSite","@id":"https:\/\/newmood.com.tr\/en\/#website","url":"https:\/\/newmood.com.tr\/en\/","name":"Newmood","description":"","potentialAction":[{"@type":"SearchAction","target":{"@type":"EntryPoint","urlTemplate":"https:\/\/newmood.com.tr\/en\/?s={search_term_string}"},"query-input":{"@type":"PropertyValueSpecification","valueRequired":true,"valueName":"search_term_string"}}],"inLanguage":"en-US"}]}},"_links":{"self":[{"href":"https:\/\/newmood.com.tr\/en\/wp-json\/wp\/v2\/product\/887"}],"collection":[{"href":"https:\/\/newmood.com.tr\/en\/wp-json\/wp\/v2\/product"}],"about":[{"href":"https:\/\/newmood.com.tr\/en\/wp-json\/wp\/v2\/types\/product"}],"replies":[{"embeddable":true,"href":"https:\/\/newmood.com.tr\/en\/wp-json\/wp\/v2\/comments?post=887"}],"wp:featuredmedia":[{"embeddable":true,"href":"https:\/\/newmood.com.tr\/en\/wp-json\/wp\/v2\/media\/854"}],"wp:attachment":[{"href":"https:\/\/newmood.com.tr\/en\/wp-json\/wp\/v2\/media?parent=887"}],"wp:term":[{"taxonomy":"product_brand","embeddable":true,"href":"https:\/\/newmood.com.tr\/en\/wp-json\/wp\/v2\/product_brand?post=887"},{"taxonomy":"product_cat","embeddable":true,"href":"https:\/\/newmood.com.tr\/en\/wp-json\/wp\/v2\/product_cat?post=887"},{"taxonomy":"product_tag","embeddable":true,"href":"https:\/\/newmood.com.tr\/en\/wp-json\/wp\/v2\/product_tag?post=887"}],"curies":[{"name":"wp","href":"https:\/\/api.w.org\/{rel}","templated":true}]}}