{"id":880,"date":"2024-09-09T11:35:11","date_gmt":"2024-09-09T11:35:11","guid":{"rendered":"https:\/\/newmood.kodektif.com\/?post_type=product&#038;p=880"},"modified":"2024-09-09T11:35:11","modified_gmt":"2024-09-09T11:35:11","slug":"domino-konsol","status":"publish","type":"product","link":"https:\/\/newmood.com.tr\/en\/domino-konsol\/","title":{"rendered":"Domino Sideboard"},"content":{"rendered":"","protected":false},"excerpt":{"rendered":"<p>Domino Console has an elegant design that combines elegance and functionality. While it offers an aesthetic contribution to your living space with its modern lines and fine details, it also provides functionality with its large storage space. Adding a warm atmosphere with its wooden texture, this console offers both a decorative element and a practical storage area in your dining room. Ideal for organizing your belongings and displaying them with elegance, Domino Console completes your decoration and adds an elegant touch to your home.<\/p>","protected":false},"featured_media":847,"comment_status":"open","ping_status":"closed","template":"","meta":[],"product_brand":[],"product_cat":[15,27],"product_tag":[],"class_list":{"0":"post-880","1":"product","2":"type-product","3":"status-publish","4":"has-post-thumbnail","6":"product_cat-urunler","7":"product_cat-konsollar","9":"first","10":"instock","11":"shipping-taxable","12":"product-type-simple"},"yoast_head":"<!-- This site is optimized with the Yoast SEO plugin v24.9 - https:\/\/yoast.com\/wordpress\/plugins\/seo\/ -->\n<title>Domino Konsol - Newmood<\/title>\n<meta name=\"robots\" content=\"index, follow, max-snippet:-1, max-image-preview:large, max-video-preview:-1\" \/>\n<link rel=\"canonical\" href=\"https:\/\/newmood.com.tr\/en\/domino-konsol\/\" \/>\n<meta property=\"og:locale\" content=\"en_US\" \/>\n<meta property=\"og:type\" content=\"article\" \/>\n<meta property=\"og:title\" content=\"Domino Konsol - Newmood\" \/>\n<meta property=\"og:description\" content=\"Domino Konsol, \u015f\u0131kl\u0131\u011f\u0131 ve fonksiyonelli\u011fi bir araya getiren zarif bir tasar\u0131ma sahiptir. Modern \u00e7izgileri ve ince detaylar\u0131yla ya\u015fam alan\u0131n\u0131za estetik bir katk\u0131 sunarken, geni\u015f depolama alan\u0131yla da i\u015flevsellik sa\u011flar. Ah\u015fap dokusuyla s\u0131cak bir hava katan bu konsol, yemek odan\u0131zda hem dekoratif bir \u00f6\u011fe hem de pratik bir saklama alan\u0131 sunar. E\u015fyalar\u0131n\u0131z\u0131 d\u00fczenlemek ve \u015f\u0131kl\u0131kla sergilemek i\u00e7in ideal olan Domino Konsol, dekorasyonunuzu tamamlayarak evinize zarif bir dokunu\u015f katar.\" \/>\n<meta property=\"og:url\" content=\"https:\/\/newmood.com.tr\/en\/domino-konsol\/\" \/>\n<meta property=\"og:site_name\" content=\"Newmood\" \/>\n<meta property=\"og:image\" content=\"https:\/\/newmood.com.tr\/wp-content\/uploads\/2024\/09\/domino-yemek-odasi-090924-10.jpg\" \/>\n\t<meta property=\"og:image:width\" content=\"1920\" \/>\n\t<meta property=\"og:image:height\" content=\"1200\" \/>\n\t<meta property=\"og:image:type\" content=\"image\/jpeg\" \/>\n<meta name=\"twitter:card\" content=\"summary_large_image\" \/>\n<script type=\"application\/ld+json\" class=\"yoast-schema-graph\">{\"@context\":\"https:\/\/schema.org\",\"@graph\":[{\"@type\":\"WebPage\",\"@id\":\"https:\/\/newmood.com.tr\/en\/domino-konsol\/\",\"url\":\"https:\/\/newmood.com.tr\/en\/domino-konsol\/\",\"name\":\"Domino Konsol - Newmood\",\"isPartOf\":{\"@id\":\"https:\/\/newmood.com.tr\/en\/#website\"},\"primaryImageOfPage\":{\"@id\":\"https:\/\/newmood.com.tr\/en\/domino-konsol\/#primaryimage\"},\"image\":{\"@id\":\"https:\/\/newmood.com.tr\/en\/domino-konsol\/#primaryimage\"},\"thumbnailUrl\":\"https:\/\/newmood.com.tr\/wp-content\/uploads\/2024\/09\/domino-yemek-odasi-090924-10.jpg\",\"datePublished\":\"2024-09-09T11:35:11+00:00\",\"breadcrumb\":{\"@id\":\"https:\/\/newmood.com.tr\/en\/domino-konsol\/#breadcrumb\"},\"inLanguage\":\"en-US\",\"potentialAction\":[{\"@type\":\"ReadAction\",\"target\":[\"https:\/\/newmood.com.tr\/en\/domino-konsol\/\"]}]},{\"@type\":\"ImageObject\",\"inLanguage\":\"en-US\",\"@id\":\"https:\/\/newmood.com.tr\/en\/domino-konsol\/#primaryimage\",\"url\":\"https:\/\/newmood.com.tr\/wp-content\/uploads\/2024\/09\/domino-yemek-odasi-090924-10.jpg\",\"contentUrl\":\"https:\/\/newmood.com.tr\/wp-content\/uploads\/2024\/09\/domino-yemek-odasi-090924-10.jpg\",\"width\":1920,\"height\":1200},{\"@type\":\"BreadcrumbList\",\"@id\":\"https:\/\/newmood.com.tr\/en\/domino-konsol\/#breadcrumb\",\"itemListElement\":[{\"@type\":\"ListItem\",\"position\":1,\"name\":\"Anasayfa\",\"item\":\"https:\/\/newmood.com.tr\/\"},{\"@type\":\"ListItem\",\"position\":2,\"name\":\"\u00dcr\u00fcnler\",\"item\":\"https:\/\/newmood.com.tr\/shop\/\"},{\"@type\":\"ListItem\",\"position\":3,\"name\":\"Domino Konsol\"}]},{\"@type\":\"WebSite\",\"@id\":\"https:\/\/newmood.com.tr\/en\/#website\",\"url\":\"https:\/\/newmood.com.tr\/en\/\",\"name\":\"Newmood\",\"description\":\"\",\"potentialAction\":[{\"@type\":\"SearchAction\",\"target\":{\"@type\":\"EntryPoint\",\"urlTemplate\":\"https:\/\/newmood.com.tr\/en\/?s={search_term_string}\"},\"query-input\":{\"@type\":\"PropertyValueSpecification\",\"valueRequired\":true,\"valueName\":\"search_term_string\"}}],\"inLanguage\":\"en-US\"}]}<\/script>\n<!-- \/ Yoast SEO plugin. -->","yoast_head_json":{"title":"Domino Konsol - Newmood","robots":{"index":"index","follow":"follow","max-snippet":"max-snippet:-1","max-image-preview":"max-image-preview:large","max-video-preview":"max-video-preview:-1"},"canonical":"https:\/\/newmood.com.tr\/en\/domino-konsol\/","og_locale":"en_US","og_type":"article","og_title":"Domino Konsol - Newmood","og_description":"Domino Konsol, \u015f\u0131kl\u0131\u011f\u0131 ve fonksiyonelli\u011fi bir araya getiren zarif bir tasar\u0131ma sahiptir. Modern \u00e7izgileri ve ince detaylar\u0131yla ya\u015fam alan\u0131n\u0131za estetik bir katk\u0131 sunarken, geni\u015f depolama alan\u0131yla da i\u015flevsellik sa\u011flar. Ah\u015fap dokusuyla s\u0131cak bir hava katan bu konsol, yemek odan\u0131zda hem dekoratif bir \u00f6\u011fe hem de pratik bir saklama alan\u0131 sunar. E\u015fyalar\u0131n\u0131z\u0131 d\u00fczenlemek ve \u015f\u0131kl\u0131kla sergilemek i\u00e7in ideal olan Domino Konsol, dekorasyonunuzu tamamlayarak evinize zarif bir dokunu\u015f katar.","og_url":"https:\/\/newmood.com.tr\/en\/domino-konsol\/","og_site_name":"Newmood","og_image":[{"width":1920,"height":1200,"url":"https:\/\/newmood.com.tr\/wp-content\/uploads\/2024\/09\/domino-yemek-odasi-090924-10.jpg","type":"image\/jpeg"}],"twitter_card":"summary_large_image","schema":{"@context":"https:\/\/schema.org","@graph":[{"@type":"WebPage","@id":"https:\/\/newmood.com.tr\/en\/domino-konsol\/","url":"https:\/\/newmood.com.tr\/en\/domino-konsol\/","name":"Domino Konsol - Newmood","isPartOf":{"@id":"https:\/\/newmood.com.tr\/en\/#website"},"primaryImageOfPage":{"@id":"https:\/\/newmood.com.tr\/en\/domino-konsol\/#primaryimage"},"image":{"@id":"https:\/\/newmood.com.tr\/en\/domino-konsol\/#primaryimage"},"thumbnailUrl":"https:\/\/newmood.com.tr\/wp-content\/uploads\/2024\/09\/domino-yemek-odasi-090924-10.jpg","datePublished":"2024-09-09T11:35:11+00:00","breadcrumb":{"@id":"https:\/\/newmood.com.tr\/en\/domino-konsol\/#breadcrumb"},"inLanguage":"en-US","potentialAction":[{"@type":"ReadAction","target":["https:\/\/newmood.com.tr\/en\/domino-konsol\/"]}]},{"@type":"ImageObject","inLanguage":"en-US","@id":"https:\/\/newmood.com.tr\/en\/domino-konsol\/#primaryimage","url":"https:\/\/newmood.com.tr\/wp-content\/uploads\/2024\/09\/domino-yemek-odasi-090924-10.jpg","contentUrl":"https:\/\/newmood.com.tr\/wp-content\/uploads\/2024\/09\/domino-yemek-odasi-090924-10.jpg","width":1920,"height":1200},{"@type":"BreadcrumbList","@id":"https:\/\/newmood.com.tr\/en\/domino-konsol\/#breadcrumb","itemListElement":[{"@type":"ListItem","position":1,"name":"Anasayfa","item":"https:\/\/newmood.com.tr\/"},{"@type":"ListItem","position":2,"name":"\u00dcr\u00fcnler","item":"https:\/\/newmood.com.tr\/shop\/"},{"@type":"ListItem","position":3,"name":"Domino Konsol"}]},{"@type":"WebSite","@id":"https:\/\/newmood.com.tr\/en\/#website","url":"https:\/\/newmood.com.tr\/en\/","name":"Newmood","description":"","potentialAction":[{"@type":"SearchAction","target":{"@type":"EntryPoint","urlTemplate":"https:\/\/newmood.com.tr\/en\/?s={search_term_string}"},"query-input":{"@type":"PropertyValueSpecification","valueRequired":true,"valueName":"search_term_string"}}],"inLanguage":"en-US"}]}},"_links":{"self":[{"href":"https:\/\/newmood.com.tr\/en\/wp-json\/wp\/v2\/product\/880"}],"collection":[{"href":"https:\/\/newmood.com.tr\/en\/wp-json\/wp\/v2\/product"}],"about":[{"href":"https:\/\/newmood.com.tr\/en\/wp-json\/wp\/v2\/types\/product"}],"replies":[{"embeddable":true,"href":"https:\/\/newmood.com.tr\/en\/wp-json\/wp\/v2\/comments?post=880"}],"wp:featuredmedia":[{"embeddable":true,"href":"https:\/\/newmood.com.tr\/en\/wp-json\/wp\/v2\/media\/847"}],"wp:attachment":[{"href":"https:\/\/newmood.com.tr\/en\/wp-json\/wp\/v2\/media?parent=880"}],"wp:term":[{"taxonomy":"product_brand","embeddable":true,"href":"https:\/\/newmood.com.tr\/en\/wp-json\/wp\/v2\/product_brand?post=880"},{"taxonomy":"product_cat","embeddable":true,"href":"https:\/\/newmood.com.tr\/en\/wp-json\/wp\/v2\/product_cat?post=880"},{"taxonomy":"product_tag","embeddable":true,"href":"https:\/\/newmood.com.tr\/en\/wp-json\/wp\/v2\/product_tag?post=880"}],"curies":[{"name":"wp","href":"https:\/\/api.w.org\/{rel}","templated":true}]}}