{"id":836,"date":"2024-09-09T11:19:37","date_gmt":"2024-09-09T11:19:37","guid":{"rendered":"https:\/\/newmood.kodektif.com\/?post_type=product&#038;p=836"},"modified":"2024-09-09T11:19:37","modified_gmt":"2024-09-09T11:19:37","slug":"titanyum-berjer","status":"publish","type":"product","link":"https:\/\/newmood.com.tr\/en\/titanyum-berjer\/","title":{"rendered":"Titanyum Armchair"},"content":{"rendered":"","protected":false},"excerpt":{"rendered":"<p>Titanium Armchair adds a sophisticated touch to your living space with its elegant and modern design. It offers a comfortable sitting experience with its large seating area and ergonomic back support. Its high quality fabric and carefully crafted details make it a piece that is both aesthetic and functional. With its minimalist lines and stylish appearance, Titanium Armchair adapts to all kinds of decoration styles and brings elegance and comfort to your home. It is a perfect choice both for your moments of relaxation and as a stylish complementary piece.<\/p>","protected":false},"featured_media":826,"comment_status":"open","ping_status":"closed","template":"","meta":[],"product_brand":[],"product_cat":[15,19],"product_tag":[],"class_list":{"0":"post-836","1":"product","2":"type-product","3":"status-publish","4":"has-post-thumbnail","6":"product_cat-urunler","7":"product_cat-berjerler","9":"first","10":"instock","11":"shipping-taxable","12":"product-type-simple"},"yoast_head":"<!-- This site is optimized with the Yoast SEO plugin v24.9 - https:\/\/yoast.com\/wordpress\/plugins\/seo\/ -->\n<title>Titanyum Berjer - Newmood<\/title>\n<meta name=\"robots\" content=\"index, follow, max-snippet:-1, max-image-preview:large, max-video-preview:-1\" \/>\n<link rel=\"canonical\" href=\"https:\/\/newmood.com.tr\/en\/titanyum-berjer\/\" \/>\n<meta property=\"og:locale\" content=\"en_US\" \/>\n<meta property=\"og:type\" content=\"article\" \/>\n<meta property=\"og:title\" content=\"Titanyum Berjer - Newmood\" \/>\n<meta property=\"og:description\" content=\"Titanyum Berjer, zarif ve modern tasar\u0131m\u0131yla ya\u015fam alan\u0131n\u0131za sofistike bir dokunu\u015f katar. Geni\u015f oturma alan\u0131 ve ergonomik s\u0131rt deste\u011fiyle konforlu bir oturma deneyimi sunar. Y\u00fcksek kaliteli kuma\u015f\u0131 ve \u00f6zenle i\u015flenmi\u015f detaylar\u0131, hem estetik hem de fonksiyonel bir par\u00e7a olmas\u0131n\u0131 sa\u011flar. Minimalist \u00e7izgileri ve \u015f\u0131k g\u00f6r\u00fcn\u00fcm\u00fcyle Titanyum Berjer, her t\u00fcr dekorasyon tarz\u0131na uyum sa\u011flayarak evinize zarafet ve rahatl\u0131k getirir. Hem dinlenme anlar\u0131n\u0131z hem de \u015f\u0131k bir tamamlay\u0131c\u0131 par\u00e7a olarak m\u00fckemmel bir se\u00e7imdir.\" \/>\n<meta property=\"og:url\" content=\"https:\/\/newmood.com.tr\/en\/titanyum-berjer\/\" \/>\n<meta property=\"og:site_name\" content=\"Newmood\" \/>\n<meta property=\"og:image\" content=\"https:\/\/newmood.com.tr\/wp-content\/uploads\/2024\/09\/titanyum-koltuk-takimi-090924-18.jpg\" \/>\n\t<meta property=\"og:image:width\" content=\"1920\" \/>\n\t<meta property=\"og:image:height\" content=\"1200\" \/>\n\t<meta property=\"og:image:type\" content=\"image\/jpeg\" \/>\n<meta name=\"twitter:card\" content=\"summary_large_image\" \/>\n<script type=\"application\/ld+json\" class=\"yoast-schema-graph\">{\"@context\":\"https:\/\/schema.org\",\"@graph\":[{\"@type\":\"WebPage\",\"@id\":\"https:\/\/newmood.com.tr\/en\/titanyum-berjer\/\",\"url\":\"https:\/\/newmood.com.tr\/en\/titanyum-berjer\/\",\"name\":\"Titanyum Berjer - Newmood\",\"isPartOf\":{\"@id\":\"https:\/\/newmood.com.tr\/en\/#website\"},\"primaryImageOfPage\":{\"@id\":\"https:\/\/newmood.com.tr\/en\/titanyum-berjer\/#primaryimage\"},\"image\":{\"@id\":\"https:\/\/newmood.com.tr\/en\/titanyum-berjer\/#primaryimage\"},\"thumbnailUrl\":\"https:\/\/newmood.com.tr\/wp-content\/uploads\/2024\/09\/titanyum-koltuk-takimi-090924-18.jpg\",\"datePublished\":\"2024-09-09T11:19:37+00:00\",\"breadcrumb\":{\"@id\":\"https:\/\/newmood.com.tr\/en\/titanyum-berjer\/#breadcrumb\"},\"inLanguage\":\"en-US\",\"potentialAction\":[{\"@type\":\"ReadAction\",\"target\":[\"https:\/\/newmood.com.tr\/en\/titanyum-berjer\/\"]}]},{\"@type\":\"ImageObject\",\"inLanguage\":\"en-US\",\"@id\":\"https:\/\/newmood.com.tr\/en\/titanyum-berjer\/#primaryimage\",\"url\":\"https:\/\/newmood.com.tr\/wp-content\/uploads\/2024\/09\/titanyum-koltuk-takimi-090924-18.jpg\",\"contentUrl\":\"https:\/\/newmood.com.tr\/wp-content\/uploads\/2024\/09\/titanyum-koltuk-takimi-090924-18.jpg\",\"width\":1920,\"height\":1200},{\"@type\":\"BreadcrumbList\",\"@id\":\"https:\/\/newmood.com.tr\/en\/titanyum-berjer\/#breadcrumb\",\"itemListElement\":[{\"@type\":\"ListItem\",\"position\":1,\"name\":\"Anasayfa\",\"item\":\"https:\/\/newmood.com.tr\/\"},{\"@type\":\"ListItem\",\"position\":2,\"name\":\"\u00dcr\u00fcnler\",\"item\":\"https:\/\/newmood.com.tr\/shop\/\"},{\"@type\":\"ListItem\",\"position\":3,\"name\":\"Titanyum Berjer\"}]},{\"@type\":\"WebSite\",\"@id\":\"https:\/\/newmood.com.tr\/en\/#website\",\"url\":\"https:\/\/newmood.com.tr\/en\/\",\"name\":\"Newmood\",\"description\":\"\",\"potentialAction\":[{\"@type\":\"SearchAction\",\"target\":{\"@type\":\"EntryPoint\",\"urlTemplate\":\"https:\/\/newmood.com.tr\/en\/?s={search_term_string}\"},\"query-input\":{\"@type\":\"PropertyValueSpecification\",\"valueRequired\":true,\"valueName\":\"search_term_string\"}}],\"inLanguage\":\"en-US\"}]}<\/script>\n<!-- \/ Yoast SEO plugin. -->","yoast_head_json":{"title":"Titanyum Berjer - Newmood","robots":{"index":"index","follow":"follow","max-snippet":"max-snippet:-1","max-image-preview":"max-image-preview:large","max-video-preview":"max-video-preview:-1"},"canonical":"https:\/\/newmood.com.tr\/en\/titanyum-berjer\/","og_locale":"en_US","og_type":"article","og_title":"Titanyum Berjer - Newmood","og_description":"Titanyum Berjer, zarif ve modern tasar\u0131m\u0131yla ya\u015fam alan\u0131n\u0131za sofistike bir dokunu\u015f katar. Geni\u015f oturma alan\u0131 ve ergonomik s\u0131rt deste\u011fiyle konforlu bir oturma deneyimi sunar. Y\u00fcksek kaliteli kuma\u015f\u0131 ve \u00f6zenle i\u015flenmi\u015f detaylar\u0131, hem estetik hem de fonksiyonel bir par\u00e7a olmas\u0131n\u0131 sa\u011flar. Minimalist \u00e7izgileri ve \u015f\u0131k g\u00f6r\u00fcn\u00fcm\u00fcyle Titanyum Berjer, her t\u00fcr dekorasyon tarz\u0131na uyum sa\u011flayarak evinize zarafet ve rahatl\u0131k getirir. Hem dinlenme anlar\u0131n\u0131z hem de \u015f\u0131k bir tamamlay\u0131c\u0131 par\u00e7a olarak m\u00fckemmel bir se\u00e7imdir.","og_url":"https:\/\/newmood.com.tr\/en\/titanyum-berjer\/","og_site_name":"Newmood","og_image":[{"width":1920,"height":1200,"url":"https:\/\/newmood.com.tr\/wp-content\/uploads\/2024\/09\/titanyum-koltuk-takimi-090924-18.jpg","type":"image\/jpeg"}],"twitter_card":"summary_large_image","schema":{"@context":"https:\/\/schema.org","@graph":[{"@type":"WebPage","@id":"https:\/\/newmood.com.tr\/en\/titanyum-berjer\/","url":"https:\/\/newmood.com.tr\/en\/titanyum-berjer\/","name":"Titanyum Berjer - Newmood","isPartOf":{"@id":"https:\/\/newmood.com.tr\/en\/#website"},"primaryImageOfPage":{"@id":"https:\/\/newmood.com.tr\/en\/titanyum-berjer\/#primaryimage"},"image":{"@id":"https:\/\/newmood.com.tr\/en\/titanyum-berjer\/#primaryimage"},"thumbnailUrl":"https:\/\/newmood.com.tr\/wp-content\/uploads\/2024\/09\/titanyum-koltuk-takimi-090924-18.jpg","datePublished":"2024-09-09T11:19:37+00:00","breadcrumb":{"@id":"https:\/\/newmood.com.tr\/en\/titanyum-berjer\/#breadcrumb"},"inLanguage":"en-US","potentialAction":[{"@type":"ReadAction","target":["https:\/\/newmood.com.tr\/en\/titanyum-berjer\/"]}]},{"@type":"ImageObject","inLanguage":"en-US","@id":"https:\/\/newmood.com.tr\/en\/titanyum-berjer\/#primaryimage","url":"https:\/\/newmood.com.tr\/wp-content\/uploads\/2024\/09\/titanyum-koltuk-takimi-090924-18.jpg","contentUrl":"https:\/\/newmood.com.tr\/wp-content\/uploads\/2024\/09\/titanyum-koltuk-takimi-090924-18.jpg","width":1920,"height":1200},{"@type":"BreadcrumbList","@id":"https:\/\/newmood.com.tr\/en\/titanyum-berjer\/#breadcrumb","itemListElement":[{"@type":"ListItem","position":1,"name":"Anasayfa","item":"https:\/\/newmood.com.tr\/"},{"@type":"ListItem","position":2,"name":"\u00dcr\u00fcnler","item":"https:\/\/newmood.com.tr\/shop\/"},{"@type":"ListItem","position":3,"name":"Titanyum Berjer"}]},{"@type":"WebSite","@id":"https:\/\/newmood.com.tr\/en\/#website","url":"https:\/\/newmood.com.tr\/en\/","name":"Newmood","description":"","potentialAction":[{"@type":"SearchAction","target":{"@type":"EntryPoint","urlTemplate":"https:\/\/newmood.com.tr\/en\/?s={search_term_string}"},"query-input":{"@type":"PropertyValueSpecification","valueRequired":true,"valueName":"search_term_string"}}],"inLanguage":"en-US"}]}},"_links":{"self":[{"href":"https:\/\/newmood.com.tr\/en\/wp-json\/wp\/v2\/product\/836"}],"collection":[{"href":"https:\/\/newmood.com.tr\/en\/wp-json\/wp\/v2\/product"}],"about":[{"href":"https:\/\/newmood.com.tr\/en\/wp-json\/wp\/v2\/types\/product"}],"replies":[{"embeddable":true,"href":"https:\/\/newmood.com.tr\/en\/wp-json\/wp\/v2\/comments?post=836"}],"wp:featuredmedia":[{"embeddable":true,"href":"https:\/\/newmood.com.tr\/en\/wp-json\/wp\/v2\/media\/826"}],"wp:attachment":[{"href":"https:\/\/newmood.com.tr\/en\/wp-json\/wp\/v2\/media?parent=836"}],"wp:term":[{"taxonomy":"product_brand","embeddable":true,"href":"https:\/\/newmood.com.tr\/en\/wp-json\/wp\/v2\/product_brand?post=836"},{"taxonomy":"product_cat","embeddable":true,"href":"https:\/\/newmood.com.tr\/en\/wp-json\/wp\/v2\/product_cat?post=836"},{"taxonomy":"product_tag","embeddable":true,"href":"https:\/\/newmood.com.tr\/en\/wp-json\/wp\/v2\/product_tag?post=836"}],"curies":[{"name":"wp","href":"https:\/\/api.w.org\/{rel}","templated":true}]}}