{"id":776,"date":"2024-09-06T12:15:05","date_gmt":"2024-09-06T12:15:05","guid":{"rendered":"https:\/\/newmood.kodektif.com\/?post_type=product&#038;p=776"},"modified":"2024-09-06T12:15:05","modified_gmt":"2024-09-06T12:15:05","slug":"nirvana-luxury-berjer","status":"publish","type":"product","link":"https:\/\/newmood.com.tr\/en\/nirvana-luxury-berjer\/","title":{"rendered":"Nirvana Luxury Armchair"},"content":{"rendered":"","protected":false},"excerpt":{"rendered":"<p>Nirvana Luxury Armchair adds elegance and comfort to your living space with its luxurious and elegant design. Its soft textured fabric and large seating area provide a comfortable sitting experience. This armchair, which draws attention with its ergonomic back support and detailed workmanship, adapts to all kinds of decoration styles with its modern lines and sophisticated appearance. Nirvana Luxury Armchair makes your moments of rest more enjoyable and provides an aesthetic and luxurious touch to your home.<\/p>","protected":false},"featured_media":770,"comment_status":"open","ping_status":"closed","template":"","meta":[],"product_brand":[],"product_cat":[15,19],"product_tag":[],"class_list":{"0":"post-776","1":"product","2":"type-product","3":"status-publish","4":"has-post-thumbnail","6":"product_cat-urunler","7":"product_cat-berjerler","9":"first","10":"instock","11":"shipping-taxable","12":"product-type-simple"},"yoast_head":"<!-- This site is optimized with the Yoast SEO plugin v24.9 - https:\/\/yoast.com\/wordpress\/plugins\/seo\/ -->\n<title>Nirvana Luxury Berjer - Newmood<\/title>\n<meta name=\"robots\" content=\"index, follow, max-snippet:-1, max-image-preview:large, max-video-preview:-1\" \/>\n<link rel=\"canonical\" href=\"https:\/\/newmood.com.tr\/en\/nirvana-luxury-berjer\/\" \/>\n<meta property=\"og:locale\" content=\"en_US\" \/>\n<meta property=\"og:type\" content=\"article\" \/>\n<meta property=\"og:title\" content=\"Nirvana Luxury Berjer - Newmood\" \/>\n<meta property=\"og:description\" content=\"Nirvana Luxury Berjer, l\u00fcks ve zarif tasar\u0131m\u0131yla ya\u015fam alan\u0131n\u0131za \u015f\u0131kl\u0131k ve konfor katar. Yumu\u015fak dokulu kuma\u015f\u0131 ve geni\u015f oturma alan\u0131, rahat bir oturma deneyimi sunar. Ergonomik s\u0131rt deste\u011fi ve detayl\u0131 i\u015f\u00e7ili\u011fiyle dikkat \u00e7eken bu berjer, modern \u00e7izgileri ve sofistike g\u00f6r\u00fcn\u00fcm\u00fcyle her t\u00fcr dekorasyon tarz\u0131na uyum sa\u011flar. Nirvana Luxury Berjer, hem dinlenme anlar\u0131n\u0131z\u0131 daha keyifli hale getirir hem de evinize estetik ve l\u00fcks bir dokunu\u015f sa\u011flar.\" \/>\n<meta property=\"og:url\" content=\"https:\/\/newmood.com.tr\/en\/nirvana-luxury-berjer\/\" \/>\n<meta property=\"og:site_name\" content=\"Newmood\" \/>\n<meta property=\"og:image\" content=\"https:\/\/newmood.com.tr\/wp-content\/uploads\/2024\/09\/nirvana-luxury-koltuk-takimi-060924-14.jpg\" \/>\n\t<meta property=\"og:image:width\" content=\"1920\" \/>\n\t<meta property=\"og:image:height\" content=\"1200\" \/>\n\t<meta property=\"og:image:type\" content=\"image\/jpeg\" \/>\n<meta name=\"twitter:card\" content=\"summary_large_image\" \/>\n<script type=\"application\/ld+json\" class=\"yoast-schema-graph\">{\"@context\":\"https:\/\/schema.org\",\"@graph\":[{\"@type\":\"WebPage\",\"@id\":\"https:\/\/newmood.com.tr\/en\/nirvana-luxury-berjer\/\",\"url\":\"https:\/\/newmood.com.tr\/en\/nirvana-luxury-berjer\/\",\"name\":\"Nirvana Luxury Berjer - Newmood\",\"isPartOf\":{\"@id\":\"https:\/\/newmood.com.tr\/en\/#website\"},\"primaryImageOfPage\":{\"@id\":\"https:\/\/newmood.com.tr\/en\/nirvana-luxury-berjer\/#primaryimage\"},\"image\":{\"@id\":\"https:\/\/newmood.com.tr\/en\/nirvana-luxury-berjer\/#primaryimage\"},\"thumbnailUrl\":\"https:\/\/newmood.com.tr\/wp-content\/uploads\/2024\/09\/nirvana-luxury-koltuk-takimi-060924-14.jpg\",\"datePublished\":\"2024-09-06T12:15:05+00:00\",\"breadcrumb\":{\"@id\":\"https:\/\/newmood.com.tr\/en\/nirvana-luxury-berjer\/#breadcrumb\"},\"inLanguage\":\"en-US\",\"potentialAction\":[{\"@type\":\"ReadAction\",\"target\":[\"https:\/\/newmood.com.tr\/en\/nirvana-luxury-berjer\/\"]}]},{\"@type\":\"ImageObject\",\"inLanguage\":\"en-US\",\"@id\":\"https:\/\/newmood.com.tr\/en\/nirvana-luxury-berjer\/#primaryimage\",\"url\":\"https:\/\/newmood.com.tr\/wp-content\/uploads\/2024\/09\/nirvana-luxury-koltuk-takimi-060924-14.jpg\",\"contentUrl\":\"https:\/\/newmood.com.tr\/wp-content\/uploads\/2024\/09\/nirvana-luxury-koltuk-takimi-060924-14.jpg\",\"width\":1920,\"height\":1200},{\"@type\":\"BreadcrumbList\",\"@id\":\"https:\/\/newmood.com.tr\/en\/nirvana-luxury-berjer\/#breadcrumb\",\"itemListElement\":[{\"@type\":\"ListItem\",\"position\":1,\"name\":\"Anasayfa\",\"item\":\"https:\/\/newmood.com.tr\/\"},{\"@type\":\"ListItem\",\"position\":2,\"name\":\"\u00dcr\u00fcnler\",\"item\":\"https:\/\/newmood.com.tr\/shop\/\"},{\"@type\":\"ListItem\",\"position\":3,\"name\":\"Nirvana Luxury Berjer\"}]},{\"@type\":\"WebSite\",\"@id\":\"https:\/\/newmood.com.tr\/en\/#website\",\"url\":\"https:\/\/newmood.com.tr\/en\/\",\"name\":\"Newmood\",\"description\":\"\",\"potentialAction\":[{\"@type\":\"SearchAction\",\"target\":{\"@type\":\"EntryPoint\",\"urlTemplate\":\"https:\/\/newmood.com.tr\/en\/?s={search_term_string}\"},\"query-input\":{\"@type\":\"PropertyValueSpecification\",\"valueRequired\":true,\"valueName\":\"search_term_string\"}}],\"inLanguage\":\"en-US\"}]}<\/script>\n<!-- \/ Yoast SEO plugin. -->","yoast_head_json":{"title":"Nirvana Luxury Berjer - Newmood","robots":{"index":"index","follow":"follow","max-snippet":"max-snippet:-1","max-image-preview":"max-image-preview:large","max-video-preview":"max-video-preview:-1"},"canonical":"https:\/\/newmood.com.tr\/en\/nirvana-luxury-berjer\/","og_locale":"en_US","og_type":"article","og_title":"Nirvana Luxury Berjer - Newmood","og_description":"Nirvana Luxury Berjer, l\u00fcks ve zarif tasar\u0131m\u0131yla ya\u015fam alan\u0131n\u0131za \u015f\u0131kl\u0131k ve konfor katar. Yumu\u015fak dokulu kuma\u015f\u0131 ve geni\u015f oturma alan\u0131, rahat bir oturma deneyimi sunar. Ergonomik s\u0131rt deste\u011fi ve detayl\u0131 i\u015f\u00e7ili\u011fiyle dikkat \u00e7eken bu berjer, modern \u00e7izgileri ve sofistike g\u00f6r\u00fcn\u00fcm\u00fcyle her t\u00fcr dekorasyon tarz\u0131na uyum sa\u011flar. Nirvana Luxury Berjer, hem dinlenme anlar\u0131n\u0131z\u0131 daha keyifli hale getirir hem de evinize estetik ve l\u00fcks bir dokunu\u015f sa\u011flar.","og_url":"https:\/\/newmood.com.tr\/en\/nirvana-luxury-berjer\/","og_site_name":"Newmood","og_image":[{"width":1920,"height":1200,"url":"https:\/\/newmood.com.tr\/wp-content\/uploads\/2024\/09\/nirvana-luxury-koltuk-takimi-060924-14.jpg","type":"image\/jpeg"}],"twitter_card":"summary_large_image","schema":{"@context":"https:\/\/schema.org","@graph":[{"@type":"WebPage","@id":"https:\/\/newmood.com.tr\/en\/nirvana-luxury-berjer\/","url":"https:\/\/newmood.com.tr\/en\/nirvana-luxury-berjer\/","name":"Nirvana Luxury Berjer - Newmood","isPartOf":{"@id":"https:\/\/newmood.com.tr\/en\/#website"},"primaryImageOfPage":{"@id":"https:\/\/newmood.com.tr\/en\/nirvana-luxury-berjer\/#primaryimage"},"image":{"@id":"https:\/\/newmood.com.tr\/en\/nirvana-luxury-berjer\/#primaryimage"},"thumbnailUrl":"https:\/\/newmood.com.tr\/wp-content\/uploads\/2024\/09\/nirvana-luxury-koltuk-takimi-060924-14.jpg","datePublished":"2024-09-06T12:15:05+00:00","breadcrumb":{"@id":"https:\/\/newmood.com.tr\/en\/nirvana-luxury-berjer\/#breadcrumb"},"inLanguage":"en-US","potentialAction":[{"@type":"ReadAction","target":["https:\/\/newmood.com.tr\/en\/nirvana-luxury-berjer\/"]}]},{"@type":"ImageObject","inLanguage":"en-US","@id":"https:\/\/newmood.com.tr\/en\/nirvana-luxury-berjer\/#primaryimage","url":"https:\/\/newmood.com.tr\/wp-content\/uploads\/2024\/09\/nirvana-luxury-koltuk-takimi-060924-14.jpg","contentUrl":"https:\/\/newmood.com.tr\/wp-content\/uploads\/2024\/09\/nirvana-luxury-koltuk-takimi-060924-14.jpg","width":1920,"height":1200},{"@type":"BreadcrumbList","@id":"https:\/\/newmood.com.tr\/en\/nirvana-luxury-berjer\/#breadcrumb","itemListElement":[{"@type":"ListItem","position":1,"name":"Anasayfa","item":"https:\/\/newmood.com.tr\/"},{"@type":"ListItem","position":2,"name":"\u00dcr\u00fcnler","item":"https:\/\/newmood.com.tr\/shop\/"},{"@type":"ListItem","position":3,"name":"Nirvana Luxury Berjer"}]},{"@type":"WebSite","@id":"https:\/\/newmood.com.tr\/en\/#website","url":"https:\/\/newmood.com.tr\/en\/","name":"Newmood","description":"","potentialAction":[{"@type":"SearchAction","target":{"@type":"EntryPoint","urlTemplate":"https:\/\/newmood.com.tr\/en\/?s={search_term_string}"},"query-input":{"@type":"PropertyValueSpecification","valueRequired":true,"valueName":"search_term_string"}}],"inLanguage":"en-US"}]}},"_links":{"self":[{"href":"https:\/\/newmood.com.tr\/en\/wp-json\/wp\/v2\/product\/776"}],"collection":[{"href":"https:\/\/newmood.com.tr\/en\/wp-json\/wp\/v2\/product"}],"about":[{"href":"https:\/\/newmood.com.tr\/en\/wp-json\/wp\/v2\/types\/product"}],"replies":[{"embeddable":true,"href":"https:\/\/newmood.com.tr\/en\/wp-json\/wp\/v2\/comments?post=776"}],"wp:featuredmedia":[{"embeddable":true,"href":"https:\/\/newmood.com.tr\/en\/wp-json\/wp\/v2\/media\/770"}],"wp:attachment":[{"href":"https:\/\/newmood.com.tr\/en\/wp-json\/wp\/v2\/media?parent=776"}],"wp:term":[{"taxonomy":"product_brand","embeddable":true,"href":"https:\/\/newmood.com.tr\/en\/wp-json\/wp\/v2\/product_brand?post=776"},{"taxonomy":"product_cat","embeddable":true,"href":"https:\/\/newmood.com.tr\/en\/wp-json\/wp\/v2\/product_cat?post=776"},{"taxonomy":"product_tag","embeddable":true,"href":"https:\/\/newmood.com.tr\/en\/wp-json\/wp\/v2\/product_tag?post=776"}],"curies":[{"name":"wp","href":"https:\/\/api.w.org\/{rel}","templated":true}]}}