{"id":649,"date":"2024-09-06T10:51:15","date_gmt":"2024-09-06T10:51:15","guid":{"rendered":"https:\/\/newmood.kodektif.com\/?post_type=product&#038;p=649"},"modified":"2024-09-06T10:51:15","modified_gmt":"2024-09-06T10:51:15","slug":"maserati-koltuk-takimi","status":"publish","type":"product","link":"https:\/\/newmood.com.tr\/en\/maserati-koltuk-takimi\/","title":{"rendered":"Maserati Sofa Set"},"content":{"rendered":"","protected":false},"excerpt":{"rendered":"<p>Maserati Sofa Set is a piece of furniture that attracts attention with its luxurious and modern design. Large seating areas and ergonomic back supports offer superior comfort. Standing out with its quality fabrics and elegant details, Maserati adds a sophisticated touch to every living space. This sofa set, designed both functionally and aesthetically, adapts to all kinds of decoration styles. Maserati Sofa Set brings elegance and comfort to your home, making your entertaining and relaxing moments enjoyable.<\/p>","protected":false},"featured_media":650,"comment_status":"open","ping_status":"closed","template":"","meta":[],"product_brand":[],"product_cat":[17,33],"product_tag":[],"class_list":{"0":"post-649","1":"product","2":"type-product","3":"status-publish","4":"has-post-thumbnail","6":"product_cat-koleksiyonlar","7":"product_cat-koltuk-takimlari","9":"first","10":"instock","11":"shipping-taxable","12":"product-type-simple"},"yoast_head":"<!-- This site is optimized with the Yoast SEO plugin v24.9 - https:\/\/yoast.com\/wordpress\/plugins\/seo\/ -->\n<title>Maserati Koltuk Tak\u0131m\u0131 - Newmood<\/title>\n<meta name=\"robots\" content=\"index, follow, max-snippet:-1, max-image-preview:large, max-video-preview:-1\" \/>\n<link rel=\"canonical\" href=\"https:\/\/newmood.com.tr\/en\/maserati-koltuk-takimi\/\" \/>\n<meta property=\"og:locale\" content=\"en_US\" \/>\n<meta property=\"og:type\" content=\"article\" \/>\n<meta property=\"og:title\" content=\"Maserati Koltuk Tak\u0131m\u0131 - Newmood\" \/>\n<meta property=\"og:description\" content=\"Maserati Koltuk Tak\u0131m\u0131, l\u00fcks ve modern tasar\u0131m\u0131yla dikkat \u00e7eken bir mobilya par\u00e7as\u0131d\u0131r. Geni\u015f oturma alanlar\u0131 ve ergonomik s\u0131rt destekleri, \u00fcst\u00fcn bir konfor sunar. Kaliteli kuma\u015flar\u0131 ve zarif detaylar\u0131yla \u00f6ne \u00e7\u0131kan Maserati, her ya\u015fam alan\u0131na sofistike bir dokunu\u015f katar. Hem i\u015flevsel hem de estetik olarak tasarlanm\u0131\u015f bu koltuk tak\u0131m\u0131, her t\u00fcrl\u00fc dekorasyon stiline uyum sa\u011flar. Maserati Koltuk Tak\u0131m\u0131, evinize zarafet ve konfor getirerek misafir a\u011f\u0131rlama ve dinlenme anlar\u0131n\u0131z\u0131 keyifli hale getirir.\" \/>\n<meta property=\"og:url\" content=\"https:\/\/newmood.com.tr\/en\/maserati-koltuk-takimi\/\" \/>\n<meta property=\"og:site_name\" content=\"Newmood\" \/>\n<meta property=\"og:image\" content=\"https:\/\/newmood.com.tr\/wp-content\/uploads\/2024\/09\/maserati-koltuk-takimi-060924-1.jpg\" \/>\n\t<meta property=\"og:image:width\" content=\"1920\" \/>\n\t<meta property=\"og:image:height\" content=\"1200\" \/>\n\t<meta property=\"og:image:type\" content=\"image\/jpeg\" \/>\n<meta name=\"twitter:card\" content=\"summary_large_image\" \/>\n<script type=\"application\/ld+json\" class=\"yoast-schema-graph\">{\"@context\":\"https:\/\/schema.org\",\"@graph\":[{\"@type\":\"WebPage\",\"@id\":\"https:\/\/newmood.com.tr\/en\/maserati-koltuk-takimi\/\",\"url\":\"https:\/\/newmood.com.tr\/en\/maserati-koltuk-takimi\/\",\"name\":\"Maserati Koltuk Tak\u0131m\u0131 - Newmood\",\"isPartOf\":{\"@id\":\"https:\/\/newmood.com.tr\/en\/#website\"},\"primaryImageOfPage\":{\"@id\":\"https:\/\/newmood.com.tr\/en\/maserati-koltuk-takimi\/#primaryimage\"},\"image\":{\"@id\":\"https:\/\/newmood.com.tr\/en\/maserati-koltuk-takimi\/#primaryimage\"},\"thumbnailUrl\":\"https:\/\/newmood.com.tr\/wp-content\/uploads\/2024\/09\/maserati-koltuk-takimi-060924-1.jpg\",\"datePublished\":\"2024-09-06T10:51:15+00:00\",\"breadcrumb\":{\"@id\":\"https:\/\/newmood.com.tr\/en\/maserati-koltuk-takimi\/#breadcrumb\"},\"inLanguage\":\"en-US\",\"potentialAction\":[{\"@type\":\"ReadAction\",\"target\":[\"https:\/\/newmood.com.tr\/en\/maserati-koltuk-takimi\/\"]}]},{\"@type\":\"ImageObject\",\"inLanguage\":\"en-US\",\"@id\":\"https:\/\/newmood.com.tr\/en\/maserati-koltuk-takimi\/#primaryimage\",\"url\":\"https:\/\/newmood.com.tr\/wp-content\/uploads\/2024\/09\/maserati-koltuk-takimi-060924-1.jpg\",\"contentUrl\":\"https:\/\/newmood.com.tr\/wp-content\/uploads\/2024\/09\/maserati-koltuk-takimi-060924-1.jpg\",\"width\":1920,\"height\":1200},{\"@type\":\"BreadcrumbList\",\"@id\":\"https:\/\/newmood.com.tr\/en\/maserati-koltuk-takimi\/#breadcrumb\",\"itemListElement\":[{\"@type\":\"ListItem\",\"position\":1,\"name\":\"Anasayfa\",\"item\":\"https:\/\/newmood.com.tr\/\"},{\"@type\":\"ListItem\",\"position\":2,\"name\":\"\u00dcr\u00fcnler\",\"item\":\"https:\/\/newmood.com.tr\/shop\/\"},{\"@type\":\"ListItem\",\"position\":3,\"name\":\"Maserati Koltuk Tak\u0131m\u0131\"}]},{\"@type\":\"WebSite\",\"@id\":\"https:\/\/newmood.com.tr\/en\/#website\",\"url\":\"https:\/\/newmood.com.tr\/en\/\",\"name\":\"Newmood\",\"description\":\"\",\"potentialAction\":[{\"@type\":\"SearchAction\",\"target\":{\"@type\":\"EntryPoint\",\"urlTemplate\":\"https:\/\/newmood.com.tr\/en\/?s={search_term_string}\"},\"query-input\":{\"@type\":\"PropertyValueSpecification\",\"valueRequired\":true,\"valueName\":\"search_term_string\"}}],\"inLanguage\":\"en-US\"}]}<\/script>\n<!-- \/ Yoast SEO plugin. -->","yoast_head_json":{"title":"Maserati Koltuk Tak\u0131m\u0131 - Newmood","robots":{"index":"index","follow":"follow","max-snippet":"max-snippet:-1","max-image-preview":"max-image-preview:large","max-video-preview":"max-video-preview:-1"},"canonical":"https:\/\/newmood.com.tr\/en\/maserati-koltuk-takimi\/","og_locale":"en_US","og_type":"article","og_title":"Maserati Koltuk Tak\u0131m\u0131 - Newmood","og_description":"Maserati Koltuk Tak\u0131m\u0131, l\u00fcks ve modern tasar\u0131m\u0131yla dikkat \u00e7eken bir mobilya par\u00e7as\u0131d\u0131r. Geni\u015f oturma alanlar\u0131 ve ergonomik s\u0131rt destekleri, \u00fcst\u00fcn bir konfor sunar. Kaliteli kuma\u015flar\u0131 ve zarif detaylar\u0131yla \u00f6ne \u00e7\u0131kan Maserati, her ya\u015fam alan\u0131na sofistike bir dokunu\u015f katar. Hem i\u015flevsel hem de estetik olarak tasarlanm\u0131\u015f bu koltuk tak\u0131m\u0131, her t\u00fcrl\u00fc dekorasyon stiline uyum sa\u011flar. Maserati Koltuk Tak\u0131m\u0131, evinize zarafet ve konfor getirerek misafir a\u011f\u0131rlama ve dinlenme anlar\u0131n\u0131z\u0131 keyifli hale getirir.","og_url":"https:\/\/newmood.com.tr\/en\/maserati-koltuk-takimi\/","og_site_name":"Newmood","og_image":[{"width":1920,"height":1200,"url":"https:\/\/newmood.com.tr\/wp-content\/uploads\/2024\/09\/maserati-koltuk-takimi-060924-1.jpg","type":"image\/jpeg"}],"twitter_card":"summary_large_image","schema":{"@context":"https:\/\/schema.org","@graph":[{"@type":"WebPage","@id":"https:\/\/newmood.com.tr\/en\/maserati-koltuk-takimi\/","url":"https:\/\/newmood.com.tr\/en\/maserati-koltuk-takimi\/","name":"Maserati Koltuk Tak\u0131m\u0131 - Newmood","isPartOf":{"@id":"https:\/\/newmood.com.tr\/en\/#website"},"primaryImageOfPage":{"@id":"https:\/\/newmood.com.tr\/en\/maserati-koltuk-takimi\/#primaryimage"},"image":{"@id":"https:\/\/newmood.com.tr\/en\/maserati-koltuk-takimi\/#primaryimage"},"thumbnailUrl":"https:\/\/newmood.com.tr\/wp-content\/uploads\/2024\/09\/maserati-koltuk-takimi-060924-1.jpg","datePublished":"2024-09-06T10:51:15+00:00","breadcrumb":{"@id":"https:\/\/newmood.com.tr\/en\/maserati-koltuk-takimi\/#breadcrumb"},"inLanguage":"en-US","potentialAction":[{"@type":"ReadAction","target":["https:\/\/newmood.com.tr\/en\/maserati-koltuk-takimi\/"]}]},{"@type":"ImageObject","inLanguage":"en-US","@id":"https:\/\/newmood.com.tr\/en\/maserati-koltuk-takimi\/#primaryimage","url":"https:\/\/newmood.com.tr\/wp-content\/uploads\/2024\/09\/maserati-koltuk-takimi-060924-1.jpg","contentUrl":"https:\/\/newmood.com.tr\/wp-content\/uploads\/2024\/09\/maserati-koltuk-takimi-060924-1.jpg","width":1920,"height":1200},{"@type":"BreadcrumbList","@id":"https:\/\/newmood.com.tr\/en\/maserati-koltuk-takimi\/#breadcrumb","itemListElement":[{"@type":"ListItem","position":1,"name":"Anasayfa","item":"https:\/\/newmood.com.tr\/"},{"@type":"ListItem","position":2,"name":"\u00dcr\u00fcnler","item":"https:\/\/newmood.com.tr\/shop\/"},{"@type":"ListItem","position":3,"name":"Maserati Koltuk Tak\u0131m\u0131"}]},{"@type":"WebSite","@id":"https:\/\/newmood.com.tr\/en\/#website","url":"https:\/\/newmood.com.tr\/en\/","name":"Newmood","description":"","potentialAction":[{"@type":"SearchAction","target":{"@type":"EntryPoint","urlTemplate":"https:\/\/newmood.com.tr\/en\/?s={search_term_string}"},"query-input":{"@type":"PropertyValueSpecification","valueRequired":true,"valueName":"search_term_string"}}],"inLanguage":"en-US"}]}},"_links":{"self":[{"href":"https:\/\/newmood.com.tr\/en\/wp-json\/wp\/v2\/product\/649"}],"collection":[{"href":"https:\/\/newmood.com.tr\/en\/wp-json\/wp\/v2\/product"}],"about":[{"href":"https:\/\/newmood.com.tr\/en\/wp-json\/wp\/v2\/types\/product"}],"replies":[{"embeddable":true,"href":"https:\/\/newmood.com.tr\/en\/wp-json\/wp\/v2\/comments?post=649"}],"wp:featuredmedia":[{"embeddable":true,"href":"https:\/\/newmood.com.tr\/en\/wp-json\/wp\/v2\/media\/650"}],"wp:attachment":[{"href":"https:\/\/newmood.com.tr\/en\/wp-json\/wp\/v2\/media?parent=649"}],"wp:term":[{"taxonomy":"product_brand","embeddable":true,"href":"https:\/\/newmood.com.tr\/en\/wp-json\/wp\/v2\/product_brand?post=649"},{"taxonomy":"product_cat","embeddable":true,"href":"https:\/\/newmood.com.tr\/en\/wp-json\/wp\/v2\/product_cat?post=649"},{"taxonomy":"product_tag","embeddable":true,"href":"https:\/\/newmood.com.tr\/en\/wp-json\/wp\/v2\/product_tag?post=649"}],"curies":[{"name":"wp","href":"https:\/\/api.w.org\/{rel}","templated":true}]}}