{"id":613,"date":"2024-09-05T14:12:40","date_gmt":"2024-09-05T14:12:40","guid":{"rendered":"https:\/\/newmood.kodektif.com\/?post_type=product&#038;p=613"},"modified":"2024-09-05T14:12:40","modified_gmt":"2024-09-05T14:12:40","slug":"scala-koltuk","status":"publish","type":"product","link":"https:\/\/newmood.com.tr\/en\/scala-koltuk\/","title":{"rendered":"Scala Sofa"},"content":{"rendered":"","protected":false},"excerpt":{"rendered":"<p>Scala Armchair adds a sophisticated touch to your living space with its modern and elegant design. It offers a comfortable sitting experience with its large seating area and ergonomic back support. Drawing attention with its quality fabrics and aesthetic details, Scala Armchair adapts to all kinds of decoration styles with its minimalist lines and stylish appearance. Ideal for both daily relaxation and hosting guests, this armchair perfectly combines elegance and functionality.<\/p>","protected":false},"featured_media":601,"comment_status":"open","ping_status":"closed","template":"","meta":[],"product_brand":[],"product_cat":[15,18],"product_tag":[],"class_list":{"0":"post-613","1":"product","2":"type-product","3":"status-publish","4":"has-post-thumbnail","6":"product_cat-urunler","7":"product_cat-koltuklar","9":"first","10":"instock","11":"shipping-taxable","12":"product-type-simple"},"yoast_head":"<!-- This site is optimized with the Yoast SEO plugin v24.9 - https:\/\/yoast.com\/wordpress\/plugins\/seo\/ -->\n<title>Scala Koltuk - Newmood<\/title>\n<meta name=\"robots\" content=\"index, follow, max-snippet:-1, max-image-preview:large, max-video-preview:-1\" \/>\n<link rel=\"canonical\" href=\"https:\/\/newmood.com.tr\/en\/scala-koltuk\/\" \/>\n<meta property=\"og:locale\" content=\"en_US\" \/>\n<meta property=\"og:type\" content=\"article\" \/>\n<meta property=\"og:title\" content=\"Scala Koltuk - Newmood\" \/>\n<meta property=\"og:description\" content=\"Scala Koltuk, modern ve zarif tasar\u0131m\u0131yla ya\u015fam alan\u0131n\u0131za sofistike bir dokunu\u015f katar. Geni\u015f oturma alan\u0131 ve ergonomik s\u0131rt deste\u011fi ile konforlu bir oturma deneyimi sunar. Kaliteli kuma\u015flar\u0131 ve estetik detaylar\u0131yla dikkat \u00e7eken Scala Koltuk, minimalist \u00e7izgileri ve \u015f\u0131k g\u00f6r\u00fcn\u00fcm\u00fc ile her t\u00fcrl\u00fc dekorasyon tarz\u0131na uyum sa\u011flar. Hem g\u00fcnl\u00fck dinlenme hem de misafir a\u011f\u0131rlama i\u00e7in ideal olan bu koltuk, \u015f\u0131kl\u0131\u011f\u0131 ve fonksiyonelli\u011fi m\u00fckemmel bir \u015fekilde bir araya getirir.\" \/>\n<meta property=\"og:url\" content=\"https:\/\/newmood.com.tr\/en\/scala-koltuk\/\" \/>\n<meta property=\"og:site_name\" content=\"Newmood\" \/>\n<meta property=\"og:image\" content=\"https:\/\/newmood.com.tr\/wp-content\/uploads\/2024\/09\/scala-koltuk-takimi-050924-6.jpg\" \/>\n\t<meta property=\"og:image:width\" content=\"1920\" \/>\n\t<meta property=\"og:image:height\" content=\"1200\" \/>\n\t<meta property=\"og:image:type\" content=\"image\/jpeg\" \/>\n<meta name=\"twitter:card\" content=\"summary_large_image\" \/>\n<script type=\"application\/ld+json\" class=\"yoast-schema-graph\">{\"@context\":\"https:\/\/schema.org\",\"@graph\":[{\"@type\":\"WebPage\",\"@id\":\"https:\/\/newmood.com.tr\/en\/scala-koltuk\/\",\"url\":\"https:\/\/newmood.com.tr\/en\/scala-koltuk\/\",\"name\":\"Scala Koltuk - Newmood\",\"isPartOf\":{\"@id\":\"https:\/\/newmood.com.tr\/en\/#website\"},\"primaryImageOfPage\":{\"@id\":\"https:\/\/newmood.com.tr\/en\/scala-koltuk\/#primaryimage\"},\"image\":{\"@id\":\"https:\/\/newmood.com.tr\/en\/scala-koltuk\/#primaryimage\"},\"thumbnailUrl\":\"https:\/\/newmood.com.tr\/wp-content\/uploads\/2024\/09\/scala-koltuk-takimi-050924-6.jpg\",\"datePublished\":\"2024-09-05T14:12:40+00:00\",\"breadcrumb\":{\"@id\":\"https:\/\/newmood.com.tr\/en\/scala-koltuk\/#breadcrumb\"},\"inLanguage\":\"en-US\",\"potentialAction\":[{\"@type\":\"ReadAction\",\"target\":[\"https:\/\/newmood.com.tr\/en\/scala-koltuk\/\"]}]},{\"@type\":\"ImageObject\",\"inLanguage\":\"en-US\",\"@id\":\"https:\/\/newmood.com.tr\/en\/scala-koltuk\/#primaryimage\",\"url\":\"https:\/\/newmood.com.tr\/wp-content\/uploads\/2024\/09\/scala-koltuk-takimi-050924-6.jpg\",\"contentUrl\":\"https:\/\/newmood.com.tr\/wp-content\/uploads\/2024\/09\/scala-koltuk-takimi-050924-6.jpg\",\"width\":1920,\"height\":1200},{\"@type\":\"BreadcrumbList\",\"@id\":\"https:\/\/newmood.com.tr\/en\/scala-koltuk\/#breadcrumb\",\"itemListElement\":[{\"@type\":\"ListItem\",\"position\":1,\"name\":\"Anasayfa\",\"item\":\"https:\/\/newmood.com.tr\/\"},{\"@type\":\"ListItem\",\"position\":2,\"name\":\"\u00dcr\u00fcnler\",\"item\":\"https:\/\/newmood.com.tr\/shop\/\"},{\"@type\":\"ListItem\",\"position\":3,\"name\":\"Scala Koltuk\"}]},{\"@type\":\"WebSite\",\"@id\":\"https:\/\/newmood.com.tr\/en\/#website\",\"url\":\"https:\/\/newmood.com.tr\/en\/\",\"name\":\"Newmood\",\"description\":\"\",\"potentialAction\":[{\"@type\":\"SearchAction\",\"target\":{\"@type\":\"EntryPoint\",\"urlTemplate\":\"https:\/\/newmood.com.tr\/en\/?s={search_term_string}\"},\"query-input\":{\"@type\":\"PropertyValueSpecification\",\"valueRequired\":true,\"valueName\":\"search_term_string\"}}],\"inLanguage\":\"en-US\"}]}<\/script>\n<!-- \/ Yoast SEO plugin. -->","yoast_head_json":{"title":"Scala Koltuk - Newmood","robots":{"index":"index","follow":"follow","max-snippet":"max-snippet:-1","max-image-preview":"max-image-preview:large","max-video-preview":"max-video-preview:-1"},"canonical":"https:\/\/newmood.com.tr\/en\/scala-koltuk\/","og_locale":"en_US","og_type":"article","og_title":"Scala Koltuk - Newmood","og_description":"Scala Koltuk, modern ve zarif tasar\u0131m\u0131yla ya\u015fam alan\u0131n\u0131za sofistike bir dokunu\u015f katar. Geni\u015f oturma alan\u0131 ve ergonomik s\u0131rt deste\u011fi ile konforlu bir oturma deneyimi sunar. Kaliteli kuma\u015flar\u0131 ve estetik detaylar\u0131yla dikkat \u00e7eken Scala Koltuk, minimalist \u00e7izgileri ve \u015f\u0131k g\u00f6r\u00fcn\u00fcm\u00fc ile her t\u00fcrl\u00fc dekorasyon tarz\u0131na uyum sa\u011flar. Hem g\u00fcnl\u00fck dinlenme hem de misafir a\u011f\u0131rlama i\u00e7in ideal olan bu koltuk, \u015f\u0131kl\u0131\u011f\u0131 ve fonksiyonelli\u011fi m\u00fckemmel bir \u015fekilde bir araya getirir.","og_url":"https:\/\/newmood.com.tr\/en\/scala-koltuk\/","og_site_name":"Newmood","og_image":[{"width":1920,"height":1200,"url":"https:\/\/newmood.com.tr\/wp-content\/uploads\/2024\/09\/scala-koltuk-takimi-050924-6.jpg","type":"image\/jpeg"}],"twitter_card":"summary_large_image","schema":{"@context":"https:\/\/schema.org","@graph":[{"@type":"WebPage","@id":"https:\/\/newmood.com.tr\/en\/scala-koltuk\/","url":"https:\/\/newmood.com.tr\/en\/scala-koltuk\/","name":"Scala Koltuk - Newmood","isPartOf":{"@id":"https:\/\/newmood.com.tr\/en\/#website"},"primaryImageOfPage":{"@id":"https:\/\/newmood.com.tr\/en\/scala-koltuk\/#primaryimage"},"image":{"@id":"https:\/\/newmood.com.tr\/en\/scala-koltuk\/#primaryimage"},"thumbnailUrl":"https:\/\/newmood.com.tr\/wp-content\/uploads\/2024\/09\/scala-koltuk-takimi-050924-6.jpg","datePublished":"2024-09-05T14:12:40+00:00","breadcrumb":{"@id":"https:\/\/newmood.com.tr\/en\/scala-koltuk\/#breadcrumb"},"inLanguage":"en-US","potentialAction":[{"@type":"ReadAction","target":["https:\/\/newmood.com.tr\/en\/scala-koltuk\/"]}]},{"@type":"ImageObject","inLanguage":"en-US","@id":"https:\/\/newmood.com.tr\/en\/scala-koltuk\/#primaryimage","url":"https:\/\/newmood.com.tr\/wp-content\/uploads\/2024\/09\/scala-koltuk-takimi-050924-6.jpg","contentUrl":"https:\/\/newmood.com.tr\/wp-content\/uploads\/2024\/09\/scala-koltuk-takimi-050924-6.jpg","width":1920,"height":1200},{"@type":"BreadcrumbList","@id":"https:\/\/newmood.com.tr\/en\/scala-koltuk\/#breadcrumb","itemListElement":[{"@type":"ListItem","position":1,"name":"Anasayfa","item":"https:\/\/newmood.com.tr\/"},{"@type":"ListItem","position":2,"name":"\u00dcr\u00fcnler","item":"https:\/\/newmood.com.tr\/shop\/"},{"@type":"ListItem","position":3,"name":"Scala Koltuk"}]},{"@type":"WebSite","@id":"https:\/\/newmood.com.tr\/en\/#website","url":"https:\/\/newmood.com.tr\/en\/","name":"Newmood","description":"","potentialAction":[{"@type":"SearchAction","target":{"@type":"EntryPoint","urlTemplate":"https:\/\/newmood.com.tr\/en\/?s={search_term_string}"},"query-input":{"@type":"PropertyValueSpecification","valueRequired":true,"valueName":"search_term_string"}}],"inLanguage":"en-US"}]}},"_links":{"self":[{"href":"https:\/\/newmood.com.tr\/en\/wp-json\/wp\/v2\/product\/613"}],"collection":[{"href":"https:\/\/newmood.com.tr\/en\/wp-json\/wp\/v2\/product"}],"about":[{"href":"https:\/\/newmood.com.tr\/en\/wp-json\/wp\/v2\/types\/product"}],"replies":[{"embeddable":true,"href":"https:\/\/newmood.com.tr\/en\/wp-json\/wp\/v2\/comments?post=613"}],"wp:featuredmedia":[{"embeddable":true,"href":"https:\/\/newmood.com.tr\/en\/wp-json\/wp\/v2\/media\/601"}],"wp:attachment":[{"href":"https:\/\/newmood.com.tr\/en\/wp-json\/wp\/v2\/media?parent=613"}],"wp:term":[{"taxonomy":"product_brand","embeddable":true,"href":"https:\/\/newmood.com.tr\/en\/wp-json\/wp\/v2\/product_brand?post=613"},{"taxonomy":"product_cat","embeddable":true,"href":"https:\/\/newmood.com.tr\/en\/wp-json\/wp\/v2\/product_cat?post=613"},{"taxonomy":"product_tag","embeddable":true,"href":"https:\/\/newmood.com.tr\/en\/wp-json\/wp\/v2\/product_tag?post=613"}],"curies":[{"name":"wp","href":"https:\/\/api.w.org\/{rel}","templated":true}]}}