{"id":596,"date":"2024-09-05T14:08:01","date_gmt":"2024-09-05T14:08:01","guid":{"rendered":"https:\/\/newmood.kodektif.com\/?post_type=product&#038;p=596"},"modified":"2024-09-05T14:10:32","modified_gmt":"2024-09-05T14:10:32","slug":"scala-koltuk-takimi","status":"publish","type":"product","link":"https:\/\/newmood.com.tr\/en\/scala-koltuk-takimi\/","title":{"rendered":"Scala Sofa Set"},"content":{"rendered":"","protected":false},"excerpt":{"rendered":"<p>Scala Sofa Set brings a sophisticated touch to your living space with its modern design and elegant details. It provides long-term comfort with its wide seating areas and ergonomic back supports. Drawing attention with its quality fabrics and stylish workmanship details, this set adapts to all kinds of decoration styles with its minimalist lines and aesthetic appearance. Scala Sofa Set is an ideal choice for both hosting your guests and making your daily resting moments enjoyable. It perfectly combines elegance and functionality.<\/p>","protected":false},"featured_media":597,"comment_status":"open","ping_status":"closed","template":"","meta":[],"product_brand":[],"product_cat":[17,33],"product_tag":[],"class_list":{"0":"post-596","1":"product","2":"type-product","3":"status-publish","4":"has-post-thumbnail","6":"product_cat-koleksiyonlar","7":"product_cat-koltuk-takimlari","9":"first","10":"instock","11":"shipping-taxable","12":"product-type-simple"},"yoast_head":"<!-- This site is optimized with the Yoast SEO plugin v24.9 - https:\/\/yoast.com\/wordpress\/plugins\/seo\/ -->\n<title>Scala Koltuk Tak\u0131m\u0131 - Newmood<\/title>\n<meta name=\"robots\" content=\"index, follow, max-snippet:-1, max-image-preview:large, max-video-preview:-1\" \/>\n<link rel=\"canonical\" href=\"https:\/\/newmood.com.tr\/en\/scala-koltuk-takimi\/\" \/>\n<meta property=\"og:locale\" content=\"en_US\" \/>\n<meta property=\"og:type\" content=\"article\" \/>\n<meta property=\"og:title\" content=\"Scala Koltuk Tak\u0131m\u0131 - Newmood\" \/>\n<meta property=\"og:description\" content=\"Scala Koltuk Tak\u0131m\u0131, modern tasar\u0131m\u0131 ve zarif detaylar\u0131yla ya\u015fam alan\u0131n\u0131za sofistike bir dokunu\u015f getirir. Geni\u015f oturma alanlar\u0131 ve ergonomik s\u0131rt destekleri ile uzun s\u00fcreli konfor sa\u011flar. Kaliteli kuma\u015flar\u0131 ve \u015f\u0131k i\u015f\u00e7ilik detaylar\u0131 ile dikkat \u00e7eken bu tak\u0131m, minimalist \u00e7izgileri ve estetik g\u00f6r\u00fcn\u00fcm\u00fc ile her t\u00fcrl\u00fc dekorasyon tarz\u0131na uyum sa\u011flar. Scala Koltuk Tak\u0131m\u0131, hem misafirlerinizi a\u011f\u0131rlamak hem de g\u00fcnl\u00fck dinlenme anlar\u0131n\u0131z\u0131 keyifli hale getirmek i\u00e7in ideal bir se\u00e7imdir. \u015e\u0131kl\u0131\u011f\u0131 ve fonksiyonelli\u011fi m\u00fckemmel bir \u015fekilde bir araya getirir.\" \/>\n<meta property=\"og:url\" content=\"https:\/\/newmood.com.tr\/en\/scala-koltuk-takimi\/\" \/>\n<meta property=\"og:site_name\" content=\"Newmood\" \/>\n<meta property=\"article:modified_time\" content=\"2024-09-05T14:10:32+00:00\" \/>\n<meta property=\"og:image\" content=\"https:\/\/newmood.com.tr\/wp-content\/uploads\/2024\/09\/scala-koltuk-takimi-050924-1.jpg\" \/>\n\t<meta property=\"og:image:width\" content=\"1920\" \/>\n\t<meta property=\"og:image:height\" content=\"1200\" \/>\n\t<meta property=\"og:image:type\" content=\"image\/jpeg\" \/>\n<meta name=\"twitter:card\" content=\"summary_large_image\" \/>\n<script type=\"application\/ld+json\" class=\"yoast-schema-graph\">{\"@context\":\"https:\/\/schema.org\",\"@graph\":[{\"@type\":\"WebPage\",\"@id\":\"https:\/\/newmood.com.tr\/en\/scala-koltuk-takimi\/\",\"url\":\"https:\/\/newmood.com.tr\/en\/scala-koltuk-takimi\/\",\"name\":\"Scala Koltuk Tak\u0131m\u0131 - Newmood\",\"isPartOf\":{\"@id\":\"https:\/\/newmood.com.tr\/en\/#website\"},\"primaryImageOfPage\":{\"@id\":\"https:\/\/newmood.com.tr\/en\/scala-koltuk-takimi\/#primaryimage\"},\"image\":{\"@id\":\"https:\/\/newmood.com.tr\/en\/scala-koltuk-takimi\/#primaryimage\"},\"thumbnailUrl\":\"https:\/\/newmood.com.tr\/wp-content\/uploads\/2024\/09\/scala-koltuk-takimi-050924-1.jpg\",\"datePublished\":\"2024-09-05T14:08:01+00:00\",\"dateModified\":\"2024-09-05T14:10:32+00:00\",\"breadcrumb\":{\"@id\":\"https:\/\/newmood.com.tr\/en\/scala-koltuk-takimi\/#breadcrumb\"},\"inLanguage\":\"en-US\",\"potentialAction\":[{\"@type\":\"ReadAction\",\"target\":[\"https:\/\/newmood.com.tr\/en\/scala-koltuk-takimi\/\"]}]},{\"@type\":\"ImageObject\",\"inLanguage\":\"en-US\",\"@id\":\"https:\/\/newmood.com.tr\/en\/scala-koltuk-takimi\/#primaryimage\",\"url\":\"https:\/\/newmood.com.tr\/wp-content\/uploads\/2024\/09\/scala-koltuk-takimi-050924-1.jpg\",\"contentUrl\":\"https:\/\/newmood.com.tr\/wp-content\/uploads\/2024\/09\/scala-koltuk-takimi-050924-1.jpg\",\"width\":1920,\"height\":1200},{\"@type\":\"BreadcrumbList\",\"@id\":\"https:\/\/newmood.com.tr\/en\/scala-koltuk-takimi\/#breadcrumb\",\"itemListElement\":[{\"@type\":\"ListItem\",\"position\":1,\"name\":\"Anasayfa\",\"item\":\"https:\/\/newmood.com.tr\/\"},{\"@type\":\"ListItem\",\"position\":2,\"name\":\"\u00dcr\u00fcnler\",\"item\":\"https:\/\/newmood.com.tr\/shop\/\"},{\"@type\":\"ListItem\",\"position\":3,\"name\":\"Scala Koltuk Tak\u0131m\u0131\"}]},{\"@type\":\"WebSite\",\"@id\":\"https:\/\/newmood.com.tr\/en\/#website\",\"url\":\"https:\/\/newmood.com.tr\/en\/\",\"name\":\"Newmood\",\"description\":\"\",\"potentialAction\":[{\"@type\":\"SearchAction\",\"target\":{\"@type\":\"EntryPoint\",\"urlTemplate\":\"https:\/\/newmood.com.tr\/en\/?s={search_term_string}\"},\"query-input\":{\"@type\":\"PropertyValueSpecification\",\"valueRequired\":true,\"valueName\":\"search_term_string\"}}],\"inLanguage\":\"en-US\"}]}<\/script>\n<!-- \/ Yoast SEO plugin. -->","yoast_head_json":{"title":"Scala Koltuk Tak\u0131m\u0131 - Newmood","robots":{"index":"index","follow":"follow","max-snippet":"max-snippet:-1","max-image-preview":"max-image-preview:large","max-video-preview":"max-video-preview:-1"},"canonical":"https:\/\/newmood.com.tr\/en\/scala-koltuk-takimi\/","og_locale":"en_US","og_type":"article","og_title":"Scala Koltuk Tak\u0131m\u0131 - Newmood","og_description":"Scala Koltuk Tak\u0131m\u0131, modern tasar\u0131m\u0131 ve zarif detaylar\u0131yla ya\u015fam alan\u0131n\u0131za sofistike bir dokunu\u015f getirir. Geni\u015f oturma alanlar\u0131 ve ergonomik s\u0131rt destekleri ile uzun s\u00fcreli konfor sa\u011flar. Kaliteli kuma\u015flar\u0131 ve \u015f\u0131k i\u015f\u00e7ilik detaylar\u0131 ile dikkat \u00e7eken bu tak\u0131m, minimalist \u00e7izgileri ve estetik g\u00f6r\u00fcn\u00fcm\u00fc ile her t\u00fcrl\u00fc dekorasyon tarz\u0131na uyum sa\u011flar. Scala Koltuk Tak\u0131m\u0131, hem misafirlerinizi a\u011f\u0131rlamak hem de g\u00fcnl\u00fck dinlenme anlar\u0131n\u0131z\u0131 keyifli hale getirmek i\u00e7in ideal bir se\u00e7imdir. \u015e\u0131kl\u0131\u011f\u0131 ve fonksiyonelli\u011fi m\u00fckemmel bir \u015fekilde bir araya getirir.","og_url":"https:\/\/newmood.com.tr\/en\/scala-koltuk-takimi\/","og_site_name":"Newmood","article_modified_time":"2024-09-05T14:10:32+00:00","og_image":[{"width":1920,"height":1200,"url":"https:\/\/newmood.com.tr\/wp-content\/uploads\/2024\/09\/scala-koltuk-takimi-050924-1.jpg","type":"image\/jpeg"}],"twitter_card":"summary_large_image","schema":{"@context":"https:\/\/schema.org","@graph":[{"@type":"WebPage","@id":"https:\/\/newmood.com.tr\/en\/scala-koltuk-takimi\/","url":"https:\/\/newmood.com.tr\/en\/scala-koltuk-takimi\/","name":"Scala Koltuk Tak\u0131m\u0131 - Newmood","isPartOf":{"@id":"https:\/\/newmood.com.tr\/en\/#website"},"primaryImageOfPage":{"@id":"https:\/\/newmood.com.tr\/en\/scala-koltuk-takimi\/#primaryimage"},"image":{"@id":"https:\/\/newmood.com.tr\/en\/scala-koltuk-takimi\/#primaryimage"},"thumbnailUrl":"https:\/\/newmood.com.tr\/wp-content\/uploads\/2024\/09\/scala-koltuk-takimi-050924-1.jpg","datePublished":"2024-09-05T14:08:01+00:00","dateModified":"2024-09-05T14:10:32+00:00","breadcrumb":{"@id":"https:\/\/newmood.com.tr\/en\/scala-koltuk-takimi\/#breadcrumb"},"inLanguage":"en-US","potentialAction":[{"@type":"ReadAction","target":["https:\/\/newmood.com.tr\/en\/scala-koltuk-takimi\/"]}]},{"@type":"ImageObject","inLanguage":"en-US","@id":"https:\/\/newmood.com.tr\/en\/scala-koltuk-takimi\/#primaryimage","url":"https:\/\/newmood.com.tr\/wp-content\/uploads\/2024\/09\/scala-koltuk-takimi-050924-1.jpg","contentUrl":"https:\/\/newmood.com.tr\/wp-content\/uploads\/2024\/09\/scala-koltuk-takimi-050924-1.jpg","width":1920,"height":1200},{"@type":"BreadcrumbList","@id":"https:\/\/newmood.com.tr\/en\/scala-koltuk-takimi\/#breadcrumb","itemListElement":[{"@type":"ListItem","position":1,"name":"Anasayfa","item":"https:\/\/newmood.com.tr\/"},{"@type":"ListItem","position":2,"name":"\u00dcr\u00fcnler","item":"https:\/\/newmood.com.tr\/shop\/"},{"@type":"ListItem","position":3,"name":"Scala Koltuk Tak\u0131m\u0131"}]},{"@type":"WebSite","@id":"https:\/\/newmood.com.tr\/en\/#website","url":"https:\/\/newmood.com.tr\/en\/","name":"Newmood","description":"","potentialAction":[{"@type":"SearchAction","target":{"@type":"EntryPoint","urlTemplate":"https:\/\/newmood.com.tr\/en\/?s={search_term_string}"},"query-input":{"@type":"PropertyValueSpecification","valueRequired":true,"valueName":"search_term_string"}}],"inLanguage":"en-US"}]}},"_links":{"self":[{"href":"https:\/\/newmood.com.tr\/en\/wp-json\/wp\/v2\/product\/596"}],"collection":[{"href":"https:\/\/newmood.com.tr\/en\/wp-json\/wp\/v2\/product"}],"about":[{"href":"https:\/\/newmood.com.tr\/en\/wp-json\/wp\/v2\/types\/product"}],"replies":[{"embeddable":true,"href":"https:\/\/newmood.com.tr\/en\/wp-json\/wp\/v2\/comments?post=596"}],"wp:featuredmedia":[{"embeddable":true,"href":"https:\/\/newmood.com.tr\/en\/wp-json\/wp\/v2\/media\/597"}],"wp:attachment":[{"href":"https:\/\/newmood.com.tr\/en\/wp-json\/wp\/v2\/media?parent=596"}],"wp:term":[{"taxonomy":"product_brand","embeddable":true,"href":"https:\/\/newmood.com.tr\/en\/wp-json\/wp\/v2\/product_brand?post=596"},{"taxonomy":"product_cat","embeddable":true,"href":"https:\/\/newmood.com.tr\/en\/wp-json\/wp\/v2\/product_cat?post=596"},{"taxonomy":"product_tag","embeddable":true,"href":"https:\/\/newmood.com.tr\/en\/wp-json\/wp\/v2\/product_tag?post=596"}],"curies":[{"name":"wp","href":"https:\/\/api.w.org\/{rel}","templated":true}]}}