{"id":595,"date":"2024-09-05T13:51:45","date_gmt":"2024-09-05T13:51:45","guid":{"rendered":"https:\/\/newmood.kodektif.com\/?post_type=product&#038;p=595"},"modified":"2024-10-30T13:33:54","modified_gmt":"2024-10-30T13:33:54","slug":"new-scala-berjer","status":"publish","type":"product","link":"https:\/\/newmood.com.tr\/en\/new-scala-berjer\/","title":{"rendered":"New Scala Armchair"},"content":{"rendered":"","protected":false},"excerpt":{"rendered":"<p>New Scala Armchair adds elegance to your living space with its modern and elegant design. It offers a comfortable sitting experience with its soft textured fabric and ergonomic structure. Its large seating area and aesthetic details make your relaxing moments enjoyable and make a sophisticated contribution to your decoration. With its minimalist lines and stylish appearance, New Scala Armchair adapts to all kinds of decoration styles and creates an elegant atmosphere in your home.<\/p>","protected":false},"featured_media":579,"comment_status":"open","ping_status":"closed","template":"","meta":[],"product_brand":[],"product_cat":[15,19],"product_tag":[],"class_list":{"0":"post-595","1":"product","2":"type-product","3":"status-publish","4":"has-post-thumbnail","6":"product_cat-urunler","7":"product_cat-berjerler","9":"first","10":"instock","11":"shipping-taxable","12":"product-type-simple"},"yoast_head":"<!-- This site is optimized with the Yoast SEO plugin v24.9 - https:\/\/yoast.com\/wordpress\/plugins\/seo\/ -->\n<title>New Scala Berjer - Newmood<\/title>\n<meta name=\"robots\" content=\"index, follow, max-snippet:-1, max-image-preview:large, max-video-preview:-1\" \/>\n<link rel=\"canonical\" href=\"https:\/\/newmood.com.tr\/en\/new-scala-berjer\/\" \/>\n<meta property=\"og:locale\" content=\"en_US\" \/>\n<meta property=\"og:type\" content=\"article\" \/>\n<meta property=\"og:title\" content=\"New Scala Berjer - Newmood\" \/>\n<meta property=\"og:description\" content=\"New Scala Berjer, modern ve zarif tasar\u0131m\u0131yla ya\u015fam alan\u0131n\u0131za \u015f\u0131kl\u0131k katar. Yumu\u015fak dokulu kuma\u015f\u0131 ve ergonomik yap\u0131s\u0131yla konforlu bir oturma deneyimi sunar. Geni\u015f oturma alan\u0131 ve estetik detaylar\u0131, hem dinlenme anlar\u0131n\u0131z\u0131 keyifli hale getirir hem de dekorasyonunuza sofistike bir katk\u0131 sa\u011flar. Minimalist \u00e7izgileri ve \u015f\u0131k g\u00f6r\u00fcn\u00fcm\u00fcyle, New Scala Berjer her t\u00fcr dekorasyon tarz\u0131na uyum sa\u011flar ve evinizde zarif bir atmosfer yarat\u0131r.\" \/>\n<meta property=\"og:url\" content=\"https:\/\/newmood.com.tr\/en\/new-scala-berjer\/\" \/>\n<meta property=\"og:site_name\" content=\"Newmood\" \/>\n<meta property=\"article:modified_time\" content=\"2024-10-30T13:33:54+00:00\" \/>\n<meta property=\"og:image\" content=\"https:\/\/newmood.com.tr\/wp-content\/uploads\/2024\/09\/new-scala-koltuk-takimi-050924-15.jpg\" \/>\n\t<meta property=\"og:image:width\" content=\"1920\" \/>\n\t<meta property=\"og:image:height\" content=\"1200\" \/>\n\t<meta property=\"og:image:type\" content=\"image\/jpeg\" \/>\n<meta name=\"twitter:card\" content=\"summary_large_image\" \/>\n<script type=\"application\/ld+json\" class=\"yoast-schema-graph\">{\"@context\":\"https:\/\/schema.org\",\"@graph\":[{\"@type\":\"WebPage\",\"@id\":\"https:\/\/newmood.com.tr\/en\/new-scala-berjer\/\",\"url\":\"https:\/\/newmood.com.tr\/en\/new-scala-berjer\/\",\"name\":\"New Scala Berjer - Newmood\",\"isPartOf\":{\"@id\":\"https:\/\/newmood.com.tr\/en\/#website\"},\"primaryImageOfPage\":{\"@id\":\"https:\/\/newmood.com.tr\/en\/new-scala-berjer\/#primaryimage\"},\"image\":{\"@id\":\"https:\/\/newmood.com.tr\/en\/new-scala-berjer\/#primaryimage\"},\"thumbnailUrl\":\"https:\/\/newmood.com.tr\/wp-content\/uploads\/2024\/09\/new-scala-koltuk-takimi-050924-15.jpg\",\"datePublished\":\"2024-09-05T13:51:45+00:00\",\"dateModified\":\"2024-10-30T13:33:54+00:00\",\"breadcrumb\":{\"@id\":\"https:\/\/newmood.com.tr\/en\/new-scala-berjer\/#breadcrumb\"},\"inLanguage\":\"en-US\",\"potentialAction\":[{\"@type\":\"ReadAction\",\"target\":[\"https:\/\/newmood.com.tr\/en\/new-scala-berjer\/\"]}]},{\"@type\":\"ImageObject\",\"inLanguage\":\"en-US\",\"@id\":\"https:\/\/newmood.com.tr\/en\/new-scala-berjer\/#primaryimage\",\"url\":\"https:\/\/newmood.com.tr\/wp-content\/uploads\/2024\/09\/new-scala-koltuk-takimi-050924-15.jpg\",\"contentUrl\":\"https:\/\/newmood.com.tr\/wp-content\/uploads\/2024\/09\/new-scala-koltuk-takimi-050924-15.jpg\",\"width\":1920,\"height\":1200},{\"@type\":\"BreadcrumbList\",\"@id\":\"https:\/\/newmood.com.tr\/en\/new-scala-berjer\/#breadcrumb\",\"itemListElement\":[{\"@type\":\"ListItem\",\"position\":1,\"name\":\"Anasayfa\",\"item\":\"https:\/\/newmood.com.tr\/\"},{\"@type\":\"ListItem\",\"position\":2,\"name\":\"\u00dcr\u00fcnler\",\"item\":\"https:\/\/newmood.com.tr\/shop\/\"},{\"@type\":\"ListItem\",\"position\":3,\"name\":\"New Scala Berjer\"}]},{\"@type\":\"WebSite\",\"@id\":\"https:\/\/newmood.com.tr\/en\/#website\",\"url\":\"https:\/\/newmood.com.tr\/en\/\",\"name\":\"Newmood\",\"description\":\"\",\"potentialAction\":[{\"@type\":\"SearchAction\",\"target\":{\"@type\":\"EntryPoint\",\"urlTemplate\":\"https:\/\/newmood.com.tr\/en\/?s={search_term_string}\"},\"query-input\":{\"@type\":\"PropertyValueSpecification\",\"valueRequired\":true,\"valueName\":\"search_term_string\"}}],\"inLanguage\":\"en-US\"}]}<\/script>\n<!-- \/ Yoast SEO plugin. -->","yoast_head_json":{"title":"New Scala Berjer - Newmood","robots":{"index":"index","follow":"follow","max-snippet":"max-snippet:-1","max-image-preview":"max-image-preview:large","max-video-preview":"max-video-preview:-1"},"canonical":"https:\/\/newmood.com.tr\/en\/new-scala-berjer\/","og_locale":"en_US","og_type":"article","og_title":"New Scala Berjer - Newmood","og_description":"New Scala Berjer, modern ve zarif tasar\u0131m\u0131yla ya\u015fam alan\u0131n\u0131za \u015f\u0131kl\u0131k katar. Yumu\u015fak dokulu kuma\u015f\u0131 ve ergonomik yap\u0131s\u0131yla konforlu bir oturma deneyimi sunar. Geni\u015f oturma alan\u0131 ve estetik detaylar\u0131, hem dinlenme anlar\u0131n\u0131z\u0131 keyifli hale getirir hem de dekorasyonunuza sofistike bir katk\u0131 sa\u011flar. Minimalist \u00e7izgileri ve \u015f\u0131k g\u00f6r\u00fcn\u00fcm\u00fcyle, New Scala Berjer her t\u00fcr dekorasyon tarz\u0131na uyum sa\u011flar ve evinizde zarif bir atmosfer yarat\u0131r.","og_url":"https:\/\/newmood.com.tr\/en\/new-scala-berjer\/","og_site_name":"Newmood","article_modified_time":"2024-10-30T13:33:54+00:00","og_image":[{"width":1920,"height":1200,"url":"https:\/\/newmood.com.tr\/wp-content\/uploads\/2024\/09\/new-scala-koltuk-takimi-050924-15.jpg","type":"image\/jpeg"}],"twitter_card":"summary_large_image","schema":{"@context":"https:\/\/schema.org","@graph":[{"@type":"WebPage","@id":"https:\/\/newmood.com.tr\/en\/new-scala-berjer\/","url":"https:\/\/newmood.com.tr\/en\/new-scala-berjer\/","name":"New Scala Berjer - Newmood","isPartOf":{"@id":"https:\/\/newmood.com.tr\/en\/#website"},"primaryImageOfPage":{"@id":"https:\/\/newmood.com.tr\/en\/new-scala-berjer\/#primaryimage"},"image":{"@id":"https:\/\/newmood.com.tr\/en\/new-scala-berjer\/#primaryimage"},"thumbnailUrl":"https:\/\/newmood.com.tr\/wp-content\/uploads\/2024\/09\/new-scala-koltuk-takimi-050924-15.jpg","datePublished":"2024-09-05T13:51:45+00:00","dateModified":"2024-10-30T13:33:54+00:00","breadcrumb":{"@id":"https:\/\/newmood.com.tr\/en\/new-scala-berjer\/#breadcrumb"},"inLanguage":"en-US","potentialAction":[{"@type":"ReadAction","target":["https:\/\/newmood.com.tr\/en\/new-scala-berjer\/"]}]},{"@type":"ImageObject","inLanguage":"en-US","@id":"https:\/\/newmood.com.tr\/en\/new-scala-berjer\/#primaryimage","url":"https:\/\/newmood.com.tr\/wp-content\/uploads\/2024\/09\/new-scala-koltuk-takimi-050924-15.jpg","contentUrl":"https:\/\/newmood.com.tr\/wp-content\/uploads\/2024\/09\/new-scala-koltuk-takimi-050924-15.jpg","width":1920,"height":1200},{"@type":"BreadcrumbList","@id":"https:\/\/newmood.com.tr\/en\/new-scala-berjer\/#breadcrumb","itemListElement":[{"@type":"ListItem","position":1,"name":"Anasayfa","item":"https:\/\/newmood.com.tr\/"},{"@type":"ListItem","position":2,"name":"\u00dcr\u00fcnler","item":"https:\/\/newmood.com.tr\/shop\/"},{"@type":"ListItem","position":3,"name":"New Scala Berjer"}]},{"@type":"WebSite","@id":"https:\/\/newmood.com.tr\/en\/#website","url":"https:\/\/newmood.com.tr\/en\/","name":"Newmood","description":"","potentialAction":[{"@type":"SearchAction","target":{"@type":"EntryPoint","urlTemplate":"https:\/\/newmood.com.tr\/en\/?s={search_term_string}"},"query-input":{"@type":"PropertyValueSpecification","valueRequired":true,"valueName":"search_term_string"}}],"inLanguage":"en-US"}]}},"_links":{"self":[{"href":"https:\/\/newmood.com.tr\/en\/wp-json\/wp\/v2\/product\/595"}],"collection":[{"href":"https:\/\/newmood.com.tr\/en\/wp-json\/wp\/v2\/product"}],"about":[{"href":"https:\/\/newmood.com.tr\/en\/wp-json\/wp\/v2\/types\/product"}],"replies":[{"embeddable":true,"href":"https:\/\/newmood.com.tr\/en\/wp-json\/wp\/v2\/comments?post=595"}],"wp:featuredmedia":[{"embeddable":true,"href":"https:\/\/newmood.com.tr\/en\/wp-json\/wp\/v2\/media\/579"}],"wp:attachment":[{"href":"https:\/\/newmood.com.tr\/en\/wp-json\/wp\/v2\/media?parent=595"}],"wp:term":[{"taxonomy":"product_brand","embeddable":true,"href":"https:\/\/newmood.com.tr\/en\/wp-json\/wp\/v2\/product_brand?post=595"},{"taxonomy":"product_cat","embeddable":true,"href":"https:\/\/newmood.com.tr\/en\/wp-json\/wp\/v2\/product_cat?post=595"},{"taxonomy":"product_tag","embeddable":true,"href":"https:\/\/newmood.com.tr\/en\/wp-json\/wp\/v2\/product_tag?post=595"}],"curies":[{"name":"wp","href":"https:\/\/api.w.org\/{rel}","templated":true}]}}