{"id":449,"date":"2024-09-05T12:22:08","date_gmt":"2024-09-05T12:22:08","guid":{"rendered":"https:\/\/newmood.kodektif.com\/?post_type=product&#038;p=449"},"modified":"2024-09-05T12:22:09","modified_gmt":"2024-09-05T12:22:09","slug":"cosy-koltuk-takimi","status":"publish","type":"product","link":"https:\/\/newmood.com.tr\/en\/cosy-koltuk-takimi\/","title":{"rendered":"Cosy Sofa Set"},"content":{"rendered":"","protected":false},"excerpt":{"rendered":"<p>Cozy Sofa Set, as the name suggests, has a design that prioritizes convenience and comfort. It creates a warm and inviting atmosphere in every session with its large seating areas and soft textured fabrics. Enriched with stylish details, Cozy offers long-term comfort with its ergonomic structure, while adding an elegant touch to your living space with its modern lines and quality workmanship. Ideal for both relaxing and entertaining your guests, this set brings warmth and sophistication to your home.<\/p>","protected":false},"featured_media":450,"comment_status":"open","ping_status":"closed","template":"","meta":[],"product_brand":[],"product_cat":[17,33],"product_tag":[],"class_list":{"0":"post-449","1":"product","2":"type-product","3":"status-publish","4":"has-post-thumbnail","6":"product_cat-koleksiyonlar","7":"product_cat-koltuk-takimlari","9":"first","10":"instock","11":"shipping-taxable","12":"product-type-simple"},"yoast_head":"<!-- This site is optimized with the Yoast SEO plugin v24.9 - https:\/\/yoast.com\/wordpress\/plugins\/seo\/ -->\n<title>Cosy Koltuk Tak\u0131m\u0131 - Newmood<\/title>\n<meta name=\"robots\" content=\"index, follow, max-snippet:-1, max-image-preview:large, max-video-preview:-1\" \/>\n<link rel=\"canonical\" href=\"https:\/\/newmood.com.tr\/en\/cosy-koltuk-takimi\/\" \/>\n<meta property=\"og:locale\" content=\"en_US\" \/>\n<meta property=\"og:type\" content=\"article\" \/>\n<meta property=\"og:title\" content=\"Cosy Koltuk Tak\u0131m\u0131 - Newmood\" \/>\n<meta property=\"og:description\" content=\"Cosy Koltuk Tak\u0131m\u0131, ad\u0131ndan da anla\u015f\u0131laca\u011f\u0131 gibi, rahatl\u0131k ve konforu \u00f6n planda tutan bir tasar\u0131ma sahiptir. Geni\u015f oturma alanlar\u0131 ve yumu\u015fak dokulu kuma\u015flar\u0131yla her oturumda s\u0131cak ve davetk\u00e2r bir atmosfer yarat\u0131r. \u015e\u0131k detaylarla zenginle\u015ftirilen Cosy, ergonomik yap\u0131s\u0131yla uzun s\u00fcreli konfor sunarken, modern \u00e7izgileri ve kaliteli i\u015f\u00e7ili\u011fiyle ya\u015fam alan\u0131n\u0131za zarif bir dokunu\u015f katar. Hem dinlenmek hem de misafirlerinizi a\u011f\u0131rlamak i\u00e7in ideal olan bu tak\u0131m, evinize s\u0131cakl\u0131k ve sofistike bir hava getirir.\" \/>\n<meta property=\"og:url\" content=\"https:\/\/newmood.com.tr\/en\/cosy-koltuk-takimi\/\" \/>\n<meta property=\"og:site_name\" content=\"Newmood\" \/>\n<meta property=\"article:modified_time\" content=\"2024-09-05T12:22:09+00:00\" \/>\n<meta property=\"og:image\" content=\"https:\/\/newmood.com.tr\/wp-content\/uploads\/2024\/09\/cosy-koltuk-takimi-050924-01.jpg\" \/>\n\t<meta property=\"og:image:width\" content=\"1920\" \/>\n\t<meta property=\"og:image:height\" content=\"1200\" \/>\n\t<meta property=\"og:image:type\" content=\"image\/jpeg\" \/>\n<meta name=\"twitter:card\" content=\"summary_large_image\" \/>\n<script type=\"application\/ld+json\" class=\"yoast-schema-graph\">{\"@context\":\"https:\/\/schema.org\",\"@graph\":[{\"@type\":\"WebPage\",\"@id\":\"https:\/\/newmood.com.tr\/en\/cosy-koltuk-takimi\/\",\"url\":\"https:\/\/newmood.com.tr\/en\/cosy-koltuk-takimi\/\",\"name\":\"Cosy Koltuk Tak\u0131m\u0131 - Newmood\",\"isPartOf\":{\"@id\":\"https:\/\/newmood.com.tr\/en\/#website\"},\"primaryImageOfPage\":{\"@id\":\"https:\/\/newmood.com.tr\/en\/cosy-koltuk-takimi\/#primaryimage\"},\"image\":{\"@id\":\"https:\/\/newmood.com.tr\/en\/cosy-koltuk-takimi\/#primaryimage\"},\"thumbnailUrl\":\"https:\/\/newmood.com.tr\/wp-content\/uploads\/2024\/09\/cosy-koltuk-takimi-050924-01.jpg\",\"datePublished\":\"2024-09-05T12:22:08+00:00\",\"dateModified\":\"2024-09-05T12:22:09+00:00\",\"breadcrumb\":{\"@id\":\"https:\/\/newmood.com.tr\/en\/cosy-koltuk-takimi\/#breadcrumb\"},\"inLanguage\":\"en-US\",\"potentialAction\":[{\"@type\":\"ReadAction\",\"target\":[\"https:\/\/newmood.com.tr\/en\/cosy-koltuk-takimi\/\"]}]},{\"@type\":\"ImageObject\",\"inLanguage\":\"en-US\",\"@id\":\"https:\/\/newmood.com.tr\/en\/cosy-koltuk-takimi\/#primaryimage\",\"url\":\"https:\/\/newmood.com.tr\/wp-content\/uploads\/2024\/09\/cosy-koltuk-takimi-050924-01.jpg\",\"contentUrl\":\"https:\/\/newmood.com.tr\/wp-content\/uploads\/2024\/09\/cosy-koltuk-takimi-050924-01.jpg\",\"width\":1920,\"height\":1200},{\"@type\":\"BreadcrumbList\",\"@id\":\"https:\/\/newmood.com.tr\/en\/cosy-koltuk-takimi\/#breadcrumb\",\"itemListElement\":[{\"@type\":\"ListItem\",\"position\":1,\"name\":\"Anasayfa\",\"item\":\"https:\/\/newmood.com.tr\/\"},{\"@type\":\"ListItem\",\"position\":2,\"name\":\"\u00dcr\u00fcnler\",\"item\":\"https:\/\/newmood.com.tr\/shop\/\"},{\"@type\":\"ListItem\",\"position\":3,\"name\":\"Cosy Koltuk Tak\u0131m\u0131\"}]},{\"@type\":\"WebSite\",\"@id\":\"https:\/\/newmood.com.tr\/en\/#website\",\"url\":\"https:\/\/newmood.com.tr\/en\/\",\"name\":\"Newmood\",\"description\":\"\",\"potentialAction\":[{\"@type\":\"SearchAction\",\"target\":{\"@type\":\"EntryPoint\",\"urlTemplate\":\"https:\/\/newmood.com.tr\/en\/?s={search_term_string}\"},\"query-input\":{\"@type\":\"PropertyValueSpecification\",\"valueRequired\":true,\"valueName\":\"search_term_string\"}}],\"inLanguage\":\"en-US\"}]}<\/script>\n<!-- \/ Yoast SEO plugin. -->","yoast_head_json":{"title":"Cosy Koltuk Tak\u0131m\u0131 - Newmood","robots":{"index":"index","follow":"follow","max-snippet":"max-snippet:-1","max-image-preview":"max-image-preview:large","max-video-preview":"max-video-preview:-1"},"canonical":"https:\/\/newmood.com.tr\/en\/cosy-koltuk-takimi\/","og_locale":"en_US","og_type":"article","og_title":"Cosy Koltuk Tak\u0131m\u0131 - Newmood","og_description":"Cosy Koltuk Tak\u0131m\u0131, ad\u0131ndan da anla\u015f\u0131laca\u011f\u0131 gibi, rahatl\u0131k ve konforu \u00f6n planda tutan bir tasar\u0131ma sahiptir. Geni\u015f oturma alanlar\u0131 ve yumu\u015fak dokulu kuma\u015flar\u0131yla her oturumda s\u0131cak ve davetk\u00e2r bir atmosfer yarat\u0131r. \u015e\u0131k detaylarla zenginle\u015ftirilen Cosy, ergonomik yap\u0131s\u0131yla uzun s\u00fcreli konfor sunarken, modern \u00e7izgileri ve kaliteli i\u015f\u00e7ili\u011fiyle ya\u015fam alan\u0131n\u0131za zarif bir dokunu\u015f katar. Hem dinlenmek hem de misafirlerinizi a\u011f\u0131rlamak i\u00e7in ideal olan bu tak\u0131m, evinize s\u0131cakl\u0131k ve sofistike bir hava getirir.","og_url":"https:\/\/newmood.com.tr\/en\/cosy-koltuk-takimi\/","og_site_name":"Newmood","article_modified_time":"2024-09-05T12:22:09+00:00","og_image":[{"width":1920,"height":1200,"url":"https:\/\/newmood.com.tr\/wp-content\/uploads\/2024\/09\/cosy-koltuk-takimi-050924-01.jpg","type":"image\/jpeg"}],"twitter_card":"summary_large_image","schema":{"@context":"https:\/\/schema.org","@graph":[{"@type":"WebPage","@id":"https:\/\/newmood.com.tr\/en\/cosy-koltuk-takimi\/","url":"https:\/\/newmood.com.tr\/en\/cosy-koltuk-takimi\/","name":"Cosy Koltuk Tak\u0131m\u0131 - Newmood","isPartOf":{"@id":"https:\/\/newmood.com.tr\/en\/#website"},"primaryImageOfPage":{"@id":"https:\/\/newmood.com.tr\/en\/cosy-koltuk-takimi\/#primaryimage"},"image":{"@id":"https:\/\/newmood.com.tr\/en\/cosy-koltuk-takimi\/#primaryimage"},"thumbnailUrl":"https:\/\/newmood.com.tr\/wp-content\/uploads\/2024\/09\/cosy-koltuk-takimi-050924-01.jpg","datePublished":"2024-09-05T12:22:08+00:00","dateModified":"2024-09-05T12:22:09+00:00","breadcrumb":{"@id":"https:\/\/newmood.com.tr\/en\/cosy-koltuk-takimi\/#breadcrumb"},"inLanguage":"en-US","potentialAction":[{"@type":"ReadAction","target":["https:\/\/newmood.com.tr\/en\/cosy-koltuk-takimi\/"]}]},{"@type":"ImageObject","inLanguage":"en-US","@id":"https:\/\/newmood.com.tr\/en\/cosy-koltuk-takimi\/#primaryimage","url":"https:\/\/newmood.com.tr\/wp-content\/uploads\/2024\/09\/cosy-koltuk-takimi-050924-01.jpg","contentUrl":"https:\/\/newmood.com.tr\/wp-content\/uploads\/2024\/09\/cosy-koltuk-takimi-050924-01.jpg","width":1920,"height":1200},{"@type":"BreadcrumbList","@id":"https:\/\/newmood.com.tr\/en\/cosy-koltuk-takimi\/#breadcrumb","itemListElement":[{"@type":"ListItem","position":1,"name":"Anasayfa","item":"https:\/\/newmood.com.tr\/"},{"@type":"ListItem","position":2,"name":"\u00dcr\u00fcnler","item":"https:\/\/newmood.com.tr\/shop\/"},{"@type":"ListItem","position":3,"name":"Cosy Koltuk Tak\u0131m\u0131"}]},{"@type":"WebSite","@id":"https:\/\/newmood.com.tr\/en\/#website","url":"https:\/\/newmood.com.tr\/en\/","name":"Newmood","description":"","potentialAction":[{"@type":"SearchAction","target":{"@type":"EntryPoint","urlTemplate":"https:\/\/newmood.com.tr\/en\/?s={search_term_string}"},"query-input":{"@type":"PropertyValueSpecification","valueRequired":true,"valueName":"search_term_string"}}],"inLanguage":"en-US"}]}},"_links":{"self":[{"href":"https:\/\/newmood.com.tr\/en\/wp-json\/wp\/v2\/product\/449"}],"collection":[{"href":"https:\/\/newmood.com.tr\/en\/wp-json\/wp\/v2\/product"}],"about":[{"href":"https:\/\/newmood.com.tr\/en\/wp-json\/wp\/v2\/types\/product"}],"replies":[{"embeddable":true,"href":"https:\/\/newmood.com.tr\/en\/wp-json\/wp\/v2\/comments?post=449"}],"wp:featuredmedia":[{"embeddable":true,"href":"https:\/\/newmood.com.tr\/en\/wp-json\/wp\/v2\/media\/450"}],"wp:attachment":[{"href":"https:\/\/newmood.com.tr\/en\/wp-json\/wp\/v2\/media?parent=449"}],"wp:term":[{"taxonomy":"product_brand","embeddable":true,"href":"https:\/\/newmood.com.tr\/en\/wp-json\/wp\/v2\/product_brand?post=449"},{"taxonomy":"product_cat","embeddable":true,"href":"https:\/\/newmood.com.tr\/en\/wp-json\/wp\/v2\/product_cat?post=449"},{"taxonomy":"product_tag","embeddable":true,"href":"https:\/\/newmood.com.tr\/en\/wp-json\/wp\/v2\/product_tag?post=449"}],"curies":[{"name":"wp","href":"https:\/\/api.w.org\/{rel}","templated":true}]}}