{"id":346,"date":"2024-09-04T13:15:01","date_gmt":"2024-09-04T13:15:01","guid":{"rendered":"https:\/\/newmood.kodektif.com\/?post_type=product&#038;p=346"},"modified":"2024-10-30T13:11:41","modified_gmt":"2024-10-30T13:11:41","slug":"bono-yan-sehpa","status":"publish","type":"product","link":"https:\/\/newmood.com.tr\/en\/bono-yan-sehpa\/","title":{"rendered":"Bono Side Table"},"content":{"rendered":"","protected":false},"excerpt":{"rendered":"<p>Bono Side Table adds elegance to your living spaces with its elegant design and practical use. This side table, which draws attention with its modern lines and quality materials, finds a place in any space and provides an aesthetic touch thanks to its compact structure. While you organize your belongings with its functional shelves or drawers, it fits into your decoration with its stylish appearance. Bono Side Table is a perfect complement to various corners of your home, as both a decorative and useful piece.<\/p>","protected":false},"featured_media":326,"comment_status":"open","ping_status":"closed","template":"","meta":[],"product_brand":[],"product_cat":[15,22],"product_tag":[],"class_list":{"0":"post-346","1":"product","2":"type-product","3":"status-publish","4":"has-post-thumbnail","6":"product_cat-urunler","7":"product_cat-sehpalar","9":"first","10":"instock","11":"shipping-taxable","12":"product-type-simple"},"yoast_head":"<!-- This site is optimized with the Yoast SEO plugin v24.9 - https:\/\/yoast.com\/wordpress\/plugins\/seo\/ -->\n<title>Bono Yan Sehpa - Newmood<\/title>\n<meta name=\"robots\" content=\"index, follow, max-snippet:-1, max-image-preview:large, max-video-preview:-1\" \/>\n<link rel=\"canonical\" href=\"https:\/\/newmood.com.tr\/en\/bono-yan-sehpa\/\" \/>\n<meta property=\"og:locale\" content=\"en_US\" \/>\n<meta property=\"og:type\" content=\"article\" \/>\n<meta property=\"og:title\" content=\"Bono Yan Sehpa - Newmood\" \/>\n<meta property=\"og:description\" content=\"Bono Yan Sehpa, zarif tasar\u0131m\u0131 ve pratik kullan\u0131m\u0131yla ya\u015fam alanlar\u0131n\u0131za \u015f\u0131kl\u0131k katar. Modern hatlar\u0131 ve kaliteli malzemeleriyle dikkat \u00e7eken bu yan sehpa, kompakt yap\u0131s\u0131 sayesinde her mek\u00e2nda yer bulur ve estetik bir dokunu\u015f sa\u011flar. Fonksiyonel raflar\u0131 veya \u00e7ekmeceleri ile e\u015fyalar\u0131n\u0131z\u0131 d\u00fczenlerken, \u015f\u0131k g\u00f6r\u00fcn\u00fcm\u00fcyle dekorasyonunuza uyum sa\u011flar. Bono Yan Sehpa, hem dekoratif hem de kullan\u0131\u015fl\u0131 bir par\u00e7a olarak evinizin \u00e7e\u015fitli k\u00f6\u015felerinde m\u00fckemmel bir tamamlay\u0131c\u0131d\u0131r.\" \/>\n<meta property=\"og:url\" content=\"https:\/\/newmood.com.tr\/en\/bono-yan-sehpa\/\" \/>\n<meta property=\"og:site_name\" content=\"Newmood\" \/>\n<meta property=\"article:modified_time\" content=\"2024-10-30T13:11:41+00:00\" \/>\n<meta property=\"og:image\" content=\"https:\/\/newmood.com.tr\/wp-content\/uploads\/2024\/09\/bono-koltuk-takimi-040924-13.jpg\" \/>\n\t<meta property=\"og:image:width\" content=\"1920\" \/>\n\t<meta property=\"og:image:height\" content=\"1200\" \/>\n\t<meta property=\"og:image:type\" content=\"image\/jpeg\" \/>\n<meta name=\"twitter:card\" content=\"summary_large_image\" \/>\n<script type=\"application\/ld+json\" class=\"yoast-schema-graph\">{\"@context\":\"https:\/\/schema.org\",\"@graph\":[{\"@type\":\"WebPage\",\"@id\":\"https:\/\/newmood.com.tr\/en\/bono-yan-sehpa\/\",\"url\":\"https:\/\/newmood.com.tr\/en\/bono-yan-sehpa\/\",\"name\":\"Bono Yan Sehpa - Newmood\",\"isPartOf\":{\"@id\":\"https:\/\/newmood.com.tr\/en\/#website\"},\"primaryImageOfPage\":{\"@id\":\"https:\/\/newmood.com.tr\/en\/bono-yan-sehpa\/#primaryimage\"},\"image\":{\"@id\":\"https:\/\/newmood.com.tr\/en\/bono-yan-sehpa\/#primaryimage\"},\"thumbnailUrl\":\"https:\/\/newmood.com.tr\/wp-content\/uploads\/2024\/09\/bono-koltuk-takimi-040924-13.jpg\",\"datePublished\":\"2024-09-04T13:15:01+00:00\",\"dateModified\":\"2024-10-30T13:11:41+00:00\",\"breadcrumb\":{\"@id\":\"https:\/\/newmood.com.tr\/en\/bono-yan-sehpa\/#breadcrumb\"},\"inLanguage\":\"en-US\",\"potentialAction\":[{\"@type\":\"ReadAction\",\"target\":[\"https:\/\/newmood.com.tr\/en\/bono-yan-sehpa\/\"]}]},{\"@type\":\"ImageObject\",\"inLanguage\":\"en-US\",\"@id\":\"https:\/\/newmood.com.tr\/en\/bono-yan-sehpa\/#primaryimage\",\"url\":\"https:\/\/newmood.com.tr\/wp-content\/uploads\/2024\/09\/bono-koltuk-takimi-040924-13.jpg\",\"contentUrl\":\"https:\/\/newmood.com.tr\/wp-content\/uploads\/2024\/09\/bono-koltuk-takimi-040924-13.jpg\",\"width\":1920,\"height\":1200},{\"@type\":\"BreadcrumbList\",\"@id\":\"https:\/\/newmood.com.tr\/en\/bono-yan-sehpa\/#breadcrumb\",\"itemListElement\":[{\"@type\":\"ListItem\",\"position\":1,\"name\":\"Anasayfa\",\"item\":\"https:\/\/newmood.com.tr\/\"},{\"@type\":\"ListItem\",\"position\":2,\"name\":\"\u00dcr\u00fcnler\",\"item\":\"https:\/\/newmood.com.tr\/shop\/\"},{\"@type\":\"ListItem\",\"position\":3,\"name\":\"Bono Yan Sehpa\"}]},{\"@type\":\"WebSite\",\"@id\":\"https:\/\/newmood.com.tr\/en\/#website\",\"url\":\"https:\/\/newmood.com.tr\/en\/\",\"name\":\"Newmood\",\"description\":\"\",\"potentialAction\":[{\"@type\":\"SearchAction\",\"target\":{\"@type\":\"EntryPoint\",\"urlTemplate\":\"https:\/\/newmood.com.tr\/en\/?s={search_term_string}\"},\"query-input\":{\"@type\":\"PropertyValueSpecification\",\"valueRequired\":true,\"valueName\":\"search_term_string\"}}],\"inLanguage\":\"en-US\"}]}<\/script>\n<!-- \/ Yoast SEO plugin. -->","yoast_head_json":{"title":"Bono Yan Sehpa - Newmood","robots":{"index":"index","follow":"follow","max-snippet":"max-snippet:-1","max-image-preview":"max-image-preview:large","max-video-preview":"max-video-preview:-1"},"canonical":"https:\/\/newmood.com.tr\/en\/bono-yan-sehpa\/","og_locale":"en_US","og_type":"article","og_title":"Bono Yan Sehpa - Newmood","og_description":"Bono Yan Sehpa, zarif tasar\u0131m\u0131 ve pratik kullan\u0131m\u0131yla ya\u015fam alanlar\u0131n\u0131za \u015f\u0131kl\u0131k katar. Modern hatlar\u0131 ve kaliteli malzemeleriyle dikkat \u00e7eken bu yan sehpa, kompakt yap\u0131s\u0131 sayesinde her mek\u00e2nda yer bulur ve estetik bir dokunu\u015f sa\u011flar. Fonksiyonel raflar\u0131 veya \u00e7ekmeceleri ile e\u015fyalar\u0131n\u0131z\u0131 d\u00fczenlerken, \u015f\u0131k g\u00f6r\u00fcn\u00fcm\u00fcyle dekorasyonunuza uyum sa\u011flar. Bono Yan Sehpa, hem dekoratif hem de kullan\u0131\u015fl\u0131 bir par\u00e7a olarak evinizin \u00e7e\u015fitli k\u00f6\u015felerinde m\u00fckemmel bir tamamlay\u0131c\u0131d\u0131r.","og_url":"https:\/\/newmood.com.tr\/en\/bono-yan-sehpa\/","og_site_name":"Newmood","article_modified_time":"2024-10-30T13:11:41+00:00","og_image":[{"width":1920,"height":1200,"url":"https:\/\/newmood.com.tr\/wp-content\/uploads\/2024\/09\/bono-koltuk-takimi-040924-13.jpg","type":"image\/jpeg"}],"twitter_card":"summary_large_image","schema":{"@context":"https:\/\/schema.org","@graph":[{"@type":"WebPage","@id":"https:\/\/newmood.com.tr\/en\/bono-yan-sehpa\/","url":"https:\/\/newmood.com.tr\/en\/bono-yan-sehpa\/","name":"Bono Yan Sehpa - Newmood","isPartOf":{"@id":"https:\/\/newmood.com.tr\/en\/#website"},"primaryImageOfPage":{"@id":"https:\/\/newmood.com.tr\/en\/bono-yan-sehpa\/#primaryimage"},"image":{"@id":"https:\/\/newmood.com.tr\/en\/bono-yan-sehpa\/#primaryimage"},"thumbnailUrl":"https:\/\/newmood.com.tr\/wp-content\/uploads\/2024\/09\/bono-koltuk-takimi-040924-13.jpg","datePublished":"2024-09-04T13:15:01+00:00","dateModified":"2024-10-30T13:11:41+00:00","breadcrumb":{"@id":"https:\/\/newmood.com.tr\/en\/bono-yan-sehpa\/#breadcrumb"},"inLanguage":"en-US","potentialAction":[{"@type":"ReadAction","target":["https:\/\/newmood.com.tr\/en\/bono-yan-sehpa\/"]}]},{"@type":"ImageObject","inLanguage":"en-US","@id":"https:\/\/newmood.com.tr\/en\/bono-yan-sehpa\/#primaryimage","url":"https:\/\/newmood.com.tr\/wp-content\/uploads\/2024\/09\/bono-koltuk-takimi-040924-13.jpg","contentUrl":"https:\/\/newmood.com.tr\/wp-content\/uploads\/2024\/09\/bono-koltuk-takimi-040924-13.jpg","width":1920,"height":1200},{"@type":"BreadcrumbList","@id":"https:\/\/newmood.com.tr\/en\/bono-yan-sehpa\/#breadcrumb","itemListElement":[{"@type":"ListItem","position":1,"name":"Anasayfa","item":"https:\/\/newmood.com.tr\/"},{"@type":"ListItem","position":2,"name":"\u00dcr\u00fcnler","item":"https:\/\/newmood.com.tr\/shop\/"},{"@type":"ListItem","position":3,"name":"Bono Yan Sehpa"}]},{"@type":"WebSite","@id":"https:\/\/newmood.com.tr\/en\/#website","url":"https:\/\/newmood.com.tr\/en\/","name":"Newmood","description":"","potentialAction":[{"@type":"SearchAction","target":{"@type":"EntryPoint","urlTemplate":"https:\/\/newmood.com.tr\/en\/?s={search_term_string}"},"query-input":{"@type":"PropertyValueSpecification","valueRequired":true,"valueName":"search_term_string"}}],"inLanguage":"en-US"}]}},"_links":{"self":[{"href":"https:\/\/newmood.com.tr\/en\/wp-json\/wp\/v2\/product\/346"}],"collection":[{"href":"https:\/\/newmood.com.tr\/en\/wp-json\/wp\/v2\/product"}],"about":[{"href":"https:\/\/newmood.com.tr\/en\/wp-json\/wp\/v2\/types\/product"}],"replies":[{"embeddable":true,"href":"https:\/\/newmood.com.tr\/en\/wp-json\/wp\/v2\/comments?post=346"}],"wp:featuredmedia":[{"embeddable":true,"href":"https:\/\/newmood.com.tr\/en\/wp-json\/wp\/v2\/media\/326"}],"wp:attachment":[{"href":"https:\/\/newmood.com.tr\/en\/wp-json\/wp\/v2\/media?parent=346"}],"wp:term":[{"taxonomy":"product_brand","embeddable":true,"href":"https:\/\/newmood.com.tr\/en\/wp-json\/wp\/v2\/product_brand?post=346"},{"taxonomy":"product_cat","embeddable":true,"href":"https:\/\/newmood.com.tr\/en\/wp-json\/wp\/v2\/product_cat?post=346"},{"taxonomy":"product_tag","embeddable":true,"href":"https:\/\/newmood.com.tr\/en\/wp-json\/wp\/v2\/product_tag?post=346"}],"curies":[{"name":"wp","href":"https:\/\/api.w.org\/{rel}","templated":true}]}}