{"id":343,"date":"2024-09-04T13:02:02","date_gmt":"2024-09-04T13:02:02","guid":{"rendered":"https:\/\/newmood.kodektif.com\/?post_type=product&#038;p=343"},"modified":"2024-10-30T13:10:43","modified_gmt":"2024-10-30T13:10:43","slug":"bono-koltuk","status":"publish","type":"product","link":"https:\/\/newmood.com.tr\/en\/bono-koltuk\/","title":{"rendered":"Bono Sofa"},"content":{"rendered":"","protected":false},"excerpt":{"rendered":"<p>Bono Armchair attracts attention with its modern and stylish design. Standing out with its quality fabrics and elegant details, this armchair offers a comfortable sitting experience with its large seating area and comfortable back support. While the Bono Armchair is a striking piece in any environment with its aesthetic lines and sophisticated appearance, it provides long-term comfort thanks to its ergonomic structure. It adds an elegant touch to your living space with both its elegance and functionality.<\/p>","protected":false},"featured_media":320,"comment_status":"open","ping_status":"closed","template":"","meta":[],"product_brand":[],"product_cat":[15,18],"product_tag":[],"class_list":{"0":"post-343","1":"product","2":"type-product","3":"status-publish","4":"has-post-thumbnail","6":"product_cat-urunler","7":"product_cat-koltuklar","9":"first","10":"instock","11":"shipping-taxable","12":"product-type-simple"},"yoast_head":"<!-- This site is optimized with the Yoast SEO plugin v24.9 - https:\/\/yoast.com\/wordpress\/plugins\/seo\/ -->\n<title>Bono Koltuk - Newmood<\/title>\n<meta name=\"robots\" content=\"index, follow, max-snippet:-1, max-image-preview:large, max-video-preview:-1\" \/>\n<link rel=\"canonical\" href=\"https:\/\/newmood.com.tr\/en\/bono-koltuk\/\" \/>\n<meta property=\"og:locale\" content=\"en_US\" \/>\n<meta property=\"og:type\" content=\"article\" \/>\n<meta property=\"og:title\" content=\"Bono Koltuk - Newmood\" \/>\n<meta property=\"og:description\" content=\"Bono Koltuk, modern ve \u015f\u0131k tasar\u0131m\u0131yla dikkat \u00e7eker. Kaliteli kuma\u015flar\u0131 ve zarif detaylar\u0131yla \u00f6ne \u00e7\u0131kan bu koltuk, geni\u015f oturma alan\u0131 ve rahat s\u0131rt deste\u011fi ile konforlu bir oturma deneyimi sunar. Bono Koltuk, estetik \u00e7izgileri ve sofistike g\u00f6r\u00fcn\u00fcm\u00fcyle her ortamda dikkat \u00e7ekici bir par\u00e7a olurken, ergonomik yap\u0131s\u0131 sayesinde uzun s\u00fcreli rahatl\u0131k sa\u011flar. Hem \u015f\u0131kl\u0131\u011f\u0131 hem de fonksiyonelli\u011fi ile ya\u015fam alan\u0131n\u0131za zarif bir dokunu\u015f katar.\" \/>\n<meta property=\"og:url\" content=\"https:\/\/newmood.com.tr\/en\/bono-koltuk\/\" \/>\n<meta property=\"og:site_name\" content=\"Newmood\" \/>\n<meta property=\"article:modified_time\" content=\"2024-10-30T13:10:43+00:00\" \/>\n<meta property=\"og:image\" content=\"https:\/\/newmood.com.tr\/wp-content\/uploads\/2024\/09\/bono-koltuk-takimi-040924-07.jpg\" \/>\n\t<meta property=\"og:image:width\" content=\"1920\" \/>\n\t<meta property=\"og:image:height\" content=\"1200\" \/>\n\t<meta property=\"og:image:type\" content=\"image\/jpeg\" \/>\n<meta name=\"twitter:card\" content=\"summary_large_image\" \/>\n<script type=\"application\/ld+json\" class=\"yoast-schema-graph\">{\"@context\":\"https:\/\/schema.org\",\"@graph\":[{\"@type\":\"WebPage\",\"@id\":\"https:\/\/newmood.com.tr\/en\/bono-koltuk\/\",\"url\":\"https:\/\/newmood.com.tr\/en\/bono-koltuk\/\",\"name\":\"Bono Koltuk - Newmood\",\"isPartOf\":{\"@id\":\"https:\/\/newmood.com.tr\/en\/#website\"},\"primaryImageOfPage\":{\"@id\":\"https:\/\/newmood.com.tr\/en\/bono-koltuk\/#primaryimage\"},\"image\":{\"@id\":\"https:\/\/newmood.com.tr\/en\/bono-koltuk\/#primaryimage\"},\"thumbnailUrl\":\"https:\/\/newmood.com.tr\/wp-content\/uploads\/2024\/09\/bono-koltuk-takimi-040924-07.jpg\",\"datePublished\":\"2024-09-04T13:02:02+00:00\",\"dateModified\":\"2024-10-30T13:10:43+00:00\",\"breadcrumb\":{\"@id\":\"https:\/\/newmood.com.tr\/en\/bono-koltuk\/#breadcrumb\"},\"inLanguage\":\"en-US\",\"potentialAction\":[{\"@type\":\"ReadAction\",\"target\":[\"https:\/\/newmood.com.tr\/en\/bono-koltuk\/\"]}]},{\"@type\":\"ImageObject\",\"inLanguage\":\"en-US\",\"@id\":\"https:\/\/newmood.com.tr\/en\/bono-koltuk\/#primaryimage\",\"url\":\"https:\/\/newmood.com.tr\/wp-content\/uploads\/2024\/09\/bono-koltuk-takimi-040924-07.jpg\",\"contentUrl\":\"https:\/\/newmood.com.tr\/wp-content\/uploads\/2024\/09\/bono-koltuk-takimi-040924-07.jpg\",\"width\":1920,\"height\":1200},{\"@type\":\"BreadcrumbList\",\"@id\":\"https:\/\/newmood.com.tr\/en\/bono-koltuk\/#breadcrumb\",\"itemListElement\":[{\"@type\":\"ListItem\",\"position\":1,\"name\":\"Anasayfa\",\"item\":\"https:\/\/newmood.com.tr\/\"},{\"@type\":\"ListItem\",\"position\":2,\"name\":\"\u00dcr\u00fcnler\",\"item\":\"https:\/\/newmood.com.tr\/shop\/\"},{\"@type\":\"ListItem\",\"position\":3,\"name\":\"Bono Koltuk\"}]},{\"@type\":\"WebSite\",\"@id\":\"https:\/\/newmood.com.tr\/en\/#website\",\"url\":\"https:\/\/newmood.com.tr\/en\/\",\"name\":\"Newmood\",\"description\":\"\",\"potentialAction\":[{\"@type\":\"SearchAction\",\"target\":{\"@type\":\"EntryPoint\",\"urlTemplate\":\"https:\/\/newmood.com.tr\/en\/?s={search_term_string}\"},\"query-input\":{\"@type\":\"PropertyValueSpecification\",\"valueRequired\":true,\"valueName\":\"search_term_string\"}}],\"inLanguage\":\"en-US\"}]}<\/script>\n<!-- \/ Yoast SEO plugin. -->","yoast_head_json":{"title":"Bono Koltuk - Newmood","robots":{"index":"index","follow":"follow","max-snippet":"max-snippet:-1","max-image-preview":"max-image-preview:large","max-video-preview":"max-video-preview:-1"},"canonical":"https:\/\/newmood.com.tr\/en\/bono-koltuk\/","og_locale":"en_US","og_type":"article","og_title":"Bono Koltuk - Newmood","og_description":"Bono Koltuk, modern ve \u015f\u0131k tasar\u0131m\u0131yla dikkat \u00e7eker. Kaliteli kuma\u015flar\u0131 ve zarif detaylar\u0131yla \u00f6ne \u00e7\u0131kan bu koltuk, geni\u015f oturma alan\u0131 ve rahat s\u0131rt deste\u011fi ile konforlu bir oturma deneyimi sunar. Bono Koltuk, estetik \u00e7izgileri ve sofistike g\u00f6r\u00fcn\u00fcm\u00fcyle her ortamda dikkat \u00e7ekici bir par\u00e7a olurken, ergonomik yap\u0131s\u0131 sayesinde uzun s\u00fcreli rahatl\u0131k sa\u011flar. Hem \u015f\u0131kl\u0131\u011f\u0131 hem de fonksiyonelli\u011fi ile ya\u015fam alan\u0131n\u0131za zarif bir dokunu\u015f katar.","og_url":"https:\/\/newmood.com.tr\/en\/bono-koltuk\/","og_site_name":"Newmood","article_modified_time":"2024-10-30T13:10:43+00:00","og_image":[{"width":1920,"height":1200,"url":"https:\/\/newmood.com.tr\/wp-content\/uploads\/2024\/09\/bono-koltuk-takimi-040924-07.jpg","type":"image\/jpeg"}],"twitter_card":"summary_large_image","schema":{"@context":"https:\/\/schema.org","@graph":[{"@type":"WebPage","@id":"https:\/\/newmood.com.tr\/en\/bono-koltuk\/","url":"https:\/\/newmood.com.tr\/en\/bono-koltuk\/","name":"Bono Koltuk - Newmood","isPartOf":{"@id":"https:\/\/newmood.com.tr\/en\/#website"},"primaryImageOfPage":{"@id":"https:\/\/newmood.com.tr\/en\/bono-koltuk\/#primaryimage"},"image":{"@id":"https:\/\/newmood.com.tr\/en\/bono-koltuk\/#primaryimage"},"thumbnailUrl":"https:\/\/newmood.com.tr\/wp-content\/uploads\/2024\/09\/bono-koltuk-takimi-040924-07.jpg","datePublished":"2024-09-04T13:02:02+00:00","dateModified":"2024-10-30T13:10:43+00:00","breadcrumb":{"@id":"https:\/\/newmood.com.tr\/en\/bono-koltuk\/#breadcrumb"},"inLanguage":"en-US","potentialAction":[{"@type":"ReadAction","target":["https:\/\/newmood.com.tr\/en\/bono-koltuk\/"]}]},{"@type":"ImageObject","inLanguage":"en-US","@id":"https:\/\/newmood.com.tr\/en\/bono-koltuk\/#primaryimage","url":"https:\/\/newmood.com.tr\/wp-content\/uploads\/2024\/09\/bono-koltuk-takimi-040924-07.jpg","contentUrl":"https:\/\/newmood.com.tr\/wp-content\/uploads\/2024\/09\/bono-koltuk-takimi-040924-07.jpg","width":1920,"height":1200},{"@type":"BreadcrumbList","@id":"https:\/\/newmood.com.tr\/en\/bono-koltuk\/#breadcrumb","itemListElement":[{"@type":"ListItem","position":1,"name":"Anasayfa","item":"https:\/\/newmood.com.tr\/"},{"@type":"ListItem","position":2,"name":"\u00dcr\u00fcnler","item":"https:\/\/newmood.com.tr\/shop\/"},{"@type":"ListItem","position":3,"name":"Bono Koltuk"}]},{"@type":"WebSite","@id":"https:\/\/newmood.com.tr\/en\/#website","url":"https:\/\/newmood.com.tr\/en\/","name":"Newmood","description":"","potentialAction":[{"@type":"SearchAction","target":{"@type":"EntryPoint","urlTemplate":"https:\/\/newmood.com.tr\/en\/?s={search_term_string}"},"query-input":{"@type":"PropertyValueSpecification","valueRequired":true,"valueName":"search_term_string"}}],"inLanguage":"en-US"}]}},"_links":{"self":[{"href":"https:\/\/newmood.com.tr\/en\/wp-json\/wp\/v2\/product\/343"}],"collection":[{"href":"https:\/\/newmood.com.tr\/en\/wp-json\/wp\/v2\/product"}],"about":[{"href":"https:\/\/newmood.com.tr\/en\/wp-json\/wp\/v2\/types\/product"}],"replies":[{"embeddable":true,"href":"https:\/\/newmood.com.tr\/en\/wp-json\/wp\/v2\/comments?post=343"}],"wp:featuredmedia":[{"embeddable":true,"href":"https:\/\/newmood.com.tr\/en\/wp-json\/wp\/v2\/media\/320"}],"wp:attachment":[{"href":"https:\/\/newmood.com.tr\/en\/wp-json\/wp\/v2\/media?parent=343"}],"wp:term":[{"taxonomy":"product_brand","embeddable":true,"href":"https:\/\/newmood.com.tr\/en\/wp-json\/wp\/v2\/product_brand?post=343"},{"taxonomy":"product_cat","embeddable":true,"href":"https:\/\/newmood.com.tr\/en\/wp-json\/wp\/v2\/product_cat?post=343"},{"taxonomy":"product_tag","embeddable":true,"href":"https:\/\/newmood.com.tr\/en\/wp-json\/wp\/v2\/product_tag?post=343"}],"curies":[{"name":"wp","href":"https:\/\/api.w.org\/{rel}","templated":true}]}}