{"id":313,"date":"2024-09-04T12:36:55","date_gmt":"2024-09-04T12:36:55","guid":{"rendered":"https:\/\/newmood.kodektif.com\/?post_type=product&#038;p=313"},"modified":"2024-09-10T11:15:48","modified_gmt":"2024-09-10T11:15:48","slug":"bono-koltuk-takimi","status":"publish","type":"product","link":"https:\/\/newmood.com.tr\/en\/bono-koltuk-takimi\/","title":{"rendered":"Bono Sofa Set"},"content":{"rendered":"","protected":false},"excerpt":{"rendered":"<p>Bono Sofa Set adds an elegant touch to your living space by offering modern design and comfort together. This set, which draws attention with its stylish lines, quality fabrics and large seating areas, perfectly blends comfort and aesthetics. Bono Sofa Set offers ideal comfort for long sessions thanks to its supportive back structure and ergonomic design. It is the perfect choice to both host your guests and make your daily relaxation moments enjoyable. Combining elegance and functionality, Bono will add a sophisticated atmosphere to your living spaces.<\/p>","protected":false},"featured_media":314,"comment_status":"open","ping_status":"closed","template":"","meta":[],"product_brand":[],"product_cat":[17,33],"product_tag":[],"class_list":{"0":"post-313","1":"product","2":"type-product","3":"status-publish","4":"has-post-thumbnail","6":"product_cat-koleksiyonlar","7":"product_cat-koltuk-takimlari","9":"first","10":"instock","11":"shipping-taxable","12":"product-type-simple"},"yoast_head":"<!-- This site is optimized with the Yoast SEO plugin v24.9 - https:\/\/yoast.com\/wordpress\/plugins\/seo\/ -->\n<title>Bono Koltuk Tak\u0131m\u0131 - Newmood<\/title>\n<meta name=\"robots\" content=\"index, follow, max-snippet:-1, max-image-preview:large, max-video-preview:-1\" \/>\n<link rel=\"canonical\" href=\"https:\/\/newmood.com.tr\/en\/bono-koltuk-takimi\/\" \/>\n<meta property=\"og:locale\" content=\"en_US\" \/>\n<meta property=\"og:type\" content=\"article\" \/>\n<meta property=\"og:title\" content=\"Bono Koltuk Tak\u0131m\u0131 - Newmood\" \/>\n<meta property=\"og:description\" content=\"Bono Koltuk Tak\u0131m\u0131, modern tasar\u0131m\u0131 ve konforu bir arada sunarak ya\u015fam alan\u0131n\u0131za zarif bir dokunu\u015f kat\u0131yor. \u015e\u0131k hatlar\u0131, kaliteli kuma\u015flar\u0131 ve geni\u015f oturma alanlar\u0131yla dikkat \u00e7eken bu tak\u0131m, rahatl\u0131k ve esteti\u011fi m\u00fckemmel bir \u015fekilde harmanl\u0131yor. Bono Koltuk Tak\u0131m\u0131, destekleyici s\u0131rt yap\u0131s\u0131 ve ergonomik tasar\u0131m\u0131 sayesinde uzun s\u00fcreli oturumlar i\u00e7in ideal bir konfor sunar. Hem misafirlerinizi a\u011f\u0131rlamak hem de g\u00fcnl\u00fck dinlenme anlar\u0131n\u0131z\u0131 keyifli hale getirmek i\u00e7in m\u00fckemmel bir se\u00e7imdir. \u015e\u0131kl\u0131\u011f\u0131 ve fonksiyonelli\u011fi bir araya getiren Bono, ya\u015fam alanlar\u0131n\u0131za sofistike bir hava katacak.\" \/>\n<meta property=\"og:url\" content=\"https:\/\/newmood.com.tr\/en\/bono-koltuk-takimi\/\" \/>\n<meta property=\"og:site_name\" content=\"Newmood\" \/>\n<meta property=\"article:modified_time\" content=\"2024-09-10T11:15:48+00:00\" \/>\n<meta property=\"og:image\" content=\"https:\/\/newmood.com.tr\/wp-content\/uploads\/2024\/09\/bono-koltuk-takimi-040924-01.jpg\" \/>\n\t<meta property=\"og:image:width\" content=\"1920\" \/>\n\t<meta property=\"og:image:height\" content=\"1200\" \/>\n\t<meta property=\"og:image:type\" content=\"image\/jpeg\" \/>\n<meta name=\"twitter:card\" content=\"summary_large_image\" \/>\n<script type=\"application\/ld+json\" class=\"yoast-schema-graph\">{\"@context\":\"https:\/\/schema.org\",\"@graph\":[{\"@type\":\"WebPage\",\"@id\":\"https:\/\/newmood.com.tr\/en\/bono-koltuk-takimi\/\",\"url\":\"https:\/\/newmood.com.tr\/en\/bono-koltuk-takimi\/\",\"name\":\"Bono Koltuk Tak\u0131m\u0131 - Newmood\",\"isPartOf\":{\"@id\":\"https:\/\/newmood.com.tr\/en\/#website\"},\"primaryImageOfPage\":{\"@id\":\"https:\/\/newmood.com.tr\/en\/bono-koltuk-takimi\/#primaryimage\"},\"image\":{\"@id\":\"https:\/\/newmood.com.tr\/en\/bono-koltuk-takimi\/#primaryimage\"},\"thumbnailUrl\":\"https:\/\/newmood.com.tr\/wp-content\/uploads\/2024\/09\/bono-koltuk-takimi-040924-01.jpg\",\"datePublished\":\"2024-09-04T12:36:55+00:00\",\"dateModified\":\"2024-09-10T11:15:48+00:00\",\"breadcrumb\":{\"@id\":\"https:\/\/newmood.com.tr\/en\/bono-koltuk-takimi\/#breadcrumb\"},\"inLanguage\":\"en-US\",\"potentialAction\":[{\"@type\":\"ReadAction\",\"target\":[\"https:\/\/newmood.com.tr\/en\/bono-koltuk-takimi\/\"]}]},{\"@type\":\"ImageObject\",\"inLanguage\":\"en-US\",\"@id\":\"https:\/\/newmood.com.tr\/en\/bono-koltuk-takimi\/#primaryimage\",\"url\":\"https:\/\/newmood.com.tr\/wp-content\/uploads\/2024\/09\/bono-koltuk-takimi-040924-01.jpg\",\"contentUrl\":\"https:\/\/newmood.com.tr\/wp-content\/uploads\/2024\/09\/bono-koltuk-takimi-040924-01.jpg\",\"width\":1920,\"height\":1200},{\"@type\":\"BreadcrumbList\",\"@id\":\"https:\/\/newmood.com.tr\/en\/bono-koltuk-takimi\/#breadcrumb\",\"itemListElement\":[{\"@type\":\"ListItem\",\"position\":1,\"name\":\"Anasayfa\",\"item\":\"https:\/\/newmood.com.tr\/\"},{\"@type\":\"ListItem\",\"position\":2,\"name\":\"\u00dcr\u00fcnler\",\"item\":\"https:\/\/newmood.com.tr\/shop\/\"},{\"@type\":\"ListItem\",\"position\":3,\"name\":\"Bono Koltuk Tak\u0131m\u0131\"}]},{\"@type\":\"WebSite\",\"@id\":\"https:\/\/newmood.com.tr\/en\/#website\",\"url\":\"https:\/\/newmood.com.tr\/en\/\",\"name\":\"Newmood\",\"description\":\"\",\"potentialAction\":[{\"@type\":\"SearchAction\",\"target\":{\"@type\":\"EntryPoint\",\"urlTemplate\":\"https:\/\/newmood.com.tr\/en\/?s={search_term_string}\"},\"query-input\":{\"@type\":\"PropertyValueSpecification\",\"valueRequired\":true,\"valueName\":\"search_term_string\"}}],\"inLanguage\":\"en-US\"}]}<\/script>\n<!-- \/ Yoast SEO plugin. -->","yoast_head_json":{"title":"Bono Koltuk Tak\u0131m\u0131 - Newmood","robots":{"index":"index","follow":"follow","max-snippet":"max-snippet:-1","max-image-preview":"max-image-preview:large","max-video-preview":"max-video-preview:-1"},"canonical":"https:\/\/newmood.com.tr\/en\/bono-koltuk-takimi\/","og_locale":"en_US","og_type":"article","og_title":"Bono Koltuk Tak\u0131m\u0131 - Newmood","og_description":"Bono Koltuk Tak\u0131m\u0131, modern tasar\u0131m\u0131 ve konforu bir arada sunarak ya\u015fam alan\u0131n\u0131za zarif bir dokunu\u015f kat\u0131yor. \u015e\u0131k hatlar\u0131, kaliteli kuma\u015flar\u0131 ve geni\u015f oturma alanlar\u0131yla dikkat \u00e7eken bu tak\u0131m, rahatl\u0131k ve esteti\u011fi m\u00fckemmel bir \u015fekilde harmanl\u0131yor. Bono Koltuk Tak\u0131m\u0131, destekleyici s\u0131rt yap\u0131s\u0131 ve ergonomik tasar\u0131m\u0131 sayesinde uzun s\u00fcreli oturumlar i\u00e7in ideal bir konfor sunar. Hem misafirlerinizi a\u011f\u0131rlamak hem de g\u00fcnl\u00fck dinlenme anlar\u0131n\u0131z\u0131 keyifli hale getirmek i\u00e7in m\u00fckemmel bir se\u00e7imdir. \u015e\u0131kl\u0131\u011f\u0131 ve fonksiyonelli\u011fi bir araya getiren Bono, ya\u015fam alanlar\u0131n\u0131za sofistike bir hava katacak.","og_url":"https:\/\/newmood.com.tr\/en\/bono-koltuk-takimi\/","og_site_name":"Newmood","article_modified_time":"2024-09-10T11:15:48+00:00","og_image":[{"width":1920,"height":1200,"url":"https:\/\/newmood.com.tr\/wp-content\/uploads\/2024\/09\/bono-koltuk-takimi-040924-01.jpg","type":"image\/jpeg"}],"twitter_card":"summary_large_image","schema":{"@context":"https:\/\/schema.org","@graph":[{"@type":"WebPage","@id":"https:\/\/newmood.com.tr\/en\/bono-koltuk-takimi\/","url":"https:\/\/newmood.com.tr\/en\/bono-koltuk-takimi\/","name":"Bono Koltuk Tak\u0131m\u0131 - Newmood","isPartOf":{"@id":"https:\/\/newmood.com.tr\/en\/#website"},"primaryImageOfPage":{"@id":"https:\/\/newmood.com.tr\/en\/bono-koltuk-takimi\/#primaryimage"},"image":{"@id":"https:\/\/newmood.com.tr\/en\/bono-koltuk-takimi\/#primaryimage"},"thumbnailUrl":"https:\/\/newmood.com.tr\/wp-content\/uploads\/2024\/09\/bono-koltuk-takimi-040924-01.jpg","datePublished":"2024-09-04T12:36:55+00:00","dateModified":"2024-09-10T11:15:48+00:00","breadcrumb":{"@id":"https:\/\/newmood.com.tr\/en\/bono-koltuk-takimi\/#breadcrumb"},"inLanguage":"en-US","potentialAction":[{"@type":"ReadAction","target":["https:\/\/newmood.com.tr\/en\/bono-koltuk-takimi\/"]}]},{"@type":"ImageObject","inLanguage":"en-US","@id":"https:\/\/newmood.com.tr\/en\/bono-koltuk-takimi\/#primaryimage","url":"https:\/\/newmood.com.tr\/wp-content\/uploads\/2024\/09\/bono-koltuk-takimi-040924-01.jpg","contentUrl":"https:\/\/newmood.com.tr\/wp-content\/uploads\/2024\/09\/bono-koltuk-takimi-040924-01.jpg","width":1920,"height":1200},{"@type":"BreadcrumbList","@id":"https:\/\/newmood.com.tr\/en\/bono-koltuk-takimi\/#breadcrumb","itemListElement":[{"@type":"ListItem","position":1,"name":"Anasayfa","item":"https:\/\/newmood.com.tr\/"},{"@type":"ListItem","position":2,"name":"\u00dcr\u00fcnler","item":"https:\/\/newmood.com.tr\/shop\/"},{"@type":"ListItem","position":3,"name":"Bono Koltuk Tak\u0131m\u0131"}]},{"@type":"WebSite","@id":"https:\/\/newmood.com.tr\/en\/#website","url":"https:\/\/newmood.com.tr\/en\/","name":"Newmood","description":"","potentialAction":[{"@type":"SearchAction","target":{"@type":"EntryPoint","urlTemplate":"https:\/\/newmood.com.tr\/en\/?s={search_term_string}"},"query-input":{"@type":"PropertyValueSpecification","valueRequired":true,"valueName":"search_term_string"}}],"inLanguage":"en-US"}]}},"_links":{"self":[{"href":"https:\/\/newmood.com.tr\/en\/wp-json\/wp\/v2\/product\/313"}],"collection":[{"href":"https:\/\/newmood.com.tr\/en\/wp-json\/wp\/v2\/product"}],"about":[{"href":"https:\/\/newmood.com.tr\/en\/wp-json\/wp\/v2\/types\/product"}],"replies":[{"embeddable":true,"href":"https:\/\/newmood.com.tr\/en\/wp-json\/wp\/v2\/comments?post=313"}],"wp:featuredmedia":[{"embeddable":true,"href":"https:\/\/newmood.com.tr\/en\/wp-json\/wp\/v2\/media\/314"}],"wp:attachment":[{"href":"https:\/\/newmood.com.tr\/en\/wp-json\/wp\/v2\/media?parent=313"}],"wp:term":[{"taxonomy":"product_brand","embeddable":true,"href":"https:\/\/newmood.com.tr\/en\/wp-json\/wp\/v2\/product_brand?post=313"},{"taxonomy":"product_cat","embeddable":true,"href":"https:\/\/newmood.com.tr\/en\/wp-json\/wp\/v2\/product_cat?post=313"},{"taxonomy":"product_tag","embeddable":true,"href":"https:\/\/newmood.com.tr\/en\/wp-json\/wp\/v2\/product_tag?post=313"}],"curies":[{"name":"wp","href":"https:\/\/api.w.org\/{rel}","templated":true}]}}