{"id":303,"date":"2024-09-04T12:05:39","date_gmt":"2024-09-04T12:05:39","guid":{"rendered":"https:\/\/newmood.kodektif.com\/?post_type=product&#038;p=303"},"modified":"2024-10-30T13:14:48","modified_gmt":"2024-10-30T13:14:48","slug":"colmar-berjer","status":"publish","type":"product","link":"https:\/\/newmood.com.tr\/en\/colmar-berjer\/","title":{"rendered":"Colmar Armchair"},"content":{"rendered":"","protected":false},"excerpt":{"rendered":"<p>Colmar Armchair has an elegant design that combines elegance and comfort. Its modern lines and high-quality fabric provide a sophisticated touch in any environment. While its large seating area and comfortable back support offer long-term comfort, its finely detailed design makes an aesthetic contribution to your living space. Colmar Armchair is a perfect choice for both relaxing and offering a stylish seating area to your guests.<\/p>","protected":false},"featured_media":295,"comment_status":"open","ping_status":"closed","template":"","meta":[],"product_brand":[],"product_cat":[15,19],"product_tag":[],"class_list":{"0":"post-303","1":"product","2":"type-product","3":"status-publish","4":"has-post-thumbnail","6":"product_cat-urunler","7":"product_cat-berjerler","9":"first","10":"instock","11":"shipping-taxable","12":"product-type-simple"},"yoast_head":"<!-- This site is optimized with the Yoast SEO plugin v24.9 - https:\/\/yoast.com\/wordpress\/plugins\/seo\/ -->\n<title>Colmar Berjer - Newmood<\/title>\n<meta name=\"robots\" content=\"index, follow, max-snippet:-1, max-image-preview:large, max-video-preview:-1\" \/>\n<link rel=\"canonical\" href=\"https:\/\/newmood.com.tr\/en\/colmar-berjer\/\" \/>\n<meta property=\"og:locale\" content=\"en_US\" \/>\n<meta property=\"og:type\" content=\"article\" \/>\n<meta property=\"og:title\" content=\"Colmar Berjer - Newmood\" \/>\n<meta property=\"og:description\" content=\"Colmar Berjer, \u015f\u0131kl\u0131\u011f\u0131 ve konforu bir araya getiren zarif bir tasar\u0131ma sahiptir. Modern hatlar\u0131 ve y\u00fcksek kaliteli kuma\u015f\u0131, her ortamda sofistike bir dokunu\u015f sa\u011flar. Geni\u015f oturma alan\u0131 ve rahat s\u0131rt deste\u011fi, uzun s\u00fcreli konfor sunarken, ince i\u015f\u00e7ilikle detayland\u0131r\u0131lm\u0131\u015f tasar\u0131m\u0131 ya\u015fam alan\u0131n\u0131za estetik bir katk\u0131 yapar. Colmar Berjer, hem dinlenmek hem de misafirlerinize \u015f\u0131k bir oturma alan\u0131 sunmak i\u00e7in m\u00fckemmel bir tercihtir.\" \/>\n<meta property=\"og:url\" content=\"https:\/\/newmood.com.tr\/en\/colmar-berjer\/\" \/>\n<meta property=\"og:site_name\" content=\"Newmood\" \/>\n<meta property=\"article:modified_time\" content=\"2024-10-30T13:14:48+00:00\" \/>\n<meta property=\"og:image\" content=\"https:\/\/newmood.com.tr\/wp-content\/uploads\/2024\/09\/colmar-koltuk-takimi-040924-18.jpg\" \/>\n\t<meta property=\"og:image:width\" content=\"1920\" \/>\n\t<meta property=\"og:image:height\" content=\"1200\" \/>\n\t<meta property=\"og:image:type\" content=\"image\/jpeg\" \/>\n<meta name=\"twitter:card\" content=\"summary_large_image\" \/>\n<script type=\"application\/ld+json\" class=\"yoast-schema-graph\">{\"@context\":\"https:\/\/schema.org\",\"@graph\":[{\"@type\":\"WebPage\",\"@id\":\"https:\/\/newmood.com.tr\/en\/colmar-berjer\/\",\"url\":\"https:\/\/newmood.com.tr\/en\/colmar-berjer\/\",\"name\":\"Colmar Berjer - Newmood\",\"isPartOf\":{\"@id\":\"https:\/\/newmood.com.tr\/en\/#website\"},\"primaryImageOfPage\":{\"@id\":\"https:\/\/newmood.com.tr\/en\/colmar-berjer\/#primaryimage\"},\"image\":{\"@id\":\"https:\/\/newmood.com.tr\/en\/colmar-berjer\/#primaryimage\"},\"thumbnailUrl\":\"https:\/\/newmood.com.tr\/wp-content\/uploads\/2024\/09\/colmar-koltuk-takimi-040924-18.jpg\",\"datePublished\":\"2024-09-04T12:05:39+00:00\",\"dateModified\":\"2024-10-30T13:14:48+00:00\",\"breadcrumb\":{\"@id\":\"https:\/\/newmood.com.tr\/en\/colmar-berjer\/#breadcrumb\"},\"inLanguage\":\"en-US\",\"potentialAction\":[{\"@type\":\"ReadAction\",\"target\":[\"https:\/\/newmood.com.tr\/en\/colmar-berjer\/\"]}]},{\"@type\":\"ImageObject\",\"inLanguage\":\"en-US\",\"@id\":\"https:\/\/newmood.com.tr\/en\/colmar-berjer\/#primaryimage\",\"url\":\"https:\/\/newmood.com.tr\/wp-content\/uploads\/2024\/09\/colmar-koltuk-takimi-040924-18.jpg\",\"contentUrl\":\"https:\/\/newmood.com.tr\/wp-content\/uploads\/2024\/09\/colmar-koltuk-takimi-040924-18.jpg\",\"width\":1920,\"height\":1200},{\"@type\":\"BreadcrumbList\",\"@id\":\"https:\/\/newmood.com.tr\/en\/colmar-berjer\/#breadcrumb\",\"itemListElement\":[{\"@type\":\"ListItem\",\"position\":1,\"name\":\"Anasayfa\",\"item\":\"https:\/\/newmood.com.tr\/\"},{\"@type\":\"ListItem\",\"position\":2,\"name\":\"\u00dcr\u00fcnler\",\"item\":\"https:\/\/newmood.com.tr\/shop\/\"},{\"@type\":\"ListItem\",\"position\":3,\"name\":\"Colmar Berjer\"}]},{\"@type\":\"WebSite\",\"@id\":\"https:\/\/newmood.com.tr\/en\/#website\",\"url\":\"https:\/\/newmood.com.tr\/en\/\",\"name\":\"Newmood\",\"description\":\"\",\"potentialAction\":[{\"@type\":\"SearchAction\",\"target\":{\"@type\":\"EntryPoint\",\"urlTemplate\":\"https:\/\/newmood.com.tr\/en\/?s={search_term_string}\"},\"query-input\":{\"@type\":\"PropertyValueSpecification\",\"valueRequired\":true,\"valueName\":\"search_term_string\"}}],\"inLanguage\":\"en-US\"}]}<\/script>\n<!-- \/ Yoast SEO plugin. -->","yoast_head_json":{"title":"Colmar Berjer - Newmood","robots":{"index":"index","follow":"follow","max-snippet":"max-snippet:-1","max-image-preview":"max-image-preview:large","max-video-preview":"max-video-preview:-1"},"canonical":"https:\/\/newmood.com.tr\/en\/colmar-berjer\/","og_locale":"en_US","og_type":"article","og_title":"Colmar Berjer - Newmood","og_description":"Colmar Berjer, \u015f\u0131kl\u0131\u011f\u0131 ve konforu bir araya getiren zarif bir tasar\u0131ma sahiptir. Modern hatlar\u0131 ve y\u00fcksek kaliteli kuma\u015f\u0131, her ortamda sofistike bir dokunu\u015f sa\u011flar. Geni\u015f oturma alan\u0131 ve rahat s\u0131rt deste\u011fi, uzun s\u00fcreli konfor sunarken, ince i\u015f\u00e7ilikle detayland\u0131r\u0131lm\u0131\u015f tasar\u0131m\u0131 ya\u015fam alan\u0131n\u0131za estetik bir katk\u0131 yapar. Colmar Berjer, hem dinlenmek hem de misafirlerinize \u015f\u0131k bir oturma alan\u0131 sunmak i\u00e7in m\u00fckemmel bir tercihtir.","og_url":"https:\/\/newmood.com.tr\/en\/colmar-berjer\/","og_site_name":"Newmood","article_modified_time":"2024-10-30T13:14:48+00:00","og_image":[{"width":1920,"height":1200,"url":"https:\/\/newmood.com.tr\/wp-content\/uploads\/2024\/09\/colmar-koltuk-takimi-040924-18.jpg","type":"image\/jpeg"}],"twitter_card":"summary_large_image","schema":{"@context":"https:\/\/schema.org","@graph":[{"@type":"WebPage","@id":"https:\/\/newmood.com.tr\/en\/colmar-berjer\/","url":"https:\/\/newmood.com.tr\/en\/colmar-berjer\/","name":"Colmar Berjer - Newmood","isPartOf":{"@id":"https:\/\/newmood.com.tr\/en\/#website"},"primaryImageOfPage":{"@id":"https:\/\/newmood.com.tr\/en\/colmar-berjer\/#primaryimage"},"image":{"@id":"https:\/\/newmood.com.tr\/en\/colmar-berjer\/#primaryimage"},"thumbnailUrl":"https:\/\/newmood.com.tr\/wp-content\/uploads\/2024\/09\/colmar-koltuk-takimi-040924-18.jpg","datePublished":"2024-09-04T12:05:39+00:00","dateModified":"2024-10-30T13:14:48+00:00","breadcrumb":{"@id":"https:\/\/newmood.com.tr\/en\/colmar-berjer\/#breadcrumb"},"inLanguage":"en-US","potentialAction":[{"@type":"ReadAction","target":["https:\/\/newmood.com.tr\/en\/colmar-berjer\/"]}]},{"@type":"ImageObject","inLanguage":"en-US","@id":"https:\/\/newmood.com.tr\/en\/colmar-berjer\/#primaryimage","url":"https:\/\/newmood.com.tr\/wp-content\/uploads\/2024\/09\/colmar-koltuk-takimi-040924-18.jpg","contentUrl":"https:\/\/newmood.com.tr\/wp-content\/uploads\/2024\/09\/colmar-koltuk-takimi-040924-18.jpg","width":1920,"height":1200},{"@type":"BreadcrumbList","@id":"https:\/\/newmood.com.tr\/en\/colmar-berjer\/#breadcrumb","itemListElement":[{"@type":"ListItem","position":1,"name":"Anasayfa","item":"https:\/\/newmood.com.tr\/"},{"@type":"ListItem","position":2,"name":"\u00dcr\u00fcnler","item":"https:\/\/newmood.com.tr\/shop\/"},{"@type":"ListItem","position":3,"name":"Colmar Berjer"}]},{"@type":"WebSite","@id":"https:\/\/newmood.com.tr\/en\/#website","url":"https:\/\/newmood.com.tr\/en\/","name":"Newmood","description":"","potentialAction":[{"@type":"SearchAction","target":{"@type":"EntryPoint","urlTemplate":"https:\/\/newmood.com.tr\/en\/?s={search_term_string}"},"query-input":{"@type":"PropertyValueSpecification","valueRequired":true,"valueName":"search_term_string"}}],"inLanguage":"en-US"}]}},"_links":{"self":[{"href":"https:\/\/newmood.com.tr\/en\/wp-json\/wp\/v2\/product\/303"}],"collection":[{"href":"https:\/\/newmood.com.tr\/en\/wp-json\/wp\/v2\/product"}],"about":[{"href":"https:\/\/newmood.com.tr\/en\/wp-json\/wp\/v2\/types\/product"}],"replies":[{"embeddable":true,"href":"https:\/\/newmood.com.tr\/en\/wp-json\/wp\/v2\/comments?post=303"}],"wp:featuredmedia":[{"embeddable":true,"href":"https:\/\/newmood.com.tr\/en\/wp-json\/wp\/v2\/media\/295"}],"wp:attachment":[{"href":"https:\/\/newmood.com.tr\/en\/wp-json\/wp\/v2\/media?parent=303"}],"wp:term":[{"taxonomy":"product_brand","embeddable":true,"href":"https:\/\/newmood.com.tr\/en\/wp-json\/wp\/v2\/product_brand?post=303"},{"taxonomy":"product_cat","embeddable":true,"href":"https:\/\/newmood.com.tr\/en\/wp-json\/wp\/v2\/product_cat?post=303"},{"taxonomy":"product_tag","embeddable":true,"href":"https:\/\/newmood.com.tr\/en\/wp-json\/wp\/v2\/product_tag?post=303"}],"curies":[{"name":"wp","href":"https:\/\/api.w.org\/{rel}","templated":true}]}}