{"id":302,"date":"2024-09-04T12:03:42","date_gmt":"2024-09-04T12:03:42","guid":{"rendered":"https:\/\/newmood.kodektif.com\/?post_type=product&#038;p=302"},"modified":"2024-10-30T13:25:01","modified_gmt":"2024-10-30T13:25:01","slug":"colmar-koltuk","status":"publish","type":"product","link":"https:\/\/newmood.com.tr\/en\/colmar-koltuk\/","title":{"rendered":"Colmar Sofa"},"content":{"rendered":"","protected":false},"excerpt":{"rendered":"<p>Colmar Sofa draws attention with its modern design and comfortable seating comfort. Standing out with its stylish details and high-quality fabric, this armchair offers perfect comfort with its large seating area and ergonomic structure. While it adds a sophisticated atmosphere to your living space with its elegant lines and aesthetic touches, it is an ideal choice for both entertaining your guests and relaxing. Colmar Sofa is a candidate to be one of the most attractive pieces of your home by offering elegance and functionality together.<\/p>","protected":false},"featured_media":294,"comment_status":"open","ping_status":"closed","template":"","meta":[],"product_brand":[],"product_cat":[15,18],"product_tag":[],"class_list":{"0":"post-302","1":"product","2":"type-product","3":"status-publish","4":"has-post-thumbnail","6":"product_cat-urunler","7":"product_cat-koltuklar","9":"first","10":"instock","11":"shipping-taxable","12":"product-type-simple"},"yoast_head":"<!-- This site is optimized with the Yoast SEO plugin v24.9 - https:\/\/yoast.com\/wordpress\/plugins\/seo\/ -->\n<title>Colmar Koltuk - Newmood<\/title>\n<meta name=\"robots\" content=\"index, follow, max-snippet:-1, max-image-preview:large, max-video-preview:-1\" \/>\n<link rel=\"canonical\" href=\"https:\/\/newmood.com.tr\/en\/colmar-koltuk\/\" \/>\n<meta property=\"og:locale\" content=\"en_US\" \/>\n<meta property=\"og:type\" content=\"article\" \/>\n<meta property=\"og:title\" content=\"Colmar Koltuk - Newmood\" \/>\n<meta property=\"og:description\" content=\"Colmar Koltuk, modern tasar\u0131m\u0131 ve rahat oturma konforuyla dikkat \u00e7eker. \u015e\u0131k detaylar\u0131 ve kaliteli kuma\u015f\u0131yla \u00f6ne \u00e7\u0131kan bu koltuk, geni\u015f oturma alan\u0131 ve ergonomik yap\u0131s\u0131yla m\u00fckemmel bir konfor sunar. Zarif \u00e7izgileri ve estetik dokunu\u015flar\u0131yla ya\u015fam alan\u0131n\u0131za sofistike bir hava katarken, hem misafirlerinizi a\u011f\u0131rlamak hem de dinlenmek i\u00e7in ideal bir se\u00e7imdir. Colmar Koltuk, \u015f\u0131kl\u0131\u011f\u0131 ve fonksiyonelli\u011fi bir arada sunarak evinizin en cazip par\u00e7alar\u0131ndan biri olmaya adayd\u0131r.\" \/>\n<meta property=\"og:url\" content=\"https:\/\/newmood.com.tr\/en\/colmar-koltuk\/\" \/>\n<meta property=\"og:site_name\" content=\"Newmood\" \/>\n<meta property=\"article:modified_time\" content=\"2024-10-30T13:25:01+00:00\" \/>\n<meta property=\"og:image\" content=\"https:\/\/newmood.com.tr\/wp-content\/uploads\/2024\/09\/colmar-koltuk-takimi-040924-17.jpg\" \/>\n\t<meta property=\"og:image:width\" content=\"1920\" \/>\n\t<meta property=\"og:image:height\" content=\"1200\" \/>\n\t<meta property=\"og:image:type\" content=\"image\/jpeg\" \/>\n<meta name=\"twitter:card\" content=\"summary_large_image\" \/>\n<script type=\"application\/ld+json\" class=\"yoast-schema-graph\">{\"@context\":\"https:\/\/schema.org\",\"@graph\":[{\"@type\":\"WebPage\",\"@id\":\"https:\/\/newmood.com.tr\/en\/colmar-koltuk\/\",\"url\":\"https:\/\/newmood.com.tr\/en\/colmar-koltuk\/\",\"name\":\"Colmar Koltuk - Newmood\",\"isPartOf\":{\"@id\":\"https:\/\/newmood.com.tr\/en\/#website\"},\"primaryImageOfPage\":{\"@id\":\"https:\/\/newmood.com.tr\/en\/colmar-koltuk\/#primaryimage\"},\"image\":{\"@id\":\"https:\/\/newmood.com.tr\/en\/colmar-koltuk\/#primaryimage\"},\"thumbnailUrl\":\"https:\/\/newmood.com.tr\/wp-content\/uploads\/2024\/09\/colmar-koltuk-takimi-040924-17.jpg\",\"datePublished\":\"2024-09-04T12:03:42+00:00\",\"dateModified\":\"2024-10-30T13:25:01+00:00\",\"breadcrumb\":{\"@id\":\"https:\/\/newmood.com.tr\/en\/colmar-koltuk\/#breadcrumb\"},\"inLanguage\":\"en-US\",\"potentialAction\":[{\"@type\":\"ReadAction\",\"target\":[\"https:\/\/newmood.com.tr\/en\/colmar-koltuk\/\"]}]},{\"@type\":\"ImageObject\",\"inLanguage\":\"en-US\",\"@id\":\"https:\/\/newmood.com.tr\/en\/colmar-koltuk\/#primaryimage\",\"url\":\"https:\/\/newmood.com.tr\/wp-content\/uploads\/2024\/09\/colmar-koltuk-takimi-040924-17.jpg\",\"contentUrl\":\"https:\/\/newmood.com.tr\/wp-content\/uploads\/2024\/09\/colmar-koltuk-takimi-040924-17.jpg\",\"width\":1920,\"height\":1200},{\"@type\":\"BreadcrumbList\",\"@id\":\"https:\/\/newmood.com.tr\/en\/colmar-koltuk\/#breadcrumb\",\"itemListElement\":[{\"@type\":\"ListItem\",\"position\":1,\"name\":\"Anasayfa\",\"item\":\"https:\/\/newmood.com.tr\/\"},{\"@type\":\"ListItem\",\"position\":2,\"name\":\"\u00dcr\u00fcnler\",\"item\":\"https:\/\/newmood.com.tr\/shop\/\"},{\"@type\":\"ListItem\",\"position\":3,\"name\":\"Colmar Koltuk\"}]},{\"@type\":\"WebSite\",\"@id\":\"https:\/\/newmood.com.tr\/en\/#website\",\"url\":\"https:\/\/newmood.com.tr\/en\/\",\"name\":\"Newmood\",\"description\":\"\",\"potentialAction\":[{\"@type\":\"SearchAction\",\"target\":{\"@type\":\"EntryPoint\",\"urlTemplate\":\"https:\/\/newmood.com.tr\/en\/?s={search_term_string}\"},\"query-input\":{\"@type\":\"PropertyValueSpecification\",\"valueRequired\":true,\"valueName\":\"search_term_string\"}}],\"inLanguage\":\"en-US\"}]}<\/script>\n<!-- \/ Yoast SEO plugin. -->","yoast_head_json":{"title":"Colmar Koltuk - Newmood","robots":{"index":"index","follow":"follow","max-snippet":"max-snippet:-1","max-image-preview":"max-image-preview:large","max-video-preview":"max-video-preview:-1"},"canonical":"https:\/\/newmood.com.tr\/en\/colmar-koltuk\/","og_locale":"en_US","og_type":"article","og_title":"Colmar Koltuk - Newmood","og_description":"Colmar Koltuk, modern tasar\u0131m\u0131 ve rahat oturma konforuyla dikkat \u00e7eker. \u015e\u0131k detaylar\u0131 ve kaliteli kuma\u015f\u0131yla \u00f6ne \u00e7\u0131kan bu koltuk, geni\u015f oturma alan\u0131 ve ergonomik yap\u0131s\u0131yla m\u00fckemmel bir konfor sunar. Zarif \u00e7izgileri ve estetik dokunu\u015flar\u0131yla ya\u015fam alan\u0131n\u0131za sofistike bir hava katarken, hem misafirlerinizi a\u011f\u0131rlamak hem de dinlenmek i\u00e7in ideal bir se\u00e7imdir. Colmar Koltuk, \u015f\u0131kl\u0131\u011f\u0131 ve fonksiyonelli\u011fi bir arada sunarak evinizin en cazip par\u00e7alar\u0131ndan biri olmaya adayd\u0131r.","og_url":"https:\/\/newmood.com.tr\/en\/colmar-koltuk\/","og_site_name":"Newmood","article_modified_time":"2024-10-30T13:25:01+00:00","og_image":[{"width":1920,"height":1200,"url":"https:\/\/newmood.com.tr\/wp-content\/uploads\/2024\/09\/colmar-koltuk-takimi-040924-17.jpg","type":"image\/jpeg"}],"twitter_card":"summary_large_image","schema":{"@context":"https:\/\/schema.org","@graph":[{"@type":"WebPage","@id":"https:\/\/newmood.com.tr\/en\/colmar-koltuk\/","url":"https:\/\/newmood.com.tr\/en\/colmar-koltuk\/","name":"Colmar Koltuk - Newmood","isPartOf":{"@id":"https:\/\/newmood.com.tr\/en\/#website"},"primaryImageOfPage":{"@id":"https:\/\/newmood.com.tr\/en\/colmar-koltuk\/#primaryimage"},"image":{"@id":"https:\/\/newmood.com.tr\/en\/colmar-koltuk\/#primaryimage"},"thumbnailUrl":"https:\/\/newmood.com.tr\/wp-content\/uploads\/2024\/09\/colmar-koltuk-takimi-040924-17.jpg","datePublished":"2024-09-04T12:03:42+00:00","dateModified":"2024-10-30T13:25:01+00:00","breadcrumb":{"@id":"https:\/\/newmood.com.tr\/en\/colmar-koltuk\/#breadcrumb"},"inLanguage":"en-US","potentialAction":[{"@type":"ReadAction","target":["https:\/\/newmood.com.tr\/en\/colmar-koltuk\/"]}]},{"@type":"ImageObject","inLanguage":"en-US","@id":"https:\/\/newmood.com.tr\/en\/colmar-koltuk\/#primaryimage","url":"https:\/\/newmood.com.tr\/wp-content\/uploads\/2024\/09\/colmar-koltuk-takimi-040924-17.jpg","contentUrl":"https:\/\/newmood.com.tr\/wp-content\/uploads\/2024\/09\/colmar-koltuk-takimi-040924-17.jpg","width":1920,"height":1200},{"@type":"BreadcrumbList","@id":"https:\/\/newmood.com.tr\/en\/colmar-koltuk\/#breadcrumb","itemListElement":[{"@type":"ListItem","position":1,"name":"Anasayfa","item":"https:\/\/newmood.com.tr\/"},{"@type":"ListItem","position":2,"name":"\u00dcr\u00fcnler","item":"https:\/\/newmood.com.tr\/shop\/"},{"@type":"ListItem","position":3,"name":"Colmar Koltuk"}]},{"@type":"WebSite","@id":"https:\/\/newmood.com.tr\/en\/#website","url":"https:\/\/newmood.com.tr\/en\/","name":"Newmood","description":"","potentialAction":[{"@type":"SearchAction","target":{"@type":"EntryPoint","urlTemplate":"https:\/\/newmood.com.tr\/en\/?s={search_term_string}"},"query-input":{"@type":"PropertyValueSpecification","valueRequired":true,"valueName":"search_term_string"}}],"inLanguage":"en-US"}]}},"_links":{"self":[{"href":"https:\/\/newmood.com.tr\/en\/wp-json\/wp\/v2\/product\/302"}],"collection":[{"href":"https:\/\/newmood.com.tr\/en\/wp-json\/wp\/v2\/product"}],"about":[{"href":"https:\/\/newmood.com.tr\/en\/wp-json\/wp\/v2\/types\/product"}],"replies":[{"embeddable":true,"href":"https:\/\/newmood.com.tr\/en\/wp-json\/wp\/v2\/comments?post=302"}],"wp:featuredmedia":[{"embeddable":true,"href":"https:\/\/newmood.com.tr\/en\/wp-json\/wp\/v2\/media\/294"}],"wp:attachment":[{"href":"https:\/\/newmood.com.tr\/en\/wp-json\/wp\/v2\/media?parent=302"}],"wp:term":[{"taxonomy":"product_brand","embeddable":true,"href":"https:\/\/newmood.com.tr\/en\/wp-json\/wp\/v2\/product_brand?post=302"},{"taxonomy":"product_cat","embeddable":true,"href":"https:\/\/newmood.com.tr\/en\/wp-json\/wp\/v2\/product_cat?post=302"},{"taxonomy":"product_tag","embeddable":true,"href":"https:\/\/newmood.com.tr\/en\/wp-json\/wp\/v2\/product_tag?post=302"}],"curies":[{"name":"wp","href":"https:\/\/api.w.org\/{rel}","templated":true}]}}