{"id":276,"date":"2024-09-04T11:43:51","date_gmt":"2024-09-04T11:43:51","guid":{"rendered":"https:\/\/newmood.kodektif.com\/?post_type=product&#038;p=276"},"modified":"2024-10-30T13:29:05","modified_gmt":"2024-10-30T13:29:05","slug":"lotus-berjer","status":"publish","type":"product","link":"https:\/\/newmood.com.tr\/en\/lotus-berjer\/","title":{"rendered":"Lotus Berjer"},"content":{"rendered":"","protected":false},"excerpt":{"rendered":"<p>Lotus Armchair attracts attention in any environment with its elegant and modern design. Offering superior comfort with its soft texture, large seating area and comfortable back support, this armchair has the elegance that will change the atmosphere of your room even on its own. Designed with fine workmanship, Lotus Armchair adds an aesthetic touch to your living space as both a functional and decorative piece, while providing an ideal seating area to spend pleasant moments.<\/p>","protected":false},"featured_media":260,"comment_status":"open","ping_status":"closed","template":"","meta":[],"product_brand":[],"product_cat":[15,19],"product_tag":[],"class_list":{"0":"post-276","1":"product","2":"type-product","3":"status-publish","4":"has-post-thumbnail","6":"product_cat-urunler","7":"product_cat-berjerler","9":"first","10":"instock","11":"shipping-taxable","12":"product-type-simple"},"yoast_head":"<!-- This site is optimized with the Yoast SEO plugin v24.9 - https:\/\/yoast.com\/wordpress\/plugins\/seo\/ -->\n<title>Lotus Berjer - Newmood<\/title>\n<meta name=\"robots\" content=\"index, follow, max-snippet:-1, max-image-preview:large, max-video-preview:-1\" \/>\n<link rel=\"canonical\" href=\"https:\/\/newmood.com.tr\/en\/lotus-berjer\/\" \/>\n<meta property=\"og:locale\" content=\"en_US\" \/>\n<meta property=\"og:type\" content=\"article\" \/>\n<meta property=\"og:title\" content=\"Lotus Berjer - Newmood\" \/>\n<meta property=\"og:description\" content=\"Lotus Berjer, zarif ve modern tasar\u0131m\u0131yla her ortamda dikkat \u00e7eker. Yumu\u015fak dokusu, geni\u015f oturma alan\u0131 ve rahat s\u0131rt deste\u011fiyle \u00fcst\u00fcn konfor sunan bu berjer, tek ba\u015f\u0131na bile odan\u0131z\u0131n havas\u0131n\u0131 de\u011fi\u015ftirecek \u015f\u0131kl\u0131\u011fa sahiptir. \u0130nce i\u015f\u00e7ilikle tasarlanm\u0131\u015f olan Lotus Berjer, hem fonksiyonel hem de dekoratif bir par\u00e7a olarak ya\u015fam alan\u0131n\u0131za estetik bir dokunu\u015f katarken, keyifli anlar ge\u00e7irmek i\u00e7in ideal bir oturma alan\u0131 sa\u011flar.\" \/>\n<meta property=\"og:url\" content=\"https:\/\/newmood.com.tr\/en\/lotus-berjer\/\" \/>\n<meta property=\"og:site_name\" content=\"Newmood\" \/>\n<meta property=\"article:modified_time\" content=\"2024-10-30T13:29:05+00:00\" \/>\n<meta property=\"og:image\" content=\"https:\/\/newmood.com.tr\/wp-content\/uploads\/2024\/09\/lotus-koltuk-takimi-040924-18.jpg\" \/>\n\t<meta property=\"og:image:width\" content=\"1920\" \/>\n\t<meta property=\"og:image:height\" content=\"1200\" \/>\n\t<meta property=\"og:image:type\" content=\"image\/jpeg\" \/>\n<meta name=\"twitter:card\" content=\"summary_large_image\" \/>\n<script type=\"application\/ld+json\" class=\"yoast-schema-graph\">{\"@context\":\"https:\/\/schema.org\",\"@graph\":[{\"@type\":\"WebPage\",\"@id\":\"https:\/\/newmood.com.tr\/en\/lotus-berjer\/\",\"url\":\"https:\/\/newmood.com.tr\/en\/lotus-berjer\/\",\"name\":\"Lotus Berjer - Newmood\",\"isPartOf\":{\"@id\":\"https:\/\/newmood.com.tr\/en\/#website\"},\"primaryImageOfPage\":{\"@id\":\"https:\/\/newmood.com.tr\/en\/lotus-berjer\/#primaryimage\"},\"image\":{\"@id\":\"https:\/\/newmood.com.tr\/en\/lotus-berjer\/#primaryimage\"},\"thumbnailUrl\":\"https:\/\/newmood.com.tr\/wp-content\/uploads\/2024\/09\/lotus-koltuk-takimi-040924-18.jpg\",\"datePublished\":\"2024-09-04T11:43:51+00:00\",\"dateModified\":\"2024-10-30T13:29:05+00:00\",\"breadcrumb\":{\"@id\":\"https:\/\/newmood.com.tr\/en\/lotus-berjer\/#breadcrumb\"},\"inLanguage\":\"en-US\",\"potentialAction\":[{\"@type\":\"ReadAction\",\"target\":[\"https:\/\/newmood.com.tr\/en\/lotus-berjer\/\"]}]},{\"@type\":\"ImageObject\",\"inLanguage\":\"en-US\",\"@id\":\"https:\/\/newmood.com.tr\/en\/lotus-berjer\/#primaryimage\",\"url\":\"https:\/\/newmood.com.tr\/wp-content\/uploads\/2024\/09\/lotus-koltuk-takimi-040924-18.jpg\",\"contentUrl\":\"https:\/\/newmood.com.tr\/wp-content\/uploads\/2024\/09\/lotus-koltuk-takimi-040924-18.jpg\",\"width\":1920,\"height\":1200},{\"@type\":\"BreadcrumbList\",\"@id\":\"https:\/\/newmood.com.tr\/en\/lotus-berjer\/#breadcrumb\",\"itemListElement\":[{\"@type\":\"ListItem\",\"position\":1,\"name\":\"Anasayfa\",\"item\":\"https:\/\/newmood.com.tr\/\"},{\"@type\":\"ListItem\",\"position\":2,\"name\":\"\u00dcr\u00fcnler\",\"item\":\"https:\/\/newmood.com.tr\/shop\/\"},{\"@type\":\"ListItem\",\"position\":3,\"name\":\"Lotus Berjer\"}]},{\"@type\":\"WebSite\",\"@id\":\"https:\/\/newmood.com.tr\/en\/#website\",\"url\":\"https:\/\/newmood.com.tr\/en\/\",\"name\":\"Newmood\",\"description\":\"\",\"potentialAction\":[{\"@type\":\"SearchAction\",\"target\":{\"@type\":\"EntryPoint\",\"urlTemplate\":\"https:\/\/newmood.com.tr\/en\/?s={search_term_string}\"},\"query-input\":{\"@type\":\"PropertyValueSpecification\",\"valueRequired\":true,\"valueName\":\"search_term_string\"}}],\"inLanguage\":\"en-US\"}]}<\/script>\n<!-- \/ Yoast SEO plugin. -->","yoast_head_json":{"title":"Lotus Berjer - Newmood","robots":{"index":"index","follow":"follow","max-snippet":"max-snippet:-1","max-image-preview":"max-image-preview:large","max-video-preview":"max-video-preview:-1"},"canonical":"https:\/\/newmood.com.tr\/en\/lotus-berjer\/","og_locale":"en_US","og_type":"article","og_title":"Lotus Berjer - Newmood","og_description":"Lotus Berjer, zarif ve modern tasar\u0131m\u0131yla her ortamda dikkat \u00e7eker. Yumu\u015fak dokusu, geni\u015f oturma alan\u0131 ve rahat s\u0131rt deste\u011fiyle \u00fcst\u00fcn konfor sunan bu berjer, tek ba\u015f\u0131na bile odan\u0131z\u0131n havas\u0131n\u0131 de\u011fi\u015ftirecek \u015f\u0131kl\u0131\u011fa sahiptir. \u0130nce i\u015f\u00e7ilikle tasarlanm\u0131\u015f olan Lotus Berjer, hem fonksiyonel hem de dekoratif bir par\u00e7a olarak ya\u015fam alan\u0131n\u0131za estetik bir dokunu\u015f katarken, keyifli anlar ge\u00e7irmek i\u00e7in ideal bir oturma alan\u0131 sa\u011flar.","og_url":"https:\/\/newmood.com.tr\/en\/lotus-berjer\/","og_site_name":"Newmood","article_modified_time":"2024-10-30T13:29:05+00:00","og_image":[{"width":1920,"height":1200,"url":"https:\/\/newmood.com.tr\/wp-content\/uploads\/2024\/09\/lotus-koltuk-takimi-040924-18.jpg","type":"image\/jpeg"}],"twitter_card":"summary_large_image","schema":{"@context":"https:\/\/schema.org","@graph":[{"@type":"WebPage","@id":"https:\/\/newmood.com.tr\/en\/lotus-berjer\/","url":"https:\/\/newmood.com.tr\/en\/lotus-berjer\/","name":"Lotus Berjer - Newmood","isPartOf":{"@id":"https:\/\/newmood.com.tr\/en\/#website"},"primaryImageOfPage":{"@id":"https:\/\/newmood.com.tr\/en\/lotus-berjer\/#primaryimage"},"image":{"@id":"https:\/\/newmood.com.tr\/en\/lotus-berjer\/#primaryimage"},"thumbnailUrl":"https:\/\/newmood.com.tr\/wp-content\/uploads\/2024\/09\/lotus-koltuk-takimi-040924-18.jpg","datePublished":"2024-09-04T11:43:51+00:00","dateModified":"2024-10-30T13:29:05+00:00","breadcrumb":{"@id":"https:\/\/newmood.com.tr\/en\/lotus-berjer\/#breadcrumb"},"inLanguage":"en-US","potentialAction":[{"@type":"ReadAction","target":["https:\/\/newmood.com.tr\/en\/lotus-berjer\/"]}]},{"@type":"ImageObject","inLanguage":"en-US","@id":"https:\/\/newmood.com.tr\/en\/lotus-berjer\/#primaryimage","url":"https:\/\/newmood.com.tr\/wp-content\/uploads\/2024\/09\/lotus-koltuk-takimi-040924-18.jpg","contentUrl":"https:\/\/newmood.com.tr\/wp-content\/uploads\/2024\/09\/lotus-koltuk-takimi-040924-18.jpg","width":1920,"height":1200},{"@type":"BreadcrumbList","@id":"https:\/\/newmood.com.tr\/en\/lotus-berjer\/#breadcrumb","itemListElement":[{"@type":"ListItem","position":1,"name":"Anasayfa","item":"https:\/\/newmood.com.tr\/"},{"@type":"ListItem","position":2,"name":"\u00dcr\u00fcnler","item":"https:\/\/newmood.com.tr\/shop\/"},{"@type":"ListItem","position":3,"name":"Lotus Berjer"}]},{"@type":"WebSite","@id":"https:\/\/newmood.com.tr\/en\/#website","url":"https:\/\/newmood.com.tr\/en\/","name":"Newmood","description":"","potentialAction":[{"@type":"SearchAction","target":{"@type":"EntryPoint","urlTemplate":"https:\/\/newmood.com.tr\/en\/?s={search_term_string}"},"query-input":{"@type":"PropertyValueSpecification","valueRequired":true,"valueName":"search_term_string"}}],"inLanguage":"en-US"}]}},"_links":{"self":[{"href":"https:\/\/newmood.com.tr\/en\/wp-json\/wp\/v2\/product\/276"}],"collection":[{"href":"https:\/\/newmood.com.tr\/en\/wp-json\/wp\/v2\/product"}],"about":[{"href":"https:\/\/newmood.com.tr\/en\/wp-json\/wp\/v2\/types\/product"}],"replies":[{"embeddable":true,"href":"https:\/\/newmood.com.tr\/en\/wp-json\/wp\/v2\/comments?post=276"}],"wp:featuredmedia":[{"embeddable":true,"href":"https:\/\/newmood.com.tr\/en\/wp-json\/wp\/v2\/media\/260"}],"wp:attachment":[{"href":"https:\/\/newmood.com.tr\/en\/wp-json\/wp\/v2\/media?parent=276"}],"wp:term":[{"taxonomy":"product_brand","embeddable":true,"href":"https:\/\/newmood.com.tr\/en\/wp-json\/wp\/v2\/product_brand?post=276"},{"taxonomy":"product_cat","embeddable":true,"href":"https:\/\/newmood.com.tr\/en\/wp-json\/wp\/v2\/product_cat?post=276"},{"taxonomy":"product_tag","embeddable":true,"href":"https:\/\/newmood.com.tr\/en\/wp-json\/wp\/v2\/product_tag?post=276"}],"curies":[{"name":"wp","href":"https:\/\/api.w.org\/{rel}","templated":true}]}}