{"id":242,"date":"2024-09-04T09:35:20","date_gmt":"2024-09-04T09:35:20","guid":{"rendered":"https:\/\/newmood.kodektif.com\/?post_type=product&#038;p=242"},"modified":"2024-10-30T13:27:25","modified_gmt":"2024-10-30T13:27:25","slug":"lotus-koltuk-takimi","status":"publish","type":"product","link":"https:\/\/newmood.com.tr\/en\/lotus-koltuk-takimi\/","title":{"rendered":"Lotus Sofa Set"},"content":{"rendered":"","protected":false},"excerpt":{"rendered":"<p>Lotus Sofa Set offers a modern touch in your living spaces with its elegant design and superior comfort. This set, which draws attention with its soft fabric texture and fine details, provides both a stylish and comfortable seating experience with its large seating areas and supportive structure. With its functional structure and eye-catching aesthetics, Lotus creates a perfect environment when hosting guests or relaxing. Designed with elegant lines and modern touches, the Lotus Sofa Set adds a sophisticated and spacious atmosphere to your home.<\/p>","protected":false},"featured_media":243,"comment_status":"open","ping_status":"closed","template":"","meta":[],"product_brand":[],"product_cat":[17,33],"product_tag":[],"class_list":{"0":"post-242","1":"product","2":"type-product","3":"status-publish","4":"has-post-thumbnail","6":"product_cat-koleksiyonlar","7":"product_cat-koltuk-takimlari","9":"first","10":"instock","11":"shipping-taxable","12":"product-type-simple"},"yoast_head":"<!-- This site is optimized with the Yoast SEO plugin v24.9 - https:\/\/yoast.com\/wordpress\/plugins\/seo\/ -->\n<title>Lotus Koltuk Tak\u0131m\u0131 - Newmood<\/title>\n<meta name=\"robots\" content=\"index, follow, max-snippet:-1, max-image-preview:large, max-video-preview:-1\" \/>\n<link rel=\"canonical\" href=\"https:\/\/newmood.com.tr\/en\/lotus-koltuk-takimi\/\" \/>\n<meta property=\"og:locale\" content=\"en_US\" \/>\n<meta property=\"og:type\" content=\"article\" \/>\n<meta property=\"og:title\" content=\"Lotus Koltuk Tak\u0131m\u0131 - Newmood\" \/>\n<meta property=\"og:description\" content=\"Lotus Koltuk Tak\u0131m\u0131, zarif tasar\u0131m\u0131 ve \u00fcst\u00fcn konforu ile ya\u015fam alanlar\u0131n\u0131zda modern bir dokunu\u015f sunar. Yumu\u015fak kuma\u015f dokusu ve ince detaylar\u0131yla dikkat \u00e7eken bu tak\u0131m, geni\u015f oturma alanlar\u0131 ve destekleyici yap\u0131s\u0131yla hem \u015f\u0131k hem de rahat bir oturma deneyimi sa\u011flar. Lotus, fonksiyonel yap\u0131s\u0131 ve g\u00f6z al\u0131c\u0131 esteti\u011fiyle misafir a\u011f\u0131rlarken ya da dinlenirken m\u00fckemmel bir ortam yarat\u0131r. Zarif \u00e7izgiler ve modern dokunu\u015flarla tasarlanan Lotus Koltuk Tak\u0131m\u0131, evinize sofistike ve ferah bir hava katar.\" \/>\n<meta property=\"og:url\" content=\"https:\/\/newmood.com.tr\/en\/lotus-koltuk-takimi\/\" \/>\n<meta property=\"og:site_name\" content=\"Newmood\" \/>\n<meta property=\"article:modified_time\" content=\"2024-10-30T13:27:25+00:00\" \/>\n<meta property=\"og:image\" content=\"https:\/\/newmood.com.tr\/wp-content\/uploads\/2024\/09\/lotus-koltuk-takimi-040924-01.jpg\" \/>\n\t<meta property=\"og:image:width\" content=\"1920\" \/>\n\t<meta property=\"og:image:height\" content=\"1200\" \/>\n\t<meta property=\"og:image:type\" content=\"image\/jpeg\" \/>\n<meta name=\"twitter:card\" content=\"summary_large_image\" \/>\n<script type=\"application\/ld+json\" class=\"yoast-schema-graph\">{\"@context\":\"https:\/\/schema.org\",\"@graph\":[{\"@type\":\"WebPage\",\"@id\":\"https:\/\/newmood.com.tr\/en\/lotus-koltuk-takimi\/\",\"url\":\"https:\/\/newmood.com.tr\/en\/lotus-koltuk-takimi\/\",\"name\":\"Lotus Koltuk Tak\u0131m\u0131 - Newmood\",\"isPartOf\":{\"@id\":\"https:\/\/newmood.com.tr\/en\/#website\"},\"primaryImageOfPage\":{\"@id\":\"https:\/\/newmood.com.tr\/en\/lotus-koltuk-takimi\/#primaryimage\"},\"image\":{\"@id\":\"https:\/\/newmood.com.tr\/en\/lotus-koltuk-takimi\/#primaryimage\"},\"thumbnailUrl\":\"https:\/\/newmood.com.tr\/wp-content\/uploads\/2024\/09\/lotus-koltuk-takimi-040924-01.jpg\",\"datePublished\":\"2024-09-04T09:35:20+00:00\",\"dateModified\":\"2024-10-30T13:27:25+00:00\",\"breadcrumb\":{\"@id\":\"https:\/\/newmood.com.tr\/en\/lotus-koltuk-takimi\/#breadcrumb\"},\"inLanguage\":\"en-US\",\"potentialAction\":[{\"@type\":\"ReadAction\",\"target\":[\"https:\/\/newmood.com.tr\/en\/lotus-koltuk-takimi\/\"]}]},{\"@type\":\"ImageObject\",\"inLanguage\":\"en-US\",\"@id\":\"https:\/\/newmood.com.tr\/en\/lotus-koltuk-takimi\/#primaryimage\",\"url\":\"https:\/\/newmood.com.tr\/wp-content\/uploads\/2024\/09\/lotus-koltuk-takimi-040924-01.jpg\",\"contentUrl\":\"https:\/\/newmood.com.tr\/wp-content\/uploads\/2024\/09\/lotus-koltuk-takimi-040924-01.jpg\",\"width\":1920,\"height\":1200},{\"@type\":\"BreadcrumbList\",\"@id\":\"https:\/\/newmood.com.tr\/en\/lotus-koltuk-takimi\/#breadcrumb\",\"itemListElement\":[{\"@type\":\"ListItem\",\"position\":1,\"name\":\"Anasayfa\",\"item\":\"https:\/\/newmood.com.tr\/\"},{\"@type\":\"ListItem\",\"position\":2,\"name\":\"\u00dcr\u00fcnler\",\"item\":\"https:\/\/newmood.com.tr\/shop\/\"},{\"@type\":\"ListItem\",\"position\":3,\"name\":\"Lotus Koltuk Tak\u0131m\u0131\"}]},{\"@type\":\"WebSite\",\"@id\":\"https:\/\/newmood.com.tr\/en\/#website\",\"url\":\"https:\/\/newmood.com.tr\/en\/\",\"name\":\"Newmood\",\"description\":\"\",\"potentialAction\":[{\"@type\":\"SearchAction\",\"target\":{\"@type\":\"EntryPoint\",\"urlTemplate\":\"https:\/\/newmood.com.tr\/en\/?s={search_term_string}\"},\"query-input\":{\"@type\":\"PropertyValueSpecification\",\"valueRequired\":true,\"valueName\":\"search_term_string\"}}],\"inLanguage\":\"en-US\"}]}<\/script>\n<!-- \/ Yoast SEO plugin. -->","yoast_head_json":{"title":"Lotus Koltuk Tak\u0131m\u0131 - Newmood","robots":{"index":"index","follow":"follow","max-snippet":"max-snippet:-1","max-image-preview":"max-image-preview:large","max-video-preview":"max-video-preview:-1"},"canonical":"https:\/\/newmood.com.tr\/en\/lotus-koltuk-takimi\/","og_locale":"en_US","og_type":"article","og_title":"Lotus Koltuk Tak\u0131m\u0131 - Newmood","og_description":"Lotus Koltuk Tak\u0131m\u0131, zarif tasar\u0131m\u0131 ve \u00fcst\u00fcn konforu ile ya\u015fam alanlar\u0131n\u0131zda modern bir dokunu\u015f sunar. Yumu\u015fak kuma\u015f dokusu ve ince detaylar\u0131yla dikkat \u00e7eken bu tak\u0131m, geni\u015f oturma alanlar\u0131 ve destekleyici yap\u0131s\u0131yla hem \u015f\u0131k hem de rahat bir oturma deneyimi sa\u011flar. Lotus, fonksiyonel yap\u0131s\u0131 ve g\u00f6z al\u0131c\u0131 esteti\u011fiyle misafir a\u011f\u0131rlarken ya da dinlenirken m\u00fckemmel bir ortam yarat\u0131r. Zarif \u00e7izgiler ve modern dokunu\u015flarla tasarlanan Lotus Koltuk Tak\u0131m\u0131, evinize sofistike ve ferah bir hava katar.","og_url":"https:\/\/newmood.com.tr\/en\/lotus-koltuk-takimi\/","og_site_name":"Newmood","article_modified_time":"2024-10-30T13:27:25+00:00","og_image":[{"width":1920,"height":1200,"url":"https:\/\/newmood.com.tr\/wp-content\/uploads\/2024\/09\/lotus-koltuk-takimi-040924-01.jpg","type":"image\/jpeg"}],"twitter_card":"summary_large_image","schema":{"@context":"https:\/\/schema.org","@graph":[{"@type":"WebPage","@id":"https:\/\/newmood.com.tr\/en\/lotus-koltuk-takimi\/","url":"https:\/\/newmood.com.tr\/en\/lotus-koltuk-takimi\/","name":"Lotus Koltuk Tak\u0131m\u0131 - Newmood","isPartOf":{"@id":"https:\/\/newmood.com.tr\/en\/#website"},"primaryImageOfPage":{"@id":"https:\/\/newmood.com.tr\/en\/lotus-koltuk-takimi\/#primaryimage"},"image":{"@id":"https:\/\/newmood.com.tr\/en\/lotus-koltuk-takimi\/#primaryimage"},"thumbnailUrl":"https:\/\/newmood.com.tr\/wp-content\/uploads\/2024\/09\/lotus-koltuk-takimi-040924-01.jpg","datePublished":"2024-09-04T09:35:20+00:00","dateModified":"2024-10-30T13:27:25+00:00","breadcrumb":{"@id":"https:\/\/newmood.com.tr\/en\/lotus-koltuk-takimi\/#breadcrumb"},"inLanguage":"en-US","potentialAction":[{"@type":"ReadAction","target":["https:\/\/newmood.com.tr\/en\/lotus-koltuk-takimi\/"]}]},{"@type":"ImageObject","inLanguage":"en-US","@id":"https:\/\/newmood.com.tr\/en\/lotus-koltuk-takimi\/#primaryimage","url":"https:\/\/newmood.com.tr\/wp-content\/uploads\/2024\/09\/lotus-koltuk-takimi-040924-01.jpg","contentUrl":"https:\/\/newmood.com.tr\/wp-content\/uploads\/2024\/09\/lotus-koltuk-takimi-040924-01.jpg","width":1920,"height":1200},{"@type":"BreadcrumbList","@id":"https:\/\/newmood.com.tr\/en\/lotus-koltuk-takimi\/#breadcrumb","itemListElement":[{"@type":"ListItem","position":1,"name":"Anasayfa","item":"https:\/\/newmood.com.tr\/"},{"@type":"ListItem","position":2,"name":"\u00dcr\u00fcnler","item":"https:\/\/newmood.com.tr\/shop\/"},{"@type":"ListItem","position":3,"name":"Lotus Koltuk Tak\u0131m\u0131"}]},{"@type":"WebSite","@id":"https:\/\/newmood.com.tr\/en\/#website","url":"https:\/\/newmood.com.tr\/en\/","name":"Newmood","description":"","potentialAction":[{"@type":"SearchAction","target":{"@type":"EntryPoint","urlTemplate":"https:\/\/newmood.com.tr\/en\/?s={search_term_string}"},"query-input":{"@type":"PropertyValueSpecification","valueRequired":true,"valueName":"search_term_string"}}],"inLanguage":"en-US"}]}},"_links":{"self":[{"href":"https:\/\/newmood.com.tr\/en\/wp-json\/wp\/v2\/product\/242"}],"collection":[{"href":"https:\/\/newmood.com.tr\/en\/wp-json\/wp\/v2\/product"}],"about":[{"href":"https:\/\/newmood.com.tr\/en\/wp-json\/wp\/v2\/types\/product"}],"replies":[{"embeddable":true,"href":"https:\/\/newmood.com.tr\/en\/wp-json\/wp\/v2\/comments?post=242"}],"wp:featuredmedia":[{"embeddable":true,"href":"https:\/\/newmood.com.tr\/en\/wp-json\/wp\/v2\/media\/243"}],"wp:attachment":[{"href":"https:\/\/newmood.com.tr\/en\/wp-json\/wp\/v2\/media?parent=242"}],"wp:term":[{"taxonomy":"product_brand","embeddable":true,"href":"https:\/\/newmood.com.tr\/en\/wp-json\/wp\/v2\/product_brand?post=242"},{"taxonomy":"product_cat","embeddable":true,"href":"https:\/\/newmood.com.tr\/en\/wp-json\/wp\/v2\/product_cat?post=242"},{"taxonomy":"product_tag","embeddable":true,"href":"https:\/\/newmood.com.tr\/en\/wp-json\/wp\/v2\/product_tag?post=242"}],"curies":[{"name":"wp","href":"https:\/\/api.w.org\/{rel}","templated":true}]}}