{"id":241,"date":"2024-09-04T09:17:03","date_gmt":"2024-09-04T09:17:03","guid":{"rendered":"https:\/\/newmood.kodektif.com\/?post_type=product&#038;p=241"},"modified":"2024-09-04T09:17:34","modified_gmt":"2024-09-04T09:17:34","slug":"leo-koltuk","status":"publish","type":"product","link":"https:\/\/newmood.com.tr\/en\/leo-koltuk\/","title":{"rendered":"Leo Sofa"},"content":{"rendered":"","protected":false},"excerpt":{"rendered":"<p>Leo Sofa is a piece that attracts attention with its timeless design and superior comfort. Its soft texture and modern lines easily adapt to every living space, offering both elegance and comfort. The large seating area and supportive back structure are designed for a long-term comfortable sitting experience. Leo Sofa, enriched with aesthetic details, offers an elegant choice that complements modern home decoration.<\/p>","protected":false},"featured_media":226,"comment_status":"open","ping_status":"closed","template":"","meta":[],"product_brand":[],"product_cat":[15,18],"product_tag":[],"class_list":{"0":"post-241","1":"product","2":"type-product","3":"status-publish","4":"has-post-thumbnail","6":"product_cat-urunler","7":"product_cat-koltuklar","9":"first","10":"instock","11":"shipping-taxable","12":"product-type-simple"},"yoast_head":"<!-- This site is optimized with the Yoast SEO plugin v24.9 - https:\/\/yoast.com\/wordpress\/plugins\/seo\/ -->\n<title>Leo Koltuk - Newmood<\/title>\n<meta name=\"robots\" content=\"index, follow, max-snippet:-1, max-image-preview:large, max-video-preview:-1\" \/>\n<link rel=\"canonical\" href=\"https:\/\/newmood.com.tr\/en\/leo-koltuk\/\" \/>\n<meta property=\"og:locale\" content=\"en_US\" \/>\n<meta property=\"og:type\" content=\"article\" \/>\n<meta property=\"og:title\" content=\"Leo Koltuk - Newmood\" \/>\n<meta property=\"og:description\" content=\"Leo Koltuk, zamans\u0131z tasar\u0131m\u0131 ve \u00fcst\u00fcn konforu ile dikkat \u00e7eken bir par\u00e7a. Yumu\u015fak dokusu ve modern hatlar\u0131, hem \u015f\u0131kl\u0131k hem de rahatl\u0131k sunarak her ya\u015fam alan\u0131nda kolayca uyum sa\u011flar. Geni\u015f oturma alan\u0131 ve destekleyici s\u0131rt yap\u0131s\u0131, uzun s\u00fcreli rahat bir oturma deneyimi i\u00e7in tasarlanm\u0131\u015ft\u0131r. Estetik detaylarla zenginle\u015ftirilmi\u015f Leo Koltuk, modern ev dekorasyonunu tamamlayan zarif bir tercih sunar.\" \/>\n<meta property=\"og:url\" content=\"https:\/\/newmood.com.tr\/en\/leo-koltuk\/\" \/>\n<meta property=\"og:site_name\" content=\"Newmood\" \/>\n<meta property=\"article:modified_time\" content=\"2024-09-04T09:17:34+00:00\" \/>\n<meta property=\"og:image\" content=\"https:\/\/newmood.com.tr\/wp-content\/uploads\/2024\/09\/leo-koltuk-takimi-040924-09.jpg\" \/>\n\t<meta property=\"og:image:width\" content=\"1920\" \/>\n\t<meta property=\"og:image:height\" content=\"1200\" \/>\n\t<meta property=\"og:image:type\" content=\"image\/jpeg\" \/>\n<meta name=\"twitter:card\" content=\"summary_large_image\" \/>\n<script type=\"application\/ld+json\" class=\"yoast-schema-graph\">{\"@context\":\"https:\/\/schema.org\",\"@graph\":[{\"@type\":\"WebPage\",\"@id\":\"https:\/\/newmood.com.tr\/en\/leo-koltuk\/\",\"url\":\"https:\/\/newmood.com.tr\/en\/leo-koltuk\/\",\"name\":\"Leo Koltuk - Newmood\",\"isPartOf\":{\"@id\":\"https:\/\/newmood.com.tr\/en\/#website\"},\"primaryImageOfPage\":{\"@id\":\"https:\/\/newmood.com.tr\/en\/leo-koltuk\/#primaryimage\"},\"image\":{\"@id\":\"https:\/\/newmood.com.tr\/en\/leo-koltuk\/#primaryimage\"},\"thumbnailUrl\":\"https:\/\/newmood.com.tr\/wp-content\/uploads\/2024\/09\/leo-koltuk-takimi-040924-09.jpg\",\"datePublished\":\"2024-09-04T09:17:03+00:00\",\"dateModified\":\"2024-09-04T09:17:34+00:00\",\"breadcrumb\":{\"@id\":\"https:\/\/newmood.com.tr\/en\/leo-koltuk\/#breadcrumb\"},\"inLanguage\":\"en-US\",\"potentialAction\":[{\"@type\":\"ReadAction\",\"target\":[\"https:\/\/newmood.com.tr\/en\/leo-koltuk\/\"]}]},{\"@type\":\"ImageObject\",\"inLanguage\":\"en-US\",\"@id\":\"https:\/\/newmood.com.tr\/en\/leo-koltuk\/#primaryimage\",\"url\":\"https:\/\/newmood.com.tr\/wp-content\/uploads\/2024\/09\/leo-koltuk-takimi-040924-09.jpg\",\"contentUrl\":\"https:\/\/newmood.com.tr\/wp-content\/uploads\/2024\/09\/leo-koltuk-takimi-040924-09.jpg\",\"width\":1920,\"height\":1200},{\"@type\":\"BreadcrumbList\",\"@id\":\"https:\/\/newmood.com.tr\/en\/leo-koltuk\/#breadcrumb\",\"itemListElement\":[{\"@type\":\"ListItem\",\"position\":1,\"name\":\"Anasayfa\",\"item\":\"https:\/\/newmood.com.tr\/\"},{\"@type\":\"ListItem\",\"position\":2,\"name\":\"\u00dcr\u00fcnler\",\"item\":\"https:\/\/newmood.com.tr\/shop\/\"},{\"@type\":\"ListItem\",\"position\":3,\"name\":\"Leo Koltuk\"}]},{\"@type\":\"WebSite\",\"@id\":\"https:\/\/newmood.com.tr\/en\/#website\",\"url\":\"https:\/\/newmood.com.tr\/en\/\",\"name\":\"Newmood\",\"description\":\"\",\"potentialAction\":[{\"@type\":\"SearchAction\",\"target\":{\"@type\":\"EntryPoint\",\"urlTemplate\":\"https:\/\/newmood.com.tr\/en\/?s={search_term_string}\"},\"query-input\":{\"@type\":\"PropertyValueSpecification\",\"valueRequired\":true,\"valueName\":\"search_term_string\"}}],\"inLanguage\":\"en-US\"}]}<\/script>\n<!-- \/ Yoast SEO plugin. -->","yoast_head_json":{"title":"Leo Koltuk - Newmood","robots":{"index":"index","follow":"follow","max-snippet":"max-snippet:-1","max-image-preview":"max-image-preview:large","max-video-preview":"max-video-preview:-1"},"canonical":"https:\/\/newmood.com.tr\/en\/leo-koltuk\/","og_locale":"en_US","og_type":"article","og_title":"Leo Koltuk - Newmood","og_description":"Leo Koltuk, zamans\u0131z tasar\u0131m\u0131 ve \u00fcst\u00fcn konforu ile dikkat \u00e7eken bir par\u00e7a. Yumu\u015fak dokusu ve modern hatlar\u0131, hem \u015f\u0131kl\u0131k hem de rahatl\u0131k sunarak her ya\u015fam alan\u0131nda kolayca uyum sa\u011flar. Geni\u015f oturma alan\u0131 ve destekleyici s\u0131rt yap\u0131s\u0131, uzun s\u00fcreli rahat bir oturma deneyimi i\u00e7in tasarlanm\u0131\u015ft\u0131r. Estetik detaylarla zenginle\u015ftirilmi\u015f Leo Koltuk, modern ev dekorasyonunu tamamlayan zarif bir tercih sunar.","og_url":"https:\/\/newmood.com.tr\/en\/leo-koltuk\/","og_site_name":"Newmood","article_modified_time":"2024-09-04T09:17:34+00:00","og_image":[{"width":1920,"height":1200,"url":"https:\/\/newmood.com.tr\/wp-content\/uploads\/2024\/09\/leo-koltuk-takimi-040924-09.jpg","type":"image\/jpeg"}],"twitter_card":"summary_large_image","schema":{"@context":"https:\/\/schema.org","@graph":[{"@type":"WebPage","@id":"https:\/\/newmood.com.tr\/en\/leo-koltuk\/","url":"https:\/\/newmood.com.tr\/en\/leo-koltuk\/","name":"Leo Koltuk - Newmood","isPartOf":{"@id":"https:\/\/newmood.com.tr\/en\/#website"},"primaryImageOfPage":{"@id":"https:\/\/newmood.com.tr\/en\/leo-koltuk\/#primaryimage"},"image":{"@id":"https:\/\/newmood.com.tr\/en\/leo-koltuk\/#primaryimage"},"thumbnailUrl":"https:\/\/newmood.com.tr\/wp-content\/uploads\/2024\/09\/leo-koltuk-takimi-040924-09.jpg","datePublished":"2024-09-04T09:17:03+00:00","dateModified":"2024-09-04T09:17:34+00:00","breadcrumb":{"@id":"https:\/\/newmood.com.tr\/en\/leo-koltuk\/#breadcrumb"},"inLanguage":"en-US","potentialAction":[{"@type":"ReadAction","target":["https:\/\/newmood.com.tr\/en\/leo-koltuk\/"]}]},{"@type":"ImageObject","inLanguage":"en-US","@id":"https:\/\/newmood.com.tr\/en\/leo-koltuk\/#primaryimage","url":"https:\/\/newmood.com.tr\/wp-content\/uploads\/2024\/09\/leo-koltuk-takimi-040924-09.jpg","contentUrl":"https:\/\/newmood.com.tr\/wp-content\/uploads\/2024\/09\/leo-koltuk-takimi-040924-09.jpg","width":1920,"height":1200},{"@type":"BreadcrumbList","@id":"https:\/\/newmood.com.tr\/en\/leo-koltuk\/#breadcrumb","itemListElement":[{"@type":"ListItem","position":1,"name":"Anasayfa","item":"https:\/\/newmood.com.tr\/"},{"@type":"ListItem","position":2,"name":"\u00dcr\u00fcnler","item":"https:\/\/newmood.com.tr\/shop\/"},{"@type":"ListItem","position":3,"name":"Leo Koltuk"}]},{"@type":"WebSite","@id":"https:\/\/newmood.com.tr\/en\/#website","url":"https:\/\/newmood.com.tr\/en\/","name":"Newmood","description":"","potentialAction":[{"@type":"SearchAction","target":{"@type":"EntryPoint","urlTemplate":"https:\/\/newmood.com.tr\/en\/?s={search_term_string}"},"query-input":{"@type":"PropertyValueSpecification","valueRequired":true,"valueName":"search_term_string"}}],"inLanguage":"en-US"}]}},"_links":{"self":[{"href":"https:\/\/newmood.com.tr\/en\/wp-json\/wp\/v2\/product\/241"}],"collection":[{"href":"https:\/\/newmood.com.tr\/en\/wp-json\/wp\/v2\/product"}],"about":[{"href":"https:\/\/newmood.com.tr\/en\/wp-json\/wp\/v2\/types\/product"}],"replies":[{"embeddable":true,"href":"https:\/\/newmood.com.tr\/en\/wp-json\/wp\/v2\/comments?post=241"}],"wp:featuredmedia":[{"embeddable":true,"href":"https:\/\/newmood.com.tr\/en\/wp-json\/wp\/v2\/media\/226"}],"wp:attachment":[{"href":"https:\/\/newmood.com.tr\/en\/wp-json\/wp\/v2\/media?parent=241"}],"wp:term":[{"taxonomy":"product_brand","embeddable":true,"href":"https:\/\/newmood.com.tr\/en\/wp-json\/wp\/v2\/product_brand?post=241"},{"taxonomy":"product_cat","embeddable":true,"href":"https:\/\/newmood.com.tr\/en\/wp-json\/wp\/v2\/product_cat?post=241"},{"taxonomy":"product_tag","embeddable":true,"href":"https:\/\/newmood.com.tr\/en\/wp-json\/wp\/v2\/product_tag?post=241"}],"curies":[{"name":"wp","href":"https:\/\/api.w.org\/{rel}","templated":true}]}}