{"id":2335,"date":"2025-04-17T14:35:31","date_gmt":"2025-04-17T14:35:31","guid":{"rendered":"https:\/\/newmood.com.tr\/?post_type=product&#038;p=2335"},"modified":"2025-04-17T14:35:31","modified_gmt":"2025-04-17T14:35:31","slug":"larissa-orta-sehpa-v2","status":"publish","type":"product","link":"https:\/\/newmood.com.tr\/en\/larissa-orta-sehpa-v2\/","title":{"rendered":"Larissa Coffee Table V2"},"content":{"rendered":"","protected":false},"excerpt":{"rendered":"<p>Larissa Orta Sehpa V2, modern tasar\u0131m anlay\u0131\u015f\u0131yla fonksiyonelli\u011fi bulu\u015fturarak ya\u015fam alanlar\u0131n\u0131za zarif bir dokunu\u015f kat\u0131yor. Geni\u015f ve kullan\u0131\u015fl\u0131 y\u00fczeyi, dekoratif objeleriniz ve g\u00fcnl\u00fck e\u015fyalar\u0131n\u0131z i\u00e7in ideal bir alan sunarken, \u015f\u0131k detaylar\u0131yla salon dekorasyonunu tamamlay\u0131c\u0131 bir rol \u00fcstleniyor.<\/p>","protected":false},"featured_media":2330,"comment_status":"open","ping_status":"closed","template":"","meta":[],"product_brand":[],"product_cat":[22,26],"product_tag":[],"class_list":{"0":"post-2335","1":"product","2":"type-product","3":"status-publish","4":"has-post-thumbnail","6":"product_cat-sehpalar","7":"product_cat-tamamlayicilar","9":"first","10":"instock","11":"shipping-taxable","12":"product-type-simple"},"yoast_head":"<!-- This site is optimized with the Yoast SEO plugin v24.9 - https:\/\/yoast.com\/wordpress\/plugins\/seo\/ -->\n<title>Larissa Orta Sehpa V2 - Newmood<\/title>\n<meta name=\"robots\" content=\"index, follow, max-snippet:-1, max-image-preview:large, max-video-preview:-1\" \/>\n<link rel=\"canonical\" href=\"https:\/\/newmood.com.tr\/en\/larissa-orta-sehpa-v2\/\" \/>\n<meta property=\"og:locale\" content=\"en_US\" \/>\n<meta property=\"og:type\" content=\"article\" \/>\n<meta property=\"og:title\" content=\"Larissa Orta Sehpa V2 - Newmood\" \/>\n<meta property=\"og:description\" content=\"Larissa Orta Sehpa V2, modern tasar\u0131m anlay\u0131\u015f\u0131yla fonksiyonelli\u011fi bulu\u015fturarak ya\u015fam alanlar\u0131n\u0131za zarif bir dokunu\u015f kat\u0131yor. Geni\u015f ve kullan\u0131\u015fl\u0131 y\u00fczeyi, dekoratif objeleriniz ve g\u00fcnl\u00fck e\u015fyalar\u0131n\u0131z i\u00e7in ideal bir alan sunarken, \u015f\u0131k detaylar\u0131yla salon dekorasyonunu tamamlay\u0131c\u0131 bir rol \u00fcstleniyor.\" \/>\n<meta property=\"og:url\" content=\"https:\/\/newmood.com.tr\/en\/larissa-orta-sehpa-v2\/\" \/>\n<meta property=\"og:site_name\" content=\"Newmood\" \/>\n<meta property=\"og:image\" content=\"https:\/\/newmood.com.tr\/wp-content\/uploads\/2025\/04\/larissa-vol2-kose-takimi-170425-39.jpg\" \/>\n\t<meta property=\"og:image:width\" content=\"1920\" \/>\n\t<meta property=\"og:image:height\" content=\"1200\" \/>\n\t<meta property=\"og:image:type\" content=\"image\/jpeg\" \/>\n<meta name=\"twitter:card\" content=\"summary_large_image\" \/>\n<meta name=\"twitter:label1\" content=\"Est. reading time\" \/>\n\t<meta name=\"twitter:data1\" content=\"1 minute\" \/>\n<script type=\"application\/ld+json\" class=\"yoast-schema-graph\">{\"@context\":\"https:\/\/schema.org\",\"@graph\":[{\"@type\":\"WebPage\",\"@id\":\"https:\/\/newmood.com.tr\/en\/larissa-orta-sehpa-v2\/\",\"url\":\"https:\/\/newmood.com.tr\/en\/larissa-orta-sehpa-v2\/\",\"name\":\"Larissa Orta Sehpa V2 - Newmood\",\"isPartOf\":{\"@id\":\"https:\/\/newmood.com.tr\/en\/#website\"},\"primaryImageOfPage\":{\"@id\":\"https:\/\/newmood.com.tr\/en\/larissa-orta-sehpa-v2\/#primaryimage\"},\"image\":{\"@id\":\"https:\/\/newmood.com.tr\/en\/larissa-orta-sehpa-v2\/#primaryimage\"},\"thumbnailUrl\":\"https:\/\/newmood.com.tr\/wp-content\/uploads\/2025\/04\/larissa-vol2-kose-takimi-170425-39.jpg\",\"datePublished\":\"2025-04-17T14:35:31+00:00\",\"breadcrumb\":{\"@id\":\"https:\/\/newmood.com.tr\/en\/larissa-orta-sehpa-v2\/#breadcrumb\"},\"inLanguage\":\"en-US\",\"potentialAction\":[{\"@type\":\"ReadAction\",\"target\":[\"https:\/\/newmood.com.tr\/en\/larissa-orta-sehpa-v2\/\"]}]},{\"@type\":\"ImageObject\",\"inLanguage\":\"en-US\",\"@id\":\"https:\/\/newmood.com.tr\/en\/larissa-orta-sehpa-v2\/#primaryimage\",\"url\":\"https:\/\/newmood.com.tr\/wp-content\/uploads\/2025\/04\/larissa-vol2-kose-takimi-170425-39.jpg\",\"contentUrl\":\"https:\/\/newmood.com.tr\/wp-content\/uploads\/2025\/04\/larissa-vol2-kose-takimi-170425-39.jpg\",\"width\":1920,\"height\":1200},{\"@type\":\"BreadcrumbList\",\"@id\":\"https:\/\/newmood.com.tr\/en\/larissa-orta-sehpa-v2\/#breadcrumb\",\"itemListElement\":[{\"@type\":\"ListItem\",\"position\":1,\"name\":\"Anasayfa\",\"item\":\"https:\/\/newmood.com.tr\/\"},{\"@type\":\"ListItem\",\"position\":2,\"name\":\"\u00dcr\u00fcnler\",\"item\":\"https:\/\/newmood.com.tr\/shop\/\"},{\"@type\":\"ListItem\",\"position\":3,\"name\":\"Larissa Orta Sehpa V2\"}]},{\"@type\":\"WebSite\",\"@id\":\"https:\/\/newmood.com.tr\/en\/#website\",\"url\":\"https:\/\/newmood.com.tr\/en\/\",\"name\":\"Newmood\",\"description\":\"\",\"potentialAction\":[{\"@type\":\"SearchAction\",\"target\":{\"@type\":\"EntryPoint\",\"urlTemplate\":\"https:\/\/newmood.com.tr\/en\/?s={search_term_string}\"},\"query-input\":{\"@type\":\"PropertyValueSpecification\",\"valueRequired\":true,\"valueName\":\"search_term_string\"}}],\"inLanguage\":\"en-US\"}]}<\/script>\n<!-- \/ Yoast SEO plugin. -->","yoast_head_json":{"title":"Larissa Orta Sehpa V2 - Newmood","robots":{"index":"index","follow":"follow","max-snippet":"max-snippet:-1","max-image-preview":"max-image-preview:large","max-video-preview":"max-video-preview:-1"},"canonical":"https:\/\/newmood.com.tr\/en\/larissa-orta-sehpa-v2\/","og_locale":"en_US","og_type":"article","og_title":"Larissa Orta Sehpa V2 - Newmood","og_description":"Larissa Orta Sehpa V2, modern tasar\u0131m anlay\u0131\u015f\u0131yla fonksiyonelli\u011fi bulu\u015fturarak ya\u015fam alanlar\u0131n\u0131za zarif bir dokunu\u015f kat\u0131yor. Geni\u015f ve kullan\u0131\u015fl\u0131 y\u00fczeyi, dekoratif objeleriniz ve g\u00fcnl\u00fck e\u015fyalar\u0131n\u0131z i\u00e7in ideal bir alan sunarken, \u015f\u0131k detaylar\u0131yla salon dekorasyonunu tamamlay\u0131c\u0131 bir rol \u00fcstleniyor.","og_url":"https:\/\/newmood.com.tr\/en\/larissa-orta-sehpa-v2\/","og_site_name":"Newmood","og_image":[{"width":1920,"height":1200,"url":"https:\/\/newmood.com.tr\/wp-content\/uploads\/2025\/04\/larissa-vol2-kose-takimi-170425-39.jpg","type":"image\/jpeg"}],"twitter_card":"summary_large_image","twitter_misc":{"Est. reading time":"1 minute"},"schema":{"@context":"https:\/\/schema.org","@graph":[{"@type":"WebPage","@id":"https:\/\/newmood.com.tr\/en\/larissa-orta-sehpa-v2\/","url":"https:\/\/newmood.com.tr\/en\/larissa-orta-sehpa-v2\/","name":"Larissa Orta Sehpa V2 - Newmood","isPartOf":{"@id":"https:\/\/newmood.com.tr\/en\/#website"},"primaryImageOfPage":{"@id":"https:\/\/newmood.com.tr\/en\/larissa-orta-sehpa-v2\/#primaryimage"},"image":{"@id":"https:\/\/newmood.com.tr\/en\/larissa-orta-sehpa-v2\/#primaryimage"},"thumbnailUrl":"https:\/\/newmood.com.tr\/wp-content\/uploads\/2025\/04\/larissa-vol2-kose-takimi-170425-39.jpg","datePublished":"2025-04-17T14:35:31+00:00","breadcrumb":{"@id":"https:\/\/newmood.com.tr\/en\/larissa-orta-sehpa-v2\/#breadcrumb"},"inLanguage":"en-US","potentialAction":[{"@type":"ReadAction","target":["https:\/\/newmood.com.tr\/en\/larissa-orta-sehpa-v2\/"]}]},{"@type":"ImageObject","inLanguage":"en-US","@id":"https:\/\/newmood.com.tr\/en\/larissa-orta-sehpa-v2\/#primaryimage","url":"https:\/\/newmood.com.tr\/wp-content\/uploads\/2025\/04\/larissa-vol2-kose-takimi-170425-39.jpg","contentUrl":"https:\/\/newmood.com.tr\/wp-content\/uploads\/2025\/04\/larissa-vol2-kose-takimi-170425-39.jpg","width":1920,"height":1200},{"@type":"BreadcrumbList","@id":"https:\/\/newmood.com.tr\/en\/larissa-orta-sehpa-v2\/#breadcrumb","itemListElement":[{"@type":"ListItem","position":1,"name":"Anasayfa","item":"https:\/\/newmood.com.tr\/"},{"@type":"ListItem","position":2,"name":"\u00dcr\u00fcnler","item":"https:\/\/newmood.com.tr\/shop\/"},{"@type":"ListItem","position":3,"name":"Larissa Orta Sehpa V2"}]},{"@type":"WebSite","@id":"https:\/\/newmood.com.tr\/en\/#website","url":"https:\/\/newmood.com.tr\/en\/","name":"Newmood","description":"","potentialAction":[{"@type":"SearchAction","target":{"@type":"EntryPoint","urlTemplate":"https:\/\/newmood.com.tr\/en\/?s={search_term_string}"},"query-input":{"@type":"PropertyValueSpecification","valueRequired":true,"valueName":"search_term_string"}}],"inLanguage":"en-US"}]}},"_links":{"self":[{"href":"https:\/\/newmood.com.tr\/en\/wp-json\/wp\/v2\/product\/2335"}],"collection":[{"href":"https:\/\/newmood.com.tr\/en\/wp-json\/wp\/v2\/product"}],"about":[{"href":"https:\/\/newmood.com.tr\/en\/wp-json\/wp\/v2\/types\/product"}],"replies":[{"embeddable":true,"href":"https:\/\/newmood.com.tr\/en\/wp-json\/wp\/v2\/comments?post=2335"}],"wp:featuredmedia":[{"embeddable":true,"href":"https:\/\/newmood.com.tr\/en\/wp-json\/wp\/v2\/media\/2330"}],"wp:attachment":[{"href":"https:\/\/newmood.com.tr\/en\/wp-json\/wp\/v2\/media?parent=2335"}],"wp:term":[{"taxonomy":"product_brand","embeddable":true,"href":"https:\/\/newmood.com.tr\/en\/wp-json\/wp\/v2\/product_brand?post=2335"},{"taxonomy":"product_cat","embeddable":true,"href":"https:\/\/newmood.com.tr\/en\/wp-json\/wp\/v2\/product_cat?post=2335"},{"taxonomy":"product_tag","embeddable":true,"href":"https:\/\/newmood.com.tr\/en\/wp-json\/wp\/v2\/product_tag?post=2335"}],"curies":[{"name":"wp","href":"https:\/\/api.w.org\/{rel}","templated":true}]}}