{"id":2334,"date":"2025-04-17T14:32:57","date_gmt":"2025-04-17T14:32:57","guid":{"rendered":"https:\/\/newmood.com.tr\/?post_type=product&#038;p=2334"},"modified":"2025-04-17T14:32:57","modified_gmt":"2025-04-17T14:32:57","slug":"larissa-berjer-v2","status":"publish","type":"product","link":"https:\/\/newmood.com.tr\/en\/larissa-berjer-v2\/","title":{"rendered":"Larissa Armchair V2"},"content":{"rendered":"","protected":false},"excerpt":{"rendered":"<p>Larissa Berjer V2, modern tasar\u0131m\u0131 ve zarif detaylar\u0131yla ya\u015fam alanlar\u0131n\u0131za sofistike bir dokunu\u015f kat\u0131yor. Geni\u015f ve konforlu oturumu, ergonomik s\u0131rt yap\u0131s\u0131 ve yumu\u015fak d\u00f6\u015femesi sayesinde dinlenme anlar\u0131n\u0131z\u0131 keyifli hale getiriyor. G\u00fcncellenmi\u015f tasar\u0131m\u0131yla dikkat \u00e7eken V2 modeli, hem estetik hem de fonksiyonel bir deneyim sunarken, bulundu\u011fu ortama \u015f\u0131kl\u0131k ve denge kazand\u0131r\u0131r.<\/p>","protected":false},"featured_media":2313,"comment_status":"open","ping_status":"closed","template":"","meta":[],"product_brand":[],"product_cat":[19],"product_tag":[],"class_list":{"0":"post-2334","1":"product","2":"type-product","3":"status-publish","4":"has-post-thumbnail","6":"product_cat-berjerler","8":"first","9":"instock","10":"shipping-taxable","11":"product-type-simple"},"yoast_head":"<!-- This site is optimized with the Yoast SEO plugin v24.9 - https:\/\/yoast.com\/wordpress\/plugins\/seo\/ -->\n<title>Larissa Berjer V2 - Newmood<\/title>\n<meta name=\"robots\" content=\"index, follow, max-snippet:-1, max-image-preview:large, max-video-preview:-1\" \/>\n<link rel=\"canonical\" href=\"https:\/\/newmood.com.tr\/en\/larissa-berjer-v2\/\" \/>\n<meta property=\"og:locale\" content=\"en_US\" \/>\n<meta property=\"og:type\" content=\"article\" \/>\n<meta property=\"og:title\" content=\"Larissa Berjer V2 - Newmood\" \/>\n<meta property=\"og:description\" content=\"Larissa Berjer V2, modern tasar\u0131m\u0131 ve zarif detaylar\u0131yla ya\u015fam alanlar\u0131n\u0131za sofistike bir dokunu\u015f kat\u0131yor. Geni\u015f ve konforlu oturumu, ergonomik s\u0131rt yap\u0131s\u0131 ve yumu\u015fak d\u00f6\u015femesi sayesinde dinlenme anlar\u0131n\u0131z\u0131 keyifli hale getiriyor. G\u00fcncellenmi\u015f tasar\u0131m\u0131yla dikkat \u00e7eken V2 modeli, hem estetik hem de fonksiyonel bir deneyim sunarken, bulundu\u011fu ortama \u015f\u0131kl\u0131k ve denge kazand\u0131r\u0131r.\" \/>\n<meta property=\"og:url\" content=\"https:\/\/newmood.com.tr\/en\/larissa-berjer-v2\/\" \/>\n<meta property=\"og:site_name\" content=\"Newmood\" \/>\n<meta property=\"og:image\" content=\"https:\/\/newmood.com.tr\/wp-content\/uploads\/2025\/04\/larissa-vol2-kose-takimi-170425-22.jpg\" \/>\n\t<meta property=\"og:image:width\" content=\"1920\" \/>\n\t<meta property=\"og:image:height\" content=\"1200\" \/>\n\t<meta property=\"og:image:type\" content=\"image\/jpeg\" \/>\n<meta name=\"twitter:card\" content=\"summary_large_image\" \/>\n<meta name=\"twitter:label1\" content=\"Est. reading time\" \/>\n\t<meta name=\"twitter:data1\" content=\"1 minute\" \/>\n<script type=\"application\/ld+json\" class=\"yoast-schema-graph\">{\"@context\":\"https:\/\/schema.org\",\"@graph\":[{\"@type\":\"WebPage\",\"@id\":\"https:\/\/newmood.com.tr\/en\/larissa-berjer-v2\/\",\"url\":\"https:\/\/newmood.com.tr\/en\/larissa-berjer-v2\/\",\"name\":\"Larissa Berjer V2 - Newmood\",\"isPartOf\":{\"@id\":\"https:\/\/newmood.com.tr\/en\/#website\"},\"primaryImageOfPage\":{\"@id\":\"https:\/\/newmood.com.tr\/en\/larissa-berjer-v2\/#primaryimage\"},\"image\":{\"@id\":\"https:\/\/newmood.com.tr\/en\/larissa-berjer-v2\/#primaryimage\"},\"thumbnailUrl\":\"https:\/\/newmood.com.tr\/wp-content\/uploads\/2025\/04\/larissa-vol2-kose-takimi-170425-22.jpg\",\"datePublished\":\"2025-04-17T14:32:57+00:00\",\"breadcrumb\":{\"@id\":\"https:\/\/newmood.com.tr\/en\/larissa-berjer-v2\/#breadcrumb\"},\"inLanguage\":\"en-US\",\"potentialAction\":[{\"@type\":\"ReadAction\",\"target\":[\"https:\/\/newmood.com.tr\/en\/larissa-berjer-v2\/\"]}]},{\"@type\":\"ImageObject\",\"inLanguage\":\"en-US\",\"@id\":\"https:\/\/newmood.com.tr\/en\/larissa-berjer-v2\/#primaryimage\",\"url\":\"https:\/\/newmood.com.tr\/wp-content\/uploads\/2025\/04\/larissa-vol2-kose-takimi-170425-22.jpg\",\"contentUrl\":\"https:\/\/newmood.com.tr\/wp-content\/uploads\/2025\/04\/larissa-vol2-kose-takimi-170425-22.jpg\",\"width\":1920,\"height\":1200},{\"@type\":\"BreadcrumbList\",\"@id\":\"https:\/\/newmood.com.tr\/en\/larissa-berjer-v2\/#breadcrumb\",\"itemListElement\":[{\"@type\":\"ListItem\",\"position\":1,\"name\":\"Anasayfa\",\"item\":\"https:\/\/newmood.com.tr\/\"},{\"@type\":\"ListItem\",\"position\":2,\"name\":\"\u00dcr\u00fcnler\",\"item\":\"https:\/\/newmood.com.tr\/shop\/\"},{\"@type\":\"ListItem\",\"position\":3,\"name\":\"Larissa Berjer V2\"}]},{\"@type\":\"WebSite\",\"@id\":\"https:\/\/newmood.com.tr\/en\/#website\",\"url\":\"https:\/\/newmood.com.tr\/en\/\",\"name\":\"Newmood\",\"description\":\"\",\"potentialAction\":[{\"@type\":\"SearchAction\",\"target\":{\"@type\":\"EntryPoint\",\"urlTemplate\":\"https:\/\/newmood.com.tr\/en\/?s={search_term_string}\"},\"query-input\":{\"@type\":\"PropertyValueSpecification\",\"valueRequired\":true,\"valueName\":\"search_term_string\"}}],\"inLanguage\":\"en-US\"}]}<\/script>\n<!-- \/ Yoast SEO plugin. -->","yoast_head_json":{"title":"Larissa Berjer V2 - Newmood","robots":{"index":"index","follow":"follow","max-snippet":"max-snippet:-1","max-image-preview":"max-image-preview:large","max-video-preview":"max-video-preview:-1"},"canonical":"https:\/\/newmood.com.tr\/en\/larissa-berjer-v2\/","og_locale":"en_US","og_type":"article","og_title":"Larissa Berjer V2 - Newmood","og_description":"Larissa Berjer V2, modern tasar\u0131m\u0131 ve zarif detaylar\u0131yla ya\u015fam alanlar\u0131n\u0131za sofistike bir dokunu\u015f kat\u0131yor. Geni\u015f ve konforlu oturumu, ergonomik s\u0131rt yap\u0131s\u0131 ve yumu\u015fak d\u00f6\u015femesi sayesinde dinlenme anlar\u0131n\u0131z\u0131 keyifli hale getiriyor. G\u00fcncellenmi\u015f tasar\u0131m\u0131yla dikkat \u00e7eken V2 modeli, hem estetik hem de fonksiyonel bir deneyim sunarken, bulundu\u011fu ortama \u015f\u0131kl\u0131k ve denge kazand\u0131r\u0131r.","og_url":"https:\/\/newmood.com.tr\/en\/larissa-berjer-v2\/","og_site_name":"Newmood","og_image":[{"width":1920,"height":1200,"url":"https:\/\/newmood.com.tr\/wp-content\/uploads\/2025\/04\/larissa-vol2-kose-takimi-170425-22.jpg","type":"image\/jpeg"}],"twitter_card":"summary_large_image","twitter_misc":{"Est. reading time":"1 minute"},"schema":{"@context":"https:\/\/schema.org","@graph":[{"@type":"WebPage","@id":"https:\/\/newmood.com.tr\/en\/larissa-berjer-v2\/","url":"https:\/\/newmood.com.tr\/en\/larissa-berjer-v2\/","name":"Larissa Berjer V2 - Newmood","isPartOf":{"@id":"https:\/\/newmood.com.tr\/en\/#website"},"primaryImageOfPage":{"@id":"https:\/\/newmood.com.tr\/en\/larissa-berjer-v2\/#primaryimage"},"image":{"@id":"https:\/\/newmood.com.tr\/en\/larissa-berjer-v2\/#primaryimage"},"thumbnailUrl":"https:\/\/newmood.com.tr\/wp-content\/uploads\/2025\/04\/larissa-vol2-kose-takimi-170425-22.jpg","datePublished":"2025-04-17T14:32:57+00:00","breadcrumb":{"@id":"https:\/\/newmood.com.tr\/en\/larissa-berjer-v2\/#breadcrumb"},"inLanguage":"en-US","potentialAction":[{"@type":"ReadAction","target":["https:\/\/newmood.com.tr\/en\/larissa-berjer-v2\/"]}]},{"@type":"ImageObject","inLanguage":"en-US","@id":"https:\/\/newmood.com.tr\/en\/larissa-berjer-v2\/#primaryimage","url":"https:\/\/newmood.com.tr\/wp-content\/uploads\/2025\/04\/larissa-vol2-kose-takimi-170425-22.jpg","contentUrl":"https:\/\/newmood.com.tr\/wp-content\/uploads\/2025\/04\/larissa-vol2-kose-takimi-170425-22.jpg","width":1920,"height":1200},{"@type":"BreadcrumbList","@id":"https:\/\/newmood.com.tr\/en\/larissa-berjer-v2\/#breadcrumb","itemListElement":[{"@type":"ListItem","position":1,"name":"Anasayfa","item":"https:\/\/newmood.com.tr\/"},{"@type":"ListItem","position":2,"name":"\u00dcr\u00fcnler","item":"https:\/\/newmood.com.tr\/shop\/"},{"@type":"ListItem","position":3,"name":"Larissa Berjer V2"}]},{"@type":"WebSite","@id":"https:\/\/newmood.com.tr\/en\/#website","url":"https:\/\/newmood.com.tr\/en\/","name":"Newmood","description":"","potentialAction":[{"@type":"SearchAction","target":{"@type":"EntryPoint","urlTemplate":"https:\/\/newmood.com.tr\/en\/?s={search_term_string}"},"query-input":{"@type":"PropertyValueSpecification","valueRequired":true,"valueName":"search_term_string"}}],"inLanguage":"en-US"}]}},"_links":{"self":[{"href":"https:\/\/newmood.com.tr\/en\/wp-json\/wp\/v2\/product\/2334"}],"collection":[{"href":"https:\/\/newmood.com.tr\/en\/wp-json\/wp\/v2\/product"}],"about":[{"href":"https:\/\/newmood.com.tr\/en\/wp-json\/wp\/v2\/types\/product"}],"replies":[{"embeddable":true,"href":"https:\/\/newmood.com.tr\/en\/wp-json\/wp\/v2\/comments?post=2334"}],"wp:featuredmedia":[{"embeddable":true,"href":"https:\/\/newmood.com.tr\/en\/wp-json\/wp\/v2\/media\/2313"}],"wp:attachment":[{"href":"https:\/\/newmood.com.tr\/en\/wp-json\/wp\/v2\/media?parent=2334"}],"wp:term":[{"taxonomy":"product_brand","embeddable":true,"href":"https:\/\/newmood.com.tr\/en\/wp-json\/wp\/v2\/product_brand?post=2334"},{"taxonomy":"product_cat","embeddable":true,"href":"https:\/\/newmood.com.tr\/en\/wp-json\/wp\/v2\/product_cat?post=2334"},{"taxonomy":"product_tag","embeddable":true,"href":"https:\/\/newmood.com.tr\/en\/wp-json\/wp\/v2\/product_tag?post=2334"}],"curies":[{"name":"wp","href":"https:\/\/api.w.org\/{rel}","templated":true}]}}