{"id":2333,"date":"2025-04-17T14:25:51","date_gmt":"2025-04-17T14:25:51","guid":{"rendered":"https:\/\/newmood.com.tr\/?post_type=product&#038;p=2333"},"modified":"2025-04-17T14:25:52","modified_gmt":"2025-04-17T14:25:52","slug":"larissa-kose-koltuk-v2","status":"publish","type":"product","link":"https:\/\/newmood.com.tr\/en\/larissa-kose-koltuk-v2\/","title":{"rendered":"Larissa Corner Sofa V2"},"content":{"rendered":"","protected":false},"excerpt":{"rendered":"<p>Larissa Corner Sofa V2 brings elegance and functionality to your living spaces with its modern lines and comfortable structure. It offers a comfortable resting experience at any time of the day thanks to its wide seating area, ergonomic back structure and soft upholstery.<\/p>","protected":false},"featured_media":2321,"comment_status":"open","ping_status":"closed","template":"","meta":[],"product_brand":[],"product_cat":[39],"product_tag":[],"class_list":{"0":"post-2333","1":"product","2":"type-product","3":"status-publish","4":"has-post-thumbnail","6":"product_cat-kose-koltuklar","8":"first","9":"instock","10":"shipping-taxable","11":"product-type-simple"},"yoast_head":"<!-- This site is optimized with the Yoast SEO plugin v24.9 - https:\/\/yoast.com\/wordpress\/plugins\/seo\/ -->\n<title>Larissa K\u00f6\u015fe Koltuk V2 - Newmood<\/title>\n<meta name=\"robots\" content=\"index, follow, max-snippet:-1, max-image-preview:large, max-video-preview:-1\" \/>\n<link rel=\"canonical\" href=\"https:\/\/newmood.com.tr\/en\/larissa-kose-koltuk-v2\/\" \/>\n<meta property=\"og:locale\" content=\"en_US\" \/>\n<meta property=\"og:type\" content=\"article\" \/>\n<meta property=\"og:title\" content=\"Larissa K\u00f6\u015fe Koltuk V2 - Newmood\" \/>\n<meta property=\"og:description\" content=\"Larissa K\u00f6\u015fe Koltuk V2, modern \u00e7izgileri ve konforlu yap\u0131s\u0131yla ya\u015fam alanlar\u0131n\u0131za \u015f\u0131kl\u0131k ve i\u015flevsellik kazand\u0131r\u0131yor. Geni\u015f oturum alan\u0131, ergonomik s\u0131rt yap\u0131s\u0131 ve yumu\u015fak d\u00f6\u015femesi sayesinde g\u00fcn\u00fcn her an\u0131nda rahat bir dinlenme deneyimi sunar.\" \/>\n<meta property=\"og:url\" content=\"https:\/\/newmood.com.tr\/en\/larissa-kose-koltuk-v2\/\" \/>\n<meta property=\"og:site_name\" content=\"Newmood\" \/>\n<meta property=\"article:modified_time\" content=\"2025-04-17T14:25:52+00:00\" \/>\n<meta property=\"og:image\" content=\"https:\/\/newmood.com.tr\/wp-content\/uploads\/2025\/04\/larissa-vol2-kose-takimi-170425-30.jpg\" \/>\n\t<meta property=\"og:image:width\" content=\"1920\" \/>\n\t<meta property=\"og:image:height\" content=\"1200\" \/>\n\t<meta property=\"og:image:type\" content=\"image\/jpeg\" \/>\n<meta name=\"twitter:card\" content=\"summary_large_image\" \/>\n<meta name=\"twitter:label1\" content=\"Est. reading time\" \/>\n\t<meta name=\"twitter:data1\" content=\"1 minute\" \/>\n<script type=\"application\/ld+json\" class=\"yoast-schema-graph\">{\"@context\":\"https:\/\/schema.org\",\"@graph\":[{\"@type\":\"WebPage\",\"@id\":\"https:\/\/newmood.com.tr\/en\/larissa-kose-koltuk-v2\/\",\"url\":\"https:\/\/newmood.com.tr\/en\/larissa-kose-koltuk-v2\/\",\"name\":\"Larissa K\u00f6\u015fe Koltuk V2 - Newmood\",\"isPartOf\":{\"@id\":\"https:\/\/newmood.com.tr\/en\/#website\"},\"primaryImageOfPage\":{\"@id\":\"https:\/\/newmood.com.tr\/en\/larissa-kose-koltuk-v2\/#primaryimage\"},\"image\":{\"@id\":\"https:\/\/newmood.com.tr\/en\/larissa-kose-koltuk-v2\/#primaryimage\"},\"thumbnailUrl\":\"https:\/\/newmood.com.tr\/wp-content\/uploads\/2025\/04\/larissa-vol2-kose-takimi-170425-30.jpg\",\"datePublished\":\"2025-04-17T14:25:51+00:00\",\"dateModified\":\"2025-04-17T14:25:52+00:00\",\"breadcrumb\":{\"@id\":\"https:\/\/newmood.com.tr\/en\/larissa-kose-koltuk-v2\/#breadcrumb\"},\"inLanguage\":\"en-US\",\"potentialAction\":[{\"@type\":\"ReadAction\",\"target\":[\"https:\/\/newmood.com.tr\/en\/larissa-kose-koltuk-v2\/\"]}]},{\"@type\":\"ImageObject\",\"inLanguage\":\"en-US\",\"@id\":\"https:\/\/newmood.com.tr\/en\/larissa-kose-koltuk-v2\/#primaryimage\",\"url\":\"https:\/\/newmood.com.tr\/wp-content\/uploads\/2025\/04\/larissa-vol2-kose-takimi-170425-30.jpg\",\"contentUrl\":\"https:\/\/newmood.com.tr\/wp-content\/uploads\/2025\/04\/larissa-vol2-kose-takimi-170425-30.jpg\",\"width\":1920,\"height\":1200},{\"@type\":\"BreadcrumbList\",\"@id\":\"https:\/\/newmood.com.tr\/en\/larissa-kose-koltuk-v2\/#breadcrumb\",\"itemListElement\":[{\"@type\":\"ListItem\",\"position\":1,\"name\":\"Anasayfa\",\"item\":\"https:\/\/newmood.com.tr\/\"},{\"@type\":\"ListItem\",\"position\":2,\"name\":\"\u00dcr\u00fcnler\",\"item\":\"https:\/\/newmood.com.tr\/shop\/\"},{\"@type\":\"ListItem\",\"position\":3,\"name\":\"Larissa K\u00f6\u015fe Koltuk V2\"}]},{\"@type\":\"WebSite\",\"@id\":\"https:\/\/newmood.com.tr\/en\/#website\",\"url\":\"https:\/\/newmood.com.tr\/en\/\",\"name\":\"Newmood\",\"description\":\"\",\"potentialAction\":[{\"@type\":\"SearchAction\",\"target\":{\"@type\":\"EntryPoint\",\"urlTemplate\":\"https:\/\/newmood.com.tr\/en\/?s={search_term_string}\"},\"query-input\":{\"@type\":\"PropertyValueSpecification\",\"valueRequired\":true,\"valueName\":\"search_term_string\"}}],\"inLanguage\":\"en-US\"}]}<\/script>\n<!-- \/ Yoast SEO plugin. -->","yoast_head_json":{"title":"Larissa K\u00f6\u015fe Koltuk V2 - Newmood","robots":{"index":"index","follow":"follow","max-snippet":"max-snippet:-1","max-image-preview":"max-image-preview:large","max-video-preview":"max-video-preview:-1"},"canonical":"https:\/\/newmood.com.tr\/en\/larissa-kose-koltuk-v2\/","og_locale":"en_US","og_type":"article","og_title":"Larissa K\u00f6\u015fe Koltuk V2 - Newmood","og_description":"Larissa K\u00f6\u015fe Koltuk V2, modern \u00e7izgileri ve konforlu yap\u0131s\u0131yla ya\u015fam alanlar\u0131n\u0131za \u015f\u0131kl\u0131k ve i\u015flevsellik kazand\u0131r\u0131yor. Geni\u015f oturum alan\u0131, ergonomik s\u0131rt yap\u0131s\u0131 ve yumu\u015fak d\u00f6\u015femesi sayesinde g\u00fcn\u00fcn her an\u0131nda rahat bir dinlenme deneyimi sunar.","og_url":"https:\/\/newmood.com.tr\/en\/larissa-kose-koltuk-v2\/","og_site_name":"Newmood","article_modified_time":"2025-04-17T14:25:52+00:00","og_image":[{"width":1920,"height":1200,"url":"https:\/\/newmood.com.tr\/wp-content\/uploads\/2025\/04\/larissa-vol2-kose-takimi-170425-30.jpg","type":"image\/jpeg"}],"twitter_card":"summary_large_image","twitter_misc":{"Est. reading time":"1 minute"},"schema":{"@context":"https:\/\/schema.org","@graph":[{"@type":"WebPage","@id":"https:\/\/newmood.com.tr\/en\/larissa-kose-koltuk-v2\/","url":"https:\/\/newmood.com.tr\/en\/larissa-kose-koltuk-v2\/","name":"Larissa K\u00f6\u015fe Koltuk V2 - Newmood","isPartOf":{"@id":"https:\/\/newmood.com.tr\/en\/#website"},"primaryImageOfPage":{"@id":"https:\/\/newmood.com.tr\/en\/larissa-kose-koltuk-v2\/#primaryimage"},"image":{"@id":"https:\/\/newmood.com.tr\/en\/larissa-kose-koltuk-v2\/#primaryimage"},"thumbnailUrl":"https:\/\/newmood.com.tr\/wp-content\/uploads\/2025\/04\/larissa-vol2-kose-takimi-170425-30.jpg","datePublished":"2025-04-17T14:25:51+00:00","dateModified":"2025-04-17T14:25:52+00:00","breadcrumb":{"@id":"https:\/\/newmood.com.tr\/en\/larissa-kose-koltuk-v2\/#breadcrumb"},"inLanguage":"en-US","potentialAction":[{"@type":"ReadAction","target":["https:\/\/newmood.com.tr\/en\/larissa-kose-koltuk-v2\/"]}]},{"@type":"ImageObject","inLanguage":"en-US","@id":"https:\/\/newmood.com.tr\/en\/larissa-kose-koltuk-v2\/#primaryimage","url":"https:\/\/newmood.com.tr\/wp-content\/uploads\/2025\/04\/larissa-vol2-kose-takimi-170425-30.jpg","contentUrl":"https:\/\/newmood.com.tr\/wp-content\/uploads\/2025\/04\/larissa-vol2-kose-takimi-170425-30.jpg","width":1920,"height":1200},{"@type":"BreadcrumbList","@id":"https:\/\/newmood.com.tr\/en\/larissa-kose-koltuk-v2\/#breadcrumb","itemListElement":[{"@type":"ListItem","position":1,"name":"Anasayfa","item":"https:\/\/newmood.com.tr\/"},{"@type":"ListItem","position":2,"name":"\u00dcr\u00fcnler","item":"https:\/\/newmood.com.tr\/shop\/"},{"@type":"ListItem","position":3,"name":"Larissa K\u00f6\u015fe Koltuk V2"}]},{"@type":"WebSite","@id":"https:\/\/newmood.com.tr\/en\/#website","url":"https:\/\/newmood.com.tr\/en\/","name":"Newmood","description":"","potentialAction":[{"@type":"SearchAction","target":{"@type":"EntryPoint","urlTemplate":"https:\/\/newmood.com.tr\/en\/?s={search_term_string}"},"query-input":{"@type":"PropertyValueSpecification","valueRequired":true,"valueName":"search_term_string"}}],"inLanguage":"en-US"}]}},"_links":{"self":[{"href":"https:\/\/newmood.com.tr\/en\/wp-json\/wp\/v2\/product\/2333"}],"collection":[{"href":"https:\/\/newmood.com.tr\/en\/wp-json\/wp\/v2\/product"}],"about":[{"href":"https:\/\/newmood.com.tr\/en\/wp-json\/wp\/v2\/types\/product"}],"replies":[{"embeddable":true,"href":"https:\/\/newmood.com.tr\/en\/wp-json\/wp\/v2\/comments?post=2333"}],"wp:featuredmedia":[{"embeddable":true,"href":"https:\/\/newmood.com.tr\/en\/wp-json\/wp\/v2\/media\/2321"}],"wp:attachment":[{"href":"https:\/\/newmood.com.tr\/en\/wp-json\/wp\/v2\/media?parent=2333"}],"wp:term":[{"taxonomy":"product_brand","embeddable":true,"href":"https:\/\/newmood.com.tr\/en\/wp-json\/wp\/v2\/product_brand?post=2333"},{"taxonomy":"product_cat","embeddable":true,"href":"https:\/\/newmood.com.tr\/en\/wp-json\/wp\/v2\/product_cat?post=2333"},{"taxonomy":"product_tag","embeddable":true,"href":"https:\/\/newmood.com.tr\/en\/wp-json\/wp\/v2\/product_tag?post=2333"}],"curies":[{"name":"wp","href":"https:\/\/api.w.org\/{rel}","templated":true}]}}