{"id":2245,"date":"2025-04-17T14:01:55","date_gmt":"2025-04-17T14:01:55","guid":{"rendered":"https:\/\/newmood.com.tr\/?post_type=product&#038;p=2245"},"modified":"2025-04-17T14:01:56","modified_gmt":"2025-04-17T14:01:56","slug":"larissa-kose-takimi-v1","status":"publish","type":"product","link":"https:\/\/newmood.com.tr\/en\/larissa-kose-takimi-v1\/","title":{"rendered":"Larissa Corner Set V1"},"content":{"rendered":"","protected":false},"excerpt":{"rendered":"<p>Larissa Corner Set V1 brings a stylish and inviting atmosphere to your living spaces by bringing together modern aesthetics and comfort. With its soft-textured fabric, wide seating area and ergonomic structure, it offers high-level comfort both in daily use and when hosting guests. Enabling you to use the space efficiently thanks to its corner form, Larissa V1 adds a modern integrity to living room decoration with its simple lines and elegant details.<\/p>","protected":false},"featured_media":2246,"comment_status":"open","ping_status":"closed","template":"","meta":[],"product_brand":[],"product_cat":[38],"product_tag":[],"class_list":{"0":"post-2245","1":"product","2":"type-product","3":"status-publish","4":"has-post-thumbnail","6":"product_cat-kose-takimlari","8":"first","9":"instock","10":"shipping-taxable","11":"product-type-simple"},"yoast_head":"<!-- This site is optimized with the Yoast SEO plugin v24.9 - https:\/\/yoast.com\/wordpress\/plugins\/seo\/ -->\n<title>Larissa K\u00f6\u015fe Tak\u0131m\u0131 V1 - Newmood<\/title>\n<meta name=\"robots\" content=\"index, follow, max-snippet:-1, max-image-preview:large, max-video-preview:-1\" \/>\n<link rel=\"canonical\" href=\"https:\/\/newmood.com.tr\/en\/larissa-kose-takimi-v1\/\" \/>\n<meta property=\"og:locale\" content=\"en_US\" \/>\n<meta property=\"og:type\" content=\"article\" \/>\n<meta property=\"og:title\" content=\"Larissa K\u00f6\u015fe Tak\u0131m\u0131 V1 - Newmood\" \/>\n<meta property=\"og:description\" content=\"Larissa K\u00f6\u015fe Tak\u0131m\u0131 V1, modern estetikle konforu bir araya getirerek ya\u015fam alanlar\u0131n\u0131za \u015f\u0131k ve davetk\u00e2r bir atmosfer kazand\u0131r\u0131yor. Yumu\u015fak dokulu kuma\u015f\u0131, geni\u015f oturma alan\u0131 ve ergonomik yap\u0131s\u0131yla hem g\u00fcnl\u00fck kullan\u0131mda hem de misafir a\u011f\u0131rlarken \u00fcst d\u00fczey bir rahatl\u0131k sunar. K\u00f6\u015fe formu sayesinde alan\u0131 verimli kullanman\u0131z\u0131 sa\u011flayan Larissa V1, sade \u00e7izgileri ve zarif detaylar\u0131yla salon dekorasyonuna modern bir b\u00fct\u00fcnl\u00fck katar.\" \/>\n<meta property=\"og:url\" content=\"https:\/\/newmood.com.tr\/en\/larissa-kose-takimi-v1\/\" \/>\n<meta property=\"og:site_name\" content=\"Newmood\" \/>\n<meta property=\"article:modified_time\" content=\"2025-04-17T14:01:56+00:00\" \/>\n<meta property=\"og:image\" content=\"https:\/\/newmood.com.tr\/wp-content\/uploads\/2025\/04\/larissa-vol1-kose-takimi-170425-1.jpg\" \/>\n\t<meta property=\"og:image:width\" content=\"1920\" \/>\n\t<meta property=\"og:image:height\" content=\"1200\" \/>\n\t<meta property=\"og:image:type\" content=\"image\/jpeg\" \/>\n<meta name=\"twitter:card\" content=\"summary_large_image\" \/>\n<meta name=\"twitter:label1\" content=\"Est. reading time\" \/>\n\t<meta name=\"twitter:data1\" content=\"1 minute\" \/>\n<script type=\"application\/ld+json\" class=\"yoast-schema-graph\">{\"@context\":\"https:\/\/schema.org\",\"@graph\":[{\"@type\":\"WebPage\",\"@id\":\"https:\/\/newmood.com.tr\/en\/larissa-kose-takimi-v1\/\",\"url\":\"https:\/\/newmood.com.tr\/en\/larissa-kose-takimi-v1\/\",\"name\":\"Larissa K\u00f6\u015fe Tak\u0131m\u0131 V1 - Newmood\",\"isPartOf\":{\"@id\":\"https:\/\/newmood.com.tr\/en\/#website\"},\"primaryImageOfPage\":{\"@id\":\"https:\/\/newmood.com.tr\/en\/larissa-kose-takimi-v1\/#primaryimage\"},\"image\":{\"@id\":\"https:\/\/newmood.com.tr\/en\/larissa-kose-takimi-v1\/#primaryimage\"},\"thumbnailUrl\":\"https:\/\/newmood.com.tr\/wp-content\/uploads\/2025\/04\/larissa-vol1-kose-takimi-170425-1.jpg\",\"datePublished\":\"2025-04-17T14:01:55+00:00\",\"dateModified\":\"2025-04-17T14:01:56+00:00\",\"breadcrumb\":{\"@id\":\"https:\/\/newmood.com.tr\/en\/larissa-kose-takimi-v1\/#breadcrumb\"},\"inLanguage\":\"en-US\",\"potentialAction\":[{\"@type\":\"ReadAction\",\"target\":[\"https:\/\/newmood.com.tr\/en\/larissa-kose-takimi-v1\/\"]}]},{\"@type\":\"ImageObject\",\"inLanguage\":\"en-US\",\"@id\":\"https:\/\/newmood.com.tr\/en\/larissa-kose-takimi-v1\/#primaryimage\",\"url\":\"https:\/\/newmood.com.tr\/wp-content\/uploads\/2025\/04\/larissa-vol1-kose-takimi-170425-1.jpg\",\"contentUrl\":\"https:\/\/newmood.com.tr\/wp-content\/uploads\/2025\/04\/larissa-vol1-kose-takimi-170425-1.jpg\",\"width\":1920,\"height\":1200},{\"@type\":\"BreadcrumbList\",\"@id\":\"https:\/\/newmood.com.tr\/en\/larissa-kose-takimi-v1\/#breadcrumb\",\"itemListElement\":[{\"@type\":\"ListItem\",\"position\":1,\"name\":\"Anasayfa\",\"item\":\"https:\/\/newmood.com.tr\/\"},{\"@type\":\"ListItem\",\"position\":2,\"name\":\"\u00dcr\u00fcnler\",\"item\":\"https:\/\/newmood.com.tr\/shop\/\"},{\"@type\":\"ListItem\",\"position\":3,\"name\":\"Larissa K\u00f6\u015fe Tak\u0131m\u0131 V1\"}]},{\"@type\":\"WebSite\",\"@id\":\"https:\/\/newmood.com.tr\/en\/#website\",\"url\":\"https:\/\/newmood.com.tr\/en\/\",\"name\":\"Newmood\",\"description\":\"\",\"potentialAction\":[{\"@type\":\"SearchAction\",\"target\":{\"@type\":\"EntryPoint\",\"urlTemplate\":\"https:\/\/newmood.com.tr\/en\/?s={search_term_string}\"},\"query-input\":{\"@type\":\"PropertyValueSpecification\",\"valueRequired\":true,\"valueName\":\"search_term_string\"}}],\"inLanguage\":\"en-US\"}]}<\/script>\n<!-- \/ Yoast SEO plugin. -->","yoast_head_json":{"title":"Larissa K\u00f6\u015fe Tak\u0131m\u0131 V1 - Newmood","robots":{"index":"index","follow":"follow","max-snippet":"max-snippet:-1","max-image-preview":"max-image-preview:large","max-video-preview":"max-video-preview:-1"},"canonical":"https:\/\/newmood.com.tr\/en\/larissa-kose-takimi-v1\/","og_locale":"en_US","og_type":"article","og_title":"Larissa K\u00f6\u015fe Tak\u0131m\u0131 V1 - Newmood","og_description":"Larissa K\u00f6\u015fe Tak\u0131m\u0131 V1, modern estetikle konforu bir araya getirerek ya\u015fam alanlar\u0131n\u0131za \u015f\u0131k ve davetk\u00e2r bir atmosfer kazand\u0131r\u0131yor. Yumu\u015fak dokulu kuma\u015f\u0131, geni\u015f oturma alan\u0131 ve ergonomik yap\u0131s\u0131yla hem g\u00fcnl\u00fck kullan\u0131mda hem de misafir a\u011f\u0131rlarken \u00fcst d\u00fczey bir rahatl\u0131k sunar. K\u00f6\u015fe formu sayesinde alan\u0131 verimli kullanman\u0131z\u0131 sa\u011flayan Larissa V1, sade \u00e7izgileri ve zarif detaylar\u0131yla salon dekorasyonuna modern bir b\u00fct\u00fcnl\u00fck katar.","og_url":"https:\/\/newmood.com.tr\/en\/larissa-kose-takimi-v1\/","og_site_name":"Newmood","article_modified_time":"2025-04-17T14:01:56+00:00","og_image":[{"width":1920,"height":1200,"url":"https:\/\/newmood.com.tr\/wp-content\/uploads\/2025\/04\/larissa-vol1-kose-takimi-170425-1.jpg","type":"image\/jpeg"}],"twitter_card":"summary_large_image","twitter_misc":{"Est. reading time":"1 minute"},"schema":{"@context":"https:\/\/schema.org","@graph":[{"@type":"WebPage","@id":"https:\/\/newmood.com.tr\/en\/larissa-kose-takimi-v1\/","url":"https:\/\/newmood.com.tr\/en\/larissa-kose-takimi-v1\/","name":"Larissa K\u00f6\u015fe Tak\u0131m\u0131 V1 - Newmood","isPartOf":{"@id":"https:\/\/newmood.com.tr\/en\/#website"},"primaryImageOfPage":{"@id":"https:\/\/newmood.com.tr\/en\/larissa-kose-takimi-v1\/#primaryimage"},"image":{"@id":"https:\/\/newmood.com.tr\/en\/larissa-kose-takimi-v1\/#primaryimage"},"thumbnailUrl":"https:\/\/newmood.com.tr\/wp-content\/uploads\/2025\/04\/larissa-vol1-kose-takimi-170425-1.jpg","datePublished":"2025-04-17T14:01:55+00:00","dateModified":"2025-04-17T14:01:56+00:00","breadcrumb":{"@id":"https:\/\/newmood.com.tr\/en\/larissa-kose-takimi-v1\/#breadcrumb"},"inLanguage":"en-US","potentialAction":[{"@type":"ReadAction","target":["https:\/\/newmood.com.tr\/en\/larissa-kose-takimi-v1\/"]}]},{"@type":"ImageObject","inLanguage":"en-US","@id":"https:\/\/newmood.com.tr\/en\/larissa-kose-takimi-v1\/#primaryimage","url":"https:\/\/newmood.com.tr\/wp-content\/uploads\/2025\/04\/larissa-vol1-kose-takimi-170425-1.jpg","contentUrl":"https:\/\/newmood.com.tr\/wp-content\/uploads\/2025\/04\/larissa-vol1-kose-takimi-170425-1.jpg","width":1920,"height":1200},{"@type":"BreadcrumbList","@id":"https:\/\/newmood.com.tr\/en\/larissa-kose-takimi-v1\/#breadcrumb","itemListElement":[{"@type":"ListItem","position":1,"name":"Anasayfa","item":"https:\/\/newmood.com.tr\/"},{"@type":"ListItem","position":2,"name":"\u00dcr\u00fcnler","item":"https:\/\/newmood.com.tr\/shop\/"},{"@type":"ListItem","position":3,"name":"Larissa K\u00f6\u015fe Tak\u0131m\u0131 V1"}]},{"@type":"WebSite","@id":"https:\/\/newmood.com.tr\/en\/#website","url":"https:\/\/newmood.com.tr\/en\/","name":"Newmood","description":"","potentialAction":[{"@type":"SearchAction","target":{"@type":"EntryPoint","urlTemplate":"https:\/\/newmood.com.tr\/en\/?s={search_term_string}"},"query-input":{"@type":"PropertyValueSpecification","valueRequired":true,"valueName":"search_term_string"}}],"inLanguage":"en-US"}]}},"_links":{"self":[{"href":"https:\/\/newmood.com.tr\/en\/wp-json\/wp\/v2\/product\/2245"}],"collection":[{"href":"https:\/\/newmood.com.tr\/en\/wp-json\/wp\/v2\/product"}],"about":[{"href":"https:\/\/newmood.com.tr\/en\/wp-json\/wp\/v2\/types\/product"}],"replies":[{"embeddable":true,"href":"https:\/\/newmood.com.tr\/en\/wp-json\/wp\/v2\/comments?post=2245"}],"wp:featuredmedia":[{"embeddable":true,"href":"https:\/\/newmood.com.tr\/en\/wp-json\/wp\/v2\/media\/2246"}],"wp:attachment":[{"href":"https:\/\/newmood.com.tr\/en\/wp-json\/wp\/v2\/media?parent=2245"}],"wp:term":[{"taxonomy":"product_brand","embeddable":true,"href":"https:\/\/newmood.com.tr\/en\/wp-json\/wp\/v2\/product_brand?post=2245"},{"taxonomy":"product_cat","embeddable":true,"href":"https:\/\/newmood.com.tr\/en\/wp-json\/wp\/v2\/product_cat?post=2245"},{"taxonomy":"product_tag","embeddable":true,"href":"https:\/\/newmood.com.tr\/en\/wp-json\/wp\/v2\/product_tag?post=2245"}],"curies":[{"name":"wp","href":"https:\/\/api.w.org\/{rel}","templated":true}]}}