{"id":2222,"date":"2025-04-17T11:32:18","date_gmt":"2025-04-17T11:32:18","guid":{"rendered":"https:\/\/newmood.com.tr\/?post_type=product&#038;p=2222"},"modified":"2025-04-17T11:32:18","modified_gmt":"2025-04-17T11:32:18","slug":"nova-koltuk-takimi","status":"publish","type":"product","link":"https:\/\/newmood.com.tr\/en\/nova-sofa-set\/","title":{"rendered":"Nova Sofa Set"},"content":{"rendered":"","protected":false},"excerpt":{"rendered":"<p>Nova Sofa Set brings a modern touch to your living spaces with its elegant design and high comfort. Standing out with its simple lines, quality fabrics and stylish details, Nova transforms the atmosphere of your home by offering aesthetics and functionality together. Thanks to its wide seating areas and ergonomic structure, it offers ideal comfort for both daily use and hosting guests. <\/p>","protected":false},"featured_media":2223,"comment_status":"open","ping_status":"closed","template":"","meta":[],"product_brand":[],"product_cat":[33],"product_tag":[],"class_list":{"0":"post-2222","1":"product","2":"type-product","3":"status-publish","4":"has-post-thumbnail","6":"product_cat-koltuk-takimlari","8":"first","9":"instock","10":"shipping-taxable","11":"product-type-simple"},"yoast_head":"<!-- This site is optimized with the Yoast SEO plugin v24.9 - https:\/\/yoast.com\/wordpress\/plugins\/seo\/ -->\n<title>Nova Koltuk Tak\u0131m\u0131 - Newmood<\/title>\n<meta name=\"robots\" content=\"index, follow, max-snippet:-1, max-image-preview:large, max-video-preview:-1\" \/>\n<link rel=\"canonical\" href=\"https:\/\/newmood.com.tr\/en\/nova-sofa-set\/\" \/>\n<meta property=\"og:locale\" content=\"en_US\" \/>\n<meta property=\"og:type\" content=\"article\" \/>\n<meta property=\"og:title\" content=\"Nova Koltuk Tak\u0131m\u0131 - Newmood\" \/>\n<meta property=\"og:description\" content=\"Nova Koltuk Tak\u0131m\u0131, zarif tasar\u0131m\u0131 ve y\u00fcksek konforuyla ya\u015fam alanlar\u0131n\u0131za modern bir dokunu\u015f getiriyor. Sade \u00e7izgileri, kaliteli kuma\u015flar\u0131 ve \u015f\u0131k detaylar\u0131yla \u00f6ne \u00e7\u0131kan Nova, estetik ve fonksiyonelli\u011fi bir arada sunarak evinizin atmosferini d\u00f6n\u00fc\u015ft\u00fcr\u00fcyor. Geni\u015f oturma alanlar\u0131 ve ergonomik yap\u0131s\u0131 sayesinde hem g\u00fcnl\u00fck kullan\u0131m hem de misafir a\u011f\u0131rlamak i\u00e7in ideal bir konfor sunar.\" \/>\n<meta property=\"og:url\" content=\"https:\/\/newmood.com.tr\/en\/nova-sofa-set\/\" \/>\n<meta property=\"og:site_name\" content=\"Newmood\" \/>\n<meta property=\"og:image\" content=\"https:\/\/newmood.com.tr\/wp-content\/uploads\/2025\/04\/nova-koltuk-takimi-170425-1.jpg\" \/>\n\t<meta property=\"og:image:width\" content=\"1920\" \/>\n\t<meta property=\"og:image:height\" content=\"1200\" \/>\n\t<meta property=\"og:image:type\" content=\"image\/jpeg\" \/>\n<meta name=\"twitter:card\" content=\"summary_large_image\" \/>\n<meta name=\"twitter:label1\" content=\"Est. reading time\" \/>\n\t<meta name=\"twitter:data1\" content=\"1 minute\" \/>\n<script type=\"application\/ld+json\" class=\"yoast-schema-graph\">{\"@context\":\"https:\/\/schema.org\",\"@graph\":[{\"@type\":\"WebPage\",\"@id\":\"https:\/\/newmood.com.tr\/en\/nova-sofa-set\/\",\"url\":\"https:\/\/newmood.com.tr\/en\/nova-sofa-set\/\",\"name\":\"Nova Koltuk Tak\u0131m\u0131 - Newmood\",\"isPartOf\":{\"@id\":\"https:\/\/newmood.com.tr\/en\/#website\"},\"primaryImageOfPage\":{\"@id\":\"https:\/\/newmood.com.tr\/en\/nova-sofa-set\/#primaryimage\"},\"image\":{\"@id\":\"https:\/\/newmood.com.tr\/en\/nova-sofa-set\/#primaryimage\"},\"thumbnailUrl\":\"https:\/\/newmood.com.tr\/wp-content\/uploads\/2025\/04\/nova-koltuk-takimi-170425-1.jpg\",\"datePublished\":\"2025-04-17T11:32:18+00:00\",\"breadcrumb\":{\"@id\":\"https:\/\/newmood.com.tr\/en\/nova-sofa-set\/#breadcrumb\"},\"inLanguage\":\"en-US\",\"potentialAction\":[{\"@type\":\"ReadAction\",\"target\":[\"https:\/\/newmood.com.tr\/en\/nova-sofa-set\/\"]}]},{\"@type\":\"ImageObject\",\"inLanguage\":\"en-US\",\"@id\":\"https:\/\/newmood.com.tr\/en\/nova-sofa-set\/#primaryimage\",\"url\":\"https:\/\/newmood.com.tr\/wp-content\/uploads\/2025\/04\/nova-koltuk-takimi-170425-1.jpg\",\"contentUrl\":\"https:\/\/newmood.com.tr\/wp-content\/uploads\/2025\/04\/nova-koltuk-takimi-170425-1.jpg\",\"width\":1920,\"height\":1200},{\"@type\":\"BreadcrumbList\",\"@id\":\"https:\/\/newmood.com.tr\/en\/nova-sofa-set\/#breadcrumb\",\"itemListElement\":[{\"@type\":\"ListItem\",\"position\":1,\"name\":\"Anasayfa\",\"item\":\"https:\/\/newmood.com.tr\/\"},{\"@type\":\"ListItem\",\"position\":2,\"name\":\"\u00dcr\u00fcnler\",\"item\":\"https:\/\/newmood.com.tr\/shop\/\"},{\"@type\":\"ListItem\",\"position\":3,\"name\":\"Nova Koltuk Tak\u0131m\u0131\"}]},{\"@type\":\"WebSite\",\"@id\":\"https:\/\/newmood.com.tr\/en\/#website\",\"url\":\"https:\/\/newmood.com.tr\/en\/\",\"name\":\"Newmood\",\"description\":\"\",\"potentialAction\":[{\"@type\":\"SearchAction\",\"target\":{\"@type\":\"EntryPoint\",\"urlTemplate\":\"https:\/\/newmood.com.tr\/en\/?s={search_term_string}\"},\"query-input\":{\"@type\":\"PropertyValueSpecification\",\"valueRequired\":true,\"valueName\":\"search_term_string\"}}],\"inLanguage\":\"en-US\"}]}<\/script>\n<!-- \/ Yoast SEO plugin. -->","yoast_head_json":{"title":"Nova Koltuk Tak\u0131m\u0131 - Newmood","robots":{"index":"index","follow":"follow","max-snippet":"max-snippet:-1","max-image-preview":"max-image-preview:large","max-video-preview":"max-video-preview:-1"},"canonical":"https:\/\/newmood.com.tr\/en\/nova-sofa-set\/","og_locale":"en_US","og_type":"article","og_title":"Nova Koltuk Tak\u0131m\u0131 - Newmood","og_description":"Nova Koltuk Tak\u0131m\u0131, zarif tasar\u0131m\u0131 ve y\u00fcksek konforuyla ya\u015fam alanlar\u0131n\u0131za modern bir dokunu\u015f getiriyor. Sade \u00e7izgileri, kaliteli kuma\u015flar\u0131 ve \u015f\u0131k detaylar\u0131yla \u00f6ne \u00e7\u0131kan Nova, estetik ve fonksiyonelli\u011fi bir arada sunarak evinizin atmosferini d\u00f6n\u00fc\u015ft\u00fcr\u00fcyor. Geni\u015f oturma alanlar\u0131 ve ergonomik yap\u0131s\u0131 sayesinde hem g\u00fcnl\u00fck kullan\u0131m hem de misafir a\u011f\u0131rlamak i\u00e7in ideal bir konfor sunar.","og_url":"https:\/\/newmood.com.tr\/en\/nova-sofa-set\/","og_site_name":"Newmood","og_image":[{"width":1920,"height":1200,"url":"https:\/\/newmood.com.tr\/wp-content\/uploads\/2025\/04\/nova-koltuk-takimi-170425-1.jpg","type":"image\/jpeg"}],"twitter_card":"summary_large_image","twitter_misc":{"Est. reading time":"1 minute"},"schema":{"@context":"https:\/\/schema.org","@graph":[{"@type":"WebPage","@id":"https:\/\/newmood.com.tr\/en\/nova-sofa-set\/","url":"https:\/\/newmood.com.tr\/en\/nova-sofa-set\/","name":"Nova Koltuk Tak\u0131m\u0131 - Newmood","isPartOf":{"@id":"https:\/\/newmood.com.tr\/en\/#website"},"primaryImageOfPage":{"@id":"https:\/\/newmood.com.tr\/en\/nova-sofa-set\/#primaryimage"},"image":{"@id":"https:\/\/newmood.com.tr\/en\/nova-sofa-set\/#primaryimage"},"thumbnailUrl":"https:\/\/newmood.com.tr\/wp-content\/uploads\/2025\/04\/nova-koltuk-takimi-170425-1.jpg","datePublished":"2025-04-17T11:32:18+00:00","breadcrumb":{"@id":"https:\/\/newmood.com.tr\/en\/nova-sofa-set\/#breadcrumb"},"inLanguage":"en-US","potentialAction":[{"@type":"ReadAction","target":["https:\/\/newmood.com.tr\/en\/nova-sofa-set\/"]}]},{"@type":"ImageObject","inLanguage":"en-US","@id":"https:\/\/newmood.com.tr\/en\/nova-sofa-set\/#primaryimage","url":"https:\/\/newmood.com.tr\/wp-content\/uploads\/2025\/04\/nova-koltuk-takimi-170425-1.jpg","contentUrl":"https:\/\/newmood.com.tr\/wp-content\/uploads\/2025\/04\/nova-koltuk-takimi-170425-1.jpg","width":1920,"height":1200},{"@type":"BreadcrumbList","@id":"https:\/\/newmood.com.tr\/en\/nova-sofa-set\/#breadcrumb","itemListElement":[{"@type":"ListItem","position":1,"name":"Anasayfa","item":"https:\/\/newmood.com.tr\/"},{"@type":"ListItem","position":2,"name":"\u00dcr\u00fcnler","item":"https:\/\/newmood.com.tr\/shop\/"},{"@type":"ListItem","position":3,"name":"Nova Koltuk Tak\u0131m\u0131"}]},{"@type":"WebSite","@id":"https:\/\/newmood.com.tr\/en\/#website","url":"https:\/\/newmood.com.tr\/en\/","name":"Newmood","description":"","potentialAction":[{"@type":"SearchAction","target":{"@type":"EntryPoint","urlTemplate":"https:\/\/newmood.com.tr\/en\/?s={search_term_string}"},"query-input":{"@type":"PropertyValueSpecification","valueRequired":true,"valueName":"search_term_string"}}],"inLanguage":"en-US"}]}},"_links":{"self":[{"href":"https:\/\/newmood.com.tr\/en\/wp-json\/wp\/v2\/product\/2222"}],"collection":[{"href":"https:\/\/newmood.com.tr\/en\/wp-json\/wp\/v2\/product"}],"about":[{"href":"https:\/\/newmood.com.tr\/en\/wp-json\/wp\/v2\/types\/product"}],"replies":[{"embeddable":true,"href":"https:\/\/newmood.com.tr\/en\/wp-json\/wp\/v2\/comments?post=2222"}],"wp:featuredmedia":[{"embeddable":true,"href":"https:\/\/newmood.com.tr\/en\/wp-json\/wp\/v2\/media\/2223"}],"wp:attachment":[{"href":"https:\/\/newmood.com.tr\/en\/wp-json\/wp\/v2\/media?parent=2222"}],"wp:term":[{"taxonomy":"product_brand","embeddable":true,"href":"https:\/\/newmood.com.tr\/en\/wp-json\/wp\/v2\/product_brand?post=2222"},{"taxonomy":"product_cat","embeddable":true,"href":"https:\/\/newmood.com.tr\/en\/wp-json\/wp\/v2\/product_cat?post=2222"},{"taxonomy":"product_tag","embeddable":true,"href":"https:\/\/newmood.com.tr\/en\/wp-json\/wp\/v2\/product_tag?post=2222"}],"curies":[{"name":"wp","href":"https:\/\/api.w.org\/{rel}","templated":true}]}}