{"id":2192,"date":"2025-04-16T15:56:10","date_gmt":"2025-04-16T15:56:10","guid":{"rendered":"https:\/\/newmood.com.tr\/?post_type=product&#038;p=2192"},"modified":"2025-04-16T15:56:29","modified_gmt":"2025-04-16T15:56:29","slug":"arena-kitaplik","status":"publish","type":"product","link":"https:\/\/newmood.com.tr\/en\/arena-kitaplik\/","title":{"rendered":"Arena Kitapl\u0131k"},"content":{"rendered":"","protected":false},"excerpt":{"rendered":"<p>Arena Kitapl\u0131k, modern ve sade tasar\u0131m\u0131yla ya\u015fam alanlar\u0131n\u0131za hem estetik hem de i\u015flevsel bir dokunu\u015f sunuyor. Dikey ve yatay raf d\u00fczeni sayesinde kitaplardan dekoratif objelere kadar pek \u00e7ok e\u015fyay\u0131 \u015f\u0131k bir \u015fekilde sergilemenize olanak tan\u0131r. Sa\u011flam malzeme yap\u0131s\u0131 ve dengeli formu ile uzun \u00f6m\u00fcrl\u00fc kullan\u0131m sa\u011flayan Arena Kitapl\u0131k, salon, \u00e7al\u0131\u015fma odas\u0131 ya da gen\u00e7 odas\u0131 gibi farkl\u0131 alanlarda rahatl\u0131kla kullan\u0131labilir.<\/p>","protected":false},"featured_media":2187,"comment_status":"open","ping_status":"closed","template":"","meta":[],"product_brand":[],"product_cat":[26],"product_tag":[],"class_list":{"0":"post-2192","1":"product","2":"type-product","3":"status-publish","4":"has-post-thumbnail","6":"product_cat-tamamlayicilar","8":"first","9":"instock","10":"shipping-taxable","11":"product-type-simple"},"yoast_head":"<!-- This site is optimized with the Yoast SEO plugin v24.9 - https:\/\/yoast.com\/wordpress\/plugins\/seo\/ -->\n<title>Arena Kitapl\u0131k - Newmood<\/title>\n<meta name=\"robots\" content=\"index, follow, max-snippet:-1, max-image-preview:large, max-video-preview:-1\" \/>\n<link rel=\"canonical\" href=\"https:\/\/newmood.com.tr\/en\/arena-kitaplik\/\" \/>\n<meta property=\"og:locale\" content=\"en_US\" \/>\n<meta property=\"og:type\" content=\"article\" \/>\n<meta property=\"og:title\" content=\"Arena Kitapl\u0131k - Newmood\" \/>\n<meta property=\"og:description\" content=\"Arena Kitapl\u0131k, modern ve sade tasar\u0131m\u0131yla ya\u015fam alanlar\u0131n\u0131za hem estetik hem de i\u015flevsel bir dokunu\u015f sunuyor. Dikey ve yatay raf d\u00fczeni sayesinde kitaplardan dekoratif objelere kadar pek \u00e7ok e\u015fyay\u0131 \u015f\u0131k bir \u015fekilde sergilemenize olanak tan\u0131r. Sa\u011flam malzeme yap\u0131s\u0131 ve dengeli formu ile uzun \u00f6m\u00fcrl\u00fc kullan\u0131m sa\u011flayan Arena Kitapl\u0131k, salon, \u00e7al\u0131\u015fma odas\u0131 ya da gen\u00e7 odas\u0131 gibi farkl\u0131 alanlarda rahatl\u0131kla kullan\u0131labilir.\" \/>\n<meta property=\"og:url\" content=\"https:\/\/newmood.com.tr\/en\/arena-kitaplik\/\" \/>\n<meta property=\"og:site_name\" content=\"Newmood\" \/>\n<meta property=\"article:modified_time\" content=\"2025-04-16T15:56:29+00:00\" \/>\n<meta property=\"og:image\" content=\"https:\/\/newmood.com.tr\/wp-content\/uploads\/2025\/04\/arena-kose-takimi-160425-41.jpg\" \/>\n\t<meta property=\"og:image:width\" content=\"1920\" \/>\n\t<meta property=\"og:image:height\" content=\"1200\" \/>\n\t<meta property=\"og:image:type\" content=\"image\/jpeg\" \/>\n<meta name=\"twitter:card\" content=\"summary_large_image\" \/>\n<meta name=\"twitter:label1\" content=\"Est. reading time\" \/>\n\t<meta name=\"twitter:data1\" content=\"1 minute\" \/>\n<script type=\"application\/ld+json\" class=\"yoast-schema-graph\">{\"@context\":\"https:\/\/schema.org\",\"@graph\":[{\"@type\":\"WebPage\",\"@id\":\"https:\/\/newmood.com.tr\/en\/arena-kitaplik\/\",\"url\":\"https:\/\/newmood.com.tr\/en\/arena-kitaplik\/\",\"name\":\"Arena Kitapl\u0131k - Newmood\",\"isPartOf\":{\"@id\":\"https:\/\/newmood.com.tr\/en\/#website\"},\"primaryImageOfPage\":{\"@id\":\"https:\/\/newmood.com.tr\/en\/arena-kitaplik\/#primaryimage\"},\"image\":{\"@id\":\"https:\/\/newmood.com.tr\/en\/arena-kitaplik\/#primaryimage\"},\"thumbnailUrl\":\"https:\/\/newmood.com.tr\/wp-content\/uploads\/2025\/04\/arena-kose-takimi-160425-41.jpg\",\"datePublished\":\"2025-04-16T15:56:10+00:00\",\"dateModified\":\"2025-04-16T15:56:29+00:00\",\"breadcrumb\":{\"@id\":\"https:\/\/newmood.com.tr\/en\/arena-kitaplik\/#breadcrumb\"},\"inLanguage\":\"en-US\",\"potentialAction\":[{\"@type\":\"ReadAction\",\"target\":[\"https:\/\/newmood.com.tr\/en\/arena-kitaplik\/\"]}]},{\"@type\":\"ImageObject\",\"inLanguage\":\"en-US\",\"@id\":\"https:\/\/newmood.com.tr\/en\/arena-kitaplik\/#primaryimage\",\"url\":\"https:\/\/newmood.com.tr\/wp-content\/uploads\/2025\/04\/arena-kose-takimi-160425-41.jpg\",\"contentUrl\":\"https:\/\/newmood.com.tr\/wp-content\/uploads\/2025\/04\/arena-kose-takimi-160425-41.jpg\",\"width\":1920,\"height\":1200},{\"@type\":\"BreadcrumbList\",\"@id\":\"https:\/\/newmood.com.tr\/en\/arena-kitaplik\/#breadcrumb\",\"itemListElement\":[{\"@type\":\"ListItem\",\"position\":1,\"name\":\"Anasayfa\",\"item\":\"https:\/\/newmood.com.tr\/\"},{\"@type\":\"ListItem\",\"position\":2,\"name\":\"\u00dcr\u00fcnler\",\"item\":\"https:\/\/newmood.com.tr\/shop\/\"},{\"@type\":\"ListItem\",\"position\":3,\"name\":\"Arena Kitapl\u0131k\"}]},{\"@type\":\"WebSite\",\"@id\":\"https:\/\/newmood.com.tr\/en\/#website\",\"url\":\"https:\/\/newmood.com.tr\/en\/\",\"name\":\"Newmood\",\"description\":\"\",\"potentialAction\":[{\"@type\":\"SearchAction\",\"target\":{\"@type\":\"EntryPoint\",\"urlTemplate\":\"https:\/\/newmood.com.tr\/en\/?s={search_term_string}\"},\"query-input\":{\"@type\":\"PropertyValueSpecification\",\"valueRequired\":true,\"valueName\":\"search_term_string\"}}],\"inLanguage\":\"en-US\"}]}<\/script>\n<!-- \/ Yoast SEO plugin. -->","yoast_head_json":{"title":"Arena Kitapl\u0131k - Newmood","robots":{"index":"index","follow":"follow","max-snippet":"max-snippet:-1","max-image-preview":"max-image-preview:large","max-video-preview":"max-video-preview:-1"},"canonical":"https:\/\/newmood.com.tr\/en\/arena-kitaplik\/","og_locale":"en_US","og_type":"article","og_title":"Arena Kitapl\u0131k - Newmood","og_description":"Arena Kitapl\u0131k, modern ve sade tasar\u0131m\u0131yla ya\u015fam alanlar\u0131n\u0131za hem estetik hem de i\u015flevsel bir dokunu\u015f sunuyor. Dikey ve yatay raf d\u00fczeni sayesinde kitaplardan dekoratif objelere kadar pek \u00e7ok e\u015fyay\u0131 \u015f\u0131k bir \u015fekilde sergilemenize olanak tan\u0131r. Sa\u011flam malzeme yap\u0131s\u0131 ve dengeli formu ile uzun \u00f6m\u00fcrl\u00fc kullan\u0131m sa\u011flayan Arena Kitapl\u0131k, salon, \u00e7al\u0131\u015fma odas\u0131 ya da gen\u00e7 odas\u0131 gibi farkl\u0131 alanlarda rahatl\u0131kla kullan\u0131labilir.","og_url":"https:\/\/newmood.com.tr\/en\/arena-kitaplik\/","og_site_name":"Newmood","article_modified_time":"2025-04-16T15:56:29+00:00","og_image":[{"width":1920,"height":1200,"url":"https:\/\/newmood.com.tr\/wp-content\/uploads\/2025\/04\/arena-kose-takimi-160425-41.jpg","type":"image\/jpeg"}],"twitter_card":"summary_large_image","twitter_misc":{"Est. reading time":"1 minute"},"schema":{"@context":"https:\/\/schema.org","@graph":[{"@type":"WebPage","@id":"https:\/\/newmood.com.tr\/en\/arena-kitaplik\/","url":"https:\/\/newmood.com.tr\/en\/arena-kitaplik\/","name":"Arena Kitapl\u0131k - Newmood","isPartOf":{"@id":"https:\/\/newmood.com.tr\/en\/#website"},"primaryImageOfPage":{"@id":"https:\/\/newmood.com.tr\/en\/arena-kitaplik\/#primaryimage"},"image":{"@id":"https:\/\/newmood.com.tr\/en\/arena-kitaplik\/#primaryimage"},"thumbnailUrl":"https:\/\/newmood.com.tr\/wp-content\/uploads\/2025\/04\/arena-kose-takimi-160425-41.jpg","datePublished":"2025-04-16T15:56:10+00:00","dateModified":"2025-04-16T15:56:29+00:00","breadcrumb":{"@id":"https:\/\/newmood.com.tr\/en\/arena-kitaplik\/#breadcrumb"},"inLanguage":"en-US","potentialAction":[{"@type":"ReadAction","target":["https:\/\/newmood.com.tr\/en\/arena-kitaplik\/"]}]},{"@type":"ImageObject","inLanguage":"en-US","@id":"https:\/\/newmood.com.tr\/en\/arena-kitaplik\/#primaryimage","url":"https:\/\/newmood.com.tr\/wp-content\/uploads\/2025\/04\/arena-kose-takimi-160425-41.jpg","contentUrl":"https:\/\/newmood.com.tr\/wp-content\/uploads\/2025\/04\/arena-kose-takimi-160425-41.jpg","width":1920,"height":1200},{"@type":"BreadcrumbList","@id":"https:\/\/newmood.com.tr\/en\/arena-kitaplik\/#breadcrumb","itemListElement":[{"@type":"ListItem","position":1,"name":"Anasayfa","item":"https:\/\/newmood.com.tr\/"},{"@type":"ListItem","position":2,"name":"\u00dcr\u00fcnler","item":"https:\/\/newmood.com.tr\/shop\/"},{"@type":"ListItem","position":3,"name":"Arena Kitapl\u0131k"}]},{"@type":"WebSite","@id":"https:\/\/newmood.com.tr\/en\/#website","url":"https:\/\/newmood.com.tr\/en\/","name":"Newmood","description":"","potentialAction":[{"@type":"SearchAction","target":{"@type":"EntryPoint","urlTemplate":"https:\/\/newmood.com.tr\/en\/?s={search_term_string}"},"query-input":{"@type":"PropertyValueSpecification","valueRequired":true,"valueName":"search_term_string"}}],"inLanguage":"en-US"}]}},"_links":{"self":[{"href":"https:\/\/newmood.com.tr\/en\/wp-json\/wp\/v2\/product\/2192"}],"collection":[{"href":"https:\/\/newmood.com.tr\/en\/wp-json\/wp\/v2\/product"}],"about":[{"href":"https:\/\/newmood.com.tr\/en\/wp-json\/wp\/v2\/types\/product"}],"replies":[{"embeddable":true,"href":"https:\/\/newmood.com.tr\/en\/wp-json\/wp\/v2\/comments?post=2192"}],"wp:featuredmedia":[{"embeddable":true,"href":"https:\/\/newmood.com.tr\/en\/wp-json\/wp\/v2\/media\/2187"}],"wp:attachment":[{"href":"https:\/\/newmood.com.tr\/en\/wp-json\/wp\/v2\/media?parent=2192"}],"wp:term":[{"taxonomy":"product_brand","embeddable":true,"href":"https:\/\/newmood.com.tr\/en\/wp-json\/wp\/v2\/product_brand?post=2192"},{"taxonomy":"product_cat","embeddable":true,"href":"https:\/\/newmood.com.tr\/en\/wp-json\/wp\/v2\/product_cat?post=2192"},{"taxonomy":"product_tag","embeddable":true,"href":"https:\/\/newmood.com.tr\/en\/wp-json\/wp\/v2\/product_tag?post=2192"}],"curies":[{"name":"wp","href":"https:\/\/api.w.org\/{rel}","templated":true}]}}