{"id":2191,"date":"2025-04-16T15:52:26","date_gmt":"2025-04-16T15:52:26","guid":{"rendered":"https:\/\/newmood.com.tr\/?post_type=product&#038;p=2191"},"modified":"2025-04-16T15:52:46","modified_gmt":"2025-04-16T15:52:46","slug":"arena-orta-sehpa","status":"publish","type":"product","link":"https:\/\/newmood.com.tr\/en\/arena-orta-sehpa\/","title":{"rendered":"Arena Orta Sehpa"},"content":{"rendered":"","protected":false},"excerpt":{"rendered":"<p>Arena Orta Sehpa, g\u00fc\u00e7l\u00fc tasar\u0131m\u0131 ve zarif detaylar\u0131yla ya\u015fam alanlar\u0131n\u0131za modern bir \u015f\u0131kl\u0131k kat\u0131yor. Geometrik formu ve dengeli \u00e7izgileriyle dikkat \u00e7eken Arena, sadece i\u015flevselli\u011fiyle de\u011fil, estetik duru\u015fuyla da \u00f6ne \u00e7\u0131k\u0131yor. Geni\u015f y\u00fczeyi sayesinde dekoratif objelerden g\u00fcnl\u00fck kullan\u0131m e\u015fyalar\u0131n\u0131za kadar her \u015feye yer a\u00e7an Arena Orta Sehpa, koltuk tak\u0131mlar\u0131yla uyum i\u00e7inde bir b\u00fct\u00fcnl\u00fck sa\u011flar. Kaliteli malzeme yap\u0131s\u0131 ve \u00f6zenli i\u015f\u00e7ili\u011fiyle uzun \u00f6m\u00fcrl\u00fc bir kullan\u0131m sunar.<\/p>","protected":false},"featured_media":2185,"comment_status":"open","ping_status":"closed","template":"","meta":[],"product_brand":[],"product_cat":[22,26],"product_tag":[],"class_list":{"0":"post-2191","1":"product","2":"type-product","3":"status-publish","4":"has-post-thumbnail","6":"product_cat-sehpalar","7":"product_cat-tamamlayicilar","9":"first","10":"instock","11":"shipping-taxable","12":"product-type-simple"},"yoast_head":"<!-- This site is optimized with the Yoast SEO plugin v24.9 - https:\/\/yoast.com\/wordpress\/plugins\/seo\/ -->\n<title>Arena Orta Sehpa - Newmood<\/title>\n<meta name=\"robots\" content=\"index, follow, max-snippet:-1, max-image-preview:large, max-video-preview:-1\" \/>\n<link rel=\"canonical\" href=\"https:\/\/newmood.com.tr\/en\/arena-orta-sehpa\/\" \/>\n<meta property=\"og:locale\" content=\"en_US\" \/>\n<meta property=\"og:type\" content=\"article\" \/>\n<meta property=\"og:title\" content=\"Arena Orta Sehpa - Newmood\" \/>\n<meta property=\"og:description\" content=\"Arena Orta Sehpa, g\u00fc\u00e7l\u00fc tasar\u0131m\u0131 ve zarif detaylar\u0131yla ya\u015fam alanlar\u0131n\u0131za modern bir \u015f\u0131kl\u0131k kat\u0131yor. Geometrik formu ve dengeli \u00e7izgileriyle dikkat \u00e7eken Arena, sadece i\u015flevselli\u011fiyle de\u011fil, estetik duru\u015fuyla da \u00f6ne \u00e7\u0131k\u0131yor. Geni\u015f y\u00fczeyi sayesinde dekoratif objelerden g\u00fcnl\u00fck kullan\u0131m e\u015fyalar\u0131n\u0131za kadar her \u015feye yer a\u00e7an Arena Orta Sehpa, koltuk tak\u0131mlar\u0131yla uyum i\u00e7inde bir b\u00fct\u00fcnl\u00fck sa\u011flar. Kaliteli malzeme yap\u0131s\u0131 ve \u00f6zenli i\u015f\u00e7ili\u011fiyle uzun \u00f6m\u00fcrl\u00fc bir kullan\u0131m sunar.\" \/>\n<meta property=\"og:url\" content=\"https:\/\/newmood.com.tr\/en\/arena-orta-sehpa\/\" \/>\n<meta property=\"og:site_name\" content=\"Newmood\" \/>\n<meta property=\"article:modified_time\" content=\"2025-04-16T15:52:46+00:00\" \/>\n<meta property=\"og:image\" content=\"https:\/\/newmood.com.tr\/wp-content\/uploads\/2025\/04\/arena-kose-takimi-160425-39.jpg\" \/>\n\t<meta property=\"og:image:width\" content=\"1920\" \/>\n\t<meta property=\"og:image:height\" content=\"1200\" \/>\n\t<meta property=\"og:image:type\" content=\"image\/jpeg\" \/>\n<meta name=\"twitter:card\" content=\"summary_large_image\" \/>\n<meta name=\"twitter:label1\" content=\"Est. reading time\" \/>\n\t<meta name=\"twitter:data1\" content=\"1 minute\" \/>\n<script type=\"application\/ld+json\" class=\"yoast-schema-graph\">{\"@context\":\"https:\/\/schema.org\",\"@graph\":[{\"@type\":\"WebPage\",\"@id\":\"https:\/\/newmood.com.tr\/en\/arena-orta-sehpa\/\",\"url\":\"https:\/\/newmood.com.tr\/en\/arena-orta-sehpa\/\",\"name\":\"Arena Orta Sehpa - Newmood\",\"isPartOf\":{\"@id\":\"https:\/\/newmood.com.tr\/en\/#website\"},\"primaryImageOfPage\":{\"@id\":\"https:\/\/newmood.com.tr\/en\/arena-orta-sehpa\/#primaryimage\"},\"image\":{\"@id\":\"https:\/\/newmood.com.tr\/en\/arena-orta-sehpa\/#primaryimage\"},\"thumbnailUrl\":\"https:\/\/newmood.com.tr\/wp-content\/uploads\/2025\/04\/arena-kose-takimi-160425-39.jpg\",\"datePublished\":\"2025-04-16T15:52:26+00:00\",\"dateModified\":\"2025-04-16T15:52:46+00:00\",\"breadcrumb\":{\"@id\":\"https:\/\/newmood.com.tr\/en\/arena-orta-sehpa\/#breadcrumb\"},\"inLanguage\":\"en-US\",\"potentialAction\":[{\"@type\":\"ReadAction\",\"target\":[\"https:\/\/newmood.com.tr\/en\/arena-orta-sehpa\/\"]}]},{\"@type\":\"ImageObject\",\"inLanguage\":\"en-US\",\"@id\":\"https:\/\/newmood.com.tr\/en\/arena-orta-sehpa\/#primaryimage\",\"url\":\"https:\/\/newmood.com.tr\/wp-content\/uploads\/2025\/04\/arena-kose-takimi-160425-39.jpg\",\"contentUrl\":\"https:\/\/newmood.com.tr\/wp-content\/uploads\/2025\/04\/arena-kose-takimi-160425-39.jpg\",\"width\":1920,\"height\":1200},{\"@type\":\"BreadcrumbList\",\"@id\":\"https:\/\/newmood.com.tr\/en\/arena-orta-sehpa\/#breadcrumb\",\"itemListElement\":[{\"@type\":\"ListItem\",\"position\":1,\"name\":\"Anasayfa\",\"item\":\"https:\/\/newmood.com.tr\/\"},{\"@type\":\"ListItem\",\"position\":2,\"name\":\"\u00dcr\u00fcnler\",\"item\":\"https:\/\/newmood.com.tr\/shop\/\"},{\"@type\":\"ListItem\",\"position\":3,\"name\":\"Arena Orta Sehpa\"}]},{\"@type\":\"WebSite\",\"@id\":\"https:\/\/newmood.com.tr\/en\/#website\",\"url\":\"https:\/\/newmood.com.tr\/en\/\",\"name\":\"Newmood\",\"description\":\"\",\"potentialAction\":[{\"@type\":\"SearchAction\",\"target\":{\"@type\":\"EntryPoint\",\"urlTemplate\":\"https:\/\/newmood.com.tr\/en\/?s={search_term_string}\"},\"query-input\":{\"@type\":\"PropertyValueSpecification\",\"valueRequired\":true,\"valueName\":\"search_term_string\"}}],\"inLanguage\":\"en-US\"}]}<\/script>\n<!-- \/ Yoast SEO plugin. -->","yoast_head_json":{"title":"Arena Orta Sehpa - Newmood","robots":{"index":"index","follow":"follow","max-snippet":"max-snippet:-1","max-image-preview":"max-image-preview:large","max-video-preview":"max-video-preview:-1"},"canonical":"https:\/\/newmood.com.tr\/en\/arena-orta-sehpa\/","og_locale":"en_US","og_type":"article","og_title":"Arena Orta Sehpa - Newmood","og_description":"Arena Orta Sehpa, g\u00fc\u00e7l\u00fc tasar\u0131m\u0131 ve zarif detaylar\u0131yla ya\u015fam alanlar\u0131n\u0131za modern bir \u015f\u0131kl\u0131k kat\u0131yor. Geometrik formu ve dengeli \u00e7izgileriyle dikkat \u00e7eken Arena, sadece i\u015flevselli\u011fiyle de\u011fil, estetik duru\u015fuyla da \u00f6ne \u00e7\u0131k\u0131yor. Geni\u015f y\u00fczeyi sayesinde dekoratif objelerden g\u00fcnl\u00fck kullan\u0131m e\u015fyalar\u0131n\u0131za kadar her \u015feye yer a\u00e7an Arena Orta Sehpa, koltuk tak\u0131mlar\u0131yla uyum i\u00e7inde bir b\u00fct\u00fcnl\u00fck sa\u011flar. Kaliteli malzeme yap\u0131s\u0131 ve \u00f6zenli i\u015f\u00e7ili\u011fiyle uzun \u00f6m\u00fcrl\u00fc bir kullan\u0131m sunar.","og_url":"https:\/\/newmood.com.tr\/en\/arena-orta-sehpa\/","og_site_name":"Newmood","article_modified_time":"2025-04-16T15:52:46+00:00","og_image":[{"width":1920,"height":1200,"url":"https:\/\/newmood.com.tr\/wp-content\/uploads\/2025\/04\/arena-kose-takimi-160425-39.jpg","type":"image\/jpeg"}],"twitter_card":"summary_large_image","twitter_misc":{"Est. reading time":"1 minute"},"schema":{"@context":"https:\/\/schema.org","@graph":[{"@type":"WebPage","@id":"https:\/\/newmood.com.tr\/en\/arena-orta-sehpa\/","url":"https:\/\/newmood.com.tr\/en\/arena-orta-sehpa\/","name":"Arena Orta Sehpa - Newmood","isPartOf":{"@id":"https:\/\/newmood.com.tr\/en\/#website"},"primaryImageOfPage":{"@id":"https:\/\/newmood.com.tr\/en\/arena-orta-sehpa\/#primaryimage"},"image":{"@id":"https:\/\/newmood.com.tr\/en\/arena-orta-sehpa\/#primaryimage"},"thumbnailUrl":"https:\/\/newmood.com.tr\/wp-content\/uploads\/2025\/04\/arena-kose-takimi-160425-39.jpg","datePublished":"2025-04-16T15:52:26+00:00","dateModified":"2025-04-16T15:52:46+00:00","breadcrumb":{"@id":"https:\/\/newmood.com.tr\/en\/arena-orta-sehpa\/#breadcrumb"},"inLanguage":"en-US","potentialAction":[{"@type":"ReadAction","target":["https:\/\/newmood.com.tr\/en\/arena-orta-sehpa\/"]}]},{"@type":"ImageObject","inLanguage":"en-US","@id":"https:\/\/newmood.com.tr\/en\/arena-orta-sehpa\/#primaryimage","url":"https:\/\/newmood.com.tr\/wp-content\/uploads\/2025\/04\/arena-kose-takimi-160425-39.jpg","contentUrl":"https:\/\/newmood.com.tr\/wp-content\/uploads\/2025\/04\/arena-kose-takimi-160425-39.jpg","width":1920,"height":1200},{"@type":"BreadcrumbList","@id":"https:\/\/newmood.com.tr\/en\/arena-orta-sehpa\/#breadcrumb","itemListElement":[{"@type":"ListItem","position":1,"name":"Anasayfa","item":"https:\/\/newmood.com.tr\/"},{"@type":"ListItem","position":2,"name":"\u00dcr\u00fcnler","item":"https:\/\/newmood.com.tr\/shop\/"},{"@type":"ListItem","position":3,"name":"Arena Orta Sehpa"}]},{"@type":"WebSite","@id":"https:\/\/newmood.com.tr\/en\/#website","url":"https:\/\/newmood.com.tr\/en\/","name":"Newmood","description":"","potentialAction":[{"@type":"SearchAction","target":{"@type":"EntryPoint","urlTemplate":"https:\/\/newmood.com.tr\/en\/?s={search_term_string}"},"query-input":{"@type":"PropertyValueSpecification","valueRequired":true,"valueName":"search_term_string"}}],"inLanguage":"en-US"}]}},"_links":{"self":[{"href":"https:\/\/newmood.com.tr\/en\/wp-json\/wp\/v2\/product\/2191"}],"collection":[{"href":"https:\/\/newmood.com.tr\/en\/wp-json\/wp\/v2\/product"}],"about":[{"href":"https:\/\/newmood.com.tr\/en\/wp-json\/wp\/v2\/types\/product"}],"replies":[{"embeddable":true,"href":"https:\/\/newmood.com.tr\/en\/wp-json\/wp\/v2\/comments?post=2191"}],"wp:featuredmedia":[{"embeddable":true,"href":"https:\/\/newmood.com.tr\/en\/wp-json\/wp\/v2\/media\/2185"}],"wp:attachment":[{"href":"https:\/\/newmood.com.tr\/en\/wp-json\/wp\/v2\/media?parent=2191"}],"wp:term":[{"taxonomy":"product_brand","embeddable":true,"href":"https:\/\/newmood.com.tr\/en\/wp-json\/wp\/v2\/product_brand?post=2191"},{"taxonomy":"product_cat","embeddable":true,"href":"https:\/\/newmood.com.tr\/en\/wp-json\/wp\/v2\/product_cat?post=2191"},{"taxonomy":"product_tag","embeddable":true,"href":"https:\/\/newmood.com.tr\/en\/wp-json\/wp\/v2\/product_tag?post=2191"}],"curies":[{"name":"wp","href":"https:\/\/api.w.org\/{rel}","templated":true}]}}