{"id":2190,"date":"2025-04-16T15:49:28","date_gmt":"2025-04-16T15:49:28","guid":{"rendered":"https:\/\/newmood.com.tr\/?post_type=product&#038;p=2190"},"modified":"2025-04-16T15:50:32","modified_gmt":"2025-04-16T15:50:32","slug":"arena-relax-koltuk","status":"publish","type":"product","link":"https:\/\/newmood.com.tr\/en\/arena-relax-koltuk\/","title":{"rendered":"Arena Relax Sofa"},"content":{"rendered":"","protected":false},"excerpt":{"rendered":"<p>Arena Corner Sofa brings both elegance and comfort to your living spaces with its modern design and functional structure. It offers maximum comfort even in long-term use with its wide seating area, ergonomic structure and quality upholstery. Arena Corner Sofa, which allows you to use the space efficiently thanks to its corner form, makes your family resting moments more enjoyable and gives your living room a modern and impressive look.<\/p>","protected":false},"featured_media":2129,"comment_status":"open","ping_status":"closed","template":"","meta":[],"product_brand":[],"product_cat":[18],"product_tag":[],"class_list":{"0":"post-2190","1":"product","2":"type-product","3":"status-publish","4":"has-post-thumbnail","6":"product_cat-koltuklar","8":"first","9":"instock","10":"shipping-taxable","11":"product-type-simple"},"yoast_head":"<!-- This site is optimized with the Yoast SEO plugin v24.9 - https:\/\/yoast.com\/wordpress\/plugins\/seo\/ -->\n<title>Arena Relax Koltuk - Newmood<\/title>\n<meta name=\"robots\" content=\"index, follow, max-snippet:-1, max-image-preview:large, max-video-preview:-1\" \/>\n<link rel=\"canonical\" href=\"https:\/\/newmood.com.tr\/en\/arena-relax-koltuk\/\" \/>\n<meta property=\"og:locale\" content=\"en_US\" \/>\n<meta property=\"og:type\" content=\"article\" \/>\n<meta property=\"og:title\" content=\"Arena Relax Koltuk - Newmood\" \/>\n<meta property=\"og:description\" content=\"Arena K\u00f6\u015fe Koltuk, modern tasar\u0131m\u0131 ve fonksiyonel yap\u0131s\u0131yla ya\u015fam alanlar\u0131n\u0131za hem \u015f\u0131kl\u0131k hem de konfor kazand\u0131r\u0131yor. Geni\u015f oturma alan\u0131, ergonomik yap\u0131s\u0131 ve kaliteli d\u00f6\u015femesiyle uzun s\u00fcreli kullan\u0131mlarda bile maksimum rahatl\u0131k sunar. K\u00f6\u015fe formu sayesinde alan\u0131 verimli kullanman\u0131za olanak tan\u0131yan Arena K\u00f6\u015fe Koltuk, ailece dinlenme anlar\u0131n\u0131z\u0131 daha keyifli hale getirirken, salonunuza da modern ve etkileyici bir g\u00f6r\u00fcn\u00fcm kazand\u0131r\u0131r.\" \/>\n<meta property=\"og:url\" content=\"https:\/\/newmood.com.tr\/en\/arena-relax-koltuk\/\" \/>\n<meta property=\"og:site_name\" content=\"Newmood\" \/>\n<meta property=\"article:modified_time\" content=\"2025-04-16T15:50:32+00:00\" \/>\n<meta property=\"og:image\" content=\"https:\/\/newmood.com.tr\/wp-content\/uploads\/2025\/04\/arena-koltuk-takimi-160425-28.jpg\" \/>\n\t<meta property=\"og:image:width\" content=\"1920\" \/>\n\t<meta property=\"og:image:height\" content=\"1200\" \/>\n\t<meta property=\"og:image:type\" content=\"image\/jpeg\" \/>\n<meta name=\"twitter:card\" content=\"summary_large_image\" \/>\n<meta name=\"twitter:label1\" content=\"Est. reading time\" \/>\n\t<meta name=\"twitter:data1\" content=\"1 minute\" \/>\n<script type=\"application\/ld+json\" class=\"yoast-schema-graph\">{\"@context\":\"https:\/\/schema.org\",\"@graph\":[{\"@type\":\"WebPage\",\"@id\":\"https:\/\/newmood.com.tr\/en\/arena-relax-koltuk\/\",\"url\":\"https:\/\/newmood.com.tr\/en\/arena-relax-koltuk\/\",\"name\":\"Arena Relax Koltuk - Newmood\",\"isPartOf\":{\"@id\":\"https:\/\/newmood.com.tr\/en\/#website\"},\"primaryImageOfPage\":{\"@id\":\"https:\/\/newmood.com.tr\/en\/arena-relax-koltuk\/#primaryimage\"},\"image\":{\"@id\":\"https:\/\/newmood.com.tr\/en\/arena-relax-koltuk\/#primaryimage\"},\"thumbnailUrl\":\"https:\/\/newmood.com.tr\/wp-content\/uploads\/2025\/04\/arena-koltuk-takimi-160425-28.jpg\",\"datePublished\":\"2025-04-16T15:49:28+00:00\",\"dateModified\":\"2025-04-16T15:50:32+00:00\",\"breadcrumb\":{\"@id\":\"https:\/\/newmood.com.tr\/en\/arena-relax-koltuk\/#breadcrumb\"},\"inLanguage\":\"en-US\",\"potentialAction\":[{\"@type\":\"ReadAction\",\"target\":[\"https:\/\/newmood.com.tr\/en\/arena-relax-koltuk\/\"]}]},{\"@type\":\"ImageObject\",\"inLanguage\":\"en-US\",\"@id\":\"https:\/\/newmood.com.tr\/en\/arena-relax-koltuk\/#primaryimage\",\"url\":\"https:\/\/newmood.com.tr\/wp-content\/uploads\/2025\/04\/arena-koltuk-takimi-160425-28.jpg\",\"contentUrl\":\"https:\/\/newmood.com.tr\/wp-content\/uploads\/2025\/04\/arena-koltuk-takimi-160425-28.jpg\",\"width\":1920,\"height\":1200},{\"@type\":\"BreadcrumbList\",\"@id\":\"https:\/\/newmood.com.tr\/en\/arena-relax-koltuk\/#breadcrumb\",\"itemListElement\":[{\"@type\":\"ListItem\",\"position\":1,\"name\":\"Anasayfa\",\"item\":\"https:\/\/newmood.com.tr\/\"},{\"@type\":\"ListItem\",\"position\":2,\"name\":\"\u00dcr\u00fcnler\",\"item\":\"https:\/\/newmood.com.tr\/shop\/\"},{\"@type\":\"ListItem\",\"position\":3,\"name\":\"Arena Relax Koltuk\"}]},{\"@type\":\"WebSite\",\"@id\":\"https:\/\/newmood.com.tr\/en\/#website\",\"url\":\"https:\/\/newmood.com.tr\/en\/\",\"name\":\"Newmood\",\"description\":\"\",\"potentialAction\":[{\"@type\":\"SearchAction\",\"target\":{\"@type\":\"EntryPoint\",\"urlTemplate\":\"https:\/\/newmood.com.tr\/en\/?s={search_term_string}\"},\"query-input\":{\"@type\":\"PropertyValueSpecification\",\"valueRequired\":true,\"valueName\":\"search_term_string\"}}],\"inLanguage\":\"en-US\"}]}<\/script>\n<!-- \/ Yoast SEO plugin. -->","yoast_head_json":{"title":"Arena Relax Koltuk - Newmood","robots":{"index":"index","follow":"follow","max-snippet":"max-snippet:-1","max-image-preview":"max-image-preview:large","max-video-preview":"max-video-preview:-1"},"canonical":"https:\/\/newmood.com.tr\/en\/arena-relax-koltuk\/","og_locale":"en_US","og_type":"article","og_title":"Arena Relax Koltuk - Newmood","og_description":"Arena K\u00f6\u015fe Koltuk, modern tasar\u0131m\u0131 ve fonksiyonel yap\u0131s\u0131yla ya\u015fam alanlar\u0131n\u0131za hem \u015f\u0131kl\u0131k hem de konfor kazand\u0131r\u0131yor. Geni\u015f oturma alan\u0131, ergonomik yap\u0131s\u0131 ve kaliteli d\u00f6\u015femesiyle uzun s\u00fcreli kullan\u0131mlarda bile maksimum rahatl\u0131k sunar. K\u00f6\u015fe formu sayesinde alan\u0131 verimli kullanman\u0131za olanak tan\u0131yan Arena K\u00f6\u015fe Koltuk, ailece dinlenme anlar\u0131n\u0131z\u0131 daha keyifli hale getirirken, salonunuza da modern ve etkileyici bir g\u00f6r\u00fcn\u00fcm kazand\u0131r\u0131r.","og_url":"https:\/\/newmood.com.tr\/en\/arena-relax-koltuk\/","og_site_name":"Newmood","article_modified_time":"2025-04-16T15:50:32+00:00","og_image":[{"width":1920,"height":1200,"url":"https:\/\/newmood.com.tr\/wp-content\/uploads\/2025\/04\/arena-koltuk-takimi-160425-28.jpg","type":"image\/jpeg"}],"twitter_card":"summary_large_image","twitter_misc":{"Est. reading time":"1 minute"},"schema":{"@context":"https:\/\/schema.org","@graph":[{"@type":"WebPage","@id":"https:\/\/newmood.com.tr\/en\/arena-relax-koltuk\/","url":"https:\/\/newmood.com.tr\/en\/arena-relax-koltuk\/","name":"Arena Relax Koltuk - Newmood","isPartOf":{"@id":"https:\/\/newmood.com.tr\/en\/#website"},"primaryImageOfPage":{"@id":"https:\/\/newmood.com.tr\/en\/arena-relax-koltuk\/#primaryimage"},"image":{"@id":"https:\/\/newmood.com.tr\/en\/arena-relax-koltuk\/#primaryimage"},"thumbnailUrl":"https:\/\/newmood.com.tr\/wp-content\/uploads\/2025\/04\/arena-koltuk-takimi-160425-28.jpg","datePublished":"2025-04-16T15:49:28+00:00","dateModified":"2025-04-16T15:50:32+00:00","breadcrumb":{"@id":"https:\/\/newmood.com.tr\/en\/arena-relax-koltuk\/#breadcrumb"},"inLanguage":"en-US","potentialAction":[{"@type":"ReadAction","target":["https:\/\/newmood.com.tr\/en\/arena-relax-koltuk\/"]}]},{"@type":"ImageObject","inLanguage":"en-US","@id":"https:\/\/newmood.com.tr\/en\/arena-relax-koltuk\/#primaryimage","url":"https:\/\/newmood.com.tr\/wp-content\/uploads\/2025\/04\/arena-koltuk-takimi-160425-28.jpg","contentUrl":"https:\/\/newmood.com.tr\/wp-content\/uploads\/2025\/04\/arena-koltuk-takimi-160425-28.jpg","width":1920,"height":1200},{"@type":"BreadcrumbList","@id":"https:\/\/newmood.com.tr\/en\/arena-relax-koltuk\/#breadcrumb","itemListElement":[{"@type":"ListItem","position":1,"name":"Anasayfa","item":"https:\/\/newmood.com.tr\/"},{"@type":"ListItem","position":2,"name":"\u00dcr\u00fcnler","item":"https:\/\/newmood.com.tr\/shop\/"},{"@type":"ListItem","position":3,"name":"Arena Relax Koltuk"}]},{"@type":"WebSite","@id":"https:\/\/newmood.com.tr\/en\/#website","url":"https:\/\/newmood.com.tr\/en\/","name":"Newmood","description":"","potentialAction":[{"@type":"SearchAction","target":{"@type":"EntryPoint","urlTemplate":"https:\/\/newmood.com.tr\/en\/?s={search_term_string}"},"query-input":{"@type":"PropertyValueSpecification","valueRequired":true,"valueName":"search_term_string"}}],"inLanguage":"en-US"}]}},"_links":{"self":[{"href":"https:\/\/newmood.com.tr\/en\/wp-json\/wp\/v2\/product\/2190"}],"collection":[{"href":"https:\/\/newmood.com.tr\/en\/wp-json\/wp\/v2\/product"}],"about":[{"href":"https:\/\/newmood.com.tr\/en\/wp-json\/wp\/v2\/types\/product"}],"replies":[{"embeddable":true,"href":"https:\/\/newmood.com.tr\/en\/wp-json\/wp\/v2\/comments?post=2190"}],"wp:featuredmedia":[{"embeddable":true,"href":"https:\/\/newmood.com.tr\/en\/wp-json\/wp\/v2\/media\/2129"}],"wp:attachment":[{"href":"https:\/\/newmood.com.tr\/en\/wp-json\/wp\/v2\/media?parent=2190"}],"wp:term":[{"taxonomy":"product_brand","embeddable":true,"href":"https:\/\/newmood.com.tr\/en\/wp-json\/wp\/v2\/product_brand?post=2190"},{"taxonomy":"product_cat","embeddable":true,"href":"https:\/\/newmood.com.tr\/en\/wp-json\/wp\/v2\/product_cat?post=2190"},{"taxonomy":"product_tag","embeddable":true,"href":"https:\/\/newmood.com.tr\/en\/wp-json\/wp\/v2\/product_tag?post=2190"}],"curies":[{"name":"wp","href":"https:\/\/api.w.org\/{rel}","templated":true}]}}