{"id":2146,"date":"2025-04-16T15:37:46","date_gmt":"2025-04-16T15:37:46","guid":{"rendered":"https:\/\/newmood.com.tr\/?post_type=product&#038;p=2146"},"modified":"2025-04-16T15:38:03","modified_gmt":"2025-04-16T15:38:03","slug":"arena-kose-takimi","status":"publish","type":"product","link":"https:\/\/newmood.com.tr\/en\/arena-kose-takimi\/","title":{"rendered":"Arena Corner Set"},"content":{"rendered":"","protected":false},"excerpt":{"rendered":"<p>Arena Corner Set brings an impressive stance to your living spaces with its modern design and strong lines. It offers both elegance and comfort together with its wide seating area, ergonomic structure and high comfort cushions. Arena Corner Set, which allows you to use your space in the most efficient way thanks to its functional corner design, creates an ideal environment for both crowded guests and enjoyable moments with your family.<\/p>","protected":false},"featured_media":2148,"comment_status":"open","ping_status":"closed","template":"","meta":[],"product_brand":[],"product_cat":[38],"product_tag":[],"class_list":{"0":"post-2146","1":"product","2":"type-product","3":"status-publish","4":"has-post-thumbnail","6":"product_cat-kose-takimlari","8":"first","9":"instock","10":"shipping-taxable","11":"product-type-simple"},"yoast_head":"<!-- This site is optimized with the Yoast SEO plugin v24.9 - https:\/\/yoast.com\/wordpress\/plugins\/seo\/ -->\n<title>Arena K\u00f6\u015fe Tak\u0131m\u0131 - Newmood<\/title>\n<meta name=\"robots\" content=\"index, follow, max-snippet:-1, max-image-preview:large, max-video-preview:-1\" \/>\n<link rel=\"canonical\" href=\"https:\/\/newmood.com.tr\/en\/arena-kose-takimi\/\" \/>\n<meta property=\"og:locale\" content=\"en_US\" \/>\n<meta property=\"og:type\" content=\"article\" \/>\n<meta property=\"og:title\" content=\"Arena K\u00f6\u015fe Tak\u0131m\u0131 - Newmood\" \/>\n<meta property=\"og:description\" content=\"Arena K\u00f6\u015fe Tak\u0131m\u0131, modern tasar\u0131m\u0131 ve g\u00fc\u00e7l\u00fc hatlar\u0131yla ya\u015fam alanlar\u0131n\u0131za etkileyici bir duru\u015f kazand\u0131r\u0131yor. Geni\u015f oturum alan\u0131, ergonomik yap\u0131s\u0131 ve y\u00fcksek konfor sunan minderleriyle hem \u015f\u0131kl\u0131\u011f\u0131 hem de rahatl\u0131\u011f\u0131 bir arada sunuyor. Fonksiyonel k\u00f6\u015fe tasar\u0131m\u0131 sayesinde alan\u0131n\u0131z\u0131 en verimli \u015fekilde de\u011ferlendirmenize olanak tan\u0131yan Arena K\u00f6\u015fe Tak\u0131m\u0131, hem kalabal\u0131k misafirler hem de ailenizle ge\u00e7irece\u011finiz keyifli anlar i\u00e7in ideal bir ortam olu\u015fturur.\" \/>\n<meta property=\"og:url\" content=\"https:\/\/newmood.com.tr\/en\/arena-kose-takimi\/\" \/>\n<meta property=\"og:site_name\" content=\"Newmood\" \/>\n<meta property=\"article:modified_time\" content=\"2025-04-16T15:38:03+00:00\" \/>\n<meta property=\"og:image\" content=\"https:\/\/newmood.com.tr\/wp-content\/uploads\/2025\/04\/arena-kose-takimi-160425-2.jpg\" \/>\n\t<meta property=\"og:image:width\" content=\"1920\" \/>\n\t<meta property=\"og:image:height\" content=\"1200\" \/>\n\t<meta property=\"og:image:type\" content=\"image\/jpeg\" \/>\n<meta name=\"twitter:card\" content=\"summary_large_image\" \/>\n<meta name=\"twitter:label1\" content=\"Est. reading time\" \/>\n\t<meta name=\"twitter:data1\" content=\"1 minute\" \/>\n<script type=\"application\/ld+json\" class=\"yoast-schema-graph\">{\"@context\":\"https:\/\/schema.org\",\"@graph\":[{\"@type\":\"WebPage\",\"@id\":\"https:\/\/newmood.com.tr\/en\/arena-kose-takimi\/\",\"url\":\"https:\/\/newmood.com.tr\/en\/arena-kose-takimi\/\",\"name\":\"Arena K\u00f6\u015fe Tak\u0131m\u0131 - Newmood\",\"isPartOf\":{\"@id\":\"https:\/\/newmood.com.tr\/en\/#website\"},\"primaryImageOfPage\":{\"@id\":\"https:\/\/newmood.com.tr\/en\/arena-kose-takimi\/#primaryimage\"},\"image\":{\"@id\":\"https:\/\/newmood.com.tr\/en\/arena-kose-takimi\/#primaryimage\"},\"thumbnailUrl\":\"https:\/\/newmood.com.tr\/wp-content\/uploads\/2025\/04\/arena-kose-takimi-160425-2.jpg\",\"datePublished\":\"2025-04-16T15:37:46+00:00\",\"dateModified\":\"2025-04-16T15:38:03+00:00\",\"breadcrumb\":{\"@id\":\"https:\/\/newmood.com.tr\/en\/arena-kose-takimi\/#breadcrumb\"},\"inLanguage\":\"en-US\",\"potentialAction\":[{\"@type\":\"ReadAction\",\"target\":[\"https:\/\/newmood.com.tr\/en\/arena-kose-takimi\/\"]}]},{\"@type\":\"ImageObject\",\"inLanguage\":\"en-US\",\"@id\":\"https:\/\/newmood.com.tr\/en\/arena-kose-takimi\/#primaryimage\",\"url\":\"https:\/\/newmood.com.tr\/wp-content\/uploads\/2025\/04\/arena-kose-takimi-160425-2.jpg\",\"contentUrl\":\"https:\/\/newmood.com.tr\/wp-content\/uploads\/2025\/04\/arena-kose-takimi-160425-2.jpg\",\"width\":1920,\"height\":1200},{\"@type\":\"BreadcrumbList\",\"@id\":\"https:\/\/newmood.com.tr\/en\/arena-kose-takimi\/#breadcrumb\",\"itemListElement\":[{\"@type\":\"ListItem\",\"position\":1,\"name\":\"Anasayfa\",\"item\":\"https:\/\/newmood.com.tr\/\"},{\"@type\":\"ListItem\",\"position\":2,\"name\":\"\u00dcr\u00fcnler\",\"item\":\"https:\/\/newmood.com.tr\/shop\/\"},{\"@type\":\"ListItem\",\"position\":3,\"name\":\"Arena K\u00f6\u015fe Tak\u0131m\u0131\"}]},{\"@type\":\"WebSite\",\"@id\":\"https:\/\/newmood.com.tr\/en\/#website\",\"url\":\"https:\/\/newmood.com.tr\/en\/\",\"name\":\"Newmood\",\"description\":\"\",\"potentialAction\":[{\"@type\":\"SearchAction\",\"target\":{\"@type\":\"EntryPoint\",\"urlTemplate\":\"https:\/\/newmood.com.tr\/en\/?s={search_term_string}\"},\"query-input\":{\"@type\":\"PropertyValueSpecification\",\"valueRequired\":true,\"valueName\":\"search_term_string\"}}],\"inLanguage\":\"en-US\"}]}<\/script>\n<!-- \/ Yoast SEO plugin. -->","yoast_head_json":{"title":"Arena K\u00f6\u015fe Tak\u0131m\u0131 - Newmood","robots":{"index":"index","follow":"follow","max-snippet":"max-snippet:-1","max-image-preview":"max-image-preview:large","max-video-preview":"max-video-preview:-1"},"canonical":"https:\/\/newmood.com.tr\/en\/arena-kose-takimi\/","og_locale":"en_US","og_type":"article","og_title":"Arena K\u00f6\u015fe Tak\u0131m\u0131 - Newmood","og_description":"Arena K\u00f6\u015fe Tak\u0131m\u0131, modern tasar\u0131m\u0131 ve g\u00fc\u00e7l\u00fc hatlar\u0131yla ya\u015fam alanlar\u0131n\u0131za etkileyici bir duru\u015f kazand\u0131r\u0131yor. Geni\u015f oturum alan\u0131, ergonomik yap\u0131s\u0131 ve y\u00fcksek konfor sunan minderleriyle hem \u015f\u0131kl\u0131\u011f\u0131 hem de rahatl\u0131\u011f\u0131 bir arada sunuyor. Fonksiyonel k\u00f6\u015fe tasar\u0131m\u0131 sayesinde alan\u0131n\u0131z\u0131 en verimli \u015fekilde de\u011ferlendirmenize olanak tan\u0131yan Arena K\u00f6\u015fe Tak\u0131m\u0131, hem kalabal\u0131k misafirler hem de ailenizle ge\u00e7irece\u011finiz keyifli anlar i\u00e7in ideal bir ortam olu\u015fturur.","og_url":"https:\/\/newmood.com.tr\/en\/arena-kose-takimi\/","og_site_name":"Newmood","article_modified_time":"2025-04-16T15:38:03+00:00","og_image":[{"width":1920,"height":1200,"url":"https:\/\/newmood.com.tr\/wp-content\/uploads\/2025\/04\/arena-kose-takimi-160425-2.jpg","type":"image\/jpeg"}],"twitter_card":"summary_large_image","twitter_misc":{"Est. reading time":"1 minute"},"schema":{"@context":"https:\/\/schema.org","@graph":[{"@type":"WebPage","@id":"https:\/\/newmood.com.tr\/en\/arena-kose-takimi\/","url":"https:\/\/newmood.com.tr\/en\/arena-kose-takimi\/","name":"Arena K\u00f6\u015fe Tak\u0131m\u0131 - Newmood","isPartOf":{"@id":"https:\/\/newmood.com.tr\/en\/#website"},"primaryImageOfPage":{"@id":"https:\/\/newmood.com.tr\/en\/arena-kose-takimi\/#primaryimage"},"image":{"@id":"https:\/\/newmood.com.tr\/en\/arena-kose-takimi\/#primaryimage"},"thumbnailUrl":"https:\/\/newmood.com.tr\/wp-content\/uploads\/2025\/04\/arena-kose-takimi-160425-2.jpg","datePublished":"2025-04-16T15:37:46+00:00","dateModified":"2025-04-16T15:38:03+00:00","breadcrumb":{"@id":"https:\/\/newmood.com.tr\/en\/arena-kose-takimi\/#breadcrumb"},"inLanguage":"en-US","potentialAction":[{"@type":"ReadAction","target":["https:\/\/newmood.com.tr\/en\/arena-kose-takimi\/"]}]},{"@type":"ImageObject","inLanguage":"en-US","@id":"https:\/\/newmood.com.tr\/en\/arena-kose-takimi\/#primaryimage","url":"https:\/\/newmood.com.tr\/wp-content\/uploads\/2025\/04\/arena-kose-takimi-160425-2.jpg","contentUrl":"https:\/\/newmood.com.tr\/wp-content\/uploads\/2025\/04\/arena-kose-takimi-160425-2.jpg","width":1920,"height":1200},{"@type":"BreadcrumbList","@id":"https:\/\/newmood.com.tr\/en\/arena-kose-takimi\/#breadcrumb","itemListElement":[{"@type":"ListItem","position":1,"name":"Anasayfa","item":"https:\/\/newmood.com.tr\/"},{"@type":"ListItem","position":2,"name":"\u00dcr\u00fcnler","item":"https:\/\/newmood.com.tr\/shop\/"},{"@type":"ListItem","position":3,"name":"Arena K\u00f6\u015fe Tak\u0131m\u0131"}]},{"@type":"WebSite","@id":"https:\/\/newmood.com.tr\/en\/#website","url":"https:\/\/newmood.com.tr\/en\/","name":"Newmood","description":"","potentialAction":[{"@type":"SearchAction","target":{"@type":"EntryPoint","urlTemplate":"https:\/\/newmood.com.tr\/en\/?s={search_term_string}"},"query-input":{"@type":"PropertyValueSpecification","valueRequired":true,"valueName":"search_term_string"}}],"inLanguage":"en-US"}]}},"_links":{"self":[{"href":"https:\/\/newmood.com.tr\/en\/wp-json\/wp\/v2\/product\/2146"}],"collection":[{"href":"https:\/\/newmood.com.tr\/en\/wp-json\/wp\/v2\/product"}],"about":[{"href":"https:\/\/newmood.com.tr\/en\/wp-json\/wp\/v2\/types\/product"}],"replies":[{"embeddable":true,"href":"https:\/\/newmood.com.tr\/en\/wp-json\/wp\/v2\/comments?post=2146"}],"wp:featuredmedia":[{"embeddable":true,"href":"https:\/\/newmood.com.tr\/en\/wp-json\/wp\/v2\/media\/2148"}],"wp:attachment":[{"href":"https:\/\/newmood.com.tr\/en\/wp-json\/wp\/v2\/media?parent=2146"}],"wp:term":[{"taxonomy":"product_brand","embeddable":true,"href":"https:\/\/newmood.com.tr\/en\/wp-json\/wp\/v2\/product_brand?post=2146"},{"taxonomy":"product_cat","embeddable":true,"href":"https:\/\/newmood.com.tr\/en\/wp-json\/wp\/v2\/product_cat?post=2146"},{"taxonomy":"product_tag","embeddable":true,"href":"https:\/\/newmood.com.tr\/en\/wp-json\/wp\/v2\/product_tag?post=2146"}],"curies":[{"name":"wp","href":"https:\/\/api.w.org\/{rel}","templated":true}]}}