{"id":2102,"date":"2025-04-16T15:30:25","date_gmt":"2025-04-16T15:30:25","guid":{"rendered":"https:\/\/newmood.com.tr\/?post_type=product&#038;p=2102"},"modified":"2025-04-16T15:30:50","modified_gmt":"2025-04-16T15:30:50","slug":"arena-koltuk-takimi","status":"publish","type":"product","link":"https:\/\/newmood.com.tr\/en\/arena-sofa-set\/","title":{"rendered":"Aren Sofa Set"},"content":{"rendered":"","protected":false},"excerpt":{"rendered":"<p>Arena Sofa Set adds character to your living spaces with its strong stance and modern lines. With its seating structure that prioritizes comfort, quality fabric texture and stylish details, Arena offers an ideal choice for those looking for both aesthetics and functionality. Wide and ergonomic seating areas make every moment comfortable, from daily use to hosting special guests. <\/p>","protected":false},"featured_media":2103,"comment_status":"open","ping_status":"closed","template":"","meta":[],"product_brand":[],"product_cat":[33],"product_tag":[],"class_list":{"0":"post-2102","1":"product","2":"type-product","3":"status-publish","4":"has-post-thumbnail","6":"product_cat-koltuk-takimlari","8":"first","9":"instock","10":"shipping-taxable","11":"product-type-simple"},"yoast_head":"<!-- This site is optimized with the Yoast SEO plugin v24.9 - https:\/\/yoast.com\/wordpress\/plugins\/seo\/ -->\n<title>Arena Koltuk Tak\u0131m\u0131 - Newmood<\/title>\n<meta name=\"robots\" content=\"index, follow, max-snippet:-1, max-image-preview:large, max-video-preview:-1\" \/>\n<link rel=\"canonical\" href=\"https:\/\/newmood.com.tr\/en\/arena-sofa-set\/\" \/>\n<meta property=\"og:locale\" content=\"en_US\" \/>\n<meta property=\"og:type\" content=\"article\" \/>\n<meta property=\"og:title\" content=\"Arena Koltuk Tak\u0131m\u0131 - Newmood\" \/>\n<meta property=\"og:description\" content=\"Arena Koltuk Tak\u0131m\u0131, g\u00fc\u00e7l\u00fc duru\u015fu ve modern \u00e7izgileriyle ya\u015fam alanlar\u0131n\u0131za karakter kazand\u0131r\u0131yor. Konforu \u00f6n planda tutan oturum yap\u0131s\u0131, kaliteli kuma\u015f dokusu ve \u015f\u0131k detaylar\u0131yla Arena, hem estetik hem de fonksiyonellik arayanlar i\u00e7in ideal bir tercih sunuyor. Geni\u015f ve ergonomik oturma alanlar\u0131, g\u00fcnl\u00fck kullan\u0131mdan \u00f6zel misafir a\u011f\u0131rlamalar\u0131na kadar her an\u0131 konforlu k\u0131lar.\" \/>\n<meta property=\"og:url\" content=\"https:\/\/newmood.com.tr\/en\/arena-sofa-set\/\" \/>\n<meta property=\"og:site_name\" content=\"Newmood\" \/>\n<meta property=\"article:modified_time\" content=\"2025-04-16T15:30:50+00:00\" \/>\n<meta property=\"og:image\" content=\"https:\/\/newmood.com.tr\/wp-content\/uploads\/2025\/04\/arena-koltuk-takimi-160425-1.jpg\" \/>\n\t<meta property=\"og:image:width\" content=\"1920\" \/>\n\t<meta property=\"og:image:height\" content=\"1200\" \/>\n\t<meta property=\"og:image:type\" content=\"image\/jpeg\" \/>\n<meta name=\"twitter:card\" content=\"summary_large_image\" \/>\n<meta name=\"twitter:label1\" content=\"Est. reading time\" \/>\n\t<meta name=\"twitter:data1\" content=\"1 minute\" \/>\n<script type=\"application\/ld+json\" class=\"yoast-schema-graph\">{\"@context\":\"https:\/\/schema.org\",\"@graph\":[{\"@type\":\"WebPage\",\"@id\":\"https:\/\/newmood.com.tr\/en\/arena-sofa-set\/\",\"url\":\"https:\/\/newmood.com.tr\/en\/arena-sofa-set\/\",\"name\":\"Arena Koltuk Tak\u0131m\u0131 - Newmood\",\"isPartOf\":{\"@id\":\"https:\/\/newmood.com.tr\/en\/#website\"},\"primaryImageOfPage\":{\"@id\":\"https:\/\/newmood.com.tr\/en\/arena-sofa-set\/#primaryimage\"},\"image\":{\"@id\":\"https:\/\/newmood.com.tr\/en\/arena-sofa-set\/#primaryimage\"},\"thumbnailUrl\":\"https:\/\/newmood.com.tr\/wp-content\/uploads\/2025\/04\/arena-koltuk-takimi-160425-1.jpg\",\"datePublished\":\"2025-04-16T15:30:25+00:00\",\"dateModified\":\"2025-04-16T15:30:50+00:00\",\"breadcrumb\":{\"@id\":\"https:\/\/newmood.com.tr\/en\/arena-sofa-set\/#breadcrumb\"},\"inLanguage\":\"en-US\",\"potentialAction\":[{\"@type\":\"ReadAction\",\"target\":[\"https:\/\/newmood.com.tr\/en\/arena-sofa-set\/\"]}]},{\"@type\":\"ImageObject\",\"inLanguage\":\"en-US\",\"@id\":\"https:\/\/newmood.com.tr\/en\/arena-sofa-set\/#primaryimage\",\"url\":\"https:\/\/newmood.com.tr\/wp-content\/uploads\/2025\/04\/arena-koltuk-takimi-160425-1.jpg\",\"contentUrl\":\"https:\/\/newmood.com.tr\/wp-content\/uploads\/2025\/04\/arena-koltuk-takimi-160425-1.jpg\",\"width\":1920,\"height\":1200},{\"@type\":\"BreadcrumbList\",\"@id\":\"https:\/\/newmood.com.tr\/en\/arena-sofa-set\/#breadcrumb\",\"itemListElement\":[{\"@type\":\"ListItem\",\"position\":1,\"name\":\"Anasayfa\",\"item\":\"https:\/\/newmood.com.tr\/\"},{\"@type\":\"ListItem\",\"position\":2,\"name\":\"\u00dcr\u00fcnler\",\"item\":\"https:\/\/newmood.com.tr\/shop\/\"},{\"@type\":\"ListItem\",\"position\":3,\"name\":\"Arena Koltuk Tak\u0131m\u0131\"}]},{\"@type\":\"WebSite\",\"@id\":\"https:\/\/newmood.com.tr\/en\/#website\",\"url\":\"https:\/\/newmood.com.tr\/en\/\",\"name\":\"Newmood\",\"description\":\"\",\"potentialAction\":[{\"@type\":\"SearchAction\",\"target\":{\"@type\":\"EntryPoint\",\"urlTemplate\":\"https:\/\/newmood.com.tr\/en\/?s={search_term_string}\"},\"query-input\":{\"@type\":\"PropertyValueSpecification\",\"valueRequired\":true,\"valueName\":\"search_term_string\"}}],\"inLanguage\":\"en-US\"}]}<\/script>\n<!-- \/ Yoast SEO plugin. -->","yoast_head_json":{"title":"Arena Koltuk Tak\u0131m\u0131 - Newmood","robots":{"index":"index","follow":"follow","max-snippet":"max-snippet:-1","max-image-preview":"max-image-preview:large","max-video-preview":"max-video-preview:-1"},"canonical":"https:\/\/newmood.com.tr\/en\/arena-sofa-set\/","og_locale":"en_US","og_type":"article","og_title":"Arena Koltuk Tak\u0131m\u0131 - Newmood","og_description":"Arena Koltuk Tak\u0131m\u0131, g\u00fc\u00e7l\u00fc duru\u015fu ve modern \u00e7izgileriyle ya\u015fam alanlar\u0131n\u0131za karakter kazand\u0131r\u0131yor. Konforu \u00f6n planda tutan oturum yap\u0131s\u0131, kaliteli kuma\u015f dokusu ve \u015f\u0131k detaylar\u0131yla Arena, hem estetik hem de fonksiyonellik arayanlar i\u00e7in ideal bir tercih sunuyor. Geni\u015f ve ergonomik oturma alanlar\u0131, g\u00fcnl\u00fck kullan\u0131mdan \u00f6zel misafir a\u011f\u0131rlamalar\u0131na kadar her an\u0131 konforlu k\u0131lar.","og_url":"https:\/\/newmood.com.tr\/en\/arena-sofa-set\/","og_site_name":"Newmood","article_modified_time":"2025-04-16T15:30:50+00:00","og_image":[{"width":1920,"height":1200,"url":"https:\/\/newmood.com.tr\/wp-content\/uploads\/2025\/04\/arena-koltuk-takimi-160425-1.jpg","type":"image\/jpeg"}],"twitter_card":"summary_large_image","twitter_misc":{"Est. reading time":"1 minute"},"schema":{"@context":"https:\/\/schema.org","@graph":[{"@type":"WebPage","@id":"https:\/\/newmood.com.tr\/en\/arena-sofa-set\/","url":"https:\/\/newmood.com.tr\/en\/arena-sofa-set\/","name":"Arena Koltuk Tak\u0131m\u0131 - Newmood","isPartOf":{"@id":"https:\/\/newmood.com.tr\/en\/#website"},"primaryImageOfPage":{"@id":"https:\/\/newmood.com.tr\/en\/arena-sofa-set\/#primaryimage"},"image":{"@id":"https:\/\/newmood.com.tr\/en\/arena-sofa-set\/#primaryimage"},"thumbnailUrl":"https:\/\/newmood.com.tr\/wp-content\/uploads\/2025\/04\/arena-koltuk-takimi-160425-1.jpg","datePublished":"2025-04-16T15:30:25+00:00","dateModified":"2025-04-16T15:30:50+00:00","breadcrumb":{"@id":"https:\/\/newmood.com.tr\/en\/arena-sofa-set\/#breadcrumb"},"inLanguage":"en-US","potentialAction":[{"@type":"ReadAction","target":["https:\/\/newmood.com.tr\/en\/arena-sofa-set\/"]}]},{"@type":"ImageObject","inLanguage":"en-US","@id":"https:\/\/newmood.com.tr\/en\/arena-sofa-set\/#primaryimage","url":"https:\/\/newmood.com.tr\/wp-content\/uploads\/2025\/04\/arena-koltuk-takimi-160425-1.jpg","contentUrl":"https:\/\/newmood.com.tr\/wp-content\/uploads\/2025\/04\/arena-koltuk-takimi-160425-1.jpg","width":1920,"height":1200},{"@type":"BreadcrumbList","@id":"https:\/\/newmood.com.tr\/en\/arena-sofa-set\/#breadcrumb","itemListElement":[{"@type":"ListItem","position":1,"name":"Anasayfa","item":"https:\/\/newmood.com.tr\/"},{"@type":"ListItem","position":2,"name":"\u00dcr\u00fcnler","item":"https:\/\/newmood.com.tr\/shop\/"},{"@type":"ListItem","position":3,"name":"Arena Koltuk Tak\u0131m\u0131"}]},{"@type":"WebSite","@id":"https:\/\/newmood.com.tr\/en\/#website","url":"https:\/\/newmood.com.tr\/en\/","name":"Newmood","description":"","potentialAction":[{"@type":"SearchAction","target":{"@type":"EntryPoint","urlTemplate":"https:\/\/newmood.com.tr\/en\/?s={search_term_string}"},"query-input":{"@type":"PropertyValueSpecification","valueRequired":true,"valueName":"search_term_string"}}],"inLanguage":"en-US"}]}},"_links":{"self":[{"href":"https:\/\/newmood.com.tr\/en\/wp-json\/wp\/v2\/product\/2102"}],"collection":[{"href":"https:\/\/newmood.com.tr\/en\/wp-json\/wp\/v2\/product"}],"about":[{"href":"https:\/\/newmood.com.tr\/en\/wp-json\/wp\/v2\/types\/product"}],"replies":[{"embeddable":true,"href":"https:\/\/newmood.com.tr\/en\/wp-json\/wp\/v2\/comments?post=2102"}],"wp:featuredmedia":[{"embeddable":true,"href":"https:\/\/newmood.com.tr\/en\/wp-json\/wp\/v2\/media\/2103"}],"wp:attachment":[{"href":"https:\/\/newmood.com.tr\/en\/wp-json\/wp\/v2\/media?parent=2102"}],"wp:term":[{"taxonomy":"product_brand","embeddable":true,"href":"https:\/\/newmood.com.tr\/en\/wp-json\/wp\/v2\/product_brand?post=2102"},{"taxonomy":"product_cat","embeddable":true,"href":"https:\/\/newmood.com.tr\/en\/wp-json\/wp\/v2\/product_cat?post=2102"},{"taxonomy":"product_tag","embeddable":true,"href":"https:\/\/newmood.com.tr\/en\/wp-json\/wp\/v2\/product_tag?post=2102"}],"curies":[{"name":"wp","href":"https:\/\/api.w.org\/{rel}","templated":true}]}}