{"id":2099,"date":"2025-04-16T12:25:50","date_gmt":"2025-04-16T12:25:50","guid":{"rendered":"https:\/\/newmood.com.tr\/?post_type=product&#038;p=2099"},"modified":"2025-04-16T12:27:20","modified_gmt":"2025-04-16T12:27:20","slug":"rubino-berjer","status":"publish","type":"product","link":"https:\/\/newmood.com.tr\/en\/rubino-berjer\/","title":{"rendered":"Rubino Armchair"},"content":{"rendered":"","protected":false},"excerpt":{"rendered":"<p>Rubino Berjer, zarif duru\u015fu ve konforlu yap\u0131s\u0131yla ya\u015fam alanlar\u0131n\u0131za \u015f\u0131kl\u0131k kat\u0131yor. Modern \u00e7izgileriyle dikkat \u00e7eken bu \u00f6zel par\u00e7a, yumu\u015fak dokulu kuma\u015f\u0131 ve ergonomik tasar\u0131m\u0131 sayesinde hem estetik hem de rahatl\u0131k sunar. Tek ba\u015f\u0131na bir stil ifadesi olan Rubino Berjer, ister salonunuzda okuma k\u00f6\u015fesi olarak ister yatak odan\u0131zda tamamlay\u0131c\u0131 bir par\u00e7a olarak m\u00fckemmel uyum sa\u011flar.<\/p>","protected":false},"featured_media":2019,"comment_status":"open","ping_status":"closed","template":"","meta":[],"product_brand":[],"product_cat":[19],"product_tag":[],"class_list":{"0":"post-2099","1":"product","2":"type-product","3":"status-publish","4":"has-post-thumbnail","6":"product_cat-berjerler","8":"first","9":"instock","10":"shipping-taxable","11":"product-type-simple"},"yoast_head":"<!-- This site is optimized with the Yoast SEO plugin v24.9 - https:\/\/yoast.com\/wordpress\/plugins\/seo\/ -->\n<title>Rubino Berjer - Newmood<\/title>\n<meta name=\"robots\" content=\"index, follow, max-snippet:-1, max-image-preview:large, max-video-preview:-1\" \/>\n<link rel=\"canonical\" href=\"https:\/\/newmood.com.tr\/en\/rubino-berjer\/\" \/>\n<meta property=\"og:locale\" content=\"en_US\" \/>\n<meta property=\"og:type\" content=\"article\" \/>\n<meta property=\"og:title\" content=\"Rubino Berjer - Newmood\" \/>\n<meta property=\"og:description\" content=\"Rubino Berjer, zarif duru\u015fu ve konforlu yap\u0131s\u0131yla ya\u015fam alanlar\u0131n\u0131za \u015f\u0131kl\u0131k kat\u0131yor. Modern \u00e7izgileriyle dikkat \u00e7eken bu \u00f6zel par\u00e7a, yumu\u015fak dokulu kuma\u015f\u0131 ve ergonomik tasar\u0131m\u0131 sayesinde hem estetik hem de rahatl\u0131k sunar. Tek ba\u015f\u0131na bir stil ifadesi olan Rubino Berjer, ister salonunuzda okuma k\u00f6\u015fesi olarak ister yatak odan\u0131zda tamamlay\u0131c\u0131 bir par\u00e7a olarak m\u00fckemmel uyum sa\u011flar.\" \/>\n<meta property=\"og:url\" content=\"https:\/\/newmood.com.tr\/en\/rubino-berjer\/\" \/>\n<meta property=\"og:site_name\" content=\"Newmood\" \/>\n<meta property=\"article:modified_time\" content=\"2025-04-16T12:27:20+00:00\" \/>\n<meta property=\"og:image\" content=\"https:\/\/newmood.com.tr\/wp-content\/uploads\/2025\/04\/rubino-koltuk-takimi-160425-18.jpg\" \/>\n\t<meta property=\"og:image:width\" content=\"1920\" \/>\n\t<meta property=\"og:image:height\" content=\"1200\" \/>\n\t<meta property=\"og:image:type\" content=\"image\/jpeg\" \/>\n<meta name=\"twitter:card\" content=\"summary_large_image\" \/>\n<meta name=\"twitter:label1\" content=\"Est. reading time\" \/>\n\t<meta name=\"twitter:data1\" content=\"1 minute\" \/>\n<script type=\"application\/ld+json\" class=\"yoast-schema-graph\">{\"@context\":\"https:\/\/schema.org\",\"@graph\":[{\"@type\":\"WebPage\",\"@id\":\"https:\/\/newmood.com.tr\/en\/rubino-berjer\/\",\"url\":\"https:\/\/newmood.com.tr\/en\/rubino-berjer\/\",\"name\":\"Rubino Berjer - Newmood\",\"isPartOf\":{\"@id\":\"https:\/\/newmood.com.tr\/en\/#website\"},\"primaryImageOfPage\":{\"@id\":\"https:\/\/newmood.com.tr\/en\/rubino-berjer\/#primaryimage\"},\"image\":{\"@id\":\"https:\/\/newmood.com.tr\/en\/rubino-berjer\/#primaryimage\"},\"thumbnailUrl\":\"https:\/\/newmood.com.tr\/wp-content\/uploads\/2025\/04\/rubino-koltuk-takimi-160425-18.jpg\",\"datePublished\":\"2025-04-16T12:25:50+00:00\",\"dateModified\":\"2025-04-16T12:27:20+00:00\",\"breadcrumb\":{\"@id\":\"https:\/\/newmood.com.tr\/en\/rubino-berjer\/#breadcrumb\"},\"inLanguage\":\"en-US\",\"potentialAction\":[{\"@type\":\"ReadAction\",\"target\":[\"https:\/\/newmood.com.tr\/en\/rubino-berjer\/\"]}]},{\"@type\":\"ImageObject\",\"inLanguage\":\"en-US\",\"@id\":\"https:\/\/newmood.com.tr\/en\/rubino-berjer\/#primaryimage\",\"url\":\"https:\/\/newmood.com.tr\/wp-content\/uploads\/2025\/04\/rubino-koltuk-takimi-160425-18.jpg\",\"contentUrl\":\"https:\/\/newmood.com.tr\/wp-content\/uploads\/2025\/04\/rubino-koltuk-takimi-160425-18.jpg\",\"width\":1920,\"height\":1200},{\"@type\":\"BreadcrumbList\",\"@id\":\"https:\/\/newmood.com.tr\/en\/rubino-berjer\/#breadcrumb\",\"itemListElement\":[{\"@type\":\"ListItem\",\"position\":1,\"name\":\"Anasayfa\",\"item\":\"https:\/\/newmood.com.tr\/\"},{\"@type\":\"ListItem\",\"position\":2,\"name\":\"\u00dcr\u00fcnler\",\"item\":\"https:\/\/newmood.com.tr\/shop\/\"},{\"@type\":\"ListItem\",\"position\":3,\"name\":\"Rubino Berjer\"}]},{\"@type\":\"WebSite\",\"@id\":\"https:\/\/newmood.com.tr\/en\/#website\",\"url\":\"https:\/\/newmood.com.tr\/en\/\",\"name\":\"Newmood\",\"description\":\"\",\"potentialAction\":[{\"@type\":\"SearchAction\",\"target\":{\"@type\":\"EntryPoint\",\"urlTemplate\":\"https:\/\/newmood.com.tr\/en\/?s={search_term_string}\"},\"query-input\":{\"@type\":\"PropertyValueSpecification\",\"valueRequired\":true,\"valueName\":\"search_term_string\"}}],\"inLanguage\":\"en-US\"}]}<\/script>\n<!-- \/ Yoast SEO plugin. -->","yoast_head_json":{"title":"Rubino Berjer - Newmood","robots":{"index":"index","follow":"follow","max-snippet":"max-snippet:-1","max-image-preview":"max-image-preview:large","max-video-preview":"max-video-preview:-1"},"canonical":"https:\/\/newmood.com.tr\/en\/rubino-berjer\/","og_locale":"en_US","og_type":"article","og_title":"Rubino Berjer - Newmood","og_description":"Rubino Berjer, zarif duru\u015fu ve konforlu yap\u0131s\u0131yla ya\u015fam alanlar\u0131n\u0131za \u015f\u0131kl\u0131k kat\u0131yor. Modern \u00e7izgileriyle dikkat \u00e7eken bu \u00f6zel par\u00e7a, yumu\u015fak dokulu kuma\u015f\u0131 ve ergonomik tasar\u0131m\u0131 sayesinde hem estetik hem de rahatl\u0131k sunar. Tek ba\u015f\u0131na bir stil ifadesi olan Rubino Berjer, ister salonunuzda okuma k\u00f6\u015fesi olarak ister yatak odan\u0131zda tamamlay\u0131c\u0131 bir par\u00e7a olarak m\u00fckemmel uyum sa\u011flar.","og_url":"https:\/\/newmood.com.tr\/en\/rubino-berjer\/","og_site_name":"Newmood","article_modified_time":"2025-04-16T12:27:20+00:00","og_image":[{"width":1920,"height":1200,"url":"https:\/\/newmood.com.tr\/wp-content\/uploads\/2025\/04\/rubino-koltuk-takimi-160425-18.jpg","type":"image\/jpeg"}],"twitter_card":"summary_large_image","twitter_misc":{"Est. reading time":"1 minute"},"schema":{"@context":"https:\/\/schema.org","@graph":[{"@type":"WebPage","@id":"https:\/\/newmood.com.tr\/en\/rubino-berjer\/","url":"https:\/\/newmood.com.tr\/en\/rubino-berjer\/","name":"Rubino Berjer - Newmood","isPartOf":{"@id":"https:\/\/newmood.com.tr\/en\/#website"},"primaryImageOfPage":{"@id":"https:\/\/newmood.com.tr\/en\/rubino-berjer\/#primaryimage"},"image":{"@id":"https:\/\/newmood.com.tr\/en\/rubino-berjer\/#primaryimage"},"thumbnailUrl":"https:\/\/newmood.com.tr\/wp-content\/uploads\/2025\/04\/rubino-koltuk-takimi-160425-18.jpg","datePublished":"2025-04-16T12:25:50+00:00","dateModified":"2025-04-16T12:27:20+00:00","breadcrumb":{"@id":"https:\/\/newmood.com.tr\/en\/rubino-berjer\/#breadcrumb"},"inLanguage":"en-US","potentialAction":[{"@type":"ReadAction","target":["https:\/\/newmood.com.tr\/en\/rubino-berjer\/"]}]},{"@type":"ImageObject","inLanguage":"en-US","@id":"https:\/\/newmood.com.tr\/en\/rubino-berjer\/#primaryimage","url":"https:\/\/newmood.com.tr\/wp-content\/uploads\/2025\/04\/rubino-koltuk-takimi-160425-18.jpg","contentUrl":"https:\/\/newmood.com.tr\/wp-content\/uploads\/2025\/04\/rubino-koltuk-takimi-160425-18.jpg","width":1920,"height":1200},{"@type":"BreadcrumbList","@id":"https:\/\/newmood.com.tr\/en\/rubino-berjer\/#breadcrumb","itemListElement":[{"@type":"ListItem","position":1,"name":"Anasayfa","item":"https:\/\/newmood.com.tr\/"},{"@type":"ListItem","position":2,"name":"\u00dcr\u00fcnler","item":"https:\/\/newmood.com.tr\/shop\/"},{"@type":"ListItem","position":3,"name":"Rubino Berjer"}]},{"@type":"WebSite","@id":"https:\/\/newmood.com.tr\/en\/#website","url":"https:\/\/newmood.com.tr\/en\/","name":"Newmood","description":"","potentialAction":[{"@type":"SearchAction","target":{"@type":"EntryPoint","urlTemplate":"https:\/\/newmood.com.tr\/en\/?s={search_term_string}"},"query-input":{"@type":"PropertyValueSpecification","valueRequired":true,"valueName":"search_term_string"}}],"inLanguage":"en-US"}]}},"_links":{"self":[{"href":"https:\/\/newmood.com.tr\/en\/wp-json\/wp\/v2\/product\/2099"}],"collection":[{"href":"https:\/\/newmood.com.tr\/en\/wp-json\/wp\/v2\/product"}],"about":[{"href":"https:\/\/newmood.com.tr\/en\/wp-json\/wp\/v2\/types\/product"}],"replies":[{"embeddable":true,"href":"https:\/\/newmood.com.tr\/en\/wp-json\/wp\/v2\/comments?post=2099"}],"wp:featuredmedia":[{"embeddable":true,"href":"https:\/\/newmood.com.tr\/en\/wp-json\/wp\/v2\/media\/2019"}],"wp:attachment":[{"href":"https:\/\/newmood.com.tr\/en\/wp-json\/wp\/v2\/media?parent=2099"}],"wp:term":[{"taxonomy":"product_brand","embeddable":true,"href":"https:\/\/newmood.com.tr\/en\/wp-json\/wp\/v2\/product_brand?post=2099"},{"taxonomy":"product_cat","embeddable":true,"href":"https:\/\/newmood.com.tr\/en\/wp-json\/wp\/v2\/product_cat?post=2099"},{"taxonomy":"product_tag","embeddable":true,"href":"https:\/\/newmood.com.tr\/en\/wp-json\/wp\/v2\/product_tag?post=2099"}],"curies":[{"name":"wp","href":"https:\/\/api.w.org\/{rel}","templated":true}]}}