{"id":2097,"date":"2025-04-16T12:17:20","date_gmt":"2025-04-16T12:17:20","guid":{"rendered":"https:\/\/newmood.com.tr\/?post_type=product&#038;p=2097"},"modified":"2025-04-16T12:17:20","modified_gmt":"2025-04-16T12:17:20","slug":"rubino-kose-koltuk","status":"publish","type":"product","link":"https:\/\/newmood.com.tr\/en\/rubino-kose-koltuk\/","title":{"rendered":"Rubino Corner Sofa"},"content":{"rendered":"","protected":false},"excerpt":{"rendered":"<p>Rubino Corner Sofa brings together modern design and comfort, offering an elegant touch to your living spaces. Standing out with its functional structure and aesthetic details, Rubino allows you to use your space in the most efficient way thanks to its corner form, while making resting moments enjoyable with its comfortable seating structure.<\/p>","protected":false},"featured_media":2043,"comment_status":"open","ping_status":"closed","template":"","meta":[],"product_brand":[],"product_cat":[39],"product_tag":[],"class_list":{"0":"post-2097","1":"product","2":"type-product","3":"status-publish","4":"has-post-thumbnail","6":"product_cat-kose-koltuklar","8":"first","9":"instock","10":"shipping-taxable","11":"product-type-simple"},"yoast_head":"<!-- This site is optimized with the Yoast SEO plugin v24.9 - https:\/\/yoast.com\/wordpress\/plugins\/seo\/ -->\n<title>Rubino K\u00f6\u015fe Koltuk - Newmood<\/title>\n<meta name=\"robots\" content=\"index, follow, max-snippet:-1, max-image-preview:large, max-video-preview:-1\" \/>\n<link rel=\"canonical\" href=\"https:\/\/newmood.com.tr\/en\/rubino-kose-koltuk\/\" \/>\n<meta property=\"og:locale\" content=\"en_US\" \/>\n<meta property=\"og:type\" content=\"article\" \/>\n<meta property=\"og:title\" content=\"Rubino K\u00f6\u015fe Koltuk - Newmood\" \/>\n<meta property=\"og:description\" content=\"Rubino K\u00f6\u015fe Koltuk, modern tasar\u0131m\u0131 ve konforu bir araya getirerek ya\u015fam alanlar\u0131n\u0131za zarif bir dokunu\u015f sunuyor. Fonksiyonel yap\u0131s\u0131 ve estetik detaylar\u0131yla \u00f6ne \u00e7\u0131kan Rubino, k\u00f6\u015fe formu sayesinde alan\u0131n\u0131z\u0131 en verimli \u015fekilde kullanman\u0131za olanak tan\u0131rken, rahat oturum yap\u0131s\u0131yla da dinlenme anlar\u0131n\u0131 keyifli hale getiriyor.\" \/>\n<meta property=\"og:url\" content=\"https:\/\/newmood.com.tr\/en\/rubino-kose-koltuk\/\" \/>\n<meta property=\"og:site_name\" content=\"Newmood\" \/>\n<meta property=\"og:image\" content=\"https:\/\/newmood.com.tr\/wp-content\/uploads\/2025\/04\/rubino-kose-takimi-160425-9.jpg\" \/>\n\t<meta property=\"og:image:width\" content=\"1920\" \/>\n\t<meta property=\"og:image:height\" content=\"1200\" \/>\n\t<meta property=\"og:image:type\" content=\"image\/jpeg\" \/>\n<meta name=\"twitter:card\" content=\"summary_large_image\" \/>\n<meta name=\"twitter:label1\" content=\"Est. reading time\" \/>\n\t<meta name=\"twitter:data1\" content=\"1 minute\" \/>\n<script type=\"application\/ld+json\" class=\"yoast-schema-graph\">{\"@context\":\"https:\/\/schema.org\",\"@graph\":[{\"@type\":\"WebPage\",\"@id\":\"https:\/\/newmood.com.tr\/en\/rubino-kose-koltuk\/\",\"url\":\"https:\/\/newmood.com.tr\/en\/rubino-kose-koltuk\/\",\"name\":\"Rubino K\u00f6\u015fe Koltuk - Newmood\",\"isPartOf\":{\"@id\":\"https:\/\/newmood.com.tr\/en\/#website\"},\"primaryImageOfPage\":{\"@id\":\"https:\/\/newmood.com.tr\/en\/rubino-kose-koltuk\/#primaryimage\"},\"image\":{\"@id\":\"https:\/\/newmood.com.tr\/en\/rubino-kose-koltuk\/#primaryimage\"},\"thumbnailUrl\":\"https:\/\/newmood.com.tr\/wp-content\/uploads\/2025\/04\/rubino-kose-takimi-160425-9.jpg\",\"datePublished\":\"2025-04-16T12:17:20+00:00\",\"breadcrumb\":{\"@id\":\"https:\/\/newmood.com.tr\/en\/rubino-kose-koltuk\/#breadcrumb\"},\"inLanguage\":\"en-US\",\"potentialAction\":[{\"@type\":\"ReadAction\",\"target\":[\"https:\/\/newmood.com.tr\/en\/rubino-kose-koltuk\/\"]}]},{\"@type\":\"ImageObject\",\"inLanguage\":\"en-US\",\"@id\":\"https:\/\/newmood.com.tr\/en\/rubino-kose-koltuk\/#primaryimage\",\"url\":\"https:\/\/newmood.com.tr\/wp-content\/uploads\/2025\/04\/rubino-kose-takimi-160425-9.jpg\",\"contentUrl\":\"https:\/\/newmood.com.tr\/wp-content\/uploads\/2025\/04\/rubino-kose-takimi-160425-9.jpg\",\"width\":1920,\"height\":1200},{\"@type\":\"BreadcrumbList\",\"@id\":\"https:\/\/newmood.com.tr\/en\/rubino-kose-koltuk\/#breadcrumb\",\"itemListElement\":[{\"@type\":\"ListItem\",\"position\":1,\"name\":\"Anasayfa\",\"item\":\"https:\/\/newmood.com.tr\/\"},{\"@type\":\"ListItem\",\"position\":2,\"name\":\"\u00dcr\u00fcnler\",\"item\":\"https:\/\/newmood.com.tr\/shop\/\"},{\"@type\":\"ListItem\",\"position\":3,\"name\":\"Rubino K\u00f6\u015fe Koltuk\"}]},{\"@type\":\"WebSite\",\"@id\":\"https:\/\/newmood.com.tr\/en\/#website\",\"url\":\"https:\/\/newmood.com.tr\/en\/\",\"name\":\"Newmood\",\"description\":\"\",\"potentialAction\":[{\"@type\":\"SearchAction\",\"target\":{\"@type\":\"EntryPoint\",\"urlTemplate\":\"https:\/\/newmood.com.tr\/en\/?s={search_term_string}\"},\"query-input\":{\"@type\":\"PropertyValueSpecification\",\"valueRequired\":true,\"valueName\":\"search_term_string\"}}],\"inLanguage\":\"en-US\"}]}<\/script>\n<!-- \/ Yoast SEO plugin. -->","yoast_head_json":{"title":"Rubino K\u00f6\u015fe Koltuk - Newmood","robots":{"index":"index","follow":"follow","max-snippet":"max-snippet:-1","max-image-preview":"max-image-preview:large","max-video-preview":"max-video-preview:-1"},"canonical":"https:\/\/newmood.com.tr\/en\/rubino-kose-koltuk\/","og_locale":"en_US","og_type":"article","og_title":"Rubino K\u00f6\u015fe Koltuk - Newmood","og_description":"Rubino K\u00f6\u015fe Koltuk, modern tasar\u0131m\u0131 ve konforu bir araya getirerek ya\u015fam alanlar\u0131n\u0131za zarif bir dokunu\u015f sunuyor. Fonksiyonel yap\u0131s\u0131 ve estetik detaylar\u0131yla \u00f6ne \u00e7\u0131kan Rubino, k\u00f6\u015fe formu sayesinde alan\u0131n\u0131z\u0131 en verimli \u015fekilde kullanman\u0131za olanak tan\u0131rken, rahat oturum yap\u0131s\u0131yla da dinlenme anlar\u0131n\u0131 keyifli hale getiriyor.","og_url":"https:\/\/newmood.com.tr\/en\/rubino-kose-koltuk\/","og_site_name":"Newmood","og_image":[{"width":1920,"height":1200,"url":"https:\/\/newmood.com.tr\/wp-content\/uploads\/2025\/04\/rubino-kose-takimi-160425-9.jpg","type":"image\/jpeg"}],"twitter_card":"summary_large_image","twitter_misc":{"Est. reading time":"1 minute"},"schema":{"@context":"https:\/\/schema.org","@graph":[{"@type":"WebPage","@id":"https:\/\/newmood.com.tr\/en\/rubino-kose-koltuk\/","url":"https:\/\/newmood.com.tr\/en\/rubino-kose-koltuk\/","name":"Rubino K\u00f6\u015fe Koltuk - Newmood","isPartOf":{"@id":"https:\/\/newmood.com.tr\/en\/#website"},"primaryImageOfPage":{"@id":"https:\/\/newmood.com.tr\/en\/rubino-kose-koltuk\/#primaryimage"},"image":{"@id":"https:\/\/newmood.com.tr\/en\/rubino-kose-koltuk\/#primaryimage"},"thumbnailUrl":"https:\/\/newmood.com.tr\/wp-content\/uploads\/2025\/04\/rubino-kose-takimi-160425-9.jpg","datePublished":"2025-04-16T12:17:20+00:00","breadcrumb":{"@id":"https:\/\/newmood.com.tr\/en\/rubino-kose-koltuk\/#breadcrumb"},"inLanguage":"en-US","potentialAction":[{"@type":"ReadAction","target":["https:\/\/newmood.com.tr\/en\/rubino-kose-koltuk\/"]}]},{"@type":"ImageObject","inLanguage":"en-US","@id":"https:\/\/newmood.com.tr\/en\/rubino-kose-koltuk\/#primaryimage","url":"https:\/\/newmood.com.tr\/wp-content\/uploads\/2025\/04\/rubino-kose-takimi-160425-9.jpg","contentUrl":"https:\/\/newmood.com.tr\/wp-content\/uploads\/2025\/04\/rubino-kose-takimi-160425-9.jpg","width":1920,"height":1200},{"@type":"BreadcrumbList","@id":"https:\/\/newmood.com.tr\/en\/rubino-kose-koltuk\/#breadcrumb","itemListElement":[{"@type":"ListItem","position":1,"name":"Anasayfa","item":"https:\/\/newmood.com.tr\/"},{"@type":"ListItem","position":2,"name":"\u00dcr\u00fcnler","item":"https:\/\/newmood.com.tr\/shop\/"},{"@type":"ListItem","position":3,"name":"Rubino K\u00f6\u015fe Koltuk"}]},{"@type":"WebSite","@id":"https:\/\/newmood.com.tr\/en\/#website","url":"https:\/\/newmood.com.tr\/en\/","name":"Newmood","description":"","potentialAction":[{"@type":"SearchAction","target":{"@type":"EntryPoint","urlTemplate":"https:\/\/newmood.com.tr\/en\/?s={search_term_string}"},"query-input":{"@type":"PropertyValueSpecification","valueRequired":true,"valueName":"search_term_string"}}],"inLanguage":"en-US"}]}},"_links":{"self":[{"href":"https:\/\/newmood.com.tr\/en\/wp-json\/wp\/v2\/product\/2097"}],"collection":[{"href":"https:\/\/newmood.com.tr\/en\/wp-json\/wp\/v2\/product"}],"about":[{"href":"https:\/\/newmood.com.tr\/en\/wp-json\/wp\/v2\/types\/product"}],"replies":[{"embeddable":true,"href":"https:\/\/newmood.com.tr\/en\/wp-json\/wp\/v2\/comments?post=2097"}],"wp:featuredmedia":[{"embeddable":true,"href":"https:\/\/newmood.com.tr\/en\/wp-json\/wp\/v2\/media\/2043"}],"wp:attachment":[{"href":"https:\/\/newmood.com.tr\/en\/wp-json\/wp\/v2\/media?parent=2097"}],"wp:term":[{"taxonomy":"product_brand","embeddable":true,"href":"https:\/\/newmood.com.tr\/en\/wp-json\/wp\/v2\/product_brand?post=2097"},{"taxonomy":"product_cat","embeddable":true,"href":"https:\/\/newmood.com.tr\/en\/wp-json\/wp\/v2\/product_cat?post=2097"},{"taxonomy":"product_tag","embeddable":true,"href":"https:\/\/newmood.com.tr\/en\/wp-json\/wp\/v2\/product_tag?post=2097"}],"curies":[{"name":"wp","href":"https:\/\/api.w.org\/{rel}","templated":true}]}}