{"id":1994,"date":"2024-10-28T10:54:57","date_gmt":"2024-10-28T10:54:57","guid":{"rendered":"https:\/\/newmood.kodektif.com\/?post_type=product&#038;p=1994"},"modified":"2024-10-28T10:54:57","modified_gmt":"2024-10-28T10:54:57","slug":"lucie-konsol","status":"publish","type":"product","link":"https:\/\/newmood.com.tr\/en\/lucie-konsol\/","title":{"rendered":"Lucie Sideboard"},"content":{"rendered":"","protected":false},"excerpt":{"rendered":"<p>Lucie Console completes the elegance in your dining room with its elegant design and functional structure. While natural wood texture and stylish metal details create a modern and warm atmosphere, large storage areas allow you to store your dinnerware and accessories in an orderly manner. Its upper surface provides an ideal display area for decorative objects and adds a sophisticated touch to your space. Lucie Console is an ideal piece for those looking for both an aesthetic and practical solution and is a candidate to be the focal point of your dining room.<\/p>","protected":false},"featured_media":1982,"comment_status":"open","ping_status":"closed","template":"","meta":[],"product_brand":[],"product_cat":[27],"product_tag":[],"class_list":{"0":"post-1994","1":"product","2":"type-product","3":"status-publish","4":"has-post-thumbnail","6":"product_cat-konsollar","8":"first","9":"instock","10":"shipping-taxable","11":"product-type-simple"},"yoast_head":"<!-- This site is optimized with the Yoast SEO plugin v24.9 - https:\/\/yoast.com\/wordpress\/plugins\/seo\/ -->\n<title>Lucie Konsol - Newmood<\/title>\n<meta name=\"robots\" content=\"index, follow, max-snippet:-1, max-image-preview:large, max-video-preview:-1\" \/>\n<link rel=\"canonical\" href=\"https:\/\/newmood.com.tr\/en\/lucie-konsol\/\" \/>\n<meta property=\"og:locale\" content=\"en_US\" \/>\n<meta property=\"og:type\" content=\"article\" \/>\n<meta property=\"og:title\" content=\"Lucie Konsol - Newmood\" \/>\n<meta property=\"og:description\" content=\"Lucie Konsol, zarif tasar\u0131m\u0131 ve i\u015flevsel yap\u0131s\u0131yla yemek odan\u0131zda \u015f\u0131kl\u0131\u011f\u0131 tamamlar. Do\u011fal ah\u015fap dokusu ve \u015f\u0131k metal detaylar\u0131, modern ve s\u0131cak bir atmosfer yarat\u0131rken, geni\u015f saklama alanlar\u0131 yemek tak\u0131mlar\u0131n\u0131z\u0131 ve aksesuarlar\u0131n\u0131z\u0131 d\u00fczenli bir \u015fekilde depolaman\u0131za olanak tan\u0131r. \u00dcst y\u00fczeyi, dekoratif objeler i\u00e7in ideal bir sergileme alan\u0131 sunar ve mekan\u0131n\u0131za sofistike bir dokunu\u015f katar. Lucie Konsol, hem estetik hem de pratik bir \u00e7\u00f6z\u00fcm arayanlar i\u00e7in ideal bir par\u00e7ad\u0131r ve yemek odan\u0131z\u0131n odak noktas\u0131 olmaya adayd\u0131r.\" \/>\n<meta property=\"og:url\" content=\"https:\/\/newmood.com.tr\/en\/lucie-konsol\/\" \/>\n<meta property=\"og:site_name\" content=\"Newmood\" \/>\n<meta property=\"og:image\" content=\"https:\/\/newmood.com.tr\/wp-content\/uploads\/2024\/10\/lucie-yemek-odasi-281024-11.jpg\" \/>\n\t<meta property=\"og:image:width\" content=\"1920\" \/>\n\t<meta property=\"og:image:height\" content=\"1200\" \/>\n\t<meta property=\"og:image:type\" content=\"image\/jpeg\" \/>\n<meta name=\"twitter:card\" content=\"summary_large_image\" \/>\n<script type=\"application\/ld+json\" class=\"yoast-schema-graph\">{\"@context\":\"https:\/\/schema.org\",\"@graph\":[{\"@type\":\"WebPage\",\"@id\":\"https:\/\/newmood.com.tr\/en\/lucie-konsol\/\",\"url\":\"https:\/\/newmood.com.tr\/en\/lucie-konsol\/\",\"name\":\"Lucie Konsol - Newmood\",\"isPartOf\":{\"@id\":\"https:\/\/newmood.com.tr\/en\/#website\"},\"primaryImageOfPage\":{\"@id\":\"https:\/\/newmood.com.tr\/en\/lucie-konsol\/#primaryimage\"},\"image\":{\"@id\":\"https:\/\/newmood.com.tr\/en\/lucie-konsol\/#primaryimage\"},\"thumbnailUrl\":\"https:\/\/newmood.com.tr\/wp-content\/uploads\/2024\/10\/lucie-yemek-odasi-281024-11.jpg\",\"datePublished\":\"2024-10-28T10:54:57+00:00\",\"breadcrumb\":{\"@id\":\"https:\/\/newmood.com.tr\/en\/lucie-konsol\/#breadcrumb\"},\"inLanguage\":\"en-US\",\"potentialAction\":[{\"@type\":\"ReadAction\",\"target\":[\"https:\/\/newmood.com.tr\/en\/lucie-konsol\/\"]}]},{\"@type\":\"ImageObject\",\"inLanguage\":\"en-US\",\"@id\":\"https:\/\/newmood.com.tr\/en\/lucie-konsol\/#primaryimage\",\"url\":\"https:\/\/newmood.com.tr\/wp-content\/uploads\/2024\/10\/lucie-yemek-odasi-281024-11.jpg\",\"contentUrl\":\"https:\/\/newmood.com.tr\/wp-content\/uploads\/2024\/10\/lucie-yemek-odasi-281024-11.jpg\",\"width\":1920,\"height\":1200},{\"@type\":\"BreadcrumbList\",\"@id\":\"https:\/\/newmood.com.tr\/en\/lucie-konsol\/#breadcrumb\",\"itemListElement\":[{\"@type\":\"ListItem\",\"position\":1,\"name\":\"Anasayfa\",\"item\":\"https:\/\/newmood.com.tr\/\"},{\"@type\":\"ListItem\",\"position\":2,\"name\":\"\u00dcr\u00fcnler\",\"item\":\"https:\/\/newmood.com.tr\/shop\/\"},{\"@type\":\"ListItem\",\"position\":3,\"name\":\"Lucie Konsol\"}]},{\"@type\":\"WebSite\",\"@id\":\"https:\/\/newmood.com.tr\/en\/#website\",\"url\":\"https:\/\/newmood.com.tr\/en\/\",\"name\":\"Newmood\",\"description\":\"\",\"potentialAction\":[{\"@type\":\"SearchAction\",\"target\":{\"@type\":\"EntryPoint\",\"urlTemplate\":\"https:\/\/newmood.com.tr\/en\/?s={search_term_string}\"},\"query-input\":{\"@type\":\"PropertyValueSpecification\",\"valueRequired\":true,\"valueName\":\"search_term_string\"}}],\"inLanguage\":\"en-US\"}]}<\/script>\n<!-- \/ Yoast SEO plugin. -->","yoast_head_json":{"title":"Lucie Konsol - Newmood","robots":{"index":"index","follow":"follow","max-snippet":"max-snippet:-1","max-image-preview":"max-image-preview:large","max-video-preview":"max-video-preview:-1"},"canonical":"https:\/\/newmood.com.tr\/en\/lucie-konsol\/","og_locale":"en_US","og_type":"article","og_title":"Lucie Konsol - Newmood","og_description":"Lucie Konsol, zarif tasar\u0131m\u0131 ve i\u015flevsel yap\u0131s\u0131yla yemek odan\u0131zda \u015f\u0131kl\u0131\u011f\u0131 tamamlar. Do\u011fal ah\u015fap dokusu ve \u015f\u0131k metal detaylar\u0131, modern ve s\u0131cak bir atmosfer yarat\u0131rken, geni\u015f saklama alanlar\u0131 yemek tak\u0131mlar\u0131n\u0131z\u0131 ve aksesuarlar\u0131n\u0131z\u0131 d\u00fczenli bir \u015fekilde depolaman\u0131za olanak tan\u0131r. \u00dcst y\u00fczeyi, dekoratif objeler i\u00e7in ideal bir sergileme alan\u0131 sunar ve mekan\u0131n\u0131za sofistike bir dokunu\u015f katar. Lucie Konsol, hem estetik hem de pratik bir \u00e7\u00f6z\u00fcm arayanlar i\u00e7in ideal bir par\u00e7ad\u0131r ve yemek odan\u0131z\u0131n odak noktas\u0131 olmaya adayd\u0131r.","og_url":"https:\/\/newmood.com.tr\/en\/lucie-konsol\/","og_site_name":"Newmood","og_image":[{"width":1920,"height":1200,"url":"https:\/\/newmood.com.tr\/wp-content\/uploads\/2024\/10\/lucie-yemek-odasi-281024-11.jpg","type":"image\/jpeg"}],"twitter_card":"summary_large_image","schema":{"@context":"https:\/\/schema.org","@graph":[{"@type":"WebPage","@id":"https:\/\/newmood.com.tr\/en\/lucie-konsol\/","url":"https:\/\/newmood.com.tr\/en\/lucie-konsol\/","name":"Lucie Konsol - Newmood","isPartOf":{"@id":"https:\/\/newmood.com.tr\/en\/#website"},"primaryImageOfPage":{"@id":"https:\/\/newmood.com.tr\/en\/lucie-konsol\/#primaryimage"},"image":{"@id":"https:\/\/newmood.com.tr\/en\/lucie-konsol\/#primaryimage"},"thumbnailUrl":"https:\/\/newmood.com.tr\/wp-content\/uploads\/2024\/10\/lucie-yemek-odasi-281024-11.jpg","datePublished":"2024-10-28T10:54:57+00:00","breadcrumb":{"@id":"https:\/\/newmood.com.tr\/en\/lucie-konsol\/#breadcrumb"},"inLanguage":"en-US","potentialAction":[{"@type":"ReadAction","target":["https:\/\/newmood.com.tr\/en\/lucie-konsol\/"]}]},{"@type":"ImageObject","inLanguage":"en-US","@id":"https:\/\/newmood.com.tr\/en\/lucie-konsol\/#primaryimage","url":"https:\/\/newmood.com.tr\/wp-content\/uploads\/2024\/10\/lucie-yemek-odasi-281024-11.jpg","contentUrl":"https:\/\/newmood.com.tr\/wp-content\/uploads\/2024\/10\/lucie-yemek-odasi-281024-11.jpg","width":1920,"height":1200},{"@type":"BreadcrumbList","@id":"https:\/\/newmood.com.tr\/en\/lucie-konsol\/#breadcrumb","itemListElement":[{"@type":"ListItem","position":1,"name":"Anasayfa","item":"https:\/\/newmood.com.tr\/"},{"@type":"ListItem","position":2,"name":"\u00dcr\u00fcnler","item":"https:\/\/newmood.com.tr\/shop\/"},{"@type":"ListItem","position":3,"name":"Lucie Konsol"}]},{"@type":"WebSite","@id":"https:\/\/newmood.com.tr\/en\/#website","url":"https:\/\/newmood.com.tr\/en\/","name":"Newmood","description":"","potentialAction":[{"@type":"SearchAction","target":{"@type":"EntryPoint","urlTemplate":"https:\/\/newmood.com.tr\/en\/?s={search_term_string}"},"query-input":{"@type":"PropertyValueSpecification","valueRequired":true,"valueName":"search_term_string"}}],"inLanguage":"en-US"}]}},"_links":{"self":[{"href":"https:\/\/newmood.com.tr\/en\/wp-json\/wp\/v2\/product\/1994"}],"collection":[{"href":"https:\/\/newmood.com.tr\/en\/wp-json\/wp\/v2\/product"}],"about":[{"href":"https:\/\/newmood.com.tr\/en\/wp-json\/wp\/v2\/types\/product"}],"replies":[{"embeddable":true,"href":"https:\/\/newmood.com.tr\/en\/wp-json\/wp\/v2\/comments?post=1994"}],"wp:featuredmedia":[{"embeddable":true,"href":"https:\/\/newmood.com.tr\/en\/wp-json\/wp\/v2\/media\/1982"}],"wp:attachment":[{"href":"https:\/\/newmood.com.tr\/en\/wp-json\/wp\/v2\/media?parent=1994"}],"wp:term":[{"taxonomy":"product_brand","embeddable":true,"href":"https:\/\/newmood.com.tr\/en\/wp-json\/wp\/v2\/product_brand?post=1994"},{"taxonomy":"product_cat","embeddable":true,"href":"https:\/\/newmood.com.tr\/en\/wp-json\/wp\/v2\/product_cat?post=1994"},{"taxonomy":"product_tag","embeddable":true,"href":"https:\/\/newmood.com.tr\/en\/wp-json\/wp\/v2\/product_tag?post=1994"}],"curies":[{"name":"wp","href":"https:\/\/api.w.org\/{rel}","templated":true}]}}