{"id":1992,"date":"2024-10-28T10:52:23","date_gmt":"2024-10-28T10:52:23","guid":{"rendered":"https:\/\/newmood.kodektif.com\/?post_type=product&#038;p=1992"},"modified":"2024-10-28T10:52:23","modified_gmt":"2024-10-28T10:52:23","slug":"lucie-sandalye-v1","status":"publish","type":"product","link":"https:\/\/newmood.com.tr\/en\/lucie-sandalye-v1\/","title":{"rendered":"Lucie Chair V1"},"content":{"rendered":"","protected":false},"excerpt":{"rendered":"<p>Lucie Chair adds a sophisticated touch to your dining room with its elegant and modern design. While it offers comfort for long sessions thanks to its soft fabric upholstery and ergonomic structure, its natural wooden legs provide a warm and durable structure. Its minimalist lines with fine details adapt to all kinds of decoration styles. Lucie Chair is a perfect choice that combines elegance and comfort for both daily meals and special events.<\/p>","protected":false},"featured_media":1973,"comment_status":"open","ping_status":"closed","template":"","meta":[],"product_brand":[],"product_cat":[20],"product_tag":[],"class_list":{"0":"post-1992","1":"product","2":"type-product","3":"status-publish","4":"has-post-thumbnail","6":"product_cat-sandalyeler","8":"first","9":"instock","10":"shipping-taxable","11":"product-type-simple"},"yoast_head":"<!-- This site is optimized with the Yoast SEO plugin v24.9 - https:\/\/yoast.com\/wordpress\/plugins\/seo\/ -->\n<title>Lucie Sandalye V1 - Newmood<\/title>\n<meta name=\"robots\" content=\"index, follow, max-snippet:-1, max-image-preview:large, max-video-preview:-1\" \/>\n<link rel=\"canonical\" href=\"https:\/\/newmood.com.tr\/en\/lucie-sandalye-v1\/\" \/>\n<meta property=\"og:locale\" content=\"en_US\" \/>\n<meta property=\"og:type\" content=\"article\" \/>\n<meta property=\"og:title\" content=\"Lucie Sandalye V1 - Newmood\" \/>\n<meta property=\"og:description\" content=\"Lucie Sandalye, zarif ve modern tasar\u0131m\u0131yla yemek odan\u0131za sofistike bir dokunu\u015f katar. Yumu\u015fak kuma\u015f d\u00f6\u015femesi ve ergonomik yap\u0131s\u0131 sayesinde uzun s\u00fcreli oturumlarda konfor sunarken, do\u011fal ah\u015fap ayaklar\u0131 s\u0131cak ve dayan\u0131kl\u0131 bir yap\u0131 sa\u011flar. \u0130nce detaylara sahip minimalist \u00e7izgileri, her t\u00fcrl\u00fc dekorasyon tarz\u0131na uyum sa\u011flar. Lucie Sandalye, hem g\u00fcnl\u00fck yemeklerde hem de \u00f6zel davetlerde \u015f\u0131kl\u0131\u011f\u0131 ve rahatl\u0131\u011f\u0131 bir araya getiren m\u00fckemmel bir se\u00e7imdir.\" \/>\n<meta property=\"og:url\" content=\"https:\/\/newmood.com.tr\/en\/lucie-sandalye-v1\/\" \/>\n<meta property=\"og:site_name\" content=\"Newmood\" \/>\n<meta property=\"og:image\" content=\"https:\/\/newmood.com.tr\/wp-content\/uploads\/2024\/10\/lucie-yemek-odasi-281024-2.jpg\" \/>\n\t<meta property=\"og:image:width\" content=\"1920\" \/>\n\t<meta property=\"og:image:height\" content=\"1200\" \/>\n\t<meta property=\"og:image:type\" content=\"image\/jpeg\" \/>\n<meta name=\"twitter:card\" content=\"summary_large_image\" \/>\n<script type=\"application\/ld+json\" class=\"yoast-schema-graph\">{\"@context\":\"https:\/\/schema.org\",\"@graph\":[{\"@type\":\"WebPage\",\"@id\":\"https:\/\/newmood.com.tr\/en\/lucie-sandalye-v1\/\",\"url\":\"https:\/\/newmood.com.tr\/en\/lucie-sandalye-v1\/\",\"name\":\"Lucie Sandalye V1 - Newmood\",\"isPartOf\":{\"@id\":\"https:\/\/newmood.com.tr\/en\/#website\"},\"primaryImageOfPage\":{\"@id\":\"https:\/\/newmood.com.tr\/en\/lucie-sandalye-v1\/#primaryimage\"},\"image\":{\"@id\":\"https:\/\/newmood.com.tr\/en\/lucie-sandalye-v1\/#primaryimage\"},\"thumbnailUrl\":\"https:\/\/newmood.com.tr\/wp-content\/uploads\/2024\/10\/lucie-yemek-odasi-281024-2.jpg\",\"datePublished\":\"2024-10-28T10:52:23+00:00\",\"breadcrumb\":{\"@id\":\"https:\/\/newmood.com.tr\/en\/lucie-sandalye-v1\/#breadcrumb\"},\"inLanguage\":\"en-US\",\"potentialAction\":[{\"@type\":\"ReadAction\",\"target\":[\"https:\/\/newmood.com.tr\/en\/lucie-sandalye-v1\/\"]}]},{\"@type\":\"ImageObject\",\"inLanguage\":\"en-US\",\"@id\":\"https:\/\/newmood.com.tr\/en\/lucie-sandalye-v1\/#primaryimage\",\"url\":\"https:\/\/newmood.com.tr\/wp-content\/uploads\/2024\/10\/lucie-yemek-odasi-281024-2.jpg\",\"contentUrl\":\"https:\/\/newmood.com.tr\/wp-content\/uploads\/2024\/10\/lucie-yemek-odasi-281024-2.jpg\",\"width\":1920,\"height\":1200},{\"@type\":\"BreadcrumbList\",\"@id\":\"https:\/\/newmood.com.tr\/en\/lucie-sandalye-v1\/#breadcrumb\",\"itemListElement\":[{\"@type\":\"ListItem\",\"position\":1,\"name\":\"Anasayfa\",\"item\":\"https:\/\/newmood.com.tr\/\"},{\"@type\":\"ListItem\",\"position\":2,\"name\":\"\u00dcr\u00fcnler\",\"item\":\"https:\/\/newmood.com.tr\/shop\/\"},{\"@type\":\"ListItem\",\"position\":3,\"name\":\"Lucie Sandalye V1\"}]},{\"@type\":\"WebSite\",\"@id\":\"https:\/\/newmood.com.tr\/en\/#website\",\"url\":\"https:\/\/newmood.com.tr\/en\/\",\"name\":\"Newmood\",\"description\":\"\",\"potentialAction\":[{\"@type\":\"SearchAction\",\"target\":{\"@type\":\"EntryPoint\",\"urlTemplate\":\"https:\/\/newmood.com.tr\/en\/?s={search_term_string}\"},\"query-input\":{\"@type\":\"PropertyValueSpecification\",\"valueRequired\":true,\"valueName\":\"search_term_string\"}}],\"inLanguage\":\"en-US\"}]}<\/script>\n<!-- \/ Yoast SEO plugin. -->","yoast_head_json":{"title":"Lucie Sandalye V1 - Newmood","robots":{"index":"index","follow":"follow","max-snippet":"max-snippet:-1","max-image-preview":"max-image-preview:large","max-video-preview":"max-video-preview:-1"},"canonical":"https:\/\/newmood.com.tr\/en\/lucie-sandalye-v1\/","og_locale":"en_US","og_type":"article","og_title":"Lucie Sandalye V1 - Newmood","og_description":"Lucie Sandalye, zarif ve modern tasar\u0131m\u0131yla yemek odan\u0131za sofistike bir dokunu\u015f katar. Yumu\u015fak kuma\u015f d\u00f6\u015femesi ve ergonomik yap\u0131s\u0131 sayesinde uzun s\u00fcreli oturumlarda konfor sunarken, do\u011fal ah\u015fap ayaklar\u0131 s\u0131cak ve dayan\u0131kl\u0131 bir yap\u0131 sa\u011flar. \u0130nce detaylara sahip minimalist \u00e7izgileri, her t\u00fcrl\u00fc dekorasyon tarz\u0131na uyum sa\u011flar. Lucie Sandalye, hem g\u00fcnl\u00fck yemeklerde hem de \u00f6zel davetlerde \u015f\u0131kl\u0131\u011f\u0131 ve rahatl\u0131\u011f\u0131 bir araya getiren m\u00fckemmel bir se\u00e7imdir.","og_url":"https:\/\/newmood.com.tr\/en\/lucie-sandalye-v1\/","og_site_name":"Newmood","og_image":[{"width":1920,"height":1200,"url":"https:\/\/newmood.com.tr\/wp-content\/uploads\/2024\/10\/lucie-yemek-odasi-281024-2.jpg","type":"image\/jpeg"}],"twitter_card":"summary_large_image","schema":{"@context":"https:\/\/schema.org","@graph":[{"@type":"WebPage","@id":"https:\/\/newmood.com.tr\/en\/lucie-sandalye-v1\/","url":"https:\/\/newmood.com.tr\/en\/lucie-sandalye-v1\/","name":"Lucie Sandalye V1 - Newmood","isPartOf":{"@id":"https:\/\/newmood.com.tr\/en\/#website"},"primaryImageOfPage":{"@id":"https:\/\/newmood.com.tr\/en\/lucie-sandalye-v1\/#primaryimage"},"image":{"@id":"https:\/\/newmood.com.tr\/en\/lucie-sandalye-v1\/#primaryimage"},"thumbnailUrl":"https:\/\/newmood.com.tr\/wp-content\/uploads\/2024\/10\/lucie-yemek-odasi-281024-2.jpg","datePublished":"2024-10-28T10:52:23+00:00","breadcrumb":{"@id":"https:\/\/newmood.com.tr\/en\/lucie-sandalye-v1\/#breadcrumb"},"inLanguage":"en-US","potentialAction":[{"@type":"ReadAction","target":["https:\/\/newmood.com.tr\/en\/lucie-sandalye-v1\/"]}]},{"@type":"ImageObject","inLanguage":"en-US","@id":"https:\/\/newmood.com.tr\/en\/lucie-sandalye-v1\/#primaryimage","url":"https:\/\/newmood.com.tr\/wp-content\/uploads\/2024\/10\/lucie-yemek-odasi-281024-2.jpg","contentUrl":"https:\/\/newmood.com.tr\/wp-content\/uploads\/2024\/10\/lucie-yemek-odasi-281024-2.jpg","width":1920,"height":1200},{"@type":"BreadcrumbList","@id":"https:\/\/newmood.com.tr\/en\/lucie-sandalye-v1\/#breadcrumb","itemListElement":[{"@type":"ListItem","position":1,"name":"Anasayfa","item":"https:\/\/newmood.com.tr\/"},{"@type":"ListItem","position":2,"name":"\u00dcr\u00fcnler","item":"https:\/\/newmood.com.tr\/shop\/"},{"@type":"ListItem","position":3,"name":"Lucie Sandalye V1"}]},{"@type":"WebSite","@id":"https:\/\/newmood.com.tr\/en\/#website","url":"https:\/\/newmood.com.tr\/en\/","name":"Newmood","description":"","potentialAction":[{"@type":"SearchAction","target":{"@type":"EntryPoint","urlTemplate":"https:\/\/newmood.com.tr\/en\/?s={search_term_string}"},"query-input":{"@type":"PropertyValueSpecification","valueRequired":true,"valueName":"search_term_string"}}],"inLanguage":"en-US"}]}},"_links":{"self":[{"href":"https:\/\/newmood.com.tr\/en\/wp-json\/wp\/v2\/product\/1992"}],"collection":[{"href":"https:\/\/newmood.com.tr\/en\/wp-json\/wp\/v2\/product"}],"about":[{"href":"https:\/\/newmood.com.tr\/en\/wp-json\/wp\/v2\/types\/product"}],"replies":[{"embeddable":true,"href":"https:\/\/newmood.com.tr\/en\/wp-json\/wp\/v2\/comments?post=1992"}],"wp:featuredmedia":[{"embeddable":true,"href":"https:\/\/newmood.com.tr\/en\/wp-json\/wp\/v2\/media\/1973"}],"wp:attachment":[{"href":"https:\/\/newmood.com.tr\/en\/wp-json\/wp\/v2\/media?parent=1992"}],"wp:term":[{"taxonomy":"product_brand","embeddable":true,"href":"https:\/\/newmood.com.tr\/en\/wp-json\/wp\/v2\/product_brand?post=1992"},{"taxonomy":"product_cat","embeddable":true,"href":"https:\/\/newmood.com.tr\/en\/wp-json\/wp\/v2\/product_cat?post=1992"},{"taxonomy":"product_tag","embeddable":true,"href":"https:\/\/newmood.com.tr\/en\/wp-json\/wp\/v2\/product_tag?post=1992"}],"curies":[{"name":"wp","href":"https:\/\/api.w.org\/{rel}","templated":true}]}}