{"id":1971,"date":"2024-10-28T10:46:24","date_gmt":"2024-10-28T10:46:24","guid":{"rendered":"https:\/\/newmood.kodektif.com\/?post_type=product&#038;p=1971"},"modified":"2024-10-28T10:46:24","modified_gmt":"2024-10-28T10:46:24","slug":"lucie-yemek-odasi","status":"publish","type":"product","link":"https:\/\/newmood.com.tr\/en\/lucie-yemek-odasi\/","title":{"rendered":"Lucie Dining Room"},"content":{"rendered":"","protected":false},"excerpt":{"rendered":"<p>Lucie Dining Room is a special collection where modern design meets elegance. Finely crafted details and natural wood textures give your dining room a warm and inviting atmosphere. The large dining table, complete with comfortable chairs, offers the ideal space for any dinner party. Stylish console and display units provide both a decorative appearance and functional storage areas. Lucie Dining Room is designed to add a sophisticated atmosphere to any living space by combining aesthetics and functionality.<\/p>","protected":false},"featured_media":1988,"comment_status":"open","ping_status":"closed","template":"","meta":[],"product_brand":[],"product_cat":[35],"product_tag":[],"class_list":{"0":"post-1971","1":"product","2":"type-product","3":"status-publish","4":"has-post-thumbnail","6":"product_cat-yemek-odalari","8":"first","9":"instock","10":"shipping-taxable","11":"product-type-simple"},"yoast_head":"<!-- This site is optimized with the Yoast SEO plugin v24.9 - https:\/\/yoast.com\/wordpress\/plugins\/seo\/ -->\n<title>Lucie Yemek Odas\u0131 - Newmood<\/title>\n<meta name=\"robots\" content=\"index, follow, max-snippet:-1, max-image-preview:large, max-video-preview:-1\" \/>\n<link rel=\"canonical\" href=\"https:\/\/newmood.com.tr\/en\/lucie-yemek-odasi\/\" \/>\n<meta property=\"og:locale\" content=\"en_US\" \/>\n<meta property=\"og:type\" content=\"article\" \/>\n<meta property=\"og:title\" content=\"Lucie Yemek Odas\u0131 - Newmood\" \/>\n<meta property=\"og:description\" content=\"Lucie Yemek Odas\u0131, modern tasar\u0131m\u0131n zarafetle bulu\u015ftu\u011fu \u00f6zel bir koleksiyondur. \u0130nce i\u015f\u00e7ilikle \u015fekillenen detaylar ve do\u011fal ah\u015fap dokular, yemek odan\u0131za s\u0131cak ve davetkar bir atmosfer kazand\u0131r\u0131r. Geni\u015f yemek masas\u0131, konforlu sandalyelerle tamamlanarak her yemek davetinde ideal bir alan sunar. \u015e\u0131k konsol ve vitrin \u00fcniteleri, hem dekoratif bir g\u00f6r\u00fcn\u00fcm sa\u011flar hem de fonksiyonel depolama alanlar\u0131 sunar. Lucie Yemek Odas\u0131, estetik ve i\u015flevselli\u011fi bir araya getirerek her ya\u015fam alan\u0131na sofistike bir hava katmak i\u00e7in tasarlanm\u0131\u015ft\u0131r.\" \/>\n<meta property=\"og:url\" content=\"https:\/\/newmood.com.tr\/en\/lucie-yemek-odasi\/\" \/>\n<meta property=\"og:site_name\" content=\"Newmood\" \/>\n<meta property=\"og:image\" content=\"https:\/\/newmood.com.tr\/wp-content\/uploads\/2024\/10\/lucie-yemek-odasi-281024-17.jpg\" \/>\n\t<meta property=\"og:image:width\" content=\"1920\" \/>\n\t<meta property=\"og:image:height\" content=\"1200\" \/>\n\t<meta property=\"og:image:type\" content=\"image\/jpeg\" \/>\n<meta name=\"twitter:card\" content=\"summary_large_image\" \/>\n<script type=\"application\/ld+json\" class=\"yoast-schema-graph\">{\"@context\":\"https:\/\/schema.org\",\"@graph\":[{\"@type\":\"WebPage\",\"@id\":\"https:\/\/newmood.com.tr\/en\/lucie-yemek-odasi\/\",\"url\":\"https:\/\/newmood.com.tr\/en\/lucie-yemek-odasi\/\",\"name\":\"Lucie Yemek Odas\u0131 - Newmood\",\"isPartOf\":{\"@id\":\"https:\/\/newmood.com.tr\/en\/#website\"},\"primaryImageOfPage\":{\"@id\":\"https:\/\/newmood.com.tr\/en\/lucie-yemek-odasi\/#primaryimage\"},\"image\":{\"@id\":\"https:\/\/newmood.com.tr\/en\/lucie-yemek-odasi\/#primaryimage\"},\"thumbnailUrl\":\"https:\/\/newmood.com.tr\/wp-content\/uploads\/2024\/10\/lucie-yemek-odasi-281024-17.jpg\",\"datePublished\":\"2024-10-28T10:46:24+00:00\",\"breadcrumb\":{\"@id\":\"https:\/\/newmood.com.tr\/en\/lucie-yemek-odasi\/#breadcrumb\"},\"inLanguage\":\"en-US\",\"potentialAction\":[{\"@type\":\"ReadAction\",\"target\":[\"https:\/\/newmood.com.tr\/en\/lucie-yemek-odasi\/\"]}]},{\"@type\":\"ImageObject\",\"inLanguage\":\"en-US\",\"@id\":\"https:\/\/newmood.com.tr\/en\/lucie-yemek-odasi\/#primaryimage\",\"url\":\"https:\/\/newmood.com.tr\/wp-content\/uploads\/2024\/10\/lucie-yemek-odasi-281024-17.jpg\",\"contentUrl\":\"https:\/\/newmood.com.tr\/wp-content\/uploads\/2024\/10\/lucie-yemek-odasi-281024-17.jpg\",\"width\":1920,\"height\":1200},{\"@type\":\"BreadcrumbList\",\"@id\":\"https:\/\/newmood.com.tr\/en\/lucie-yemek-odasi\/#breadcrumb\",\"itemListElement\":[{\"@type\":\"ListItem\",\"position\":1,\"name\":\"Anasayfa\",\"item\":\"https:\/\/newmood.com.tr\/\"},{\"@type\":\"ListItem\",\"position\":2,\"name\":\"\u00dcr\u00fcnler\",\"item\":\"https:\/\/newmood.com.tr\/shop\/\"},{\"@type\":\"ListItem\",\"position\":3,\"name\":\"Lucie Yemek Odas\u0131\"}]},{\"@type\":\"WebSite\",\"@id\":\"https:\/\/newmood.com.tr\/en\/#website\",\"url\":\"https:\/\/newmood.com.tr\/en\/\",\"name\":\"Newmood\",\"description\":\"\",\"potentialAction\":[{\"@type\":\"SearchAction\",\"target\":{\"@type\":\"EntryPoint\",\"urlTemplate\":\"https:\/\/newmood.com.tr\/en\/?s={search_term_string}\"},\"query-input\":{\"@type\":\"PropertyValueSpecification\",\"valueRequired\":true,\"valueName\":\"search_term_string\"}}],\"inLanguage\":\"en-US\"}]}<\/script>\n<!-- \/ Yoast SEO plugin. -->","yoast_head_json":{"title":"Lucie Yemek Odas\u0131 - Newmood","robots":{"index":"index","follow":"follow","max-snippet":"max-snippet:-1","max-image-preview":"max-image-preview:large","max-video-preview":"max-video-preview:-1"},"canonical":"https:\/\/newmood.com.tr\/en\/lucie-yemek-odasi\/","og_locale":"en_US","og_type":"article","og_title":"Lucie Yemek Odas\u0131 - Newmood","og_description":"Lucie Yemek Odas\u0131, modern tasar\u0131m\u0131n zarafetle bulu\u015ftu\u011fu \u00f6zel bir koleksiyondur. \u0130nce i\u015f\u00e7ilikle \u015fekillenen detaylar ve do\u011fal ah\u015fap dokular, yemek odan\u0131za s\u0131cak ve davetkar bir atmosfer kazand\u0131r\u0131r. Geni\u015f yemek masas\u0131, konforlu sandalyelerle tamamlanarak her yemek davetinde ideal bir alan sunar. \u015e\u0131k konsol ve vitrin \u00fcniteleri, hem dekoratif bir g\u00f6r\u00fcn\u00fcm sa\u011flar hem de fonksiyonel depolama alanlar\u0131 sunar. Lucie Yemek Odas\u0131, estetik ve i\u015flevselli\u011fi bir araya getirerek her ya\u015fam alan\u0131na sofistike bir hava katmak i\u00e7in tasarlanm\u0131\u015ft\u0131r.","og_url":"https:\/\/newmood.com.tr\/en\/lucie-yemek-odasi\/","og_site_name":"Newmood","og_image":[{"width":1920,"height":1200,"url":"https:\/\/newmood.com.tr\/wp-content\/uploads\/2024\/10\/lucie-yemek-odasi-281024-17.jpg","type":"image\/jpeg"}],"twitter_card":"summary_large_image","schema":{"@context":"https:\/\/schema.org","@graph":[{"@type":"WebPage","@id":"https:\/\/newmood.com.tr\/en\/lucie-yemek-odasi\/","url":"https:\/\/newmood.com.tr\/en\/lucie-yemek-odasi\/","name":"Lucie Yemek Odas\u0131 - Newmood","isPartOf":{"@id":"https:\/\/newmood.com.tr\/en\/#website"},"primaryImageOfPage":{"@id":"https:\/\/newmood.com.tr\/en\/lucie-yemek-odasi\/#primaryimage"},"image":{"@id":"https:\/\/newmood.com.tr\/en\/lucie-yemek-odasi\/#primaryimage"},"thumbnailUrl":"https:\/\/newmood.com.tr\/wp-content\/uploads\/2024\/10\/lucie-yemek-odasi-281024-17.jpg","datePublished":"2024-10-28T10:46:24+00:00","breadcrumb":{"@id":"https:\/\/newmood.com.tr\/en\/lucie-yemek-odasi\/#breadcrumb"},"inLanguage":"en-US","potentialAction":[{"@type":"ReadAction","target":["https:\/\/newmood.com.tr\/en\/lucie-yemek-odasi\/"]}]},{"@type":"ImageObject","inLanguage":"en-US","@id":"https:\/\/newmood.com.tr\/en\/lucie-yemek-odasi\/#primaryimage","url":"https:\/\/newmood.com.tr\/wp-content\/uploads\/2024\/10\/lucie-yemek-odasi-281024-17.jpg","contentUrl":"https:\/\/newmood.com.tr\/wp-content\/uploads\/2024\/10\/lucie-yemek-odasi-281024-17.jpg","width":1920,"height":1200},{"@type":"BreadcrumbList","@id":"https:\/\/newmood.com.tr\/en\/lucie-yemek-odasi\/#breadcrumb","itemListElement":[{"@type":"ListItem","position":1,"name":"Anasayfa","item":"https:\/\/newmood.com.tr\/"},{"@type":"ListItem","position":2,"name":"\u00dcr\u00fcnler","item":"https:\/\/newmood.com.tr\/shop\/"},{"@type":"ListItem","position":3,"name":"Lucie Yemek Odas\u0131"}]},{"@type":"WebSite","@id":"https:\/\/newmood.com.tr\/en\/#website","url":"https:\/\/newmood.com.tr\/en\/","name":"Newmood","description":"","potentialAction":[{"@type":"SearchAction","target":{"@type":"EntryPoint","urlTemplate":"https:\/\/newmood.com.tr\/en\/?s={search_term_string}"},"query-input":{"@type":"PropertyValueSpecification","valueRequired":true,"valueName":"search_term_string"}}],"inLanguage":"en-US"}]}},"_links":{"self":[{"href":"https:\/\/newmood.com.tr\/en\/wp-json\/wp\/v2\/product\/1971"}],"collection":[{"href":"https:\/\/newmood.com.tr\/en\/wp-json\/wp\/v2\/product"}],"about":[{"href":"https:\/\/newmood.com.tr\/en\/wp-json\/wp\/v2\/types\/product"}],"replies":[{"embeddable":true,"href":"https:\/\/newmood.com.tr\/en\/wp-json\/wp\/v2\/comments?post=1971"}],"wp:featuredmedia":[{"embeddable":true,"href":"https:\/\/newmood.com.tr\/en\/wp-json\/wp\/v2\/media\/1988"}],"wp:attachment":[{"href":"https:\/\/newmood.com.tr\/en\/wp-json\/wp\/v2\/media?parent=1971"}],"wp:term":[{"taxonomy":"product_brand","embeddable":true,"href":"https:\/\/newmood.com.tr\/en\/wp-json\/wp\/v2\/product_brand?post=1971"},{"taxonomy":"product_cat","embeddable":true,"href":"https:\/\/newmood.com.tr\/en\/wp-json\/wp\/v2\/product_cat?post=1971"},{"taxonomy":"product_tag","embeddable":true,"href":"https:\/\/newmood.com.tr\/en\/wp-json\/wp\/v2\/product_tag?post=1971"}],"curies":[{"name":"wp","href":"https:\/\/api.w.org\/{rel}","templated":true}]}}