{"id":1970,"date":"2024-10-28T10:17:19","date_gmt":"2024-10-28T10:17:19","guid":{"rendered":"https:\/\/newmood.kodektif.com\/?post_type=product&#038;p=1970"},"modified":"2024-10-28T10:17:19","modified_gmt":"2024-10-28T10:17:19","slug":"rita-konsol","status":"publish","type":"product","link":"https:\/\/newmood.com.tr\/en\/rita-konsol\/","title":{"rendered":"Rita Sideboard"},"content":{"rendered":"","protected":false},"excerpt":{"rendered":"<p>Rita Console adds elegance to your dining room with its modern and elegant lines. Thanks to its large storage areas, it allows you to store your dinnerware and accessories in an orderly manner, thus combining both functionality and aesthetics. While its natural wood surface adds warmth to the space, it offers a sophisticated touch with its fine metal details. The upper surface creates an ideal area for decorative objects and accessories. Rita Console is a perfect option for those who want to create both a modern and elegant atmosphere in your living space.<\/p>","protected":false},"featured_media":1964,"comment_status":"open","ping_status":"closed","template":"","meta":[],"product_brand":[],"product_cat":[27],"product_tag":[],"class_list":{"0":"post-1970","1":"product","2":"type-product","3":"status-publish","4":"has-post-thumbnail","6":"product_cat-konsollar","8":"first","9":"instock","10":"shipping-taxable","11":"product-type-simple"},"yoast_head":"<!-- This site is optimized with the Yoast SEO plugin v24.9 - https:\/\/yoast.com\/wordpress\/plugins\/seo\/ -->\n<title>Rita Konsol - Newmood<\/title>\n<meta name=\"robots\" content=\"index, follow, max-snippet:-1, max-image-preview:large, max-video-preview:-1\" \/>\n<link rel=\"canonical\" href=\"https:\/\/newmood.com.tr\/en\/rita-konsol\/\" \/>\n<meta property=\"og:locale\" content=\"en_US\" \/>\n<meta property=\"og:type\" content=\"article\" \/>\n<meta property=\"og:title\" content=\"Rita Konsol - Newmood\" \/>\n<meta property=\"og:description\" content=\"Rita Konsol, modern ve zarif \u00e7izgileriyle yemek odan\u0131za \u015f\u0131kl\u0131k katar. Geni\u015f depolama alanlar\u0131 sayesinde yemek tak\u0131mlar\u0131n\u0131z\u0131 ve aksesuarlar\u0131n\u0131z\u0131 d\u00fczenli bir \u015fekilde saklaman\u0131z\u0131 sa\u011flar, b\u00f6ylece hem i\u015flevselli\u011fi hem de esteti\u011fi bir araya getirir. Do\u011fal ah\u015fap y\u00fczeyi mekana s\u0131cakl\u0131k katarken, ince metal detaylar\u0131yla sofistike bir dokunu\u015f sunar. \u00dcst y\u00fczey, dekoratif objeler ve aksesuarlar i\u00e7in ideal bir alan olu\u015fturur. Rita Konsol, ya\u015fam alan\u0131n\u0131zda hem modern hem de zarif bir atmosfer yaratmak isteyenler i\u00e7in m\u00fckemmel bir se\u00e7enektir.\" \/>\n<meta property=\"og:url\" content=\"https:\/\/newmood.com.tr\/en\/rita-konsol\/\" \/>\n<meta property=\"og:site_name\" content=\"Newmood\" \/>\n<meta property=\"og:image\" content=\"https:\/\/newmood.com.tr\/wp-content\/uploads\/2024\/10\/rita-yemek-odasi-281024-23.jpg\" \/>\n\t<meta property=\"og:image:width\" content=\"1920\" \/>\n\t<meta property=\"og:image:height\" content=\"1200\" \/>\n\t<meta property=\"og:image:type\" content=\"image\/jpeg\" \/>\n<meta name=\"twitter:card\" content=\"summary_large_image\" \/>\n<script type=\"application\/ld+json\" class=\"yoast-schema-graph\">{\"@context\":\"https:\/\/schema.org\",\"@graph\":[{\"@type\":\"WebPage\",\"@id\":\"https:\/\/newmood.com.tr\/en\/rita-konsol\/\",\"url\":\"https:\/\/newmood.com.tr\/en\/rita-konsol\/\",\"name\":\"Rita Konsol - Newmood\",\"isPartOf\":{\"@id\":\"https:\/\/newmood.com.tr\/en\/#website\"},\"primaryImageOfPage\":{\"@id\":\"https:\/\/newmood.com.tr\/en\/rita-konsol\/#primaryimage\"},\"image\":{\"@id\":\"https:\/\/newmood.com.tr\/en\/rita-konsol\/#primaryimage\"},\"thumbnailUrl\":\"https:\/\/newmood.com.tr\/wp-content\/uploads\/2024\/10\/rita-yemek-odasi-281024-23.jpg\",\"datePublished\":\"2024-10-28T10:17:19+00:00\",\"breadcrumb\":{\"@id\":\"https:\/\/newmood.com.tr\/en\/rita-konsol\/#breadcrumb\"},\"inLanguage\":\"en-US\",\"potentialAction\":[{\"@type\":\"ReadAction\",\"target\":[\"https:\/\/newmood.com.tr\/en\/rita-konsol\/\"]}]},{\"@type\":\"ImageObject\",\"inLanguage\":\"en-US\",\"@id\":\"https:\/\/newmood.com.tr\/en\/rita-konsol\/#primaryimage\",\"url\":\"https:\/\/newmood.com.tr\/wp-content\/uploads\/2024\/10\/rita-yemek-odasi-281024-23.jpg\",\"contentUrl\":\"https:\/\/newmood.com.tr\/wp-content\/uploads\/2024\/10\/rita-yemek-odasi-281024-23.jpg\",\"width\":1920,\"height\":1200},{\"@type\":\"BreadcrumbList\",\"@id\":\"https:\/\/newmood.com.tr\/en\/rita-konsol\/#breadcrumb\",\"itemListElement\":[{\"@type\":\"ListItem\",\"position\":1,\"name\":\"Anasayfa\",\"item\":\"https:\/\/newmood.com.tr\/\"},{\"@type\":\"ListItem\",\"position\":2,\"name\":\"\u00dcr\u00fcnler\",\"item\":\"https:\/\/newmood.com.tr\/shop\/\"},{\"@type\":\"ListItem\",\"position\":3,\"name\":\"Rita Konsol\"}]},{\"@type\":\"WebSite\",\"@id\":\"https:\/\/newmood.com.tr\/en\/#website\",\"url\":\"https:\/\/newmood.com.tr\/en\/\",\"name\":\"Newmood\",\"description\":\"\",\"potentialAction\":[{\"@type\":\"SearchAction\",\"target\":{\"@type\":\"EntryPoint\",\"urlTemplate\":\"https:\/\/newmood.com.tr\/en\/?s={search_term_string}\"},\"query-input\":{\"@type\":\"PropertyValueSpecification\",\"valueRequired\":true,\"valueName\":\"search_term_string\"}}],\"inLanguage\":\"en-US\"}]}<\/script>\n<!-- \/ Yoast SEO plugin. -->","yoast_head_json":{"title":"Rita Konsol - Newmood","robots":{"index":"index","follow":"follow","max-snippet":"max-snippet:-1","max-image-preview":"max-image-preview:large","max-video-preview":"max-video-preview:-1"},"canonical":"https:\/\/newmood.com.tr\/en\/rita-konsol\/","og_locale":"en_US","og_type":"article","og_title":"Rita Konsol - Newmood","og_description":"Rita Konsol, modern ve zarif \u00e7izgileriyle yemek odan\u0131za \u015f\u0131kl\u0131k katar. Geni\u015f depolama alanlar\u0131 sayesinde yemek tak\u0131mlar\u0131n\u0131z\u0131 ve aksesuarlar\u0131n\u0131z\u0131 d\u00fczenli bir \u015fekilde saklaman\u0131z\u0131 sa\u011flar, b\u00f6ylece hem i\u015flevselli\u011fi hem de esteti\u011fi bir araya getirir. Do\u011fal ah\u015fap y\u00fczeyi mekana s\u0131cakl\u0131k katarken, ince metal detaylar\u0131yla sofistike bir dokunu\u015f sunar. \u00dcst y\u00fczey, dekoratif objeler ve aksesuarlar i\u00e7in ideal bir alan olu\u015fturur. Rita Konsol, ya\u015fam alan\u0131n\u0131zda hem modern hem de zarif bir atmosfer yaratmak isteyenler i\u00e7in m\u00fckemmel bir se\u00e7enektir.","og_url":"https:\/\/newmood.com.tr\/en\/rita-konsol\/","og_site_name":"Newmood","og_image":[{"width":1920,"height":1200,"url":"https:\/\/newmood.com.tr\/wp-content\/uploads\/2024\/10\/rita-yemek-odasi-281024-23.jpg","type":"image\/jpeg"}],"twitter_card":"summary_large_image","schema":{"@context":"https:\/\/schema.org","@graph":[{"@type":"WebPage","@id":"https:\/\/newmood.com.tr\/en\/rita-konsol\/","url":"https:\/\/newmood.com.tr\/en\/rita-konsol\/","name":"Rita Konsol - Newmood","isPartOf":{"@id":"https:\/\/newmood.com.tr\/en\/#website"},"primaryImageOfPage":{"@id":"https:\/\/newmood.com.tr\/en\/rita-konsol\/#primaryimage"},"image":{"@id":"https:\/\/newmood.com.tr\/en\/rita-konsol\/#primaryimage"},"thumbnailUrl":"https:\/\/newmood.com.tr\/wp-content\/uploads\/2024\/10\/rita-yemek-odasi-281024-23.jpg","datePublished":"2024-10-28T10:17:19+00:00","breadcrumb":{"@id":"https:\/\/newmood.com.tr\/en\/rita-konsol\/#breadcrumb"},"inLanguage":"en-US","potentialAction":[{"@type":"ReadAction","target":["https:\/\/newmood.com.tr\/en\/rita-konsol\/"]}]},{"@type":"ImageObject","inLanguage":"en-US","@id":"https:\/\/newmood.com.tr\/en\/rita-konsol\/#primaryimage","url":"https:\/\/newmood.com.tr\/wp-content\/uploads\/2024\/10\/rita-yemek-odasi-281024-23.jpg","contentUrl":"https:\/\/newmood.com.tr\/wp-content\/uploads\/2024\/10\/rita-yemek-odasi-281024-23.jpg","width":1920,"height":1200},{"@type":"BreadcrumbList","@id":"https:\/\/newmood.com.tr\/en\/rita-konsol\/#breadcrumb","itemListElement":[{"@type":"ListItem","position":1,"name":"Anasayfa","item":"https:\/\/newmood.com.tr\/"},{"@type":"ListItem","position":2,"name":"\u00dcr\u00fcnler","item":"https:\/\/newmood.com.tr\/shop\/"},{"@type":"ListItem","position":3,"name":"Rita Konsol"}]},{"@type":"WebSite","@id":"https:\/\/newmood.com.tr\/en\/#website","url":"https:\/\/newmood.com.tr\/en\/","name":"Newmood","description":"","potentialAction":[{"@type":"SearchAction","target":{"@type":"EntryPoint","urlTemplate":"https:\/\/newmood.com.tr\/en\/?s={search_term_string}"},"query-input":{"@type":"PropertyValueSpecification","valueRequired":true,"valueName":"search_term_string"}}],"inLanguage":"en-US"}]}},"_links":{"self":[{"href":"https:\/\/newmood.com.tr\/en\/wp-json\/wp\/v2\/product\/1970"}],"collection":[{"href":"https:\/\/newmood.com.tr\/en\/wp-json\/wp\/v2\/product"}],"about":[{"href":"https:\/\/newmood.com.tr\/en\/wp-json\/wp\/v2\/types\/product"}],"replies":[{"embeddable":true,"href":"https:\/\/newmood.com.tr\/en\/wp-json\/wp\/v2\/comments?post=1970"}],"wp:featuredmedia":[{"embeddable":true,"href":"https:\/\/newmood.com.tr\/en\/wp-json\/wp\/v2\/media\/1964"}],"wp:attachment":[{"href":"https:\/\/newmood.com.tr\/en\/wp-json\/wp\/v2\/media?parent=1970"}],"wp:term":[{"taxonomy":"product_brand","embeddable":true,"href":"https:\/\/newmood.com.tr\/en\/wp-json\/wp\/v2\/product_brand?post=1970"},{"taxonomy":"product_cat","embeddable":true,"href":"https:\/\/newmood.com.tr\/en\/wp-json\/wp\/v2\/product_cat?post=1970"},{"taxonomy":"product_tag","embeddable":true,"href":"https:\/\/newmood.com.tr\/en\/wp-json\/wp\/v2\/product_tag?post=1970"}],"curies":[{"name":"wp","href":"https:\/\/api.w.org\/{rel}","templated":true}]}}