{"id":1967,"date":"2024-10-28T10:11:33","date_gmt":"2024-10-28T10:11:33","guid":{"rendered":"https:\/\/newmood.kodektif.com\/?post_type=product&#038;p=1967"},"modified":"2024-10-28T10:11:33","modified_gmt":"2024-10-28T10:11:33","slug":"rita-masa","status":"publish","type":"product","link":"https:\/\/newmood.com.tr\/en\/rita-masa\/","title":{"rendered":"Rita Table"},"content":{"rendered":"","protected":false},"excerpt":{"rendered":"<p>Rita Table adds elegance to your dining room with its modern and stylish design. Its natural wood texture creates a warm atmosphere and offers long-lasting use with its solid structure. Its large surface provides a space suitable for all kinds of gatherings, from crowded family dinners to special invitations. Its elegant lines and details, shaped with fine workmanship, add a sophisticated touch to the table and adapt to any decoration style. Rita Table is an excellent choice for those looking for both aesthetics and functionality, and is a candidate to be the focal point of your dining room.<\/p>","protected":false},"featured_media":1955,"comment_status":"open","ping_status":"closed","template":"","meta":[],"product_brand":[],"product_cat":[21],"product_tag":[],"class_list":{"0":"post-1967","1":"product","2":"type-product","3":"status-publish","4":"has-post-thumbnail","6":"product_cat-masalar","8":"first","9":"instock","10":"shipping-taxable","11":"product-type-simple"},"yoast_head":"<!-- This site is optimized with the Yoast SEO plugin v24.9 - https:\/\/yoast.com\/wordpress\/plugins\/seo\/ -->\n<title>Rita Masa - Newmood<\/title>\n<meta name=\"robots\" content=\"index, follow, max-snippet:-1, max-image-preview:large, max-video-preview:-1\" \/>\n<link rel=\"canonical\" href=\"https:\/\/newmood.com.tr\/en\/rita-masa\/\" \/>\n<meta property=\"og:locale\" content=\"en_US\" \/>\n<meta property=\"og:type\" content=\"article\" \/>\n<meta property=\"og:title\" content=\"Rita Masa - Newmood\" \/>\n<meta property=\"og:description\" content=\"Rita Masa, modern ve \u015f\u0131k tasar\u0131m\u0131yla yemek odan\u0131za zarafet kat\u0131yor. Do\u011fal ah\u015fap dokusu, s\u0131cak bir atmosfer yarat\u0131rken sa\u011flam yap\u0131s\u0131yla uzun \u00f6m\u00fcrl\u00fc bir kullan\u0131m sunar. Geni\u015f y\u00fczeyi, kalabal\u0131k aile yemeklerinden \u00f6zel davetlere kadar her t\u00fcrl\u00fc bulu\u015fmaya uygun bir alan sa\u011flar. \u0130nce i\u015f\u00e7ilikle \u015fekillendirilen zarif hatlar\u0131 ve detaylar\u0131, masaya sofistike bir dokunu\u015f katarken her t\u00fcrl\u00fc dekorasyon tarz\u0131na uyum sa\u011flar. Rita Masa, hem estetik hem de fonksiyonellik arayanlar i\u00e7in m\u00fckemmel bir se\u00e7im olup, yemek odan\u0131z\u0131n odak noktas\u0131 olmaya aday.\" \/>\n<meta property=\"og:url\" content=\"https:\/\/newmood.com.tr\/en\/rita-masa\/\" \/>\n<meta property=\"og:site_name\" content=\"Newmood\" \/>\n<meta property=\"og:image\" content=\"https:\/\/newmood.com.tr\/wp-content\/uploads\/2024\/10\/rita-yemek-odasi-281024-14.jpg\" \/>\n\t<meta property=\"og:image:width\" content=\"1920\" \/>\n\t<meta property=\"og:image:height\" content=\"1200\" \/>\n\t<meta property=\"og:image:type\" content=\"image\/jpeg\" \/>\n<meta name=\"twitter:card\" content=\"summary_large_image\" \/>\n<script type=\"application\/ld+json\" class=\"yoast-schema-graph\">{\"@context\":\"https:\/\/schema.org\",\"@graph\":[{\"@type\":\"WebPage\",\"@id\":\"https:\/\/newmood.com.tr\/en\/rita-masa\/\",\"url\":\"https:\/\/newmood.com.tr\/en\/rita-masa\/\",\"name\":\"Rita Masa - Newmood\",\"isPartOf\":{\"@id\":\"https:\/\/newmood.com.tr\/en\/#website\"},\"primaryImageOfPage\":{\"@id\":\"https:\/\/newmood.com.tr\/en\/rita-masa\/#primaryimage\"},\"image\":{\"@id\":\"https:\/\/newmood.com.tr\/en\/rita-masa\/#primaryimage\"},\"thumbnailUrl\":\"https:\/\/newmood.com.tr\/wp-content\/uploads\/2024\/10\/rita-yemek-odasi-281024-14.jpg\",\"datePublished\":\"2024-10-28T10:11:33+00:00\",\"breadcrumb\":{\"@id\":\"https:\/\/newmood.com.tr\/en\/rita-masa\/#breadcrumb\"},\"inLanguage\":\"en-US\",\"potentialAction\":[{\"@type\":\"ReadAction\",\"target\":[\"https:\/\/newmood.com.tr\/en\/rita-masa\/\"]}]},{\"@type\":\"ImageObject\",\"inLanguage\":\"en-US\",\"@id\":\"https:\/\/newmood.com.tr\/en\/rita-masa\/#primaryimage\",\"url\":\"https:\/\/newmood.com.tr\/wp-content\/uploads\/2024\/10\/rita-yemek-odasi-281024-14.jpg\",\"contentUrl\":\"https:\/\/newmood.com.tr\/wp-content\/uploads\/2024\/10\/rita-yemek-odasi-281024-14.jpg\",\"width\":1920,\"height\":1200},{\"@type\":\"BreadcrumbList\",\"@id\":\"https:\/\/newmood.com.tr\/en\/rita-masa\/#breadcrumb\",\"itemListElement\":[{\"@type\":\"ListItem\",\"position\":1,\"name\":\"Anasayfa\",\"item\":\"https:\/\/newmood.com.tr\/\"},{\"@type\":\"ListItem\",\"position\":2,\"name\":\"\u00dcr\u00fcnler\",\"item\":\"https:\/\/newmood.com.tr\/shop\/\"},{\"@type\":\"ListItem\",\"position\":3,\"name\":\"Rita Masa\"}]},{\"@type\":\"WebSite\",\"@id\":\"https:\/\/newmood.com.tr\/en\/#website\",\"url\":\"https:\/\/newmood.com.tr\/en\/\",\"name\":\"Newmood\",\"description\":\"\",\"potentialAction\":[{\"@type\":\"SearchAction\",\"target\":{\"@type\":\"EntryPoint\",\"urlTemplate\":\"https:\/\/newmood.com.tr\/en\/?s={search_term_string}\"},\"query-input\":{\"@type\":\"PropertyValueSpecification\",\"valueRequired\":true,\"valueName\":\"search_term_string\"}}],\"inLanguage\":\"en-US\"}]}<\/script>\n<!-- \/ Yoast SEO plugin. -->","yoast_head_json":{"title":"Rita Masa - Newmood","robots":{"index":"index","follow":"follow","max-snippet":"max-snippet:-1","max-image-preview":"max-image-preview:large","max-video-preview":"max-video-preview:-1"},"canonical":"https:\/\/newmood.com.tr\/en\/rita-masa\/","og_locale":"en_US","og_type":"article","og_title":"Rita Masa - Newmood","og_description":"Rita Masa, modern ve \u015f\u0131k tasar\u0131m\u0131yla yemek odan\u0131za zarafet kat\u0131yor. Do\u011fal ah\u015fap dokusu, s\u0131cak bir atmosfer yarat\u0131rken sa\u011flam yap\u0131s\u0131yla uzun \u00f6m\u00fcrl\u00fc bir kullan\u0131m sunar. Geni\u015f y\u00fczeyi, kalabal\u0131k aile yemeklerinden \u00f6zel davetlere kadar her t\u00fcrl\u00fc bulu\u015fmaya uygun bir alan sa\u011flar. \u0130nce i\u015f\u00e7ilikle \u015fekillendirilen zarif hatlar\u0131 ve detaylar\u0131, masaya sofistike bir dokunu\u015f katarken her t\u00fcrl\u00fc dekorasyon tarz\u0131na uyum sa\u011flar. Rita Masa, hem estetik hem de fonksiyonellik arayanlar i\u00e7in m\u00fckemmel bir se\u00e7im olup, yemek odan\u0131z\u0131n odak noktas\u0131 olmaya aday.","og_url":"https:\/\/newmood.com.tr\/en\/rita-masa\/","og_site_name":"Newmood","og_image":[{"width":1920,"height":1200,"url":"https:\/\/newmood.com.tr\/wp-content\/uploads\/2024\/10\/rita-yemek-odasi-281024-14.jpg","type":"image\/jpeg"}],"twitter_card":"summary_large_image","schema":{"@context":"https:\/\/schema.org","@graph":[{"@type":"WebPage","@id":"https:\/\/newmood.com.tr\/en\/rita-masa\/","url":"https:\/\/newmood.com.tr\/en\/rita-masa\/","name":"Rita Masa - Newmood","isPartOf":{"@id":"https:\/\/newmood.com.tr\/en\/#website"},"primaryImageOfPage":{"@id":"https:\/\/newmood.com.tr\/en\/rita-masa\/#primaryimage"},"image":{"@id":"https:\/\/newmood.com.tr\/en\/rita-masa\/#primaryimage"},"thumbnailUrl":"https:\/\/newmood.com.tr\/wp-content\/uploads\/2024\/10\/rita-yemek-odasi-281024-14.jpg","datePublished":"2024-10-28T10:11:33+00:00","breadcrumb":{"@id":"https:\/\/newmood.com.tr\/en\/rita-masa\/#breadcrumb"},"inLanguage":"en-US","potentialAction":[{"@type":"ReadAction","target":["https:\/\/newmood.com.tr\/en\/rita-masa\/"]}]},{"@type":"ImageObject","inLanguage":"en-US","@id":"https:\/\/newmood.com.tr\/en\/rita-masa\/#primaryimage","url":"https:\/\/newmood.com.tr\/wp-content\/uploads\/2024\/10\/rita-yemek-odasi-281024-14.jpg","contentUrl":"https:\/\/newmood.com.tr\/wp-content\/uploads\/2024\/10\/rita-yemek-odasi-281024-14.jpg","width":1920,"height":1200},{"@type":"BreadcrumbList","@id":"https:\/\/newmood.com.tr\/en\/rita-masa\/#breadcrumb","itemListElement":[{"@type":"ListItem","position":1,"name":"Anasayfa","item":"https:\/\/newmood.com.tr\/"},{"@type":"ListItem","position":2,"name":"\u00dcr\u00fcnler","item":"https:\/\/newmood.com.tr\/shop\/"},{"@type":"ListItem","position":3,"name":"Rita Masa"}]},{"@type":"WebSite","@id":"https:\/\/newmood.com.tr\/en\/#website","url":"https:\/\/newmood.com.tr\/en\/","name":"Newmood","description":"","potentialAction":[{"@type":"SearchAction","target":{"@type":"EntryPoint","urlTemplate":"https:\/\/newmood.com.tr\/en\/?s={search_term_string}"},"query-input":{"@type":"PropertyValueSpecification","valueRequired":true,"valueName":"search_term_string"}}],"inLanguage":"en-US"}]}},"_links":{"self":[{"href":"https:\/\/newmood.com.tr\/en\/wp-json\/wp\/v2\/product\/1967"}],"collection":[{"href":"https:\/\/newmood.com.tr\/en\/wp-json\/wp\/v2\/product"}],"about":[{"href":"https:\/\/newmood.com.tr\/en\/wp-json\/wp\/v2\/types\/product"}],"replies":[{"embeddable":true,"href":"https:\/\/newmood.com.tr\/en\/wp-json\/wp\/v2\/comments?post=1967"}],"wp:featuredmedia":[{"embeddable":true,"href":"https:\/\/newmood.com.tr\/en\/wp-json\/wp\/v2\/media\/1955"}],"wp:attachment":[{"href":"https:\/\/newmood.com.tr\/en\/wp-json\/wp\/v2\/media?parent=1967"}],"wp:term":[{"taxonomy":"product_brand","embeddable":true,"href":"https:\/\/newmood.com.tr\/en\/wp-json\/wp\/v2\/product_brand?post=1967"},{"taxonomy":"product_cat","embeddable":true,"href":"https:\/\/newmood.com.tr\/en\/wp-json\/wp\/v2\/product_cat?post=1967"},{"taxonomy":"product_tag","embeddable":true,"href":"https:\/\/newmood.com.tr\/en\/wp-json\/wp\/v2\/product_tag?post=1967"}],"curies":[{"name":"wp","href":"https:\/\/api.w.org\/{rel}","templated":true}]}}