{"id":1941,"date":"2024-10-28T10:09:38","date_gmt":"2024-10-28T10:09:38","guid":{"rendered":"https:\/\/newmood.kodektif.com\/?post_type=product&#038;p=1941"},"modified":"2024-10-28T10:09:38","modified_gmt":"2024-10-28T10:09:38","slug":"rita-yemek-odasi","status":"publish","type":"product","link":"https:\/\/newmood.com.tr\/en\/rita-yemek-odasi\/","title":{"rendered":"Rita Dining Room"},"content":{"rendered":"","protected":false},"excerpt":{"rendered":"<p>Rita Dining Room brings elegance to your living space with its modern and sophisticated design. The warmth of natural wooden surfaces blends with fine details and offers a stylish appearance. The large dining table, complemented by comfortable chairs, creates the ideal environment for any gathering. Console and display units provide order by offering both aesthetic and functional storage areas. While Rita Dining Room attracts attention with its minimal details and elegant lines, it is a perfect choice for those looking for both elegance and comfort in your living space.<\/p>","protected":false},"featured_media":1944,"comment_status":"open","ping_status":"closed","template":"","meta":[],"product_brand":[],"product_cat":[35],"product_tag":[],"class_list":{"0":"post-1941","1":"product","2":"type-product","3":"status-publish","4":"has-post-thumbnail","6":"product_cat-yemek-odalari","8":"first","9":"instock","10":"shipping-taxable","11":"product-type-simple"},"yoast_head":"<!-- This site is optimized with the Yoast SEO plugin v24.9 - https:\/\/yoast.com\/wordpress\/plugins\/seo\/ -->\n<title>Rita Yemek Odas\u0131 - Newmood<\/title>\n<meta name=\"robots\" content=\"index, follow, max-snippet:-1, max-image-preview:large, max-video-preview:-1\" \/>\n<link rel=\"canonical\" href=\"https:\/\/newmood.com.tr\/en\/rita-yemek-odasi\/\" \/>\n<meta property=\"og:locale\" content=\"en_US\" \/>\n<meta property=\"og:type\" content=\"article\" \/>\n<meta property=\"og:title\" content=\"Rita Yemek Odas\u0131 - Newmood\" \/>\n<meta property=\"og:description\" content=\"Rita Yemek Odas\u0131, modern ve sofistike tasar\u0131m\u0131yla ya\u015fam alan\u0131n\u0131za zarafet getirir. Do\u011fal ah\u015fap y\u00fczeylerin s\u0131cakl\u0131\u011f\u0131, ince detaylarla harmanlanarak \u015f\u0131k bir g\u00f6r\u00fcn\u00fcm sunar. Geni\u015f yemek masas\u0131, konforlu sandalyelerle tamamlanarak her t\u00fcrl\u00fc bulu\u015fma i\u00e7in ideal bir ortam yarat\u0131r. Konsol ve vitrin \u00fcniteleri, hem estetik hem de i\u015flevsel depolama alanlar\u0131 sunarak d\u00fczen sa\u011flar. Rita Yemek Odas\u0131, minimal detaylar\u0131 ve zarif hatlar\u0131yla dikkat \u00e7ekerken, ya\u015fam alan\u0131n\u0131zda hem \u015f\u0131kl\u0131k hem de konfor arayanlar i\u00e7in m\u00fckemmel bir tercihtir.\" \/>\n<meta property=\"og:url\" content=\"https:\/\/newmood.com.tr\/en\/rita-yemek-odasi\/\" \/>\n<meta property=\"og:site_name\" content=\"Newmood\" \/>\n<meta property=\"og:image\" content=\"https:\/\/newmood.com.tr\/wp-content\/uploads\/2024\/10\/rita-yemek-odasi-281024-3.jpg\" \/>\n\t<meta property=\"og:image:width\" content=\"1920\" \/>\n\t<meta property=\"og:image:height\" content=\"1200\" \/>\n\t<meta property=\"og:image:type\" content=\"image\/jpeg\" \/>\n<meta name=\"twitter:card\" content=\"summary_large_image\" \/>\n<script type=\"application\/ld+json\" class=\"yoast-schema-graph\">{\"@context\":\"https:\/\/schema.org\",\"@graph\":[{\"@type\":\"WebPage\",\"@id\":\"https:\/\/newmood.com.tr\/en\/rita-yemek-odasi\/\",\"url\":\"https:\/\/newmood.com.tr\/en\/rita-yemek-odasi\/\",\"name\":\"Rita Yemek Odas\u0131 - Newmood\",\"isPartOf\":{\"@id\":\"https:\/\/newmood.com.tr\/en\/#website\"},\"primaryImageOfPage\":{\"@id\":\"https:\/\/newmood.com.tr\/en\/rita-yemek-odasi\/#primaryimage\"},\"image\":{\"@id\":\"https:\/\/newmood.com.tr\/en\/rita-yemek-odasi\/#primaryimage\"},\"thumbnailUrl\":\"https:\/\/newmood.com.tr\/wp-content\/uploads\/2024\/10\/rita-yemek-odasi-281024-3.jpg\",\"datePublished\":\"2024-10-28T10:09:38+00:00\",\"breadcrumb\":{\"@id\":\"https:\/\/newmood.com.tr\/en\/rita-yemek-odasi\/#breadcrumb\"},\"inLanguage\":\"en-US\",\"potentialAction\":[{\"@type\":\"ReadAction\",\"target\":[\"https:\/\/newmood.com.tr\/en\/rita-yemek-odasi\/\"]}]},{\"@type\":\"ImageObject\",\"inLanguage\":\"en-US\",\"@id\":\"https:\/\/newmood.com.tr\/en\/rita-yemek-odasi\/#primaryimage\",\"url\":\"https:\/\/newmood.com.tr\/wp-content\/uploads\/2024\/10\/rita-yemek-odasi-281024-3.jpg\",\"contentUrl\":\"https:\/\/newmood.com.tr\/wp-content\/uploads\/2024\/10\/rita-yemek-odasi-281024-3.jpg\",\"width\":1920,\"height\":1200},{\"@type\":\"BreadcrumbList\",\"@id\":\"https:\/\/newmood.com.tr\/en\/rita-yemek-odasi\/#breadcrumb\",\"itemListElement\":[{\"@type\":\"ListItem\",\"position\":1,\"name\":\"Anasayfa\",\"item\":\"https:\/\/newmood.com.tr\/\"},{\"@type\":\"ListItem\",\"position\":2,\"name\":\"\u00dcr\u00fcnler\",\"item\":\"https:\/\/newmood.com.tr\/shop\/\"},{\"@type\":\"ListItem\",\"position\":3,\"name\":\"Rita Yemek Odas\u0131\"}]},{\"@type\":\"WebSite\",\"@id\":\"https:\/\/newmood.com.tr\/en\/#website\",\"url\":\"https:\/\/newmood.com.tr\/en\/\",\"name\":\"Newmood\",\"description\":\"\",\"potentialAction\":[{\"@type\":\"SearchAction\",\"target\":{\"@type\":\"EntryPoint\",\"urlTemplate\":\"https:\/\/newmood.com.tr\/en\/?s={search_term_string}\"},\"query-input\":{\"@type\":\"PropertyValueSpecification\",\"valueRequired\":true,\"valueName\":\"search_term_string\"}}],\"inLanguage\":\"en-US\"}]}<\/script>\n<!-- \/ Yoast SEO plugin. -->","yoast_head_json":{"title":"Rita Yemek Odas\u0131 - Newmood","robots":{"index":"index","follow":"follow","max-snippet":"max-snippet:-1","max-image-preview":"max-image-preview:large","max-video-preview":"max-video-preview:-1"},"canonical":"https:\/\/newmood.com.tr\/en\/rita-yemek-odasi\/","og_locale":"en_US","og_type":"article","og_title":"Rita Yemek Odas\u0131 - Newmood","og_description":"Rita Yemek Odas\u0131, modern ve sofistike tasar\u0131m\u0131yla ya\u015fam alan\u0131n\u0131za zarafet getirir. Do\u011fal ah\u015fap y\u00fczeylerin s\u0131cakl\u0131\u011f\u0131, ince detaylarla harmanlanarak \u015f\u0131k bir g\u00f6r\u00fcn\u00fcm sunar. Geni\u015f yemek masas\u0131, konforlu sandalyelerle tamamlanarak her t\u00fcrl\u00fc bulu\u015fma i\u00e7in ideal bir ortam yarat\u0131r. Konsol ve vitrin \u00fcniteleri, hem estetik hem de i\u015flevsel depolama alanlar\u0131 sunarak d\u00fczen sa\u011flar. Rita Yemek Odas\u0131, minimal detaylar\u0131 ve zarif hatlar\u0131yla dikkat \u00e7ekerken, ya\u015fam alan\u0131n\u0131zda hem \u015f\u0131kl\u0131k hem de konfor arayanlar i\u00e7in m\u00fckemmel bir tercihtir.","og_url":"https:\/\/newmood.com.tr\/en\/rita-yemek-odasi\/","og_site_name":"Newmood","og_image":[{"width":1920,"height":1200,"url":"https:\/\/newmood.com.tr\/wp-content\/uploads\/2024\/10\/rita-yemek-odasi-281024-3.jpg","type":"image\/jpeg"}],"twitter_card":"summary_large_image","schema":{"@context":"https:\/\/schema.org","@graph":[{"@type":"WebPage","@id":"https:\/\/newmood.com.tr\/en\/rita-yemek-odasi\/","url":"https:\/\/newmood.com.tr\/en\/rita-yemek-odasi\/","name":"Rita Yemek Odas\u0131 - Newmood","isPartOf":{"@id":"https:\/\/newmood.com.tr\/en\/#website"},"primaryImageOfPage":{"@id":"https:\/\/newmood.com.tr\/en\/rita-yemek-odasi\/#primaryimage"},"image":{"@id":"https:\/\/newmood.com.tr\/en\/rita-yemek-odasi\/#primaryimage"},"thumbnailUrl":"https:\/\/newmood.com.tr\/wp-content\/uploads\/2024\/10\/rita-yemek-odasi-281024-3.jpg","datePublished":"2024-10-28T10:09:38+00:00","breadcrumb":{"@id":"https:\/\/newmood.com.tr\/en\/rita-yemek-odasi\/#breadcrumb"},"inLanguage":"en-US","potentialAction":[{"@type":"ReadAction","target":["https:\/\/newmood.com.tr\/en\/rita-yemek-odasi\/"]}]},{"@type":"ImageObject","inLanguage":"en-US","@id":"https:\/\/newmood.com.tr\/en\/rita-yemek-odasi\/#primaryimage","url":"https:\/\/newmood.com.tr\/wp-content\/uploads\/2024\/10\/rita-yemek-odasi-281024-3.jpg","contentUrl":"https:\/\/newmood.com.tr\/wp-content\/uploads\/2024\/10\/rita-yemek-odasi-281024-3.jpg","width":1920,"height":1200},{"@type":"BreadcrumbList","@id":"https:\/\/newmood.com.tr\/en\/rita-yemek-odasi\/#breadcrumb","itemListElement":[{"@type":"ListItem","position":1,"name":"Anasayfa","item":"https:\/\/newmood.com.tr\/"},{"@type":"ListItem","position":2,"name":"\u00dcr\u00fcnler","item":"https:\/\/newmood.com.tr\/shop\/"},{"@type":"ListItem","position":3,"name":"Rita Yemek Odas\u0131"}]},{"@type":"WebSite","@id":"https:\/\/newmood.com.tr\/en\/#website","url":"https:\/\/newmood.com.tr\/en\/","name":"Newmood","description":"","potentialAction":[{"@type":"SearchAction","target":{"@type":"EntryPoint","urlTemplate":"https:\/\/newmood.com.tr\/en\/?s={search_term_string}"},"query-input":{"@type":"PropertyValueSpecification","valueRequired":true,"valueName":"search_term_string"}}],"inLanguage":"en-US"}]}},"_links":{"self":[{"href":"https:\/\/newmood.com.tr\/en\/wp-json\/wp\/v2\/product\/1941"}],"collection":[{"href":"https:\/\/newmood.com.tr\/en\/wp-json\/wp\/v2\/product"}],"about":[{"href":"https:\/\/newmood.com.tr\/en\/wp-json\/wp\/v2\/types\/product"}],"replies":[{"embeddable":true,"href":"https:\/\/newmood.com.tr\/en\/wp-json\/wp\/v2\/comments?post=1941"}],"wp:featuredmedia":[{"embeddable":true,"href":"https:\/\/newmood.com.tr\/en\/wp-json\/wp\/v2\/media\/1944"}],"wp:attachment":[{"href":"https:\/\/newmood.com.tr\/en\/wp-json\/wp\/v2\/media?parent=1941"}],"wp:term":[{"taxonomy":"product_brand","embeddable":true,"href":"https:\/\/newmood.com.tr\/en\/wp-json\/wp\/v2\/product_brand?post=1941"},{"taxonomy":"product_cat","embeddable":true,"href":"https:\/\/newmood.com.tr\/en\/wp-json\/wp\/v2\/product_cat?post=1941"},{"taxonomy":"product_tag","embeddable":true,"href":"https:\/\/newmood.com.tr\/en\/wp-json\/wp\/v2\/product_tag?post=1941"}],"curies":[{"name":"wp","href":"https:\/\/api.w.org\/{rel}","templated":true}]}}