{"id":1938,"date":"2024-10-23T15:06:57","date_gmt":"2024-10-23T15:06:57","guid":{"rendered":"https:\/\/newmood.kodektif.com\/?post_type=product&#038;p=1938"},"modified":"2024-10-23T15:06:57","modified_gmt":"2024-10-23T15:06:57","slug":"laura-konsol","status":"publish","type":"product","link":"https:\/\/newmood.com.tr\/en\/laura-konsol\/","title":{"rendered":"Laura Sideboard"},"content":{"rendered":"","protected":false},"excerpt":{"rendered":"<p>Laura Console completes the elegance of your dining room with its elegant and modern design. While the natural wood texture adds warmth to the space, it allows you to store your dinnerware and accessories in an orderly manner thanks to its large storage areas. Fine details and stylish metal legs give the console a sophisticated atmosphere. While its upper surface offers an ideal space for decorative objects, it also stands out with its functionality. Laura Console is an excellent choice for those looking for both an aesthetic and practical solution and will add an elegant touch to your dining room.<\/p>","protected":false},"featured_media":1929,"comment_status":"open","ping_status":"closed","template":"","meta":[],"product_brand":[],"product_cat":[27],"product_tag":[],"class_list":{"0":"post-1938","1":"product","2":"type-product","3":"status-publish","4":"has-post-thumbnail","6":"product_cat-konsollar","8":"first","9":"instock","10":"shipping-taxable","11":"product-type-simple"},"yoast_head":"<!-- This site is optimized with the Yoast SEO plugin v24.9 - https:\/\/yoast.com\/wordpress\/plugins\/seo\/ -->\n<title>Laura Konsol - Newmood<\/title>\n<meta name=\"robots\" content=\"index, follow, max-snippet:-1, max-image-preview:large, max-video-preview:-1\" \/>\n<link rel=\"canonical\" href=\"https:\/\/newmood.com.tr\/en\/laura-konsol\/\" \/>\n<meta property=\"og:locale\" content=\"en_US\" \/>\n<meta property=\"og:type\" content=\"article\" \/>\n<meta property=\"og:title\" content=\"Laura Konsol - Newmood\" \/>\n<meta property=\"og:description\" content=\"Laura Konsol, zarif ve modern tasar\u0131m\u0131yla yemek odan\u0131z\u0131n \u015f\u0131kl\u0131\u011f\u0131n\u0131 tamamlar. Do\u011fal ah\u015fap dokusu, mekana s\u0131cakl\u0131k katarken, geni\u015f depolama alanlar\u0131 sayesinde yemek tak\u0131mlar\u0131 ve aksesuarlar\u0131n\u0131z\u0131 d\u00fczenli bir \u015fekilde saklaman\u0131za olanak tan\u0131r. \u0130nce detaylar ve \u015f\u0131k metal ayaklar, konsola sofistike bir hava kazand\u0131r\u0131r. \u00dcst y\u00fczeyi dekoratif objeler i\u00e7in ideal bir alan sunarken, i\u015flevselli\u011fiyle de \u00f6ne \u00e7\u0131kar. Laura Konsol, hem estetik hem de pratik bir \u00e7\u00f6z\u00fcm arayanlar i\u00e7in m\u00fckemmel bir tercih olup, yemek odan\u0131za zarif bir dokunu\u015f katacakt\u0131r.\" \/>\n<meta property=\"og:url\" content=\"https:\/\/newmood.com.tr\/en\/laura-konsol\/\" \/>\n<meta property=\"og:site_name\" content=\"Newmood\" \/>\n<meta property=\"og:image\" content=\"https:\/\/newmood.com.tr\/wp-content\/uploads\/2024\/10\/laura-yemek-odasi-231024-17.jpg\" \/>\n\t<meta property=\"og:image:width\" content=\"1920\" \/>\n\t<meta property=\"og:image:height\" content=\"1200\" \/>\n\t<meta property=\"og:image:type\" content=\"image\/jpeg\" \/>\n<meta name=\"twitter:card\" content=\"summary_large_image\" \/>\n<script type=\"application\/ld+json\" class=\"yoast-schema-graph\">{\"@context\":\"https:\/\/schema.org\",\"@graph\":[{\"@type\":\"WebPage\",\"@id\":\"https:\/\/newmood.com.tr\/en\/laura-konsol\/\",\"url\":\"https:\/\/newmood.com.tr\/en\/laura-konsol\/\",\"name\":\"Laura Konsol - Newmood\",\"isPartOf\":{\"@id\":\"https:\/\/newmood.com.tr\/en\/#website\"},\"primaryImageOfPage\":{\"@id\":\"https:\/\/newmood.com.tr\/en\/laura-konsol\/#primaryimage\"},\"image\":{\"@id\":\"https:\/\/newmood.com.tr\/en\/laura-konsol\/#primaryimage\"},\"thumbnailUrl\":\"https:\/\/newmood.com.tr\/wp-content\/uploads\/2024\/10\/laura-yemek-odasi-231024-17.jpg\",\"datePublished\":\"2024-10-23T15:06:57+00:00\",\"breadcrumb\":{\"@id\":\"https:\/\/newmood.com.tr\/en\/laura-konsol\/#breadcrumb\"},\"inLanguage\":\"en-US\",\"potentialAction\":[{\"@type\":\"ReadAction\",\"target\":[\"https:\/\/newmood.com.tr\/en\/laura-konsol\/\"]}]},{\"@type\":\"ImageObject\",\"inLanguage\":\"en-US\",\"@id\":\"https:\/\/newmood.com.tr\/en\/laura-konsol\/#primaryimage\",\"url\":\"https:\/\/newmood.com.tr\/wp-content\/uploads\/2024\/10\/laura-yemek-odasi-231024-17.jpg\",\"contentUrl\":\"https:\/\/newmood.com.tr\/wp-content\/uploads\/2024\/10\/laura-yemek-odasi-231024-17.jpg\",\"width\":1920,\"height\":1200},{\"@type\":\"BreadcrumbList\",\"@id\":\"https:\/\/newmood.com.tr\/en\/laura-konsol\/#breadcrumb\",\"itemListElement\":[{\"@type\":\"ListItem\",\"position\":1,\"name\":\"Anasayfa\",\"item\":\"https:\/\/newmood.com.tr\/\"},{\"@type\":\"ListItem\",\"position\":2,\"name\":\"\u00dcr\u00fcnler\",\"item\":\"https:\/\/newmood.com.tr\/shop\/\"},{\"@type\":\"ListItem\",\"position\":3,\"name\":\"Laura Konsol\"}]},{\"@type\":\"WebSite\",\"@id\":\"https:\/\/newmood.com.tr\/en\/#website\",\"url\":\"https:\/\/newmood.com.tr\/en\/\",\"name\":\"Newmood\",\"description\":\"\",\"potentialAction\":[{\"@type\":\"SearchAction\",\"target\":{\"@type\":\"EntryPoint\",\"urlTemplate\":\"https:\/\/newmood.com.tr\/en\/?s={search_term_string}\"},\"query-input\":{\"@type\":\"PropertyValueSpecification\",\"valueRequired\":true,\"valueName\":\"search_term_string\"}}],\"inLanguage\":\"en-US\"}]}<\/script>\n<!-- \/ Yoast SEO plugin. -->","yoast_head_json":{"title":"Laura Konsol - Newmood","robots":{"index":"index","follow":"follow","max-snippet":"max-snippet:-1","max-image-preview":"max-image-preview:large","max-video-preview":"max-video-preview:-1"},"canonical":"https:\/\/newmood.com.tr\/en\/laura-konsol\/","og_locale":"en_US","og_type":"article","og_title":"Laura Konsol - Newmood","og_description":"Laura Konsol, zarif ve modern tasar\u0131m\u0131yla yemek odan\u0131z\u0131n \u015f\u0131kl\u0131\u011f\u0131n\u0131 tamamlar. Do\u011fal ah\u015fap dokusu, mekana s\u0131cakl\u0131k katarken, geni\u015f depolama alanlar\u0131 sayesinde yemek tak\u0131mlar\u0131 ve aksesuarlar\u0131n\u0131z\u0131 d\u00fczenli bir \u015fekilde saklaman\u0131za olanak tan\u0131r. \u0130nce detaylar ve \u015f\u0131k metal ayaklar, konsola sofistike bir hava kazand\u0131r\u0131r. \u00dcst y\u00fczeyi dekoratif objeler i\u00e7in ideal bir alan sunarken, i\u015flevselli\u011fiyle de \u00f6ne \u00e7\u0131kar. Laura Konsol, hem estetik hem de pratik bir \u00e7\u00f6z\u00fcm arayanlar i\u00e7in m\u00fckemmel bir tercih olup, yemek odan\u0131za zarif bir dokunu\u015f katacakt\u0131r.","og_url":"https:\/\/newmood.com.tr\/en\/laura-konsol\/","og_site_name":"Newmood","og_image":[{"width":1920,"height":1200,"url":"https:\/\/newmood.com.tr\/wp-content\/uploads\/2024\/10\/laura-yemek-odasi-231024-17.jpg","type":"image\/jpeg"}],"twitter_card":"summary_large_image","schema":{"@context":"https:\/\/schema.org","@graph":[{"@type":"WebPage","@id":"https:\/\/newmood.com.tr\/en\/laura-konsol\/","url":"https:\/\/newmood.com.tr\/en\/laura-konsol\/","name":"Laura Konsol - Newmood","isPartOf":{"@id":"https:\/\/newmood.com.tr\/en\/#website"},"primaryImageOfPage":{"@id":"https:\/\/newmood.com.tr\/en\/laura-konsol\/#primaryimage"},"image":{"@id":"https:\/\/newmood.com.tr\/en\/laura-konsol\/#primaryimage"},"thumbnailUrl":"https:\/\/newmood.com.tr\/wp-content\/uploads\/2024\/10\/laura-yemek-odasi-231024-17.jpg","datePublished":"2024-10-23T15:06:57+00:00","breadcrumb":{"@id":"https:\/\/newmood.com.tr\/en\/laura-konsol\/#breadcrumb"},"inLanguage":"en-US","potentialAction":[{"@type":"ReadAction","target":["https:\/\/newmood.com.tr\/en\/laura-konsol\/"]}]},{"@type":"ImageObject","inLanguage":"en-US","@id":"https:\/\/newmood.com.tr\/en\/laura-konsol\/#primaryimage","url":"https:\/\/newmood.com.tr\/wp-content\/uploads\/2024\/10\/laura-yemek-odasi-231024-17.jpg","contentUrl":"https:\/\/newmood.com.tr\/wp-content\/uploads\/2024\/10\/laura-yemek-odasi-231024-17.jpg","width":1920,"height":1200},{"@type":"BreadcrumbList","@id":"https:\/\/newmood.com.tr\/en\/laura-konsol\/#breadcrumb","itemListElement":[{"@type":"ListItem","position":1,"name":"Anasayfa","item":"https:\/\/newmood.com.tr\/"},{"@type":"ListItem","position":2,"name":"\u00dcr\u00fcnler","item":"https:\/\/newmood.com.tr\/shop\/"},{"@type":"ListItem","position":3,"name":"Laura Konsol"}]},{"@type":"WebSite","@id":"https:\/\/newmood.com.tr\/en\/#website","url":"https:\/\/newmood.com.tr\/en\/","name":"Newmood","description":"","potentialAction":[{"@type":"SearchAction","target":{"@type":"EntryPoint","urlTemplate":"https:\/\/newmood.com.tr\/en\/?s={search_term_string}"},"query-input":{"@type":"PropertyValueSpecification","valueRequired":true,"valueName":"search_term_string"}}],"inLanguage":"en-US"}]}},"_links":{"self":[{"href":"https:\/\/newmood.com.tr\/en\/wp-json\/wp\/v2\/product\/1938"}],"collection":[{"href":"https:\/\/newmood.com.tr\/en\/wp-json\/wp\/v2\/product"}],"about":[{"href":"https:\/\/newmood.com.tr\/en\/wp-json\/wp\/v2\/types\/product"}],"replies":[{"embeddable":true,"href":"https:\/\/newmood.com.tr\/en\/wp-json\/wp\/v2\/comments?post=1938"}],"wp:featuredmedia":[{"embeddable":true,"href":"https:\/\/newmood.com.tr\/en\/wp-json\/wp\/v2\/media\/1929"}],"wp:attachment":[{"href":"https:\/\/newmood.com.tr\/en\/wp-json\/wp\/v2\/media?parent=1938"}],"wp:term":[{"taxonomy":"product_brand","embeddable":true,"href":"https:\/\/newmood.com.tr\/en\/wp-json\/wp\/v2\/product_brand?post=1938"},{"taxonomy":"product_cat","embeddable":true,"href":"https:\/\/newmood.com.tr\/en\/wp-json\/wp\/v2\/product_cat?post=1938"},{"taxonomy":"product_tag","embeddable":true,"href":"https:\/\/newmood.com.tr\/en\/wp-json\/wp\/v2\/product_tag?post=1938"}],"curies":[{"name":"wp","href":"https:\/\/api.w.org\/{rel}","templated":true}]}}