{"id":1937,"date":"2024-10-23T15:04:25","date_gmt":"2024-10-23T15:04:25","guid":{"rendered":"https:\/\/newmood.kodektif.com\/?post_type=product&#038;p=1937"},"modified":"2024-10-23T15:04:25","modified_gmt":"2024-10-23T15:04:25","slug":"laura-masa","status":"publish","type":"product","link":"https:\/\/newmood.com.tr\/en\/laura-masa\/","title":{"rendered":"Lura Table"},"content":{"rendered":"","protected":false},"excerpt":{"rendered":"<p>Laura Table adds elegance to your dining area with its elegant and functional design. Its natural wooden surface creates a warm and inviting atmosphere, while its modern lines bring a sophisticated atmosphere to the space. The large table surface is ideal for all kinds of gatherings, from family dinners to special events. Its solid structure and elegant details combine both aesthetics and durability. Laura Table is a perfect choice for those looking for a combination of functionality and elegance, and will be the focal point of your dining room.<\/p>","protected":false},"featured_media":1920,"comment_status":"open","ping_status":"closed","template":"","meta":[],"product_brand":[],"product_cat":[21],"product_tag":[],"class_list":{"0":"post-1937","1":"product","2":"type-product","3":"status-publish","4":"has-post-thumbnail","6":"product_cat-masalar","8":"first","9":"instock","10":"shipping-taxable","11":"product-type-simple"},"yoast_head":"<!-- This site is optimized with the Yoast SEO plugin v24.9 - https:\/\/yoast.com\/wordpress\/plugins\/seo\/ -->\n<title>Laura Masa - Newmood<\/title>\n<meta name=\"robots\" content=\"index, follow, max-snippet:-1, max-image-preview:large, max-video-preview:-1\" \/>\n<link rel=\"canonical\" href=\"https:\/\/newmood.com.tr\/en\/laura-masa\/\" \/>\n<meta property=\"og:locale\" content=\"en_US\" \/>\n<meta property=\"og:type\" content=\"article\" \/>\n<meta property=\"og:title\" content=\"Laura Masa - Newmood\" \/>\n<meta property=\"og:description\" content=\"Laura Masa, zarif ve i\u015flevsel tasar\u0131m\u0131yla yemek alan\u0131n\u0131za \u015f\u0131kl\u0131k katar. Do\u011fal ah\u015fap y\u00fczeyi, s\u0131cak ve davetk\u00e2r bir atmosfer yarat\u0131rken, modern \u00e7izgileri mekana sofistike bir hava getirir. Geni\u015f masa y\u00fczeyi, aile yemeklerinden \u00f6zel davetlere kadar her t\u00fcrl\u00fc bulu\u015fma i\u00e7in idealdir. Sa\u011flam yap\u0131s\u0131 ve zarif detaylar\u0131, hem estetik hem de dayan\u0131kl\u0131l\u0131\u011f\u0131 bir araya getirir. Laura Masa, fonksiyonelli\u011fi ve \u015f\u0131kl\u0131\u011f\u0131 bir arada arayanlar i\u00e7in m\u00fckemmel bir se\u00e7im olup, yemek odan\u0131z\u0131n odak noktas\u0131 olacakt\u0131r.\" \/>\n<meta property=\"og:url\" content=\"https:\/\/newmood.com.tr\/en\/laura-masa\/\" \/>\n<meta property=\"og:site_name\" content=\"Newmood\" \/>\n<meta property=\"og:image\" content=\"https:\/\/newmood.com.tr\/wp-content\/uploads\/2024\/10\/laura-yemek-odasi-231024-8.jpg\" \/>\n\t<meta property=\"og:image:width\" content=\"1920\" \/>\n\t<meta property=\"og:image:height\" content=\"1200\" \/>\n\t<meta property=\"og:image:type\" content=\"image\/jpeg\" \/>\n<meta name=\"twitter:card\" content=\"summary_large_image\" \/>\n<script type=\"application\/ld+json\" class=\"yoast-schema-graph\">{\"@context\":\"https:\/\/schema.org\",\"@graph\":[{\"@type\":\"WebPage\",\"@id\":\"https:\/\/newmood.com.tr\/en\/laura-masa\/\",\"url\":\"https:\/\/newmood.com.tr\/en\/laura-masa\/\",\"name\":\"Laura Masa - Newmood\",\"isPartOf\":{\"@id\":\"https:\/\/newmood.com.tr\/en\/#website\"},\"primaryImageOfPage\":{\"@id\":\"https:\/\/newmood.com.tr\/en\/laura-masa\/#primaryimage\"},\"image\":{\"@id\":\"https:\/\/newmood.com.tr\/en\/laura-masa\/#primaryimage\"},\"thumbnailUrl\":\"https:\/\/newmood.com.tr\/wp-content\/uploads\/2024\/10\/laura-yemek-odasi-231024-8.jpg\",\"datePublished\":\"2024-10-23T15:04:25+00:00\",\"breadcrumb\":{\"@id\":\"https:\/\/newmood.com.tr\/en\/laura-masa\/#breadcrumb\"},\"inLanguage\":\"en-US\",\"potentialAction\":[{\"@type\":\"ReadAction\",\"target\":[\"https:\/\/newmood.com.tr\/en\/laura-masa\/\"]}]},{\"@type\":\"ImageObject\",\"inLanguage\":\"en-US\",\"@id\":\"https:\/\/newmood.com.tr\/en\/laura-masa\/#primaryimage\",\"url\":\"https:\/\/newmood.com.tr\/wp-content\/uploads\/2024\/10\/laura-yemek-odasi-231024-8.jpg\",\"contentUrl\":\"https:\/\/newmood.com.tr\/wp-content\/uploads\/2024\/10\/laura-yemek-odasi-231024-8.jpg\",\"width\":1920,\"height\":1200},{\"@type\":\"BreadcrumbList\",\"@id\":\"https:\/\/newmood.com.tr\/en\/laura-masa\/#breadcrumb\",\"itemListElement\":[{\"@type\":\"ListItem\",\"position\":1,\"name\":\"Anasayfa\",\"item\":\"https:\/\/newmood.com.tr\/\"},{\"@type\":\"ListItem\",\"position\":2,\"name\":\"\u00dcr\u00fcnler\",\"item\":\"https:\/\/newmood.com.tr\/shop\/\"},{\"@type\":\"ListItem\",\"position\":3,\"name\":\"Laura Masa\"}]},{\"@type\":\"WebSite\",\"@id\":\"https:\/\/newmood.com.tr\/en\/#website\",\"url\":\"https:\/\/newmood.com.tr\/en\/\",\"name\":\"Newmood\",\"description\":\"\",\"potentialAction\":[{\"@type\":\"SearchAction\",\"target\":{\"@type\":\"EntryPoint\",\"urlTemplate\":\"https:\/\/newmood.com.tr\/en\/?s={search_term_string}\"},\"query-input\":{\"@type\":\"PropertyValueSpecification\",\"valueRequired\":true,\"valueName\":\"search_term_string\"}}],\"inLanguage\":\"en-US\"}]}<\/script>\n<!-- \/ Yoast SEO plugin. -->","yoast_head_json":{"title":"Laura Masa - Newmood","robots":{"index":"index","follow":"follow","max-snippet":"max-snippet:-1","max-image-preview":"max-image-preview:large","max-video-preview":"max-video-preview:-1"},"canonical":"https:\/\/newmood.com.tr\/en\/laura-masa\/","og_locale":"en_US","og_type":"article","og_title":"Laura Masa - Newmood","og_description":"Laura Masa, zarif ve i\u015flevsel tasar\u0131m\u0131yla yemek alan\u0131n\u0131za \u015f\u0131kl\u0131k katar. Do\u011fal ah\u015fap y\u00fczeyi, s\u0131cak ve davetk\u00e2r bir atmosfer yarat\u0131rken, modern \u00e7izgileri mekana sofistike bir hava getirir. Geni\u015f masa y\u00fczeyi, aile yemeklerinden \u00f6zel davetlere kadar her t\u00fcrl\u00fc bulu\u015fma i\u00e7in idealdir. Sa\u011flam yap\u0131s\u0131 ve zarif detaylar\u0131, hem estetik hem de dayan\u0131kl\u0131l\u0131\u011f\u0131 bir araya getirir. Laura Masa, fonksiyonelli\u011fi ve \u015f\u0131kl\u0131\u011f\u0131 bir arada arayanlar i\u00e7in m\u00fckemmel bir se\u00e7im olup, yemek odan\u0131z\u0131n odak noktas\u0131 olacakt\u0131r.","og_url":"https:\/\/newmood.com.tr\/en\/laura-masa\/","og_site_name":"Newmood","og_image":[{"width":1920,"height":1200,"url":"https:\/\/newmood.com.tr\/wp-content\/uploads\/2024\/10\/laura-yemek-odasi-231024-8.jpg","type":"image\/jpeg"}],"twitter_card":"summary_large_image","schema":{"@context":"https:\/\/schema.org","@graph":[{"@type":"WebPage","@id":"https:\/\/newmood.com.tr\/en\/laura-masa\/","url":"https:\/\/newmood.com.tr\/en\/laura-masa\/","name":"Laura Masa - Newmood","isPartOf":{"@id":"https:\/\/newmood.com.tr\/en\/#website"},"primaryImageOfPage":{"@id":"https:\/\/newmood.com.tr\/en\/laura-masa\/#primaryimage"},"image":{"@id":"https:\/\/newmood.com.tr\/en\/laura-masa\/#primaryimage"},"thumbnailUrl":"https:\/\/newmood.com.tr\/wp-content\/uploads\/2024\/10\/laura-yemek-odasi-231024-8.jpg","datePublished":"2024-10-23T15:04:25+00:00","breadcrumb":{"@id":"https:\/\/newmood.com.tr\/en\/laura-masa\/#breadcrumb"},"inLanguage":"en-US","potentialAction":[{"@type":"ReadAction","target":["https:\/\/newmood.com.tr\/en\/laura-masa\/"]}]},{"@type":"ImageObject","inLanguage":"en-US","@id":"https:\/\/newmood.com.tr\/en\/laura-masa\/#primaryimage","url":"https:\/\/newmood.com.tr\/wp-content\/uploads\/2024\/10\/laura-yemek-odasi-231024-8.jpg","contentUrl":"https:\/\/newmood.com.tr\/wp-content\/uploads\/2024\/10\/laura-yemek-odasi-231024-8.jpg","width":1920,"height":1200},{"@type":"BreadcrumbList","@id":"https:\/\/newmood.com.tr\/en\/laura-masa\/#breadcrumb","itemListElement":[{"@type":"ListItem","position":1,"name":"Anasayfa","item":"https:\/\/newmood.com.tr\/"},{"@type":"ListItem","position":2,"name":"\u00dcr\u00fcnler","item":"https:\/\/newmood.com.tr\/shop\/"},{"@type":"ListItem","position":3,"name":"Laura Masa"}]},{"@type":"WebSite","@id":"https:\/\/newmood.com.tr\/en\/#website","url":"https:\/\/newmood.com.tr\/en\/","name":"Newmood","description":"","potentialAction":[{"@type":"SearchAction","target":{"@type":"EntryPoint","urlTemplate":"https:\/\/newmood.com.tr\/en\/?s={search_term_string}"},"query-input":{"@type":"PropertyValueSpecification","valueRequired":true,"valueName":"search_term_string"}}],"inLanguage":"en-US"}]}},"_links":{"self":[{"href":"https:\/\/newmood.com.tr\/en\/wp-json\/wp\/v2\/product\/1937"}],"collection":[{"href":"https:\/\/newmood.com.tr\/en\/wp-json\/wp\/v2\/product"}],"about":[{"href":"https:\/\/newmood.com.tr\/en\/wp-json\/wp\/v2\/types\/product"}],"replies":[{"embeddable":true,"href":"https:\/\/newmood.com.tr\/en\/wp-json\/wp\/v2\/comments?post=1937"}],"wp:featuredmedia":[{"embeddable":true,"href":"https:\/\/newmood.com.tr\/en\/wp-json\/wp\/v2\/media\/1920"}],"wp:attachment":[{"href":"https:\/\/newmood.com.tr\/en\/wp-json\/wp\/v2\/media?parent=1937"}],"wp:term":[{"taxonomy":"product_brand","embeddable":true,"href":"https:\/\/newmood.com.tr\/en\/wp-json\/wp\/v2\/product_brand?post=1937"},{"taxonomy":"product_cat","embeddable":true,"href":"https:\/\/newmood.com.tr\/en\/wp-json\/wp\/v2\/product_cat?post=1937"},{"taxonomy":"product_tag","embeddable":true,"href":"https:\/\/newmood.com.tr\/en\/wp-json\/wp\/v2\/product_tag?post=1937"}],"curies":[{"name":"wp","href":"https:\/\/api.w.org\/{rel}","templated":true}]}}