{"id":1912,"date":"2024-10-23T14:59:42","date_gmt":"2024-10-23T14:59:42","guid":{"rendered":"https:\/\/newmood.kodektif.com\/?post_type=product&#038;p=1912"},"modified":"2024-10-23T14:59:42","modified_gmt":"2024-10-23T14:59:42","slug":"laura-yemek-odasi","status":"publish","type":"product","link":"https:\/\/newmood.com.tr\/en\/laura-yemek-odasi\/","title":{"rendered":"Laura Dining Room"},"content":{"rendered":"","protected":false},"excerpt":{"rendered":"<p>Laura Dining Room attracts attention with its elegant design that combines modern and classic touches. While natural wooden details add warmth to the space, stylish lines and fine workmanship create a sophisticated atmosphere. The large dining table, complete with comfortable chairs, offers an area suitable for both daily use and special occasions. Functional storage solutions and elegant showcase details are ideal for displaying your decorative items and maintaining order. Laura Dining Room brings together aesthetics and functionality, adding an elegant and useful touch to your living space.<\/p>","protected":false},"featured_media":1916,"comment_status":"open","ping_status":"closed","template":"","meta":[],"product_brand":[],"product_cat":[35],"product_tag":[],"class_list":{"0":"post-1912","1":"product","2":"type-product","3":"status-publish","4":"has-post-thumbnail","6":"product_cat-yemek-odalari","8":"first","9":"instock","10":"shipping-taxable","11":"product-type-simple"},"yoast_head":"<!-- This site is optimized with the Yoast SEO plugin v24.9 - https:\/\/yoast.com\/wordpress\/plugins\/seo\/ -->\n<title>Laura Yemek Odas\u0131 - Newmood<\/title>\n<meta name=\"robots\" content=\"index, follow, max-snippet:-1, max-image-preview:large, max-video-preview:-1\" \/>\n<link rel=\"canonical\" href=\"https:\/\/newmood.com.tr\/en\/laura-yemek-odasi\/\" \/>\n<meta property=\"og:locale\" content=\"en_US\" \/>\n<meta property=\"og:type\" content=\"article\" \/>\n<meta property=\"og:title\" content=\"Laura Yemek Odas\u0131 - Newmood\" \/>\n<meta property=\"og:description\" content=\"Laura Yemek Odas\u0131, modern ve klasik dokunu\u015flar\u0131 bir araya getiren zarif tasar\u0131m\u0131yla dikkat \u00e7eker. Do\u011fal ah\u015fap detaylar, mekana s\u0131cakl\u0131k katarken, \u015f\u0131k \u00e7izgiler ve ince i\u015f\u00e7ilik sofistike bir atmosfer yarat\u0131r. Geni\u015f yemek masas\u0131, konforlu sandalyelerle tamamlanarak hem g\u00fcnl\u00fck kullan\u0131ma hem de \u00f6zel davetlere uygun bir alan sunar. Fonksiyonel depolama \u00e7\u00f6z\u00fcmleri ve zarif vitrin detaylar\u0131, dekoratif e\u015fyalar\u0131n\u0131z\u0131 sergilemek ve d\u00fczen sa\u011flamak i\u00e7in idealdir. Laura Yemek Odas\u0131, estetik ve fonksiyonelli\u011fi bir araya getirerek ya\u015fam alan\u0131n\u0131za zarif ve kullan\u0131\u015fl\u0131 bir dokunu\u015f katar.\" \/>\n<meta property=\"og:url\" content=\"https:\/\/newmood.com.tr\/en\/laura-yemek-odasi\/\" \/>\n<meta property=\"og:site_name\" content=\"Newmood\" \/>\n<meta property=\"og:image\" content=\"https:\/\/newmood.com.tr\/wp-content\/uploads\/2024\/10\/laura-yemek-odasi-231024-4.jpg\" \/>\n\t<meta property=\"og:image:width\" content=\"1920\" \/>\n\t<meta property=\"og:image:height\" content=\"1200\" \/>\n\t<meta property=\"og:image:type\" content=\"image\/jpeg\" \/>\n<meta name=\"twitter:card\" content=\"summary_large_image\" \/>\n<script type=\"application\/ld+json\" class=\"yoast-schema-graph\">{\"@context\":\"https:\/\/schema.org\",\"@graph\":[{\"@type\":\"WebPage\",\"@id\":\"https:\/\/newmood.com.tr\/en\/laura-yemek-odasi\/\",\"url\":\"https:\/\/newmood.com.tr\/en\/laura-yemek-odasi\/\",\"name\":\"Laura Yemek Odas\u0131 - Newmood\",\"isPartOf\":{\"@id\":\"https:\/\/newmood.com.tr\/en\/#website\"},\"primaryImageOfPage\":{\"@id\":\"https:\/\/newmood.com.tr\/en\/laura-yemek-odasi\/#primaryimage\"},\"image\":{\"@id\":\"https:\/\/newmood.com.tr\/en\/laura-yemek-odasi\/#primaryimage\"},\"thumbnailUrl\":\"https:\/\/newmood.com.tr\/wp-content\/uploads\/2024\/10\/laura-yemek-odasi-231024-4.jpg\",\"datePublished\":\"2024-10-23T14:59:42+00:00\",\"breadcrumb\":{\"@id\":\"https:\/\/newmood.com.tr\/en\/laura-yemek-odasi\/#breadcrumb\"},\"inLanguage\":\"en-US\",\"potentialAction\":[{\"@type\":\"ReadAction\",\"target\":[\"https:\/\/newmood.com.tr\/en\/laura-yemek-odasi\/\"]}]},{\"@type\":\"ImageObject\",\"inLanguage\":\"en-US\",\"@id\":\"https:\/\/newmood.com.tr\/en\/laura-yemek-odasi\/#primaryimage\",\"url\":\"https:\/\/newmood.com.tr\/wp-content\/uploads\/2024\/10\/laura-yemek-odasi-231024-4.jpg\",\"contentUrl\":\"https:\/\/newmood.com.tr\/wp-content\/uploads\/2024\/10\/laura-yemek-odasi-231024-4.jpg\",\"width\":1920,\"height\":1200},{\"@type\":\"BreadcrumbList\",\"@id\":\"https:\/\/newmood.com.tr\/en\/laura-yemek-odasi\/#breadcrumb\",\"itemListElement\":[{\"@type\":\"ListItem\",\"position\":1,\"name\":\"Anasayfa\",\"item\":\"https:\/\/newmood.com.tr\/\"},{\"@type\":\"ListItem\",\"position\":2,\"name\":\"\u00dcr\u00fcnler\",\"item\":\"https:\/\/newmood.com.tr\/shop\/\"},{\"@type\":\"ListItem\",\"position\":3,\"name\":\"Laura Yemek Odas\u0131\"}]},{\"@type\":\"WebSite\",\"@id\":\"https:\/\/newmood.com.tr\/en\/#website\",\"url\":\"https:\/\/newmood.com.tr\/en\/\",\"name\":\"Newmood\",\"description\":\"\",\"potentialAction\":[{\"@type\":\"SearchAction\",\"target\":{\"@type\":\"EntryPoint\",\"urlTemplate\":\"https:\/\/newmood.com.tr\/en\/?s={search_term_string}\"},\"query-input\":{\"@type\":\"PropertyValueSpecification\",\"valueRequired\":true,\"valueName\":\"search_term_string\"}}],\"inLanguage\":\"en-US\"}]}<\/script>\n<!-- \/ Yoast SEO plugin. -->","yoast_head_json":{"title":"Laura Yemek Odas\u0131 - Newmood","robots":{"index":"index","follow":"follow","max-snippet":"max-snippet:-1","max-image-preview":"max-image-preview:large","max-video-preview":"max-video-preview:-1"},"canonical":"https:\/\/newmood.com.tr\/en\/laura-yemek-odasi\/","og_locale":"en_US","og_type":"article","og_title":"Laura Yemek Odas\u0131 - Newmood","og_description":"Laura Yemek Odas\u0131, modern ve klasik dokunu\u015flar\u0131 bir araya getiren zarif tasar\u0131m\u0131yla dikkat \u00e7eker. Do\u011fal ah\u015fap detaylar, mekana s\u0131cakl\u0131k katarken, \u015f\u0131k \u00e7izgiler ve ince i\u015f\u00e7ilik sofistike bir atmosfer yarat\u0131r. Geni\u015f yemek masas\u0131, konforlu sandalyelerle tamamlanarak hem g\u00fcnl\u00fck kullan\u0131ma hem de \u00f6zel davetlere uygun bir alan sunar. Fonksiyonel depolama \u00e7\u00f6z\u00fcmleri ve zarif vitrin detaylar\u0131, dekoratif e\u015fyalar\u0131n\u0131z\u0131 sergilemek ve d\u00fczen sa\u011flamak i\u00e7in idealdir. Laura Yemek Odas\u0131, estetik ve fonksiyonelli\u011fi bir araya getirerek ya\u015fam alan\u0131n\u0131za zarif ve kullan\u0131\u015fl\u0131 bir dokunu\u015f katar.","og_url":"https:\/\/newmood.com.tr\/en\/laura-yemek-odasi\/","og_site_name":"Newmood","og_image":[{"width":1920,"height":1200,"url":"https:\/\/newmood.com.tr\/wp-content\/uploads\/2024\/10\/laura-yemek-odasi-231024-4.jpg","type":"image\/jpeg"}],"twitter_card":"summary_large_image","schema":{"@context":"https:\/\/schema.org","@graph":[{"@type":"WebPage","@id":"https:\/\/newmood.com.tr\/en\/laura-yemek-odasi\/","url":"https:\/\/newmood.com.tr\/en\/laura-yemek-odasi\/","name":"Laura Yemek Odas\u0131 - Newmood","isPartOf":{"@id":"https:\/\/newmood.com.tr\/en\/#website"},"primaryImageOfPage":{"@id":"https:\/\/newmood.com.tr\/en\/laura-yemek-odasi\/#primaryimage"},"image":{"@id":"https:\/\/newmood.com.tr\/en\/laura-yemek-odasi\/#primaryimage"},"thumbnailUrl":"https:\/\/newmood.com.tr\/wp-content\/uploads\/2024\/10\/laura-yemek-odasi-231024-4.jpg","datePublished":"2024-10-23T14:59:42+00:00","breadcrumb":{"@id":"https:\/\/newmood.com.tr\/en\/laura-yemek-odasi\/#breadcrumb"},"inLanguage":"en-US","potentialAction":[{"@type":"ReadAction","target":["https:\/\/newmood.com.tr\/en\/laura-yemek-odasi\/"]}]},{"@type":"ImageObject","inLanguage":"en-US","@id":"https:\/\/newmood.com.tr\/en\/laura-yemek-odasi\/#primaryimage","url":"https:\/\/newmood.com.tr\/wp-content\/uploads\/2024\/10\/laura-yemek-odasi-231024-4.jpg","contentUrl":"https:\/\/newmood.com.tr\/wp-content\/uploads\/2024\/10\/laura-yemek-odasi-231024-4.jpg","width":1920,"height":1200},{"@type":"BreadcrumbList","@id":"https:\/\/newmood.com.tr\/en\/laura-yemek-odasi\/#breadcrumb","itemListElement":[{"@type":"ListItem","position":1,"name":"Anasayfa","item":"https:\/\/newmood.com.tr\/"},{"@type":"ListItem","position":2,"name":"\u00dcr\u00fcnler","item":"https:\/\/newmood.com.tr\/shop\/"},{"@type":"ListItem","position":3,"name":"Laura Yemek Odas\u0131"}]},{"@type":"WebSite","@id":"https:\/\/newmood.com.tr\/en\/#website","url":"https:\/\/newmood.com.tr\/en\/","name":"Newmood","description":"","potentialAction":[{"@type":"SearchAction","target":{"@type":"EntryPoint","urlTemplate":"https:\/\/newmood.com.tr\/en\/?s={search_term_string}"},"query-input":{"@type":"PropertyValueSpecification","valueRequired":true,"valueName":"search_term_string"}}],"inLanguage":"en-US"}]}},"_links":{"self":[{"href":"https:\/\/newmood.com.tr\/en\/wp-json\/wp\/v2\/product\/1912"}],"collection":[{"href":"https:\/\/newmood.com.tr\/en\/wp-json\/wp\/v2\/product"}],"about":[{"href":"https:\/\/newmood.com.tr\/en\/wp-json\/wp\/v2\/types\/product"}],"replies":[{"embeddable":true,"href":"https:\/\/newmood.com.tr\/en\/wp-json\/wp\/v2\/comments?post=1912"}],"wp:featuredmedia":[{"embeddable":true,"href":"https:\/\/newmood.com.tr\/en\/wp-json\/wp\/v2\/media\/1916"}],"wp:attachment":[{"href":"https:\/\/newmood.com.tr\/en\/wp-json\/wp\/v2\/media?parent=1912"}],"wp:term":[{"taxonomy":"product_brand","embeddable":true,"href":"https:\/\/newmood.com.tr\/en\/wp-json\/wp\/v2\/product_brand?post=1912"},{"taxonomy":"product_cat","embeddable":true,"href":"https:\/\/newmood.com.tr\/en\/wp-json\/wp\/v2\/product_cat?post=1912"},{"taxonomy":"product_tag","embeddable":true,"href":"https:\/\/newmood.com.tr\/en\/wp-json\/wp\/v2\/product_tag?post=1912"}],"curies":[{"name":"wp","href":"https:\/\/api.w.org\/{rel}","templated":true}]}}