{"id":1899,"date":"2024-10-23T12:20:59","date_gmt":"2024-10-23T12:20:59","guid":{"rendered":"https:\/\/newmood.kodektif.com\/?post_type=product&#038;p=1899"},"modified":"2024-10-23T12:20:59","modified_gmt":"2024-10-23T12:20:59","slug":"maserati-koltuk-v1","status":"publish","type":"product","link":"https:\/\/newmood.com.tr\/en\/maserati-koltuk-v1\/","title":{"rendered":"Maserati Sofa V1"},"content":{"rendered":"","protected":false},"excerpt":{"rendered":"<p>Maserati Seat V1 offers a remarkable seating experience with its modern and luxurious design. It combines both comfort and elegance thanks to its soft-touch, high-quality fabric and large seating areas. Its elegant lines, fine workmanship and ergonomic structure provide a comfortable sitting position and add a sophisticated atmosphere to your space. Its durable frame and elegant metal legs offer long-lasting use. Maserati Sofa V1, as one of the most elegant pieces of modern decoration, is a perfect choice to add both comfort and elegance to your living space.<\/p>","protected":false},"featured_media":1907,"comment_status":"open","ping_status":"closed","template":"","meta":[],"product_brand":[],"product_cat":[18],"product_tag":[],"class_list":{"0":"post-1899","1":"product","2":"type-product","3":"status-publish","4":"has-post-thumbnail","6":"product_cat-koltuklar","8":"first","9":"instock","10":"shipping-taxable","11":"product-type-simple"},"yoast_head":"<!-- This site is optimized with the Yoast SEO plugin v24.9 - https:\/\/yoast.com\/wordpress\/plugins\/seo\/ -->\n<title>Maserati Koltuk V1 - Newmood<\/title>\n<meta name=\"robots\" content=\"index, follow, max-snippet:-1, max-image-preview:large, max-video-preview:-1\" \/>\n<link rel=\"canonical\" href=\"https:\/\/newmood.com.tr\/en\/maserati-koltuk-v1\/\" \/>\n<meta property=\"og:locale\" content=\"en_US\" \/>\n<meta property=\"og:type\" content=\"article\" \/>\n<meta property=\"og:title\" content=\"Maserati Koltuk V1 - Newmood\" \/>\n<meta property=\"og:description\" content=\"Maserati Koltuk V1, modern ve l\u00fcks tasar\u0131m\u0131yla dikkat \u00e7eken bir oturma deneyimi sunar. Yumu\u015fak dokulu, y\u00fcksek kaliteli kuma\u015f\u0131 ve geni\u015f oturum alanlar\u0131 sayesinde hem konforu hem de \u015f\u0131kl\u0131\u011f\u0131 bir araya getirir. Zarif hatlar\u0131, ince i\u015f\u00e7ili\u011fi ve ergonomik yap\u0131s\u0131, rahat bir oturma pozisyonu sa\u011flarken, mekan\u0131n\u0131za sofistike bir hava katar. Dayan\u0131kl\u0131 iskeleti ve zarif metal ayaklar\u0131, uzun \u00f6m\u00fcrl\u00fc kullan\u0131m sunar. Maserati Koltuk V1, modern dekorasyonun en \u015f\u0131k par\u00e7alar\u0131ndan biri olarak, ya\u015fam alan\u0131n\u0131za hem konfor hem de zarafet katmak i\u00e7in m\u00fckemmel bir tercihtir.\" \/>\n<meta property=\"og:url\" content=\"https:\/\/newmood.com.tr\/en\/maserati-koltuk-v1\/\" \/>\n<meta property=\"og:site_name\" content=\"Newmood\" \/>\n<meta property=\"og:image\" content=\"https:\/\/newmood.com.tr\/wp-content\/uploads\/2024\/10\/maserati-koltuk-takimi-231024-8.jpg\" \/>\n\t<meta property=\"og:image:width\" content=\"1920\" \/>\n\t<meta property=\"og:image:height\" content=\"1200\" \/>\n\t<meta property=\"og:image:type\" content=\"image\/jpeg\" \/>\n<meta name=\"twitter:card\" content=\"summary_large_image\" \/>\n<script type=\"application\/ld+json\" class=\"yoast-schema-graph\">{\"@context\":\"https:\/\/schema.org\",\"@graph\":[{\"@type\":\"WebPage\",\"@id\":\"https:\/\/newmood.com.tr\/en\/maserati-koltuk-v1\/\",\"url\":\"https:\/\/newmood.com.tr\/en\/maserati-koltuk-v1\/\",\"name\":\"Maserati Koltuk V1 - Newmood\",\"isPartOf\":{\"@id\":\"https:\/\/newmood.com.tr\/en\/#website\"},\"primaryImageOfPage\":{\"@id\":\"https:\/\/newmood.com.tr\/en\/maserati-koltuk-v1\/#primaryimage\"},\"image\":{\"@id\":\"https:\/\/newmood.com.tr\/en\/maserati-koltuk-v1\/#primaryimage\"},\"thumbnailUrl\":\"https:\/\/newmood.com.tr\/wp-content\/uploads\/2024\/10\/maserati-koltuk-takimi-231024-8.jpg\",\"datePublished\":\"2024-10-23T12:20:59+00:00\",\"breadcrumb\":{\"@id\":\"https:\/\/newmood.com.tr\/en\/maserati-koltuk-v1\/#breadcrumb\"},\"inLanguage\":\"en-US\",\"potentialAction\":[{\"@type\":\"ReadAction\",\"target\":[\"https:\/\/newmood.com.tr\/en\/maserati-koltuk-v1\/\"]}]},{\"@type\":\"ImageObject\",\"inLanguage\":\"en-US\",\"@id\":\"https:\/\/newmood.com.tr\/en\/maserati-koltuk-v1\/#primaryimage\",\"url\":\"https:\/\/newmood.com.tr\/wp-content\/uploads\/2024\/10\/maserati-koltuk-takimi-231024-8.jpg\",\"contentUrl\":\"https:\/\/newmood.com.tr\/wp-content\/uploads\/2024\/10\/maserati-koltuk-takimi-231024-8.jpg\",\"width\":1920,\"height\":1200},{\"@type\":\"BreadcrumbList\",\"@id\":\"https:\/\/newmood.com.tr\/en\/maserati-koltuk-v1\/#breadcrumb\",\"itemListElement\":[{\"@type\":\"ListItem\",\"position\":1,\"name\":\"Anasayfa\",\"item\":\"https:\/\/newmood.com.tr\/\"},{\"@type\":\"ListItem\",\"position\":2,\"name\":\"\u00dcr\u00fcnler\",\"item\":\"https:\/\/newmood.com.tr\/shop\/\"},{\"@type\":\"ListItem\",\"position\":3,\"name\":\"Maserati Koltuk V1\"}]},{\"@type\":\"WebSite\",\"@id\":\"https:\/\/newmood.com.tr\/en\/#website\",\"url\":\"https:\/\/newmood.com.tr\/en\/\",\"name\":\"Newmood\",\"description\":\"\",\"potentialAction\":[{\"@type\":\"SearchAction\",\"target\":{\"@type\":\"EntryPoint\",\"urlTemplate\":\"https:\/\/newmood.com.tr\/en\/?s={search_term_string}\"},\"query-input\":{\"@type\":\"PropertyValueSpecification\",\"valueRequired\":true,\"valueName\":\"search_term_string\"}}],\"inLanguage\":\"en-US\"}]}<\/script>\n<!-- \/ Yoast SEO plugin. -->","yoast_head_json":{"title":"Maserati Koltuk V1 - Newmood","robots":{"index":"index","follow":"follow","max-snippet":"max-snippet:-1","max-image-preview":"max-image-preview:large","max-video-preview":"max-video-preview:-1"},"canonical":"https:\/\/newmood.com.tr\/en\/maserati-koltuk-v1\/","og_locale":"en_US","og_type":"article","og_title":"Maserati Koltuk V1 - Newmood","og_description":"Maserati Koltuk V1, modern ve l\u00fcks tasar\u0131m\u0131yla dikkat \u00e7eken bir oturma deneyimi sunar. Yumu\u015fak dokulu, y\u00fcksek kaliteli kuma\u015f\u0131 ve geni\u015f oturum alanlar\u0131 sayesinde hem konforu hem de \u015f\u0131kl\u0131\u011f\u0131 bir araya getirir. Zarif hatlar\u0131, ince i\u015f\u00e7ili\u011fi ve ergonomik yap\u0131s\u0131, rahat bir oturma pozisyonu sa\u011flarken, mekan\u0131n\u0131za sofistike bir hava katar. Dayan\u0131kl\u0131 iskeleti ve zarif metal ayaklar\u0131, uzun \u00f6m\u00fcrl\u00fc kullan\u0131m sunar. Maserati Koltuk V1, modern dekorasyonun en \u015f\u0131k par\u00e7alar\u0131ndan biri olarak, ya\u015fam alan\u0131n\u0131za hem konfor hem de zarafet katmak i\u00e7in m\u00fckemmel bir tercihtir.","og_url":"https:\/\/newmood.com.tr\/en\/maserati-koltuk-v1\/","og_site_name":"Newmood","og_image":[{"width":1920,"height":1200,"url":"https:\/\/newmood.com.tr\/wp-content\/uploads\/2024\/10\/maserati-koltuk-takimi-231024-8.jpg","type":"image\/jpeg"}],"twitter_card":"summary_large_image","schema":{"@context":"https:\/\/schema.org","@graph":[{"@type":"WebPage","@id":"https:\/\/newmood.com.tr\/en\/maserati-koltuk-v1\/","url":"https:\/\/newmood.com.tr\/en\/maserati-koltuk-v1\/","name":"Maserati Koltuk V1 - Newmood","isPartOf":{"@id":"https:\/\/newmood.com.tr\/en\/#website"},"primaryImageOfPage":{"@id":"https:\/\/newmood.com.tr\/en\/maserati-koltuk-v1\/#primaryimage"},"image":{"@id":"https:\/\/newmood.com.tr\/en\/maserati-koltuk-v1\/#primaryimage"},"thumbnailUrl":"https:\/\/newmood.com.tr\/wp-content\/uploads\/2024\/10\/maserati-koltuk-takimi-231024-8.jpg","datePublished":"2024-10-23T12:20:59+00:00","breadcrumb":{"@id":"https:\/\/newmood.com.tr\/en\/maserati-koltuk-v1\/#breadcrumb"},"inLanguage":"en-US","potentialAction":[{"@type":"ReadAction","target":["https:\/\/newmood.com.tr\/en\/maserati-koltuk-v1\/"]}]},{"@type":"ImageObject","inLanguage":"en-US","@id":"https:\/\/newmood.com.tr\/en\/maserati-koltuk-v1\/#primaryimage","url":"https:\/\/newmood.com.tr\/wp-content\/uploads\/2024\/10\/maserati-koltuk-takimi-231024-8.jpg","contentUrl":"https:\/\/newmood.com.tr\/wp-content\/uploads\/2024\/10\/maserati-koltuk-takimi-231024-8.jpg","width":1920,"height":1200},{"@type":"BreadcrumbList","@id":"https:\/\/newmood.com.tr\/en\/maserati-koltuk-v1\/#breadcrumb","itemListElement":[{"@type":"ListItem","position":1,"name":"Anasayfa","item":"https:\/\/newmood.com.tr\/"},{"@type":"ListItem","position":2,"name":"\u00dcr\u00fcnler","item":"https:\/\/newmood.com.tr\/shop\/"},{"@type":"ListItem","position":3,"name":"Maserati Koltuk V1"}]},{"@type":"WebSite","@id":"https:\/\/newmood.com.tr\/en\/#website","url":"https:\/\/newmood.com.tr\/en\/","name":"Newmood","description":"","potentialAction":[{"@type":"SearchAction","target":{"@type":"EntryPoint","urlTemplate":"https:\/\/newmood.com.tr\/en\/?s={search_term_string}"},"query-input":{"@type":"PropertyValueSpecification","valueRequired":true,"valueName":"search_term_string"}}],"inLanguage":"en-US"}]}},"_links":{"self":[{"href":"https:\/\/newmood.com.tr\/en\/wp-json\/wp\/v2\/product\/1899"}],"collection":[{"href":"https:\/\/newmood.com.tr\/en\/wp-json\/wp\/v2\/product"}],"about":[{"href":"https:\/\/newmood.com.tr\/en\/wp-json\/wp\/v2\/types\/product"}],"replies":[{"embeddable":true,"href":"https:\/\/newmood.com.tr\/en\/wp-json\/wp\/v2\/comments?post=1899"}],"wp:featuredmedia":[{"embeddable":true,"href":"https:\/\/newmood.com.tr\/en\/wp-json\/wp\/v2\/media\/1907"}],"wp:attachment":[{"href":"https:\/\/newmood.com.tr\/en\/wp-json\/wp\/v2\/media?parent=1899"}],"wp:term":[{"taxonomy":"product_brand","embeddable":true,"href":"https:\/\/newmood.com.tr\/en\/wp-json\/wp\/v2\/product_brand?post=1899"},{"taxonomy":"product_cat","embeddable":true,"href":"https:\/\/newmood.com.tr\/en\/wp-json\/wp\/v2\/product_cat?post=1899"},{"taxonomy":"product_tag","embeddable":true,"href":"https:\/\/newmood.com.tr\/en\/wp-json\/wp\/v2\/product_tag?post=1899"}],"curies":[{"name":"wp","href":"https:\/\/api.w.org\/{rel}","templated":true}]}}