{"id":1891,"date":"2024-10-23T12:07:08","date_gmt":"2024-10-23T12:07:08","guid":{"rendered":"https:\/\/newmood.kodektif.com\/?post_type=product&#038;p=1891"},"modified":"2024-10-23T12:07:08","modified_gmt":"2024-10-23T12:07:08","slug":"marsala-kose-takimi","status":"publish","type":"product","link":"https:\/\/newmood.com.tr\/en\/marsala-kose-takimi\/","title":{"rendered":"Marsala Corner Set"},"content":{"rendered":"","protected":false},"excerpt":{"rendered":"<p>Marsala Corner Sofa Set brings elegance and comfort to your living space with its modern and functional design. While its large seating areas and soft-textured fabric offer a comfortable seating experience, it adds a sophisticated atmosphere to the space with its elegant lines and detailed workmanship. Thanks to its modular structure, it is suitable for different arrangements and provides the most efficient use of space with its corner form. Its durable frame and stylish metal legs provide a modern aesthetic while providing long-lasting use. Marsala Corner Sofa Set is an ideal choice for those looking for comfort and style and will be the focal point of your living room.<\/p>","protected":false},"featured_media":1893,"comment_status":"open","ping_status":"closed","template":"","meta":[],"product_brand":[],"product_cat":[38],"product_tag":[],"class_list":{"0":"post-1891","1":"product","2":"type-product","3":"status-publish","4":"has-post-thumbnail","6":"product_cat-kose-takimlari","8":"first","9":"instock","10":"shipping-taxable","11":"product-type-simple"},"yoast_head":"<!-- This site is optimized with the Yoast SEO plugin v24.9 - https:\/\/yoast.com\/wordpress\/plugins\/seo\/ -->\n<title>Marsala K\u00f6\u015fe Tak\u0131m\u0131 - Newmood<\/title>\n<meta name=\"robots\" content=\"index, follow, max-snippet:-1, max-image-preview:large, max-video-preview:-1\" \/>\n<link rel=\"canonical\" href=\"https:\/\/newmood.com.tr\/en\/marsala-kose-takimi\/\" \/>\n<meta property=\"og:locale\" content=\"en_US\" \/>\n<meta property=\"og:type\" content=\"article\" \/>\n<meta property=\"og:title\" content=\"Marsala K\u00f6\u015fe Tak\u0131m\u0131 - Newmood\" \/>\n<meta property=\"og:description\" content=\"Marsala K\u00f6\u015fe Tak\u0131m\u0131, modern ve i\u015flevsel tasar\u0131m\u0131yla ya\u015fam alan\u0131n\u0131za \u015f\u0131kl\u0131k ve konfor getirir. Geni\u015f oturum alanlar\u0131 ve yumu\u015fak dokulu kuma\u015f\u0131, rahat bir oturma deneyimi sunarken, zarif hatlar\u0131 ve detayl\u0131 i\u015f\u00e7ili\u011fiyle mekana sofistike bir hava katar. Mod\u00fcler yap\u0131s\u0131 sayesinde farkl\u0131 d\u00fczenlemelere uygun olup, k\u00f6\u015fe formu ile alan kullan\u0131m\u0131n\u0131 en verimli \u015fekilde sa\u011flar. Dayan\u0131kl\u0131 iskeleti ve \u015f\u0131k metal ayaklar\u0131, uzun \u00f6m\u00fcrl\u00fc kullan\u0131m sa\u011flarken modern bir estetik sunar. Marsala K\u00f6\u015fe Tak\u0131m\u0131, konfor ve stil arayanlar i\u00e7in ideal bir se\u00e7im olup, oturma odan\u0131z\u0131n odak noktas\u0131 olacak.\" \/>\n<meta property=\"og:url\" content=\"https:\/\/newmood.com.tr\/en\/marsala-kose-takimi\/\" \/>\n<meta property=\"og:site_name\" content=\"Newmood\" \/>\n<meta property=\"og:image\" content=\"https:\/\/newmood.com.tr\/wp-content\/uploads\/2024\/10\/marsala-kose-takimi-231024-2.jpg\" \/>\n\t<meta property=\"og:image:width\" content=\"1920\" \/>\n\t<meta property=\"og:image:height\" content=\"1200\" \/>\n\t<meta property=\"og:image:type\" content=\"image\/jpeg\" \/>\n<meta name=\"twitter:card\" content=\"summary_large_image\" \/>\n<script type=\"application\/ld+json\" class=\"yoast-schema-graph\">{\"@context\":\"https:\/\/schema.org\",\"@graph\":[{\"@type\":\"WebPage\",\"@id\":\"https:\/\/newmood.com.tr\/en\/marsala-kose-takimi\/\",\"url\":\"https:\/\/newmood.com.tr\/en\/marsala-kose-takimi\/\",\"name\":\"Marsala K\u00f6\u015fe Tak\u0131m\u0131 - Newmood\",\"isPartOf\":{\"@id\":\"https:\/\/newmood.com.tr\/en\/#website\"},\"primaryImageOfPage\":{\"@id\":\"https:\/\/newmood.com.tr\/en\/marsala-kose-takimi\/#primaryimage\"},\"image\":{\"@id\":\"https:\/\/newmood.com.tr\/en\/marsala-kose-takimi\/#primaryimage\"},\"thumbnailUrl\":\"https:\/\/newmood.com.tr\/wp-content\/uploads\/2024\/10\/marsala-kose-takimi-231024-2.jpg\",\"datePublished\":\"2024-10-23T12:07:08+00:00\",\"breadcrumb\":{\"@id\":\"https:\/\/newmood.com.tr\/en\/marsala-kose-takimi\/#breadcrumb\"},\"inLanguage\":\"en-US\",\"potentialAction\":[{\"@type\":\"ReadAction\",\"target\":[\"https:\/\/newmood.com.tr\/en\/marsala-kose-takimi\/\"]}]},{\"@type\":\"ImageObject\",\"inLanguage\":\"en-US\",\"@id\":\"https:\/\/newmood.com.tr\/en\/marsala-kose-takimi\/#primaryimage\",\"url\":\"https:\/\/newmood.com.tr\/wp-content\/uploads\/2024\/10\/marsala-kose-takimi-231024-2.jpg\",\"contentUrl\":\"https:\/\/newmood.com.tr\/wp-content\/uploads\/2024\/10\/marsala-kose-takimi-231024-2.jpg\",\"width\":1920,\"height\":1200},{\"@type\":\"BreadcrumbList\",\"@id\":\"https:\/\/newmood.com.tr\/en\/marsala-kose-takimi\/#breadcrumb\",\"itemListElement\":[{\"@type\":\"ListItem\",\"position\":1,\"name\":\"Anasayfa\",\"item\":\"https:\/\/newmood.com.tr\/\"},{\"@type\":\"ListItem\",\"position\":2,\"name\":\"\u00dcr\u00fcnler\",\"item\":\"https:\/\/newmood.com.tr\/shop\/\"},{\"@type\":\"ListItem\",\"position\":3,\"name\":\"Marsala K\u00f6\u015fe Tak\u0131m\u0131\"}]},{\"@type\":\"WebSite\",\"@id\":\"https:\/\/newmood.com.tr\/en\/#website\",\"url\":\"https:\/\/newmood.com.tr\/en\/\",\"name\":\"Newmood\",\"description\":\"\",\"potentialAction\":[{\"@type\":\"SearchAction\",\"target\":{\"@type\":\"EntryPoint\",\"urlTemplate\":\"https:\/\/newmood.com.tr\/en\/?s={search_term_string}\"},\"query-input\":{\"@type\":\"PropertyValueSpecification\",\"valueRequired\":true,\"valueName\":\"search_term_string\"}}],\"inLanguage\":\"en-US\"}]}<\/script>\n<!-- \/ Yoast SEO plugin. -->","yoast_head_json":{"title":"Marsala K\u00f6\u015fe Tak\u0131m\u0131 - Newmood","robots":{"index":"index","follow":"follow","max-snippet":"max-snippet:-1","max-image-preview":"max-image-preview:large","max-video-preview":"max-video-preview:-1"},"canonical":"https:\/\/newmood.com.tr\/en\/marsala-kose-takimi\/","og_locale":"en_US","og_type":"article","og_title":"Marsala K\u00f6\u015fe Tak\u0131m\u0131 - Newmood","og_description":"Marsala K\u00f6\u015fe Tak\u0131m\u0131, modern ve i\u015flevsel tasar\u0131m\u0131yla ya\u015fam alan\u0131n\u0131za \u015f\u0131kl\u0131k ve konfor getirir. Geni\u015f oturum alanlar\u0131 ve yumu\u015fak dokulu kuma\u015f\u0131, rahat bir oturma deneyimi sunarken, zarif hatlar\u0131 ve detayl\u0131 i\u015f\u00e7ili\u011fiyle mekana sofistike bir hava katar. Mod\u00fcler yap\u0131s\u0131 sayesinde farkl\u0131 d\u00fczenlemelere uygun olup, k\u00f6\u015fe formu ile alan kullan\u0131m\u0131n\u0131 en verimli \u015fekilde sa\u011flar. Dayan\u0131kl\u0131 iskeleti ve \u015f\u0131k metal ayaklar\u0131, uzun \u00f6m\u00fcrl\u00fc kullan\u0131m sa\u011flarken modern bir estetik sunar. Marsala K\u00f6\u015fe Tak\u0131m\u0131, konfor ve stil arayanlar i\u00e7in ideal bir se\u00e7im olup, oturma odan\u0131z\u0131n odak noktas\u0131 olacak.","og_url":"https:\/\/newmood.com.tr\/en\/marsala-kose-takimi\/","og_site_name":"Newmood","og_image":[{"width":1920,"height":1200,"url":"https:\/\/newmood.com.tr\/wp-content\/uploads\/2024\/10\/marsala-kose-takimi-231024-2.jpg","type":"image\/jpeg"}],"twitter_card":"summary_large_image","schema":{"@context":"https:\/\/schema.org","@graph":[{"@type":"WebPage","@id":"https:\/\/newmood.com.tr\/en\/marsala-kose-takimi\/","url":"https:\/\/newmood.com.tr\/en\/marsala-kose-takimi\/","name":"Marsala K\u00f6\u015fe Tak\u0131m\u0131 - Newmood","isPartOf":{"@id":"https:\/\/newmood.com.tr\/en\/#website"},"primaryImageOfPage":{"@id":"https:\/\/newmood.com.tr\/en\/marsala-kose-takimi\/#primaryimage"},"image":{"@id":"https:\/\/newmood.com.tr\/en\/marsala-kose-takimi\/#primaryimage"},"thumbnailUrl":"https:\/\/newmood.com.tr\/wp-content\/uploads\/2024\/10\/marsala-kose-takimi-231024-2.jpg","datePublished":"2024-10-23T12:07:08+00:00","breadcrumb":{"@id":"https:\/\/newmood.com.tr\/en\/marsala-kose-takimi\/#breadcrumb"},"inLanguage":"en-US","potentialAction":[{"@type":"ReadAction","target":["https:\/\/newmood.com.tr\/en\/marsala-kose-takimi\/"]}]},{"@type":"ImageObject","inLanguage":"en-US","@id":"https:\/\/newmood.com.tr\/en\/marsala-kose-takimi\/#primaryimage","url":"https:\/\/newmood.com.tr\/wp-content\/uploads\/2024\/10\/marsala-kose-takimi-231024-2.jpg","contentUrl":"https:\/\/newmood.com.tr\/wp-content\/uploads\/2024\/10\/marsala-kose-takimi-231024-2.jpg","width":1920,"height":1200},{"@type":"BreadcrumbList","@id":"https:\/\/newmood.com.tr\/en\/marsala-kose-takimi\/#breadcrumb","itemListElement":[{"@type":"ListItem","position":1,"name":"Anasayfa","item":"https:\/\/newmood.com.tr\/"},{"@type":"ListItem","position":2,"name":"\u00dcr\u00fcnler","item":"https:\/\/newmood.com.tr\/shop\/"},{"@type":"ListItem","position":3,"name":"Marsala K\u00f6\u015fe Tak\u0131m\u0131"}]},{"@type":"WebSite","@id":"https:\/\/newmood.com.tr\/en\/#website","url":"https:\/\/newmood.com.tr\/en\/","name":"Newmood","description":"","potentialAction":[{"@type":"SearchAction","target":{"@type":"EntryPoint","urlTemplate":"https:\/\/newmood.com.tr\/en\/?s={search_term_string}"},"query-input":{"@type":"PropertyValueSpecification","valueRequired":true,"valueName":"search_term_string"}}],"inLanguage":"en-US"}]}},"_links":{"self":[{"href":"https:\/\/newmood.com.tr\/en\/wp-json\/wp\/v2\/product\/1891"}],"collection":[{"href":"https:\/\/newmood.com.tr\/en\/wp-json\/wp\/v2\/product"}],"about":[{"href":"https:\/\/newmood.com.tr\/en\/wp-json\/wp\/v2\/types\/product"}],"replies":[{"embeddable":true,"href":"https:\/\/newmood.com.tr\/en\/wp-json\/wp\/v2\/comments?post=1891"}],"wp:featuredmedia":[{"embeddable":true,"href":"https:\/\/newmood.com.tr\/en\/wp-json\/wp\/v2\/media\/1893"}],"wp:attachment":[{"href":"https:\/\/newmood.com.tr\/en\/wp-json\/wp\/v2\/media?parent=1891"}],"wp:term":[{"taxonomy":"product_brand","embeddable":true,"href":"https:\/\/newmood.com.tr\/en\/wp-json\/wp\/v2\/product_brand?post=1891"},{"taxonomy":"product_cat","embeddable":true,"href":"https:\/\/newmood.com.tr\/en\/wp-json\/wp\/v2\/product_cat?post=1891"},{"taxonomy":"product_tag","embeddable":true,"href":"https:\/\/newmood.com.tr\/en\/wp-json\/wp\/v2\/product_tag?post=1891"}],"curies":[{"name":"wp","href":"https:\/\/api.w.org\/{rel}","templated":true}]}}