{"id":1890,"date":"2024-10-23T11:49:12","date_gmt":"2024-10-23T11:49:12","guid":{"rendered":"https:\/\/newmood.kodektif.com\/?post_type=product&#038;p=1890"},"modified":"2024-10-23T11:49:12","modified_gmt":"2024-10-23T11:49:12","slug":"diamond-berjer","status":"publish","type":"product","link":"https:\/\/newmood.com.tr\/en\/diamond-berjer\/","title":{"rendered":"Diamond Armchair"},"content":{"rendered":"","protected":false},"excerpt":{"rendered":"<p>Diamond Armchair adds both style and comfort to your living space with its modern and elegant design. While its soft textured fabric and ergonomic seating area offer a comfortable seating experience, its stylish lines and elegant details bring a sophisticated atmosphere to the space. Its durable frame and stylish metal legs combine durability and aesthetics. It can be used both as a stand-alone highlighter and fits perfectly with the Diamond series. Diamond Armchair is an ideal seating area solution that combines comfort and elegance.<\/p>","protected":false},"featured_media":1869,"comment_status":"open","ping_status":"closed","template":"","meta":[],"product_brand":[],"product_cat":[19],"product_tag":[],"class_list":{"0":"post-1890","1":"product","2":"type-product","3":"status-publish","4":"has-post-thumbnail","6":"product_cat-berjerler","8":"first","9":"instock","10":"shipping-taxable","11":"product-type-simple"},"yoast_head":"<!-- This site is optimized with the Yoast SEO plugin v24.9 - https:\/\/yoast.com\/wordpress\/plugins\/seo\/ -->\n<title>Diamond Berjer - Newmood<\/title>\n<meta name=\"robots\" content=\"index, follow, max-snippet:-1, max-image-preview:large, max-video-preview:-1\" \/>\n<link rel=\"canonical\" href=\"https:\/\/newmood.com.tr\/en\/diamond-berjer\/\" \/>\n<meta property=\"og:locale\" content=\"en_US\" \/>\n<meta property=\"og:type\" content=\"article\" \/>\n<meta property=\"og:title\" content=\"Diamond Berjer - Newmood\" \/>\n<meta property=\"og:description\" content=\"Diamond Berjer, modern ve zarif tasar\u0131m\u0131yla ya\u015fam alan\u0131n\u0131za hem stil hem de konfor katar. Yumu\u015fak dokulu kuma\u015f\u0131 ve ergonomik oturum alan\u0131, rahat bir oturma deneyimi sunarken, \u015f\u0131k hatlar\u0131 ve zarif detaylar\u0131 mekana sofistike bir hava getirir. Dayan\u0131kl\u0131 iskeleti ve \u015f\u0131k metal ayaklar\u0131, sa\u011flaml\u0131k ve esteti\u011fi bir araya getirir. Hem tek ba\u015f\u0131na bir vurgulay\u0131c\u0131 par\u00e7a olarak kullan\u0131labilir hem de Diamond serisiyle m\u00fckemmel bir uyum sa\u011flar. Diamond Berjer, konfor ve \u015f\u0131kl\u0131\u011f\u0131 bir arada sunan ideal bir oturma alan\u0131 \u00e7\u00f6z\u00fcm\u00fcd\u00fcr.\" \/>\n<meta property=\"og:url\" content=\"https:\/\/newmood.com.tr\/en\/diamond-berjer\/\" \/>\n<meta property=\"og:site_name\" content=\"Newmood\" \/>\n<meta property=\"og:image\" content=\"https:\/\/newmood.com.tr\/wp-content\/uploads\/2024\/10\/diamond-kose-takimi-231024-39.jpg\" \/>\n\t<meta property=\"og:image:width\" content=\"1920\" \/>\n\t<meta property=\"og:image:height\" content=\"1200\" \/>\n\t<meta property=\"og:image:type\" content=\"image\/jpeg\" \/>\n<meta name=\"twitter:card\" content=\"summary_large_image\" \/>\n<script type=\"application\/ld+json\" class=\"yoast-schema-graph\">{\"@context\":\"https:\/\/schema.org\",\"@graph\":[{\"@type\":\"WebPage\",\"@id\":\"https:\/\/newmood.com.tr\/en\/diamond-berjer\/\",\"url\":\"https:\/\/newmood.com.tr\/en\/diamond-berjer\/\",\"name\":\"Diamond Berjer - Newmood\",\"isPartOf\":{\"@id\":\"https:\/\/newmood.com.tr\/en\/#website\"},\"primaryImageOfPage\":{\"@id\":\"https:\/\/newmood.com.tr\/en\/diamond-berjer\/#primaryimage\"},\"image\":{\"@id\":\"https:\/\/newmood.com.tr\/en\/diamond-berjer\/#primaryimage\"},\"thumbnailUrl\":\"https:\/\/newmood.com.tr\/wp-content\/uploads\/2024\/10\/diamond-kose-takimi-231024-39.jpg\",\"datePublished\":\"2024-10-23T11:49:12+00:00\",\"breadcrumb\":{\"@id\":\"https:\/\/newmood.com.tr\/en\/diamond-berjer\/#breadcrumb\"},\"inLanguage\":\"en-US\",\"potentialAction\":[{\"@type\":\"ReadAction\",\"target\":[\"https:\/\/newmood.com.tr\/en\/diamond-berjer\/\"]}]},{\"@type\":\"ImageObject\",\"inLanguage\":\"en-US\",\"@id\":\"https:\/\/newmood.com.tr\/en\/diamond-berjer\/#primaryimage\",\"url\":\"https:\/\/newmood.com.tr\/wp-content\/uploads\/2024\/10\/diamond-kose-takimi-231024-39.jpg\",\"contentUrl\":\"https:\/\/newmood.com.tr\/wp-content\/uploads\/2024\/10\/diamond-kose-takimi-231024-39.jpg\",\"width\":1920,\"height\":1200},{\"@type\":\"BreadcrumbList\",\"@id\":\"https:\/\/newmood.com.tr\/en\/diamond-berjer\/#breadcrumb\",\"itemListElement\":[{\"@type\":\"ListItem\",\"position\":1,\"name\":\"Anasayfa\",\"item\":\"https:\/\/newmood.com.tr\/\"},{\"@type\":\"ListItem\",\"position\":2,\"name\":\"\u00dcr\u00fcnler\",\"item\":\"https:\/\/newmood.com.tr\/shop\/\"},{\"@type\":\"ListItem\",\"position\":3,\"name\":\"Diamond Berjer\"}]},{\"@type\":\"WebSite\",\"@id\":\"https:\/\/newmood.com.tr\/en\/#website\",\"url\":\"https:\/\/newmood.com.tr\/en\/\",\"name\":\"Newmood\",\"description\":\"\",\"potentialAction\":[{\"@type\":\"SearchAction\",\"target\":{\"@type\":\"EntryPoint\",\"urlTemplate\":\"https:\/\/newmood.com.tr\/en\/?s={search_term_string}\"},\"query-input\":{\"@type\":\"PropertyValueSpecification\",\"valueRequired\":true,\"valueName\":\"search_term_string\"}}],\"inLanguage\":\"en-US\"}]}<\/script>\n<!-- \/ Yoast SEO plugin. -->","yoast_head_json":{"title":"Diamond Berjer - Newmood","robots":{"index":"index","follow":"follow","max-snippet":"max-snippet:-1","max-image-preview":"max-image-preview:large","max-video-preview":"max-video-preview:-1"},"canonical":"https:\/\/newmood.com.tr\/en\/diamond-berjer\/","og_locale":"en_US","og_type":"article","og_title":"Diamond Berjer - Newmood","og_description":"Diamond Berjer, modern ve zarif tasar\u0131m\u0131yla ya\u015fam alan\u0131n\u0131za hem stil hem de konfor katar. Yumu\u015fak dokulu kuma\u015f\u0131 ve ergonomik oturum alan\u0131, rahat bir oturma deneyimi sunarken, \u015f\u0131k hatlar\u0131 ve zarif detaylar\u0131 mekana sofistike bir hava getirir. Dayan\u0131kl\u0131 iskeleti ve \u015f\u0131k metal ayaklar\u0131, sa\u011flaml\u0131k ve esteti\u011fi bir araya getirir. Hem tek ba\u015f\u0131na bir vurgulay\u0131c\u0131 par\u00e7a olarak kullan\u0131labilir hem de Diamond serisiyle m\u00fckemmel bir uyum sa\u011flar. Diamond Berjer, konfor ve \u015f\u0131kl\u0131\u011f\u0131 bir arada sunan ideal bir oturma alan\u0131 \u00e7\u00f6z\u00fcm\u00fcd\u00fcr.","og_url":"https:\/\/newmood.com.tr\/en\/diamond-berjer\/","og_site_name":"Newmood","og_image":[{"width":1920,"height":1200,"url":"https:\/\/newmood.com.tr\/wp-content\/uploads\/2024\/10\/diamond-kose-takimi-231024-39.jpg","type":"image\/jpeg"}],"twitter_card":"summary_large_image","schema":{"@context":"https:\/\/schema.org","@graph":[{"@type":"WebPage","@id":"https:\/\/newmood.com.tr\/en\/diamond-berjer\/","url":"https:\/\/newmood.com.tr\/en\/diamond-berjer\/","name":"Diamond Berjer - Newmood","isPartOf":{"@id":"https:\/\/newmood.com.tr\/en\/#website"},"primaryImageOfPage":{"@id":"https:\/\/newmood.com.tr\/en\/diamond-berjer\/#primaryimage"},"image":{"@id":"https:\/\/newmood.com.tr\/en\/diamond-berjer\/#primaryimage"},"thumbnailUrl":"https:\/\/newmood.com.tr\/wp-content\/uploads\/2024\/10\/diamond-kose-takimi-231024-39.jpg","datePublished":"2024-10-23T11:49:12+00:00","breadcrumb":{"@id":"https:\/\/newmood.com.tr\/en\/diamond-berjer\/#breadcrumb"},"inLanguage":"en-US","potentialAction":[{"@type":"ReadAction","target":["https:\/\/newmood.com.tr\/en\/diamond-berjer\/"]}]},{"@type":"ImageObject","inLanguage":"en-US","@id":"https:\/\/newmood.com.tr\/en\/diamond-berjer\/#primaryimage","url":"https:\/\/newmood.com.tr\/wp-content\/uploads\/2024\/10\/diamond-kose-takimi-231024-39.jpg","contentUrl":"https:\/\/newmood.com.tr\/wp-content\/uploads\/2024\/10\/diamond-kose-takimi-231024-39.jpg","width":1920,"height":1200},{"@type":"BreadcrumbList","@id":"https:\/\/newmood.com.tr\/en\/diamond-berjer\/#breadcrumb","itemListElement":[{"@type":"ListItem","position":1,"name":"Anasayfa","item":"https:\/\/newmood.com.tr\/"},{"@type":"ListItem","position":2,"name":"\u00dcr\u00fcnler","item":"https:\/\/newmood.com.tr\/shop\/"},{"@type":"ListItem","position":3,"name":"Diamond Berjer"}]},{"@type":"WebSite","@id":"https:\/\/newmood.com.tr\/en\/#website","url":"https:\/\/newmood.com.tr\/en\/","name":"Newmood","description":"","potentialAction":[{"@type":"SearchAction","target":{"@type":"EntryPoint","urlTemplate":"https:\/\/newmood.com.tr\/en\/?s={search_term_string}"},"query-input":{"@type":"PropertyValueSpecification","valueRequired":true,"valueName":"search_term_string"}}],"inLanguage":"en-US"}]}},"_links":{"self":[{"href":"https:\/\/newmood.com.tr\/en\/wp-json\/wp\/v2\/product\/1890"}],"collection":[{"href":"https:\/\/newmood.com.tr\/en\/wp-json\/wp\/v2\/product"}],"about":[{"href":"https:\/\/newmood.com.tr\/en\/wp-json\/wp\/v2\/types\/product"}],"replies":[{"embeddable":true,"href":"https:\/\/newmood.com.tr\/en\/wp-json\/wp\/v2\/comments?post=1890"}],"wp:featuredmedia":[{"embeddable":true,"href":"https:\/\/newmood.com.tr\/en\/wp-json\/wp\/v2\/media\/1869"}],"wp:attachment":[{"href":"https:\/\/newmood.com.tr\/en\/wp-json\/wp\/v2\/media?parent=1890"}],"wp:term":[{"taxonomy":"product_brand","embeddable":true,"href":"https:\/\/newmood.com.tr\/en\/wp-json\/wp\/v2\/product_brand?post=1890"},{"taxonomy":"product_cat","embeddable":true,"href":"https:\/\/newmood.com.tr\/en\/wp-json\/wp\/v2\/product_cat?post=1890"},{"taxonomy":"product_tag","embeddable":true,"href":"https:\/\/newmood.com.tr\/en\/wp-json\/wp\/v2\/product_tag?post=1890"}],"curies":[{"name":"wp","href":"https:\/\/api.w.org\/{rel}","templated":true}]}}