{"id":1889,"date":"2024-10-23T11:48:04","date_gmt":"2024-10-23T11:48:04","guid":{"rendered":"https:\/\/newmood.kodektif.com\/?post_type=product&#038;p=1889"},"modified":"2024-10-23T11:48:04","modified_gmt":"2024-10-23T11:48:04","slug":"diamond-orta-sehpa","status":"publish","type":"product","link":"https:\/\/newmood.com.tr\/en\/diamond-orta-sehpa\/","title":{"rendered":"Diamond Coffee Table"},"content":{"rendered":"","protected":false},"excerpt":{"rendered":"<p>Diamond Coffee Table adds a sophisticated touch to your living space with its modern design and elegant details. While its stylish surface adds warmth with its natural wood texture, its metal legs provide a modern contrast. Its large surface area makes it ideal for decorative objects, books or drinks. With its minimalist and functional structure, the Diamond Coffee Table is a perfect choice for those looking for both an aesthetic and practical solution. It provides a striking and elegant appearance in the center of your living room.<\/p>","protected":false},"featured_media":1885,"comment_status":"open","ping_status":"closed","template":"","meta":[],"product_brand":[],"product_cat":[22,26],"product_tag":[],"class_list":{"0":"post-1889","1":"product","2":"type-product","3":"status-publish","4":"has-post-thumbnail","6":"product_cat-sehpalar","7":"product_cat-tamamlayicilar","9":"first","10":"instock","11":"shipping-taxable","12":"product-type-simple"},"yoast_head":"<!-- This site is optimized with the Yoast SEO plugin v24.9 - https:\/\/yoast.com\/wordpress\/plugins\/seo\/ -->\n<title>Diamond Orta Sehpa - Newmood<\/title>\n<meta name=\"robots\" content=\"index, follow, max-snippet:-1, max-image-preview:large, max-video-preview:-1\" \/>\n<link rel=\"canonical\" href=\"https:\/\/newmood.com.tr\/en\/diamond-orta-sehpa\/\" \/>\n<meta property=\"og:locale\" content=\"en_US\" \/>\n<meta property=\"og:type\" content=\"article\" \/>\n<meta property=\"og:title\" content=\"Diamond Orta Sehpa - Newmood\" \/>\n<meta property=\"og:description\" content=\"Diamond Orta Sehpa, modern tasar\u0131m\u0131 ve zarif detaylar\u0131yla ya\u015fam alan\u0131n\u0131za sofistike bir dokunu\u015f katar. \u015e\u0131k y\u00fczeyi, do\u011fal ah\u015fap dokusuyla s\u0131cakl\u0131k katarken, metal ayaklar\u0131 modern bir kontrast sa\u011flar. Geni\u015f y\u00fczey alan\u0131, dekoratif objeler, kitaplar ya da i\u00e7ecekler i\u00e7in ideal bir kullan\u0131m sunar. Minimalist ve i\u015flevsel yap\u0131s\u0131yla, Diamond Orta Sehpa hem estetik hem de pratik bir \u00e7\u00f6z\u00fcm arayanlar i\u00e7in m\u00fckemmel bir tercihtir. Oturma odan\u0131z\u0131n merkezinde dikkat \u00e7ekici ve zarif bir g\u00f6r\u00fcn\u00fcm sa\u011flar.\" \/>\n<meta property=\"og:url\" content=\"https:\/\/newmood.com.tr\/en\/diamond-orta-sehpa\/\" \/>\n<meta property=\"og:site_name\" content=\"Newmood\" \/>\n<meta property=\"og:image\" content=\"https:\/\/newmood.com.tr\/wp-content\/uploads\/2024\/10\/diamond-kose-takimi-231024-55.jpg\" \/>\n\t<meta property=\"og:image:width\" content=\"1920\" \/>\n\t<meta property=\"og:image:height\" content=\"1200\" \/>\n\t<meta property=\"og:image:type\" content=\"image\/jpeg\" \/>\n<meta name=\"twitter:card\" content=\"summary_large_image\" \/>\n<script type=\"application\/ld+json\" class=\"yoast-schema-graph\">{\"@context\":\"https:\/\/schema.org\",\"@graph\":[{\"@type\":\"WebPage\",\"@id\":\"https:\/\/newmood.com.tr\/en\/diamond-orta-sehpa\/\",\"url\":\"https:\/\/newmood.com.tr\/en\/diamond-orta-sehpa\/\",\"name\":\"Diamond Orta Sehpa - Newmood\",\"isPartOf\":{\"@id\":\"https:\/\/newmood.com.tr\/en\/#website\"},\"primaryImageOfPage\":{\"@id\":\"https:\/\/newmood.com.tr\/en\/diamond-orta-sehpa\/#primaryimage\"},\"image\":{\"@id\":\"https:\/\/newmood.com.tr\/en\/diamond-orta-sehpa\/#primaryimage\"},\"thumbnailUrl\":\"https:\/\/newmood.com.tr\/wp-content\/uploads\/2024\/10\/diamond-kose-takimi-231024-55.jpg\",\"datePublished\":\"2024-10-23T11:48:04+00:00\",\"breadcrumb\":{\"@id\":\"https:\/\/newmood.com.tr\/en\/diamond-orta-sehpa\/#breadcrumb\"},\"inLanguage\":\"en-US\",\"potentialAction\":[{\"@type\":\"ReadAction\",\"target\":[\"https:\/\/newmood.com.tr\/en\/diamond-orta-sehpa\/\"]}]},{\"@type\":\"ImageObject\",\"inLanguage\":\"en-US\",\"@id\":\"https:\/\/newmood.com.tr\/en\/diamond-orta-sehpa\/#primaryimage\",\"url\":\"https:\/\/newmood.com.tr\/wp-content\/uploads\/2024\/10\/diamond-kose-takimi-231024-55.jpg\",\"contentUrl\":\"https:\/\/newmood.com.tr\/wp-content\/uploads\/2024\/10\/diamond-kose-takimi-231024-55.jpg\",\"width\":1920,\"height\":1200},{\"@type\":\"BreadcrumbList\",\"@id\":\"https:\/\/newmood.com.tr\/en\/diamond-orta-sehpa\/#breadcrumb\",\"itemListElement\":[{\"@type\":\"ListItem\",\"position\":1,\"name\":\"Anasayfa\",\"item\":\"https:\/\/newmood.com.tr\/\"},{\"@type\":\"ListItem\",\"position\":2,\"name\":\"\u00dcr\u00fcnler\",\"item\":\"https:\/\/newmood.com.tr\/shop\/\"},{\"@type\":\"ListItem\",\"position\":3,\"name\":\"Diamond Orta Sehpa\"}]},{\"@type\":\"WebSite\",\"@id\":\"https:\/\/newmood.com.tr\/en\/#website\",\"url\":\"https:\/\/newmood.com.tr\/en\/\",\"name\":\"Newmood\",\"description\":\"\",\"potentialAction\":[{\"@type\":\"SearchAction\",\"target\":{\"@type\":\"EntryPoint\",\"urlTemplate\":\"https:\/\/newmood.com.tr\/en\/?s={search_term_string}\"},\"query-input\":{\"@type\":\"PropertyValueSpecification\",\"valueRequired\":true,\"valueName\":\"search_term_string\"}}],\"inLanguage\":\"en-US\"}]}<\/script>\n<!-- \/ Yoast SEO plugin. -->","yoast_head_json":{"title":"Diamond Orta Sehpa - Newmood","robots":{"index":"index","follow":"follow","max-snippet":"max-snippet:-1","max-image-preview":"max-image-preview:large","max-video-preview":"max-video-preview:-1"},"canonical":"https:\/\/newmood.com.tr\/en\/diamond-orta-sehpa\/","og_locale":"en_US","og_type":"article","og_title":"Diamond Orta Sehpa - Newmood","og_description":"Diamond Orta Sehpa, modern tasar\u0131m\u0131 ve zarif detaylar\u0131yla ya\u015fam alan\u0131n\u0131za sofistike bir dokunu\u015f katar. \u015e\u0131k y\u00fczeyi, do\u011fal ah\u015fap dokusuyla s\u0131cakl\u0131k katarken, metal ayaklar\u0131 modern bir kontrast sa\u011flar. Geni\u015f y\u00fczey alan\u0131, dekoratif objeler, kitaplar ya da i\u00e7ecekler i\u00e7in ideal bir kullan\u0131m sunar. Minimalist ve i\u015flevsel yap\u0131s\u0131yla, Diamond Orta Sehpa hem estetik hem de pratik bir \u00e7\u00f6z\u00fcm arayanlar i\u00e7in m\u00fckemmel bir tercihtir. Oturma odan\u0131z\u0131n merkezinde dikkat \u00e7ekici ve zarif bir g\u00f6r\u00fcn\u00fcm sa\u011flar.","og_url":"https:\/\/newmood.com.tr\/en\/diamond-orta-sehpa\/","og_site_name":"Newmood","og_image":[{"width":1920,"height":1200,"url":"https:\/\/newmood.com.tr\/wp-content\/uploads\/2024\/10\/diamond-kose-takimi-231024-55.jpg","type":"image\/jpeg"}],"twitter_card":"summary_large_image","schema":{"@context":"https:\/\/schema.org","@graph":[{"@type":"WebPage","@id":"https:\/\/newmood.com.tr\/en\/diamond-orta-sehpa\/","url":"https:\/\/newmood.com.tr\/en\/diamond-orta-sehpa\/","name":"Diamond Orta Sehpa - Newmood","isPartOf":{"@id":"https:\/\/newmood.com.tr\/en\/#website"},"primaryImageOfPage":{"@id":"https:\/\/newmood.com.tr\/en\/diamond-orta-sehpa\/#primaryimage"},"image":{"@id":"https:\/\/newmood.com.tr\/en\/diamond-orta-sehpa\/#primaryimage"},"thumbnailUrl":"https:\/\/newmood.com.tr\/wp-content\/uploads\/2024\/10\/diamond-kose-takimi-231024-55.jpg","datePublished":"2024-10-23T11:48:04+00:00","breadcrumb":{"@id":"https:\/\/newmood.com.tr\/en\/diamond-orta-sehpa\/#breadcrumb"},"inLanguage":"en-US","potentialAction":[{"@type":"ReadAction","target":["https:\/\/newmood.com.tr\/en\/diamond-orta-sehpa\/"]}]},{"@type":"ImageObject","inLanguage":"en-US","@id":"https:\/\/newmood.com.tr\/en\/diamond-orta-sehpa\/#primaryimage","url":"https:\/\/newmood.com.tr\/wp-content\/uploads\/2024\/10\/diamond-kose-takimi-231024-55.jpg","contentUrl":"https:\/\/newmood.com.tr\/wp-content\/uploads\/2024\/10\/diamond-kose-takimi-231024-55.jpg","width":1920,"height":1200},{"@type":"BreadcrumbList","@id":"https:\/\/newmood.com.tr\/en\/diamond-orta-sehpa\/#breadcrumb","itemListElement":[{"@type":"ListItem","position":1,"name":"Anasayfa","item":"https:\/\/newmood.com.tr\/"},{"@type":"ListItem","position":2,"name":"\u00dcr\u00fcnler","item":"https:\/\/newmood.com.tr\/shop\/"},{"@type":"ListItem","position":3,"name":"Diamond Orta Sehpa"}]},{"@type":"WebSite","@id":"https:\/\/newmood.com.tr\/en\/#website","url":"https:\/\/newmood.com.tr\/en\/","name":"Newmood","description":"","potentialAction":[{"@type":"SearchAction","target":{"@type":"EntryPoint","urlTemplate":"https:\/\/newmood.com.tr\/en\/?s={search_term_string}"},"query-input":{"@type":"PropertyValueSpecification","valueRequired":true,"valueName":"search_term_string"}}],"inLanguage":"en-US"}]}},"_links":{"self":[{"href":"https:\/\/newmood.com.tr\/en\/wp-json\/wp\/v2\/product\/1889"}],"collection":[{"href":"https:\/\/newmood.com.tr\/en\/wp-json\/wp\/v2\/product"}],"about":[{"href":"https:\/\/newmood.com.tr\/en\/wp-json\/wp\/v2\/types\/product"}],"replies":[{"embeddable":true,"href":"https:\/\/newmood.com.tr\/en\/wp-json\/wp\/v2\/comments?post=1889"}],"wp:featuredmedia":[{"embeddable":true,"href":"https:\/\/newmood.com.tr\/en\/wp-json\/wp\/v2\/media\/1885"}],"wp:attachment":[{"href":"https:\/\/newmood.com.tr\/en\/wp-json\/wp\/v2\/media?parent=1889"}],"wp:term":[{"taxonomy":"product_brand","embeddable":true,"href":"https:\/\/newmood.com.tr\/en\/wp-json\/wp\/v2\/product_brand?post=1889"},{"taxonomy":"product_cat","embeddable":true,"href":"https:\/\/newmood.com.tr\/en\/wp-json\/wp\/v2\/product_cat?post=1889"},{"taxonomy":"product_tag","embeddable":true,"href":"https:\/\/newmood.com.tr\/en\/wp-json\/wp\/v2\/product_tag?post=1889"}],"curies":[{"name":"wp","href":"https:\/\/api.w.org\/{rel}","templated":true}]}}