{"id":1830,"date":"2024-10-23T11:42:41","date_gmt":"2024-10-23T11:42:41","guid":{"rendered":"https:\/\/newmood.kodektif.com\/?post_type=product&#038;p=1830"},"modified":"2024-10-23T11:42:41","modified_gmt":"2024-10-23T11:42:41","slug":"diamond-kose-takimi","status":"publish","type":"product","link":"https:\/\/newmood.com.tr\/en\/diamond-kose-takimi\/","title":{"rendered":"Diamond Corner Set"},"content":{"rendered":"","protected":false},"excerpt":{"rendered":"<p>Diamond Corner Sofa Set brings elegance and comfort to your living space with its modern design and functional structure. While its soft-textured fabric and large seating areas make your resting moments more enjoyable, it adds a sophisticated atmosphere to the space with its elegant lines. Thanks to its modular structure, it easily adapts to different areas and offers functional use. Its durable frame and stylish metal legs combine long-lasting use and aesthetic appearance. Diamond Corner Sofa Set is an ideal choice for those looking for both aesthetics and comfort, completing your living room with a modern touch.<\/p>","protected":false},"featured_media":1847,"comment_status":"open","ping_status":"closed","template":"","meta":[],"product_brand":[],"product_cat":[38],"product_tag":[],"class_list":{"0":"post-1830","1":"product","2":"type-product","3":"status-publish","4":"has-post-thumbnail","6":"product_cat-kose-takimlari","8":"first","9":"instock","10":"shipping-taxable","11":"product-type-simple"},"yoast_head":"<!-- This site is optimized with the Yoast SEO plugin v24.9 - https:\/\/yoast.com\/wordpress\/plugins\/seo\/ -->\n<title>Diamond K\u00f6\u015fe Tak\u0131m\u0131 - Newmood<\/title>\n<meta name=\"robots\" content=\"index, follow, max-snippet:-1, max-image-preview:large, max-video-preview:-1\" \/>\n<link rel=\"canonical\" href=\"https:\/\/newmood.com.tr\/en\/diamond-kose-takimi\/\" \/>\n<meta property=\"og:locale\" content=\"en_US\" \/>\n<meta property=\"og:type\" content=\"article\" \/>\n<meta property=\"og:title\" content=\"Diamond K\u00f6\u015fe Tak\u0131m\u0131 - Newmood\" \/>\n<meta property=\"og:description\" content=\"Diamond K\u00f6\u015fe Tak\u0131m\u0131, modern tasar\u0131m\u0131 ve i\u015flevsel yap\u0131s\u0131yla ya\u015fam alan\u0131n\u0131za zarafet ve konfor getirir. Yumu\u015fak dokulu kuma\u015f\u0131 ve geni\u015f oturma alanlar\u0131, dinlenme anlar\u0131n\u0131z\u0131 daha keyifli hale getirirken, zarif hatlar\u0131yla mekana sofistike bir hava katar. Mod\u00fcler yap\u0131s\u0131 sayesinde, farkl\u0131 alanlara kolayca uyum sa\u011flar ve fonksiyonel bir kullan\u0131m sunar. Dayan\u0131kl\u0131 iskeleti ve \u015f\u0131k metal ayaklar\u0131, uzun \u00f6m\u00fcrl\u00fc kullan\u0131m ve estetik g\u00f6r\u00fcn\u00fcm\u00fc bir araya getirir. Diamond K\u00f6\u015fe Tak\u0131m\u0131, hem estetik hem de konfor arayanlar i\u00e7in ideal bir se\u00e7imdir, oturma odan\u0131z\u0131 modern bir dokunu\u015fla tamamlar.\" \/>\n<meta property=\"og:url\" content=\"https:\/\/newmood.com.tr\/en\/diamond-kose-takimi\/\" \/>\n<meta property=\"og:site_name\" content=\"Newmood\" \/>\n<meta property=\"og:image\" content=\"https:\/\/newmood.com.tr\/wp-content\/uploads\/2024\/10\/diamond-kose-takimi-231024-17.jpg\" \/>\n\t<meta property=\"og:image:width\" content=\"1920\" \/>\n\t<meta property=\"og:image:height\" content=\"1200\" \/>\n\t<meta property=\"og:image:type\" content=\"image\/jpeg\" \/>\n<meta name=\"twitter:card\" content=\"summary_large_image\" \/>\n<script type=\"application\/ld+json\" class=\"yoast-schema-graph\">{\"@context\":\"https:\/\/schema.org\",\"@graph\":[{\"@type\":\"WebPage\",\"@id\":\"https:\/\/newmood.com.tr\/en\/diamond-kose-takimi\/\",\"url\":\"https:\/\/newmood.com.tr\/en\/diamond-kose-takimi\/\",\"name\":\"Diamond K\u00f6\u015fe Tak\u0131m\u0131 - Newmood\",\"isPartOf\":{\"@id\":\"https:\/\/newmood.com.tr\/en\/#website\"},\"primaryImageOfPage\":{\"@id\":\"https:\/\/newmood.com.tr\/en\/diamond-kose-takimi\/#primaryimage\"},\"image\":{\"@id\":\"https:\/\/newmood.com.tr\/en\/diamond-kose-takimi\/#primaryimage\"},\"thumbnailUrl\":\"https:\/\/newmood.com.tr\/wp-content\/uploads\/2024\/10\/diamond-kose-takimi-231024-17.jpg\",\"datePublished\":\"2024-10-23T11:42:41+00:00\",\"breadcrumb\":{\"@id\":\"https:\/\/newmood.com.tr\/en\/diamond-kose-takimi\/#breadcrumb\"},\"inLanguage\":\"en-US\",\"potentialAction\":[{\"@type\":\"ReadAction\",\"target\":[\"https:\/\/newmood.com.tr\/en\/diamond-kose-takimi\/\"]}]},{\"@type\":\"ImageObject\",\"inLanguage\":\"en-US\",\"@id\":\"https:\/\/newmood.com.tr\/en\/diamond-kose-takimi\/#primaryimage\",\"url\":\"https:\/\/newmood.com.tr\/wp-content\/uploads\/2024\/10\/diamond-kose-takimi-231024-17.jpg\",\"contentUrl\":\"https:\/\/newmood.com.tr\/wp-content\/uploads\/2024\/10\/diamond-kose-takimi-231024-17.jpg\",\"width\":1920,\"height\":1200},{\"@type\":\"BreadcrumbList\",\"@id\":\"https:\/\/newmood.com.tr\/en\/diamond-kose-takimi\/#breadcrumb\",\"itemListElement\":[{\"@type\":\"ListItem\",\"position\":1,\"name\":\"Anasayfa\",\"item\":\"https:\/\/newmood.com.tr\/\"},{\"@type\":\"ListItem\",\"position\":2,\"name\":\"\u00dcr\u00fcnler\",\"item\":\"https:\/\/newmood.com.tr\/shop\/\"},{\"@type\":\"ListItem\",\"position\":3,\"name\":\"Diamond K\u00f6\u015fe Tak\u0131m\u0131\"}]},{\"@type\":\"WebSite\",\"@id\":\"https:\/\/newmood.com.tr\/en\/#website\",\"url\":\"https:\/\/newmood.com.tr\/en\/\",\"name\":\"Newmood\",\"description\":\"\",\"potentialAction\":[{\"@type\":\"SearchAction\",\"target\":{\"@type\":\"EntryPoint\",\"urlTemplate\":\"https:\/\/newmood.com.tr\/en\/?s={search_term_string}\"},\"query-input\":{\"@type\":\"PropertyValueSpecification\",\"valueRequired\":true,\"valueName\":\"search_term_string\"}}],\"inLanguage\":\"en-US\"}]}<\/script>\n<!-- \/ Yoast SEO plugin. -->","yoast_head_json":{"title":"Diamond K\u00f6\u015fe Tak\u0131m\u0131 - Newmood","robots":{"index":"index","follow":"follow","max-snippet":"max-snippet:-1","max-image-preview":"max-image-preview:large","max-video-preview":"max-video-preview:-1"},"canonical":"https:\/\/newmood.com.tr\/en\/diamond-kose-takimi\/","og_locale":"en_US","og_type":"article","og_title":"Diamond K\u00f6\u015fe Tak\u0131m\u0131 - Newmood","og_description":"Diamond K\u00f6\u015fe Tak\u0131m\u0131, modern tasar\u0131m\u0131 ve i\u015flevsel yap\u0131s\u0131yla ya\u015fam alan\u0131n\u0131za zarafet ve konfor getirir. Yumu\u015fak dokulu kuma\u015f\u0131 ve geni\u015f oturma alanlar\u0131, dinlenme anlar\u0131n\u0131z\u0131 daha keyifli hale getirirken, zarif hatlar\u0131yla mekana sofistike bir hava katar. Mod\u00fcler yap\u0131s\u0131 sayesinde, farkl\u0131 alanlara kolayca uyum sa\u011flar ve fonksiyonel bir kullan\u0131m sunar. Dayan\u0131kl\u0131 iskeleti ve \u015f\u0131k metal ayaklar\u0131, uzun \u00f6m\u00fcrl\u00fc kullan\u0131m ve estetik g\u00f6r\u00fcn\u00fcm\u00fc bir araya getirir. Diamond K\u00f6\u015fe Tak\u0131m\u0131, hem estetik hem de konfor arayanlar i\u00e7in ideal bir se\u00e7imdir, oturma odan\u0131z\u0131 modern bir dokunu\u015fla tamamlar.","og_url":"https:\/\/newmood.com.tr\/en\/diamond-kose-takimi\/","og_site_name":"Newmood","og_image":[{"width":1920,"height":1200,"url":"https:\/\/newmood.com.tr\/wp-content\/uploads\/2024\/10\/diamond-kose-takimi-231024-17.jpg","type":"image\/jpeg"}],"twitter_card":"summary_large_image","schema":{"@context":"https:\/\/schema.org","@graph":[{"@type":"WebPage","@id":"https:\/\/newmood.com.tr\/en\/diamond-kose-takimi\/","url":"https:\/\/newmood.com.tr\/en\/diamond-kose-takimi\/","name":"Diamond K\u00f6\u015fe Tak\u0131m\u0131 - Newmood","isPartOf":{"@id":"https:\/\/newmood.com.tr\/en\/#website"},"primaryImageOfPage":{"@id":"https:\/\/newmood.com.tr\/en\/diamond-kose-takimi\/#primaryimage"},"image":{"@id":"https:\/\/newmood.com.tr\/en\/diamond-kose-takimi\/#primaryimage"},"thumbnailUrl":"https:\/\/newmood.com.tr\/wp-content\/uploads\/2024\/10\/diamond-kose-takimi-231024-17.jpg","datePublished":"2024-10-23T11:42:41+00:00","breadcrumb":{"@id":"https:\/\/newmood.com.tr\/en\/diamond-kose-takimi\/#breadcrumb"},"inLanguage":"en-US","potentialAction":[{"@type":"ReadAction","target":["https:\/\/newmood.com.tr\/en\/diamond-kose-takimi\/"]}]},{"@type":"ImageObject","inLanguage":"en-US","@id":"https:\/\/newmood.com.tr\/en\/diamond-kose-takimi\/#primaryimage","url":"https:\/\/newmood.com.tr\/wp-content\/uploads\/2024\/10\/diamond-kose-takimi-231024-17.jpg","contentUrl":"https:\/\/newmood.com.tr\/wp-content\/uploads\/2024\/10\/diamond-kose-takimi-231024-17.jpg","width":1920,"height":1200},{"@type":"BreadcrumbList","@id":"https:\/\/newmood.com.tr\/en\/diamond-kose-takimi\/#breadcrumb","itemListElement":[{"@type":"ListItem","position":1,"name":"Anasayfa","item":"https:\/\/newmood.com.tr\/"},{"@type":"ListItem","position":2,"name":"\u00dcr\u00fcnler","item":"https:\/\/newmood.com.tr\/shop\/"},{"@type":"ListItem","position":3,"name":"Diamond K\u00f6\u015fe Tak\u0131m\u0131"}]},{"@type":"WebSite","@id":"https:\/\/newmood.com.tr\/en\/#website","url":"https:\/\/newmood.com.tr\/en\/","name":"Newmood","description":"","potentialAction":[{"@type":"SearchAction","target":{"@type":"EntryPoint","urlTemplate":"https:\/\/newmood.com.tr\/en\/?s={search_term_string}"},"query-input":{"@type":"PropertyValueSpecification","valueRequired":true,"valueName":"search_term_string"}}],"inLanguage":"en-US"}]}},"_links":{"self":[{"href":"https:\/\/newmood.com.tr\/en\/wp-json\/wp\/v2\/product\/1830"}],"collection":[{"href":"https:\/\/newmood.com.tr\/en\/wp-json\/wp\/v2\/product"}],"about":[{"href":"https:\/\/newmood.com.tr\/en\/wp-json\/wp\/v2\/types\/product"}],"replies":[{"embeddable":true,"href":"https:\/\/newmood.com.tr\/en\/wp-json\/wp\/v2\/comments?post=1830"}],"wp:featuredmedia":[{"embeddable":true,"href":"https:\/\/newmood.com.tr\/en\/wp-json\/wp\/v2\/media\/1847"}],"wp:attachment":[{"href":"https:\/\/newmood.com.tr\/en\/wp-json\/wp\/v2\/media?parent=1830"}],"wp:term":[{"taxonomy":"product_brand","embeddable":true,"href":"https:\/\/newmood.com.tr\/en\/wp-json\/wp\/v2\/product_brand?post=1830"},{"taxonomy":"product_cat","embeddable":true,"href":"https:\/\/newmood.com.tr\/en\/wp-json\/wp\/v2\/product_cat?post=1830"},{"taxonomy":"product_tag","embeddable":true,"href":"https:\/\/newmood.com.tr\/en\/wp-json\/wp\/v2\/product_tag?post=1830"}],"curies":[{"name":"wp","href":"https:\/\/api.w.org\/{rel}","templated":true}]}}