{"id":1827,"date":"2024-10-22T14:41:26","date_gmt":"2024-10-22T14:41:26","guid":{"rendered":"https:\/\/newmood.kodektif.com\/?post_type=product&#038;p=1827"},"modified":"2024-10-22T14:44:55","modified_gmt":"2024-10-22T14:44:55","slug":"rita-berjer","status":"publish","type":"product","link":"https:\/\/newmood.com.tr\/en\/rita-berjer\/","title":{"rendered":"Rita Armchair"},"content":{"rendered":"","protected":false},"excerpt":{"rendered":"<p>While Rita Armchair adds elegance to your living space with its elegant and modern design, it also prioritizes comfort. Soft textured fabric and ergonomic seat structure provide long-term comfort. While its simple lines and stylish details offer an aesthetic appearance, it offers durability and elegance together with its durable beech timber frame and elegant metal legs. Rita Armchair can be used both alone and in harmony with sofa sets, helping you create a comfortable and elegant seating area in your home.<\/p>","protected":false},"featured_media":1802,"comment_status":"open","ping_status":"closed","template":"","meta":[],"product_brand":[],"product_cat":[19],"product_tag":[],"class_list":{"0":"post-1827","1":"product","2":"type-product","3":"status-publish","4":"has-post-thumbnail","6":"product_cat-berjerler","8":"first","9":"instock","10":"shipping-taxable","11":"product-type-simple"},"yoast_head":"<!-- This site is optimized with the Yoast SEO plugin v24.9 - https:\/\/yoast.com\/wordpress\/plugins\/seo\/ -->\n<title>Rita Berjer - Newmood<\/title>\n<meta name=\"robots\" content=\"index, follow, max-snippet:-1, max-image-preview:large, max-video-preview:-1\" \/>\n<link rel=\"canonical\" href=\"https:\/\/newmood.com.tr\/en\/rita-berjer\/\" \/>\n<meta property=\"og:locale\" content=\"en_US\" \/>\n<meta property=\"og:type\" content=\"article\" \/>\n<meta property=\"og:title\" content=\"Rita Berjer - Newmood\" \/>\n<meta property=\"og:description\" content=\"Rita Berjer, zarif ve modern tasar\u0131m\u0131yla ya\u015fam alan\u0131n\u0131za \u015f\u0131kl\u0131k katarken, konforu da \u00f6n planda tutar. Yumu\u015fak dokulu kuma\u015f\u0131 ve ergonomik oturum yap\u0131s\u0131, uzun s\u00fcreli rahatl\u0131k sa\u011flar. Sade hatlar\u0131 ve \u015f\u0131k detaylar\u0131, estetik bir g\u00f6r\u00fcn\u00fcm sunarken, dayan\u0131kl\u0131 kay\u0131n kereste iskeleti ve zarif metal ayaklar\u0131 ile sa\u011flaml\u0131k ve \u015f\u0131kl\u0131\u011f\u0131 bir arada sunar. Rita Berjer, hem tek ba\u015f\u0131na hem de koltuk tak\u0131mlar\u0131yla uyum i\u00e7inde kullan\u0131larak, evinizde konforlu ve zarif bir oturma alan\u0131 yaratman\u0131za yard\u0131mc\u0131 olur.\" \/>\n<meta property=\"og:url\" content=\"https:\/\/newmood.com.tr\/en\/rita-berjer\/\" \/>\n<meta property=\"og:site_name\" content=\"Newmood\" \/>\n<meta property=\"article:modified_time\" content=\"2024-10-22T14:44:55+00:00\" \/>\n<meta property=\"og:image\" content=\"https:\/\/newmood.com.tr\/wp-content\/uploads\/2024\/10\/rita-koltuk-takimi-221024-14.jpg\" \/>\n\t<meta property=\"og:image:width\" content=\"1920\" \/>\n\t<meta property=\"og:image:height\" content=\"1200\" \/>\n\t<meta property=\"og:image:type\" content=\"image\/jpeg\" \/>\n<meta name=\"twitter:card\" content=\"summary_large_image\" \/>\n<script type=\"application\/ld+json\" class=\"yoast-schema-graph\">{\"@context\":\"https:\/\/schema.org\",\"@graph\":[{\"@type\":\"WebPage\",\"@id\":\"https:\/\/newmood.com.tr\/en\/rita-berjer\/\",\"url\":\"https:\/\/newmood.com.tr\/en\/rita-berjer\/\",\"name\":\"Rita Berjer - Newmood\",\"isPartOf\":{\"@id\":\"https:\/\/newmood.com.tr\/en\/#website\"},\"primaryImageOfPage\":{\"@id\":\"https:\/\/newmood.com.tr\/en\/rita-berjer\/#primaryimage\"},\"image\":{\"@id\":\"https:\/\/newmood.com.tr\/en\/rita-berjer\/#primaryimage\"},\"thumbnailUrl\":\"https:\/\/newmood.com.tr\/wp-content\/uploads\/2024\/10\/rita-koltuk-takimi-221024-14.jpg\",\"datePublished\":\"2024-10-22T14:41:26+00:00\",\"dateModified\":\"2024-10-22T14:44:55+00:00\",\"breadcrumb\":{\"@id\":\"https:\/\/newmood.com.tr\/en\/rita-berjer\/#breadcrumb\"},\"inLanguage\":\"en-US\",\"potentialAction\":[{\"@type\":\"ReadAction\",\"target\":[\"https:\/\/newmood.com.tr\/en\/rita-berjer\/\"]}]},{\"@type\":\"ImageObject\",\"inLanguage\":\"en-US\",\"@id\":\"https:\/\/newmood.com.tr\/en\/rita-berjer\/#primaryimage\",\"url\":\"https:\/\/newmood.com.tr\/wp-content\/uploads\/2024\/10\/rita-koltuk-takimi-221024-14.jpg\",\"contentUrl\":\"https:\/\/newmood.com.tr\/wp-content\/uploads\/2024\/10\/rita-koltuk-takimi-221024-14.jpg\",\"width\":1920,\"height\":1200},{\"@type\":\"BreadcrumbList\",\"@id\":\"https:\/\/newmood.com.tr\/en\/rita-berjer\/#breadcrumb\",\"itemListElement\":[{\"@type\":\"ListItem\",\"position\":1,\"name\":\"Anasayfa\",\"item\":\"https:\/\/newmood.com.tr\/\"},{\"@type\":\"ListItem\",\"position\":2,\"name\":\"\u00dcr\u00fcnler\",\"item\":\"https:\/\/newmood.com.tr\/shop\/\"},{\"@type\":\"ListItem\",\"position\":3,\"name\":\"Rita Berjer\"}]},{\"@type\":\"WebSite\",\"@id\":\"https:\/\/newmood.com.tr\/en\/#website\",\"url\":\"https:\/\/newmood.com.tr\/en\/\",\"name\":\"Newmood\",\"description\":\"\",\"potentialAction\":[{\"@type\":\"SearchAction\",\"target\":{\"@type\":\"EntryPoint\",\"urlTemplate\":\"https:\/\/newmood.com.tr\/en\/?s={search_term_string}\"},\"query-input\":{\"@type\":\"PropertyValueSpecification\",\"valueRequired\":true,\"valueName\":\"search_term_string\"}}],\"inLanguage\":\"en-US\"}]}<\/script>\n<!-- \/ Yoast SEO plugin. -->","yoast_head_json":{"title":"Rita Berjer - Newmood","robots":{"index":"index","follow":"follow","max-snippet":"max-snippet:-1","max-image-preview":"max-image-preview:large","max-video-preview":"max-video-preview:-1"},"canonical":"https:\/\/newmood.com.tr\/en\/rita-berjer\/","og_locale":"en_US","og_type":"article","og_title":"Rita Berjer - Newmood","og_description":"Rita Berjer, zarif ve modern tasar\u0131m\u0131yla ya\u015fam alan\u0131n\u0131za \u015f\u0131kl\u0131k katarken, konforu da \u00f6n planda tutar. Yumu\u015fak dokulu kuma\u015f\u0131 ve ergonomik oturum yap\u0131s\u0131, uzun s\u00fcreli rahatl\u0131k sa\u011flar. Sade hatlar\u0131 ve \u015f\u0131k detaylar\u0131, estetik bir g\u00f6r\u00fcn\u00fcm sunarken, dayan\u0131kl\u0131 kay\u0131n kereste iskeleti ve zarif metal ayaklar\u0131 ile sa\u011flaml\u0131k ve \u015f\u0131kl\u0131\u011f\u0131 bir arada sunar. Rita Berjer, hem tek ba\u015f\u0131na hem de koltuk tak\u0131mlar\u0131yla uyum i\u00e7inde kullan\u0131larak, evinizde konforlu ve zarif bir oturma alan\u0131 yaratman\u0131za yard\u0131mc\u0131 olur.","og_url":"https:\/\/newmood.com.tr\/en\/rita-berjer\/","og_site_name":"Newmood","article_modified_time":"2024-10-22T14:44:55+00:00","og_image":[{"width":1920,"height":1200,"url":"https:\/\/newmood.com.tr\/wp-content\/uploads\/2024\/10\/rita-koltuk-takimi-221024-14.jpg","type":"image\/jpeg"}],"twitter_card":"summary_large_image","schema":{"@context":"https:\/\/schema.org","@graph":[{"@type":"WebPage","@id":"https:\/\/newmood.com.tr\/en\/rita-berjer\/","url":"https:\/\/newmood.com.tr\/en\/rita-berjer\/","name":"Rita Berjer - Newmood","isPartOf":{"@id":"https:\/\/newmood.com.tr\/en\/#website"},"primaryImageOfPage":{"@id":"https:\/\/newmood.com.tr\/en\/rita-berjer\/#primaryimage"},"image":{"@id":"https:\/\/newmood.com.tr\/en\/rita-berjer\/#primaryimage"},"thumbnailUrl":"https:\/\/newmood.com.tr\/wp-content\/uploads\/2024\/10\/rita-koltuk-takimi-221024-14.jpg","datePublished":"2024-10-22T14:41:26+00:00","dateModified":"2024-10-22T14:44:55+00:00","breadcrumb":{"@id":"https:\/\/newmood.com.tr\/en\/rita-berjer\/#breadcrumb"},"inLanguage":"en-US","potentialAction":[{"@type":"ReadAction","target":["https:\/\/newmood.com.tr\/en\/rita-berjer\/"]}]},{"@type":"ImageObject","inLanguage":"en-US","@id":"https:\/\/newmood.com.tr\/en\/rita-berjer\/#primaryimage","url":"https:\/\/newmood.com.tr\/wp-content\/uploads\/2024\/10\/rita-koltuk-takimi-221024-14.jpg","contentUrl":"https:\/\/newmood.com.tr\/wp-content\/uploads\/2024\/10\/rita-koltuk-takimi-221024-14.jpg","width":1920,"height":1200},{"@type":"BreadcrumbList","@id":"https:\/\/newmood.com.tr\/en\/rita-berjer\/#breadcrumb","itemListElement":[{"@type":"ListItem","position":1,"name":"Anasayfa","item":"https:\/\/newmood.com.tr\/"},{"@type":"ListItem","position":2,"name":"\u00dcr\u00fcnler","item":"https:\/\/newmood.com.tr\/shop\/"},{"@type":"ListItem","position":3,"name":"Rita Berjer"}]},{"@type":"WebSite","@id":"https:\/\/newmood.com.tr\/en\/#website","url":"https:\/\/newmood.com.tr\/en\/","name":"Newmood","description":"","potentialAction":[{"@type":"SearchAction","target":{"@type":"EntryPoint","urlTemplate":"https:\/\/newmood.com.tr\/en\/?s={search_term_string}"},"query-input":{"@type":"PropertyValueSpecification","valueRequired":true,"valueName":"search_term_string"}}],"inLanguage":"en-US"}]}},"_links":{"self":[{"href":"https:\/\/newmood.com.tr\/en\/wp-json\/wp\/v2\/product\/1827"}],"collection":[{"href":"https:\/\/newmood.com.tr\/en\/wp-json\/wp\/v2\/product"}],"about":[{"href":"https:\/\/newmood.com.tr\/en\/wp-json\/wp\/v2\/types\/product"}],"replies":[{"embeddable":true,"href":"https:\/\/newmood.com.tr\/en\/wp-json\/wp\/v2\/comments?post=1827"}],"wp:featuredmedia":[{"embeddable":true,"href":"https:\/\/newmood.com.tr\/en\/wp-json\/wp\/v2\/media\/1802"}],"wp:attachment":[{"href":"https:\/\/newmood.com.tr\/en\/wp-json\/wp\/v2\/media?parent=1827"}],"wp:term":[{"taxonomy":"product_brand","embeddable":true,"href":"https:\/\/newmood.com.tr\/en\/wp-json\/wp\/v2\/product_brand?post=1827"},{"taxonomy":"product_cat","embeddable":true,"href":"https:\/\/newmood.com.tr\/en\/wp-json\/wp\/v2\/product_cat?post=1827"},{"taxonomy":"product_tag","embeddable":true,"href":"https:\/\/newmood.com.tr\/en\/wp-json\/wp\/v2\/product_tag?post=1827"}],"curies":[{"name":"wp","href":"https:\/\/api.w.org\/{rel}","templated":true}]}}