{"id":1825,"date":"2024-10-22T14:37:50","date_gmt":"2024-10-22T14:37:50","guid":{"rendered":"https:\/\/newmood.kodektif.com\/?post_type=product&#038;p=1825"},"modified":"2024-10-22T14:37:50","modified_gmt":"2024-10-22T14:37:50","slug":"rita-koltuk-v1","status":"publish","type":"product","link":"https:\/\/newmood.com.tr\/en\/rita-koltuk-v1\/","title":{"rendered":"Rita Sofa V1"},"content":{"rendered":"","protected":false},"excerpt":{"rendered":"<p>Rita Sofa V1 is a seating area piece that attracts attention with its modern and stylish design. Its soft textured fabric and large seating areas provide a comfortable resting experience by prioritizing comfort. Its elegant lines and fine details add a sophisticated atmosphere to the space. Its durable beech timber frame ensures long-lasting use, while its stylish metal legs give it a modern look. Rita Sofa V1 is an ideal choice for those looking for both aesthetics and comfort, and is a perfect option to beautify your living space.<\/p>","protected":false},"featured_media":1800,"comment_status":"open","ping_status":"closed","template":"","meta":[],"product_brand":[],"product_cat":[18],"product_tag":[],"class_list":{"0":"post-1825","1":"product","2":"type-product","3":"status-publish","4":"has-post-thumbnail","6":"product_cat-koltuklar","8":"first","9":"instock","10":"shipping-taxable","11":"product-type-simple"},"yoast_head":"<!-- This site is optimized with the Yoast SEO plugin v24.9 - https:\/\/yoast.com\/wordpress\/plugins\/seo\/ -->\n<title>Rita Koltuk V1 - Newmood<\/title>\n<meta name=\"robots\" content=\"index, follow, max-snippet:-1, max-image-preview:large, max-video-preview:-1\" \/>\n<link rel=\"canonical\" href=\"https:\/\/newmood.com.tr\/en\/rita-koltuk-v1\/\" \/>\n<meta property=\"og:locale\" content=\"en_US\" \/>\n<meta property=\"og:type\" content=\"article\" \/>\n<meta property=\"og:title\" content=\"Rita Koltuk V1 - Newmood\" \/>\n<meta property=\"og:description\" content=\"Rita Koltuk V1, modern ve \u015f\u0131k tasar\u0131m\u0131yla dikkat \u00e7eken bir oturma alan\u0131 par\u00e7as\u0131d\u0131r. Yumu\u015fak dokulu kuma\u015f\u0131 ve geni\u015f oturum alanlar\u0131, konforu \u00f6n planda tutarak rahat bir dinlenme deneyimi sunar. Zarif hatlar\u0131 ve ince detaylar\u0131, mekana sofistike bir hava katar. Dayan\u0131kl\u0131 kay\u0131n kereste iskeleti, uzun \u00f6m\u00fcrl\u00fc kullan\u0131m sa\u011flarken, \u015f\u0131k metal ayaklar\u0131 ise modern bir g\u00f6r\u00fcn\u00fcm kazand\u0131r\u0131r. Rita Koltuk V1, hem estetik hem de konfor arayanlar i\u00e7in ideal bir tercih olup, ya\u015fam alan\u0131n\u0131z\u0131 g\u00fczelle\u015ftirmek i\u00e7in m\u00fckemmel bir se\u00e7enektir.\" \/>\n<meta property=\"og:url\" content=\"https:\/\/newmood.com.tr\/en\/rita-koltuk-v1\/\" \/>\n<meta property=\"og:site_name\" content=\"Newmood\" \/>\n<meta property=\"og:image\" content=\"https:\/\/newmood.com.tr\/wp-content\/uploads\/2024\/10\/rita-koltuk-takimi-221024-12.jpg\" \/>\n\t<meta property=\"og:image:width\" content=\"1920\" \/>\n\t<meta property=\"og:image:height\" content=\"1200\" \/>\n\t<meta property=\"og:image:type\" content=\"image\/jpeg\" \/>\n<meta name=\"twitter:card\" content=\"summary_large_image\" \/>\n<script type=\"application\/ld+json\" class=\"yoast-schema-graph\">{\"@context\":\"https:\/\/schema.org\",\"@graph\":[{\"@type\":\"WebPage\",\"@id\":\"https:\/\/newmood.com.tr\/en\/rita-koltuk-v1\/\",\"url\":\"https:\/\/newmood.com.tr\/en\/rita-koltuk-v1\/\",\"name\":\"Rita Koltuk V1 - Newmood\",\"isPartOf\":{\"@id\":\"https:\/\/newmood.com.tr\/en\/#website\"},\"primaryImageOfPage\":{\"@id\":\"https:\/\/newmood.com.tr\/en\/rita-koltuk-v1\/#primaryimage\"},\"image\":{\"@id\":\"https:\/\/newmood.com.tr\/en\/rita-koltuk-v1\/#primaryimage\"},\"thumbnailUrl\":\"https:\/\/newmood.com.tr\/wp-content\/uploads\/2024\/10\/rita-koltuk-takimi-221024-12.jpg\",\"datePublished\":\"2024-10-22T14:37:50+00:00\",\"breadcrumb\":{\"@id\":\"https:\/\/newmood.com.tr\/en\/rita-koltuk-v1\/#breadcrumb\"},\"inLanguage\":\"en-US\",\"potentialAction\":[{\"@type\":\"ReadAction\",\"target\":[\"https:\/\/newmood.com.tr\/en\/rita-koltuk-v1\/\"]}]},{\"@type\":\"ImageObject\",\"inLanguage\":\"en-US\",\"@id\":\"https:\/\/newmood.com.tr\/en\/rita-koltuk-v1\/#primaryimage\",\"url\":\"https:\/\/newmood.com.tr\/wp-content\/uploads\/2024\/10\/rita-koltuk-takimi-221024-12.jpg\",\"contentUrl\":\"https:\/\/newmood.com.tr\/wp-content\/uploads\/2024\/10\/rita-koltuk-takimi-221024-12.jpg\",\"width\":1920,\"height\":1200},{\"@type\":\"BreadcrumbList\",\"@id\":\"https:\/\/newmood.com.tr\/en\/rita-koltuk-v1\/#breadcrumb\",\"itemListElement\":[{\"@type\":\"ListItem\",\"position\":1,\"name\":\"Anasayfa\",\"item\":\"https:\/\/newmood.com.tr\/\"},{\"@type\":\"ListItem\",\"position\":2,\"name\":\"\u00dcr\u00fcnler\",\"item\":\"https:\/\/newmood.com.tr\/shop\/\"},{\"@type\":\"ListItem\",\"position\":3,\"name\":\"Rita Koltuk V1\"}]},{\"@type\":\"WebSite\",\"@id\":\"https:\/\/newmood.com.tr\/en\/#website\",\"url\":\"https:\/\/newmood.com.tr\/en\/\",\"name\":\"Newmood\",\"description\":\"\",\"potentialAction\":[{\"@type\":\"SearchAction\",\"target\":{\"@type\":\"EntryPoint\",\"urlTemplate\":\"https:\/\/newmood.com.tr\/en\/?s={search_term_string}\"},\"query-input\":{\"@type\":\"PropertyValueSpecification\",\"valueRequired\":true,\"valueName\":\"search_term_string\"}}],\"inLanguage\":\"en-US\"}]}<\/script>\n<!-- \/ Yoast SEO plugin. -->","yoast_head_json":{"title":"Rita Koltuk V1 - Newmood","robots":{"index":"index","follow":"follow","max-snippet":"max-snippet:-1","max-image-preview":"max-image-preview:large","max-video-preview":"max-video-preview:-1"},"canonical":"https:\/\/newmood.com.tr\/en\/rita-koltuk-v1\/","og_locale":"en_US","og_type":"article","og_title":"Rita Koltuk V1 - Newmood","og_description":"Rita Koltuk V1, modern ve \u015f\u0131k tasar\u0131m\u0131yla dikkat \u00e7eken bir oturma alan\u0131 par\u00e7as\u0131d\u0131r. Yumu\u015fak dokulu kuma\u015f\u0131 ve geni\u015f oturum alanlar\u0131, konforu \u00f6n planda tutarak rahat bir dinlenme deneyimi sunar. Zarif hatlar\u0131 ve ince detaylar\u0131, mekana sofistike bir hava katar. Dayan\u0131kl\u0131 kay\u0131n kereste iskeleti, uzun \u00f6m\u00fcrl\u00fc kullan\u0131m sa\u011flarken, \u015f\u0131k metal ayaklar\u0131 ise modern bir g\u00f6r\u00fcn\u00fcm kazand\u0131r\u0131r. Rita Koltuk V1, hem estetik hem de konfor arayanlar i\u00e7in ideal bir tercih olup, ya\u015fam alan\u0131n\u0131z\u0131 g\u00fczelle\u015ftirmek i\u00e7in m\u00fckemmel bir se\u00e7enektir.","og_url":"https:\/\/newmood.com.tr\/en\/rita-koltuk-v1\/","og_site_name":"Newmood","og_image":[{"width":1920,"height":1200,"url":"https:\/\/newmood.com.tr\/wp-content\/uploads\/2024\/10\/rita-koltuk-takimi-221024-12.jpg","type":"image\/jpeg"}],"twitter_card":"summary_large_image","schema":{"@context":"https:\/\/schema.org","@graph":[{"@type":"WebPage","@id":"https:\/\/newmood.com.tr\/en\/rita-koltuk-v1\/","url":"https:\/\/newmood.com.tr\/en\/rita-koltuk-v1\/","name":"Rita Koltuk V1 - Newmood","isPartOf":{"@id":"https:\/\/newmood.com.tr\/en\/#website"},"primaryImageOfPage":{"@id":"https:\/\/newmood.com.tr\/en\/rita-koltuk-v1\/#primaryimage"},"image":{"@id":"https:\/\/newmood.com.tr\/en\/rita-koltuk-v1\/#primaryimage"},"thumbnailUrl":"https:\/\/newmood.com.tr\/wp-content\/uploads\/2024\/10\/rita-koltuk-takimi-221024-12.jpg","datePublished":"2024-10-22T14:37:50+00:00","breadcrumb":{"@id":"https:\/\/newmood.com.tr\/en\/rita-koltuk-v1\/#breadcrumb"},"inLanguage":"en-US","potentialAction":[{"@type":"ReadAction","target":["https:\/\/newmood.com.tr\/en\/rita-koltuk-v1\/"]}]},{"@type":"ImageObject","inLanguage":"en-US","@id":"https:\/\/newmood.com.tr\/en\/rita-koltuk-v1\/#primaryimage","url":"https:\/\/newmood.com.tr\/wp-content\/uploads\/2024\/10\/rita-koltuk-takimi-221024-12.jpg","contentUrl":"https:\/\/newmood.com.tr\/wp-content\/uploads\/2024\/10\/rita-koltuk-takimi-221024-12.jpg","width":1920,"height":1200},{"@type":"BreadcrumbList","@id":"https:\/\/newmood.com.tr\/en\/rita-koltuk-v1\/#breadcrumb","itemListElement":[{"@type":"ListItem","position":1,"name":"Anasayfa","item":"https:\/\/newmood.com.tr\/"},{"@type":"ListItem","position":2,"name":"\u00dcr\u00fcnler","item":"https:\/\/newmood.com.tr\/shop\/"},{"@type":"ListItem","position":3,"name":"Rita Koltuk V1"}]},{"@type":"WebSite","@id":"https:\/\/newmood.com.tr\/en\/#website","url":"https:\/\/newmood.com.tr\/en\/","name":"Newmood","description":"","potentialAction":[{"@type":"SearchAction","target":{"@type":"EntryPoint","urlTemplate":"https:\/\/newmood.com.tr\/en\/?s={search_term_string}"},"query-input":{"@type":"PropertyValueSpecification","valueRequired":true,"valueName":"search_term_string"}}],"inLanguage":"en-US"}]}},"_links":{"self":[{"href":"https:\/\/newmood.com.tr\/en\/wp-json\/wp\/v2\/product\/1825"}],"collection":[{"href":"https:\/\/newmood.com.tr\/en\/wp-json\/wp\/v2\/product"}],"about":[{"href":"https:\/\/newmood.com.tr\/en\/wp-json\/wp\/v2\/types\/product"}],"replies":[{"embeddable":true,"href":"https:\/\/newmood.com.tr\/en\/wp-json\/wp\/v2\/comments?post=1825"}],"wp:featuredmedia":[{"embeddable":true,"href":"https:\/\/newmood.com.tr\/en\/wp-json\/wp\/v2\/media\/1800"}],"wp:attachment":[{"href":"https:\/\/newmood.com.tr\/en\/wp-json\/wp\/v2\/media?parent=1825"}],"wp:term":[{"taxonomy":"product_brand","embeddable":true,"href":"https:\/\/newmood.com.tr\/en\/wp-json\/wp\/v2\/product_brand?post=1825"},{"taxonomy":"product_cat","embeddable":true,"href":"https:\/\/newmood.com.tr\/en\/wp-json\/wp\/v2\/product_cat?post=1825"},{"taxonomy":"product_tag","embeddable":true,"href":"https:\/\/newmood.com.tr\/en\/wp-json\/wp\/v2\/product_tag?post=1825"}],"curies":[{"name":"wp","href":"https:\/\/api.w.org\/{rel}","templated":true}]}}