{"id":1788,"date":"2024-10-22T14:34:01","date_gmt":"2024-10-22T14:34:01","guid":{"rendered":"https:\/\/newmood.kodektif.com\/?post_type=product&#038;p=1788"},"modified":"2024-10-22T14:34:02","modified_gmt":"2024-10-22T14:34:02","slug":"rita-koltuk-takimi","status":"publish","type":"product","link":"https:\/\/newmood.com.tr\/en\/rita-koltuk-takimi\/","title":{"rendered":"Rita Sofa Set"},"content":{"rendered":"","protected":false},"excerpt":{"rendered":"<p>Rita Sofa Set brings elegance and comfort to your living space with its modern and contemporary design. It makes your resting moments enjoyable with its soft textured fabric, large seating areas and supportive cushions. Its elegant lines and stylish details add a sophisticated atmosphere to the space. Its durable beech timber frame ensures long-lasting use, while its stylish metal legs give it a modern look. Rita Sofa Set is the perfect choice for those looking for aesthetics and functionality together.<\/p>","protected":false},"featured_media":1789,"comment_status":"open","ping_status":"closed","template":"","meta":[],"product_brand":[],"product_cat":[33],"product_tag":[],"class_list":{"0":"post-1788","1":"product","2":"type-product","3":"status-publish","4":"has-post-thumbnail","6":"product_cat-koltuk-takimlari","8":"first","9":"instock","10":"shipping-taxable","11":"product-type-simple"},"yoast_head":"<!-- This site is optimized with the Yoast SEO plugin v24.9 - https:\/\/yoast.com\/wordpress\/plugins\/seo\/ -->\n<title>Rita Koltuk Tak\u0131m\u0131 - Newmood<\/title>\n<meta name=\"robots\" content=\"index, follow, max-snippet:-1, max-image-preview:large, max-video-preview:-1\" \/>\n<link rel=\"canonical\" href=\"https:\/\/newmood.com.tr\/en\/rita-koltuk-takimi\/\" \/>\n<meta property=\"og:locale\" content=\"en_US\" \/>\n<meta property=\"og:type\" content=\"article\" \/>\n<meta property=\"og:title\" content=\"Rita Koltuk Tak\u0131m\u0131 - Newmood\" \/>\n<meta property=\"og:description\" content=\"Rita Koltuk Tak\u0131m\u0131, modern ve \u00e7a\u011fda\u015f tasar\u0131m\u0131yla ya\u015fam alan\u0131n\u0131za \u015f\u0131kl\u0131k ve konfor getirir. Yumu\u015fak dokulu kuma\u015f\u0131, geni\u015f oturum alanlar\u0131 ve destekleyici minderleri ile dinlenme anlar\u0131n\u0131z\u0131 keyifli hale getirir. Zarif hatlar\u0131 ve \u015f\u0131k detaylar\u0131, mekana sofistike bir atmosfer katar. Dayan\u0131kl\u0131 kay\u0131n kereste iskeleti, uzun \u00f6m\u00fcrl\u00fc kullan\u0131m sa\u011flarken, \u015f\u0131k metal ayaklar\u0131 ise modern bir g\u00f6r\u00fcn\u00fcm kazand\u0131r\u0131r. Rita Koltuk Tak\u0131m\u0131, estetik ve i\u015flevselli\u011fi bir arada arayanlar i\u00e7in m\u00fckemmel bir se\u00e7imdir.\" \/>\n<meta property=\"og:url\" content=\"https:\/\/newmood.com.tr\/en\/rita-koltuk-takimi\/\" \/>\n<meta property=\"og:site_name\" content=\"Newmood\" \/>\n<meta property=\"article:modified_time\" content=\"2024-10-22T14:34:02+00:00\" \/>\n<meta property=\"og:image\" content=\"https:\/\/newmood.com.tr\/wp-content\/uploads\/2024\/10\/rita-koltuk-takimi-221024-1.jpg\" \/>\n\t<meta property=\"og:image:width\" content=\"1920\" \/>\n\t<meta property=\"og:image:height\" content=\"1200\" \/>\n\t<meta property=\"og:image:type\" content=\"image\/jpeg\" \/>\n<meta name=\"twitter:card\" content=\"summary_large_image\" \/>\n<script type=\"application\/ld+json\" class=\"yoast-schema-graph\">{\"@context\":\"https:\/\/schema.org\",\"@graph\":[{\"@type\":\"WebPage\",\"@id\":\"https:\/\/newmood.com.tr\/en\/rita-koltuk-takimi\/\",\"url\":\"https:\/\/newmood.com.tr\/en\/rita-koltuk-takimi\/\",\"name\":\"Rita Koltuk Tak\u0131m\u0131 - Newmood\",\"isPartOf\":{\"@id\":\"https:\/\/newmood.com.tr\/en\/#website\"},\"primaryImageOfPage\":{\"@id\":\"https:\/\/newmood.com.tr\/en\/rita-koltuk-takimi\/#primaryimage\"},\"image\":{\"@id\":\"https:\/\/newmood.com.tr\/en\/rita-koltuk-takimi\/#primaryimage\"},\"thumbnailUrl\":\"https:\/\/newmood.com.tr\/wp-content\/uploads\/2024\/10\/rita-koltuk-takimi-221024-1.jpg\",\"datePublished\":\"2024-10-22T14:34:01+00:00\",\"dateModified\":\"2024-10-22T14:34:02+00:00\",\"breadcrumb\":{\"@id\":\"https:\/\/newmood.com.tr\/en\/rita-koltuk-takimi\/#breadcrumb\"},\"inLanguage\":\"en-US\",\"potentialAction\":[{\"@type\":\"ReadAction\",\"target\":[\"https:\/\/newmood.com.tr\/en\/rita-koltuk-takimi\/\"]}]},{\"@type\":\"ImageObject\",\"inLanguage\":\"en-US\",\"@id\":\"https:\/\/newmood.com.tr\/en\/rita-koltuk-takimi\/#primaryimage\",\"url\":\"https:\/\/newmood.com.tr\/wp-content\/uploads\/2024\/10\/rita-koltuk-takimi-221024-1.jpg\",\"contentUrl\":\"https:\/\/newmood.com.tr\/wp-content\/uploads\/2024\/10\/rita-koltuk-takimi-221024-1.jpg\",\"width\":1920,\"height\":1200},{\"@type\":\"BreadcrumbList\",\"@id\":\"https:\/\/newmood.com.tr\/en\/rita-koltuk-takimi\/#breadcrumb\",\"itemListElement\":[{\"@type\":\"ListItem\",\"position\":1,\"name\":\"Anasayfa\",\"item\":\"https:\/\/newmood.com.tr\/\"},{\"@type\":\"ListItem\",\"position\":2,\"name\":\"\u00dcr\u00fcnler\",\"item\":\"https:\/\/newmood.com.tr\/shop\/\"},{\"@type\":\"ListItem\",\"position\":3,\"name\":\"Rita Koltuk Tak\u0131m\u0131\"}]},{\"@type\":\"WebSite\",\"@id\":\"https:\/\/newmood.com.tr\/en\/#website\",\"url\":\"https:\/\/newmood.com.tr\/en\/\",\"name\":\"Newmood\",\"description\":\"\",\"potentialAction\":[{\"@type\":\"SearchAction\",\"target\":{\"@type\":\"EntryPoint\",\"urlTemplate\":\"https:\/\/newmood.com.tr\/en\/?s={search_term_string}\"},\"query-input\":{\"@type\":\"PropertyValueSpecification\",\"valueRequired\":true,\"valueName\":\"search_term_string\"}}],\"inLanguage\":\"en-US\"}]}<\/script>\n<!-- \/ Yoast SEO plugin. -->","yoast_head_json":{"title":"Rita Koltuk Tak\u0131m\u0131 - Newmood","robots":{"index":"index","follow":"follow","max-snippet":"max-snippet:-1","max-image-preview":"max-image-preview:large","max-video-preview":"max-video-preview:-1"},"canonical":"https:\/\/newmood.com.tr\/en\/rita-koltuk-takimi\/","og_locale":"en_US","og_type":"article","og_title":"Rita Koltuk Tak\u0131m\u0131 - Newmood","og_description":"Rita Koltuk Tak\u0131m\u0131, modern ve \u00e7a\u011fda\u015f tasar\u0131m\u0131yla ya\u015fam alan\u0131n\u0131za \u015f\u0131kl\u0131k ve konfor getirir. Yumu\u015fak dokulu kuma\u015f\u0131, geni\u015f oturum alanlar\u0131 ve destekleyici minderleri ile dinlenme anlar\u0131n\u0131z\u0131 keyifli hale getirir. Zarif hatlar\u0131 ve \u015f\u0131k detaylar\u0131, mekana sofistike bir atmosfer katar. Dayan\u0131kl\u0131 kay\u0131n kereste iskeleti, uzun \u00f6m\u00fcrl\u00fc kullan\u0131m sa\u011flarken, \u015f\u0131k metal ayaklar\u0131 ise modern bir g\u00f6r\u00fcn\u00fcm kazand\u0131r\u0131r. Rita Koltuk Tak\u0131m\u0131, estetik ve i\u015flevselli\u011fi bir arada arayanlar i\u00e7in m\u00fckemmel bir se\u00e7imdir.","og_url":"https:\/\/newmood.com.tr\/en\/rita-koltuk-takimi\/","og_site_name":"Newmood","article_modified_time":"2024-10-22T14:34:02+00:00","og_image":[{"width":1920,"height":1200,"url":"https:\/\/newmood.com.tr\/wp-content\/uploads\/2024\/10\/rita-koltuk-takimi-221024-1.jpg","type":"image\/jpeg"}],"twitter_card":"summary_large_image","schema":{"@context":"https:\/\/schema.org","@graph":[{"@type":"WebPage","@id":"https:\/\/newmood.com.tr\/en\/rita-koltuk-takimi\/","url":"https:\/\/newmood.com.tr\/en\/rita-koltuk-takimi\/","name":"Rita Koltuk Tak\u0131m\u0131 - Newmood","isPartOf":{"@id":"https:\/\/newmood.com.tr\/en\/#website"},"primaryImageOfPage":{"@id":"https:\/\/newmood.com.tr\/en\/rita-koltuk-takimi\/#primaryimage"},"image":{"@id":"https:\/\/newmood.com.tr\/en\/rita-koltuk-takimi\/#primaryimage"},"thumbnailUrl":"https:\/\/newmood.com.tr\/wp-content\/uploads\/2024\/10\/rita-koltuk-takimi-221024-1.jpg","datePublished":"2024-10-22T14:34:01+00:00","dateModified":"2024-10-22T14:34:02+00:00","breadcrumb":{"@id":"https:\/\/newmood.com.tr\/en\/rita-koltuk-takimi\/#breadcrumb"},"inLanguage":"en-US","potentialAction":[{"@type":"ReadAction","target":["https:\/\/newmood.com.tr\/en\/rita-koltuk-takimi\/"]}]},{"@type":"ImageObject","inLanguage":"en-US","@id":"https:\/\/newmood.com.tr\/en\/rita-koltuk-takimi\/#primaryimage","url":"https:\/\/newmood.com.tr\/wp-content\/uploads\/2024\/10\/rita-koltuk-takimi-221024-1.jpg","contentUrl":"https:\/\/newmood.com.tr\/wp-content\/uploads\/2024\/10\/rita-koltuk-takimi-221024-1.jpg","width":1920,"height":1200},{"@type":"BreadcrumbList","@id":"https:\/\/newmood.com.tr\/en\/rita-koltuk-takimi\/#breadcrumb","itemListElement":[{"@type":"ListItem","position":1,"name":"Anasayfa","item":"https:\/\/newmood.com.tr\/"},{"@type":"ListItem","position":2,"name":"\u00dcr\u00fcnler","item":"https:\/\/newmood.com.tr\/shop\/"},{"@type":"ListItem","position":3,"name":"Rita Koltuk Tak\u0131m\u0131"}]},{"@type":"WebSite","@id":"https:\/\/newmood.com.tr\/en\/#website","url":"https:\/\/newmood.com.tr\/en\/","name":"Newmood","description":"","potentialAction":[{"@type":"SearchAction","target":{"@type":"EntryPoint","urlTemplate":"https:\/\/newmood.com.tr\/en\/?s={search_term_string}"},"query-input":{"@type":"PropertyValueSpecification","valueRequired":true,"valueName":"search_term_string"}}],"inLanguage":"en-US"}]}},"_links":{"self":[{"href":"https:\/\/newmood.com.tr\/en\/wp-json\/wp\/v2\/product\/1788"}],"collection":[{"href":"https:\/\/newmood.com.tr\/en\/wp-json\/wp\/v2\/product"}],"about":[{"href":"https:\/\/newmood.com.tr\/en\/wp-json\/wp\/v2\/types\/product"}],"replies":[{"embeddable":true,"href":"https:\/\/newmood.com.tr\/en\/wp-json\/wp\/v2\/comments?post=1788"}],"wp:featuredmedia":[{"embeddable":true,"href":"https:\/\/newmood.com.tr\/en\/wp-json\/wp\/v2\/media\/1789"}],"wp:attachment":[{"href":"https:\/\/newmood.com.tr\/en\/wp-json\/wp\/v2\/media?parent=1788"}],"wp:term":[{"taxonomy":"product_brand","embeddable":true,"href":"https:\/\/newmood.com.tr\/en\/wp-json\/wp\/v2\/product_brand?post=1788"},{"taxonomy":"product_cat","embeddable":true,"href":"https:\/\/newmood.com.tr\/en\/wp-json\/wp\/v2\/product_cat?post=1788"},{"taxonomy":"product_tag","embeddable":true,"href":"https:\/\/newmood.com.tr\/en\/wp-json\/wp\/v2\/product_tag?post=1788"}],"curies":[{"name":"wp","href":"https:\/\/api.w.org\/{rel}","templated":true}]}}