{"id":1784,"date":"2024-10-22T13:29:54","date_gmt":"2024-10-22T13:29:54","guid":{"rendered":"https:\/\/newmood.kodektif.com\/?post_type=product&#038;p=1784"},"modified":"2024-10-22T13:29:54","modified_gmt":"2024-10-22T13:29:54","slug":"lucie-koltuk-v1","status":"publish","type":"product","link":"https:\/\/newmood.com.tr\/en\/lucie-koltuk-v1\/","title":{"rendered":"Lucie Sofa V1"},"content":{"rendered":"","protected":false},"excerpt":{"rendered":"<p>Lucie Armchair V1 is a piece of living space that stands out with its elegant design and comfort. It offers a comfortable resting experience with its large seating areas, soft-textured fabric and supportive cushions. While its modern and simple lines add elegance to the space, it ensures long-lasting use with its quality materials. Its durable beech timber frame and thin metal legs create a perfect balance of both aesthetics and durability. Lucie Sofa V1 is an ideal choice for those looking for a stylish and comfortable living space.<\/p>","protected":false},"featured_media":1777,"comment_status":"open","ping_status":"closed","template":"","meta":[],"product_brand":[],"product_cat":[18],"product_tag":[],"class_list":{"0":"post-1784","1":"product","2":"type-product","3":"status-publish","4":"has-post-thumbnail","6":"product_cat-koltuklar","8":"first","9":"instock","10":"shipping-taxable","11":"product-type-simple"},"yoast_head":"<!-- This site is optimized with the Yoast SEO plugin v24.9 - https:\/\/yoast.com\/wordpress\/plugins\/seo\/ -->\n<title>Lucie Koltuk V1 - Newmood<\/title>\n<meta name=\"robots\" content=\"index, follow, max-snippet:-1, max-image-preview:large, max-video-preview:-1\" \/>\n<link rel=\"canonical\" href=\"https:\/\/newmood.com.tr\/en\/lucie-koltuk-v1\/\" \/>\n<meta property=\"og:locale\" content=\"en_US\" \/>\n<meta property=\"og:type\" content=\"article\" \/>\n<meta property=\"og:title\" content=\"Lucie Koltuk V1 - Newmood\" \/>\n<meta property=\"og:description\" content=\"Lucie Koltuk V1, zarif tasar\u0131m\u0131 ve konforuyla \u00f6ne \u00e7\u0131kan bir ya\u015fam alan\u0131 par\u00e7as\u0131d\u0131r. Geni\u015f oturum alanlar\u0131, yumu\u015fak dokulu kuma\u015f\u0131 ve destekleyici minderleri ile rahat bir dinlenme deneyimi sunar. Modern ve sade hatlar\u0131, mekana \u015f\u0131kl\u0131k katarken, kaliteli malzemeleriyle uzun \u00f6m\u00fcrl\u00fc kullan\u0131m sa\u011flar. Dayan\u0131kl\u0131 kay\u0131n kereste iskeleti ve ince metal ayaklar\u0131, hem estetik hem de sa\u011flaml\u0131k a\u00e7\u0131s\u0131ndan m\u00fckemmel bir denge olu\u015fturur. Lucie Koltuk V1, hem stil sahibi hem de konforlu bir ya\u015fam alan\u0131 arayanlar i\u00e7in ideal bir tercihtir.\" \/>\n<meta property=\"og:url\" content=\"https:\/\/newmood.com.tr\/en\/lucie-koltuk-v1\/\" \/>\n<meta property=\"og:site_name\" content=\"Newmood\" \/>\n<meta property=\"og:image\" content=\"https:\/\/newmood.com.tr\/wp-content\/uploads\/2024\/10\/lucie-koltuk-takimi-221024-27.jpg\" \/>\n\t<meta property=\"og:image:width\" content=\"1920\" \/>\n\t<meta property=\"og:image:height\" content=\"1200\" \/>\n\t<meta property=\"og:image:type\" content=\"image\/jpeg\" \/>\n<meta name=\"twitter:card\" content=\"summary_large_image\" \/>\n<script type=\"application\/ld+json\" class=\"yoast-schema-graph\">{\"@context\":\"https:\/\/schema.org\",\"@graph\":[{\"@type\":\"WebPage\",\"@id\":\"https:\/\/newmood.com.tr\/en\/lucie-koltuk-v1\/\",\"url\":\"https:\/\/newmood.com.tr\/en\/lucie-koltuk-v1\/\",\"name\":\"Lucie Koltuk V1 - Newmood\",\"isPartOf\":{\"@id\":\"https:\/\/newmood.com.tr\/en\/#website\"},\"primaryImageOfPage\":{\"@id\":\"https:\/\/newmood.com.tr\/en\/lucie-koltuk-v1\/#primaryimage\"},\"image\":{\"@id\":\"https:\/\/newmood.com.tr\/en\/lucie-koltuk-v1\/#primaryimage\"},\"thumbnailUrl\":\"https:\/\/newmood.com.tr\/wp-content\/uploads\/2024\/10\/lucie-koltuk-takimi-221024-27.jpg\",\"datePublished\":\"2024-10-22T13:29:54+00:00\",\"breadcrumb\":{\"@id\":\"https:\/\/newmood.com.tr\/en\/lucie-koltuk-v1\/#breadcrumb\"},\"inLanguage\":\"en-US\",\"potentialAction\":[{\"@type\":\"ReadAction\",\"target\":[\"https:\/\/newmood.com.tr\/en\/lucie-koltuk-v1\/\"]}]},{\"@type\":\"ImageObject\",\"inLanguage\":\"en-US\",\"@id\":\"https:\/\/newmood.com.tr\/en\/lucie-koltuk-v1\/#primaryimage\",\"url\":\"https:\/\/newmood.com.tr\/wp-content\/uploads\/2024\/10\/lucie-koltuk-takimi-221024-27.jpg\",\"contentUrl\":\"https:\/\/newmood.com.tr\/wp-content\/uploads\/2024\/10\/lucie-koltuk-takimi-221024-27.jpg\",\"width\":1920,\"height\":1200},{\"@type\":\"BreadcrumbList\",\"@id\":\"https:\/\/newmood.com.tr\/en\/lucie-koltuk-v1\/#breadcrumb\",\"itemListElement\":[{\"@type\":\"ListItem\",\"position\":1,\"name\":\"Anasayfa\",\"item\":\"https:\/\/newmood.com.tr\/\"},{\"@type\":\"ListItem\",\"position\":2,\"name\":\"\u00dcr\u00fcnler\",\"item\":\"https:\/\/newmood.com.tr\/shop\/\"},{\"@type\":\"ListItem\",\"position\":3,\"name\":\"Lucie Koltuk V1\"}]},{\"@type\":\"WebSite\",\"@id\":\"https:\/\/newmood.com.tr\/en\/#website\",\"url\":\"https:\/\/newmood.com.tr\/en\/\",\"name\":\"Newmood\",\"description\":\"\",\"potentialAction\":[{\"@type\":\"SearchAction\",\"target\":{\"@type\":\"EntryPoint\",\"urlTemplate\":\"https:\/\/newmood.com.tr\/en\/?s={search_term_string}\"},\"query-input\":{\"@type\":\"PropertyValueSpecification\",\"valueRequired\":true,\"valueName\":\"search_term_string\"}}],\"inLanguage\":\"en-US\"}]}<\/script>\n<!-- \/ Yoast SEO plugin. -->","yoast_head_json":{"title":"Lucie Koltuk V1 - Newmood","robots":{"index":"index","follow":"follow","max-snippet":"max-snippet:-1","max-image-preview":"max-image-preview:large","max-video-preview":"max-video-preview:-1"},"canonical":"https:\/\/newmood.com.tr\/en\/lucie-koltuk-v1\/","og_locale":"en_US","og_type":"article","og_title":"Lucie Koltuk V1 - Newmood","og_description":"Lucie Koltuk V1, zarif tasar\u0131m\u0131 ve konforuyla \u00f6ne \u00e7\u0131kan bir ya\u015fam alan\u0131 par\u00e7as\u0131d\u0131r. Geni\u015f oturum alanlar\u0131, yumu\u015fak dokulu kuma\u015f\u0131 ve destekleyici minderleri ile rahat bir dinlenme deneyimi sunar. Modern ve sade hatlar\u0131, mekana \u015f\u0131kl\u0131k katarken, kaliteli malzemeleriyle uzun \u00f6m\u00fcrl\u00fc kullan\u0131m sa\u011flar. Dayan\u0131kl\u0131 kay\u0131n kereste iskeleti ve ince metal ayaklar\u0131, hem estetik hem de sa\u011flaml\u0131k a\u00e7\u0131s\u0131ndan m\u00fckemmel bir denge olu\u015fturur. Lucie Koltuk V1, hem stil sahibi hem de konforlu bir ya\u015fam alan\u0131 arayanlar i\u00e7in ideal bir tercihtir.","og_url":"https:\/\/newmood.com.tr\/en\/lucie-koltuk-v1\/","og_site_name":"Newmood","og_image":[{"width":1920,"height":1200,"url":"https:\/\/newmood.com.tr\/wp-content\/uploads\/2024\/10\/lucie-koltuk-takimi-221024-27.jpg","type":"image\/jpeg"}],"twitter_card":"summary_large_image","schema":{"@context":"https:\/\/schema.org","@graph":[{"@type":"WebPage","@id":"https:\/\/newmood.com.tr\/en\/lucie-koltuk-v1\/","url":"https:\/\/newmood.com.tr\/en\/lucie-koltuk-v1\/","name":"Lucie Koltuk V1 - Newmood","isPartOf":{"@id":"https:\/\/newmood.com.tr\/en\/#website"},"primaryImageOfPage":{"@id":"https:\/\/newmood.com.tr\/en\/lucie-koltuk-v1\/#primaryimage"},"image":{"@id":"https:\/\/newmood.com.tr\/en\/lucie-koltuk-v1\/#primaryimage"},"thumbnailUrl":"https:\/\/newmood.com.tr\/wp-content\/uploads\/2024\/10\/lucie-koltuk-takimi-221024-27.jpg","datePublished":"2024-10-22T13:29:54+00:00","breadcrumb":{"@id":"https:\/\/newmood.com.tr\/en\/lucie-koltuk-v1\/#breadcrumb"},"inLanguage":"en-US","potentialAction":[{"@type":"ReadAction","target":["https:\/\/newmood.com.tr\/en\/lucie-koltuk-v1\/"]}]},{"@type":"ImageObject","inLanguage":"en-US","@id":"https:\/\/newmood.com.tr\/en\/lucie-koltuk-v1\/#primaryimage","url":"https:\/\/newmood.com.tr\/wp-content\/uploads\/2024\/10\/lucie-koltuk-takimi-221024-27.jpg","contentUrl":"https:\/\/newmood.com.tr\/wp-content\/uploads\/2024\/10\/lucie-koltuk-takimi-221024-27.jpg","width":1920,"height":1200},{"@type":"BreadcrumbList","@id":"https:\/\/newmood.com.tr\/en\/lucie-koltuk-v1\/#breadcrumb","itemListElement":[{"@type":"ListItem","position":1,"name":"Anasayfa","item":"https:\/\/newmood.com.tr\/"},{"@type":"ListItem","position":2,"name":"\u00dcr\u00fcnler","item":"https:\/\/newmood.com.tr\/shop\/"},{"@type":"ListItem","position":3,"name":"Lucie Koltuk V1"}]},{"@type":"WebSite","@id":"https:\/\/newmood.com.tr\/en\/#website","url":"https:\/\/newmood.com.tr\/en\/","name":"Newmood","description":"","potentialAction":[{"@type":"SearchAction","target":{"@type":"EntryPoint","urlTemplate":"https:\/\/newmood.com.tr\/en\/?s={search_term_string}"},"query-input":{"@type":"PropertyValueSpecification","valueRequired":true,"valueName":"search_term_string"}}],"inLanguage":"en-US"}]}},"_links":{"self":[{"href":"https:\/\/newmood.com.tr\/en\/wp-json\/wp\/v2\/product\/1784"}],"collection":[{"href":"https:\/\/newmood.com.tr\/en\/wp-json\/wp\/v2\/product"}],"about":[{"href":"https:\/\/newmood.com.tr\/en\/wp-json\/wp\/v2\/types\/product"}],"replies":[{"embeddable":true,"href":"https:\/\/newmood.com.tr\/en\/wp-json\/wp\/v2\/comments?post=1784"}],"wp:featuredmedia":[{"embeddable":true,"href":"https:\/\/newmood.com.tr\/en\/wp-json\/wp\/v2\/media\/1777"}],"wp:attachment":[{"href":"https:\/\/newmood.com.tr\/en\/wp-json\/wp\/v2\/media?parent=1784"}],"wp:term":[{"taxonomy":"product_brand","embeddable":true,"href":"https:\/\/newmood.com.tr\/en\/wp-json\/wp\/v2\/product_brand?post=1784"},{"taxonomy":"product_cat","embeddable":true,"href":"https:\/\/newmood.com.tr\/en\/wp-json\/wp\/v2\/product_cat?post=1784"},{"taxonomy":"product_tag","embeddable":true,"href":"https:\/\/newmood.com.tr\/en\/wp-json\/wp\/v2\/product_tag?post=1784"}],"curies":[{"name":"wp","href":"https:\/\/api.w.org\/{rel}","templated":true}]}}