{"id":1748,"date":"2024-10-22T12:15:50","date_gmt":"2024-10-22T12:15:50","guid":{"rendered":"https:\/\/newmood.kodektif.com\/?post_type=product&#038;p=1748"},"modified":"2024-10-22T12:15:51","modified_gmt":"2024-10-22T12:15:51","slug":"laura-yan-sehpa","status":"publish","type":"product","link":"https:\/\/newmood.com.tr\/en\/laura-yan-sehpa\/","title":{"rendered":"Laura Side Table"},"content":{"rendered":"","protected":false},"excerpt":{"rendered":"<p>Laura Side Table adds an elegant complementary piece to your living spaces with its simple and stylish design. While its natural wooden surface brings warmth to the space, its thin metal legs offer a modern and light appearance. This coffee table, which can be easily placed with its compact size, provides an ideal surface for books, drinks or decorative objects. The Laura Side Table adds a sophisticated touch to spaces such as living rooms and bedrooms, being both a functional and aesthetic piece.<\/p>","protected":false},"featured_media":1739,"comment_status":"open","ping_status":"closed","template":"","meta":[],"product_brand":[],"product_cat":[26],"product_tag":[],"class_list":{"0":"post-1748","1":"product","2":"type-product","3":"status-publish","4":"has-post-thumbnail","6":"product_cat-tamamlayicilar","8":"first","9":"instock","10":"shipping-taxable","11":"product-type-simple"},"yoast_head":"<!-- This site is optimized with the Yoast SEO plugin v24.9 - https:\/\/yoast.com\/wordpress\/plugins\/seo\/ -->\n<title>Laura Yan Sehpa - Newmood<\/title>\n<meta name=\"robots\" content=\"index, follow, max-snippet:-1, max-image-preview:large, max-video-preview:-1\" \/>\n<link rel=\"canonical\" href=\"https:\/\/newmood.com.tr\/en\/laura-yan-sehpa\/\" \/>\n<meta property=\"og:locale\" content=\"en_US\" \/>\n<meta property=\"og:type\" content=\"article\" \/>\n<meta property=\"og:title\" content=\"Laura Yan Sehpa - Newmood\" \/>\n<meta property=\"og:description\" content=\"Laura Yan Sehpa, sade ve \u015f\u0131k tasar\u0131m\u0131yla ya\u015fam alanlar\u0131n\u0131za zarif bir tamamlay\u0131c\u0131 par\u00e7a ekler. Do\u011fal ah\u015fap y\u00fczeyi, mekana s\u0131cakl\u0131k getirirken, ince metal ayaklar\u0131 modern ve hafif bir g\u00f6r\u00fcn\u00fcm sunar. Kompakt boyutuyla kolayca yerle\u015ftirilebilen bu sehpa, kitap, i\u00e7ecek veya dekoratif objeler i\u00e7in ideal bir y\u00fczey sa\u011flar. Laura Yan Sehpa, hem i\u015flevsel hem de estetik bir par\u00e7a olarak oturma odas\u0131 ve yatak odas\u0131 gibi alanlara sofistike bir dokunu\u015f katar.\" \/>\n<meta property=\"og:url\" content=\"https:\/\/newmood.com.tr\/en\/laura-yan-sehpa\/\" \/>\n<meta property=\"og:site_name\" content=\"Newmood\" \/>\n<meta property=\"article:modified_time\" content=\"2024-10-22T12:15:51+00:00\" \/>\n<meta property=\"og:image\" content=\"https:\/\/newmood.com.tr\/wp-content\/uploads\/2024\/10\/laura-koltuk-takimi-221024-41.jpg\" \/>\n\t<meta property=\"og:image:width\" content=\"1920\" \/>\n\t<meta property=\"og:image:height\" content=\"1200\" \/>\n\t<meta property=\"og:image:type\" content=\"image\/jpeg\" \/>\n<meta name=\"twitter:card\" content=\"summary_large_image\" \/>\n<script type=\"application\/ld+json\" class=\"yoast-schema-graph\">{\"@context\":\"https:\/\/schema.org\",\"@graph\":[{\"@type\":\"WebPage\",\"@id\":\"https:\/\/newmood.com.tr\/en\/laura-yan-sehpa\/\",\"url\":\"https:\/\/newmood.com.tr\/en\/laura-yan-sehpa\/\",\"name\":\"Laura Yan Sehpa - Newmood\",\"isPartOf\":{\"@id\":\"https:\/\/newmood.com.tr\/en\/#website\"},\"primaryImageOfPage\":{\"@id\":\"https:\/\/newmood.com.tr\/en\/laura-yan-sehpa\/#primaryimage\"},\"image\":{\"@id\":\"https:\/\/newmood.com.tr\/en\/laura-yan-sehpa\/#primaryimage\"},\"thumbnailUrl\":\"https:\/\/newmood.com.tr\/wp-content\/uploads\/2024\/10\/laura-koltuk-takimi-221024-41.jpg\",\"datePublished\":\"2024-10-22T12:15:50+00:00\",\"dateModified\":\"2024-10-22T12:15:51+00:00\",\"breadcrumb\":{\"@id\":\"https:\/\/newmood.com.tr\/en\/laura-yan-sehpa\/#breadcrumb\"},\"inLanguage\":\"en-US\",\"potentialAction\":[{\"@type\":\"ReadAction\",\"target\":[\"https:\/\/newmood.com.tr\/en\/laura-yan-sehpa\/\"]}]},{\"@type\":\"ImageObject\",\"inLanguage\":\"en-US\",\"@id\":\"https:\/\/newmood.com.tr\/en\/laura-yan-sehpa\/#primaryimage\",\"url\":\"https:\/\/newmood.com.tr\/wp-content\/uploads\/2024\/10\/laura-koltuk-takimi-221024-41.jpg\",\"contentUrl\":\"https:\/\/newmood.com.tr\/wp-content\/uploads\/2024\/10\/laura-koltuk-takimi-221024-41.jpg\",\"width\":1920,\"height\":1200},{\"@type\":\"BreadcrumbList\",\"@id\":\"https:\/\/newmood.com.tr\/en\/laura-yan-sehpa\/#breadcrumb\",\"itemListElement\":[{\"@type\":\"ListItem\",\"position\":1,\"name\":\"Anasayfa\",\"item\":\"https:\/\/newmood.com.tr\/\"},{\"@type\":\"ListItem\",\"position\":2,\"name\":\"\u00dcr\u00fcnler\",\"item\":\"https:\/\/newmood.com.tr\/shop\/\"},{\"@type\":\"ListItem\",\"position\":3,\"name\":\"Laura Yan Sehpa\"}]},{\"@type\":\"WebSite\",\"@id\":\"https:\/\/newmood.com.tr\/en\/#website\",\"url\":\"https:\/\/newmood.com.tr\/en\/\",\"name\":\"Newmood\",\"description\":\"\",\"potentialAction\":[{\"@type\":\"SearchAction\",\"target\":{\"@type\":\"EntryPoint\",\"urlTemplate\":\"https:\/\/newmood.com.tr\/en\/?s={search_term_string}\"},\"query-input\":{\"@type\":\"PropertyValueSpecification\",\"valueRequired\":true,\"valueName\":\"search_term_string\"}}],\"inLanguage\":\"en-US\"}]}<\/script>\n<!-- \/ Yoast SEO plugin. -->","yoast_head_json":{"title":"Laura Yan Sehpa - Newmood","robots":{"index":"index","follow":"follow","max-snippet":"max-snippet:-1","max-image-preview":"max-image-preview:large","max-video-preview":"max-video-preview:-1"},"canonical":"https:\/\/newmood.com.tr\/en\/laura-yan-sehpa\/","og_locale":"en_US","og_type":"article","og_title":"Laura Yan Sehpa - Newmood","og_description":"Laura Yan Sehpa, sade ve \u015f\u0131k tasar\u0131m\u0131yla ya\u015fam alanlar\u0131n\u0131za zarif bir tamamlay\u0131c\u0131 par\u00e7a ekler. Do\u011fal ah\u015fap y\u00fczeyi, mekana s\u0131cakl\u0131k getirirken, ince metal ayaklar\u0131 modern ve hafif bir g\u00f6r\u00fcn\u00fcm sunar. Kompakt boyutuyla kolayca yerle\u015ftirilebilen bu sehpa, kitap, i\u00e7ecek veya dekoratif objeler i\u00e7in ideal bir y\u00fczey sa\u011flar. Laura Yan Sehpa, hem i\u015flevsel hem de estetik bir par\u00e7a olarak oturma odas\u0131 ve yatak odas\u0131 gibi alanlara sofistike bir dokunu\u015f katar.","og_url":"https:\/\/newmood.com.tr\/en\/laura-yan-sehpa\/","og_site_name":"Newmood","article_modified_time":"2024-10-22T12:15:51+00:00","og_image":[{"width":1920,"height":1200,"url":"https:\/\/newmood.com.tr\/wp-content\/uploads\/2024\/10\/laura-koltuk-takimi-221024-41.jpg","type":"image\/jpeg"}],"twitter_card":"summary_large_image","schema":{"@context":"https:\/\/schema.org","@graph":[{"@type":"WebPage","@id":"https:\/\/newmood.com.tr\/en\/laura-yan-sehpa\/","url":"https:\/\/newmood.com.tr\/en\/laura-yan-sehpa\/","name":"Laura Yan Sehpa - Newmood","isPartOf":{"@id":"https:\/\/newmood.com.tr\/en\/#website"},"primaryImageOfPage":{"@id":"https:\/\/newmood.com.tr\/en\/laura-yan-sehpa\/#primaryimage"},"image":{"@id":"https:\/\/newmood.com.tr\/en\/laura-yan-sehpa\/#primaryimage"},"thumbnailUrl":"https:\/\/newmood.com.tr\/wp-content\/uploads\/2024\/10\/laura-koltuk-takimi-221024-41.jpg","datePublished":"2024-10-22T12:15:50+00:00","dateModified":"2024-10-22T12:15:51+00:00","breadcrumb":{"@id":"https:\/\/newmood.com.tr\/en\/laura-yan-sehpa\/#breadcrumb"},"inLanguage":"en-US","potentialAction":[{"@type":"ReadAction","target":["https:\/\/newmood.com.tr\/en\/laura-yan-sehpa\/"]}]},{"@type":"ImageObject","inLanguage":"en-US","@id":"https:\/\/newmood.com.tr\/en\/laura-yan-sehpa\/#primaryimage","url":"https:\/\/newmood.com.tr\/wp-content\/uploads\/2024\/10\/laura-koltuk-takimi-221024-41.jpg","contentUrl":"https:\/\/newmood.com.tr\/wp-content\/uploads\/2024\/10\/laura-koltuk-takimi-221024-41.jpg","width":1920,"height":1200},{"@type":"BreadcrumbList","@id":"https:\/\/newmood.com.tr\/en\/laura-yan-sehpa\/#breadcrumb","itemListElement":[{"@type":"ListItem","position":1,"name":"Anasayfa","item":"https:\/\/newmood.com.tr\/"},{"@type":"ListItem","position":2,"name":"\u00dcr\u00fcnler","item":"https:\/\/newmood.com.tr\/shop\/"},{"@type":"ListItem","position":3,"name":"Laura Yan Sehpa"}]},{"@type":"WebSite","@id":"https:\/\/newmood.com.tr\/en\/#website","url":"https:\/\/newmood.com.tr\/en\/","name":"Newmood","description":"","potentialAction":[{"@type":"SearchAction","target":{"@type":"EntryPoint","urlTemplate":"https:\/\/newmood.com.tr\/en\/?s={search_term_string}"},"query-input":{"@type":"PropertyValueSpecification","valueRequired":true,"valueName":"search_term_string"}}],"inLanguage":"en-US"}]}},"_links":{"self":[{"href":"https:\/\/newmood.com.tr\/en\/wp-json\/wp\/v2\/product\/1748"}],"collection":[{"href":"https:\/\/newmood.com.tr\/en\/wp-json\/wp\/v2\/product"}],"about":[{"href":"https:\/\/newmood.com.tr\/en\/wp-json\/wp\/v2\/types\/product"}],"replies":[{"embeddable":true,"href":"https:\/\/newmood.com.tr\/en\/wp-json\/wp\/v2\/comments?post=1748"}],"wp:featuredmedia":[{"embeddable":true,"href":"https:\/\/newmood.com.tr\/en\/wp-json\/wp\/v2\/media\/1739"}],"wp:attachment":[{"href":"https:\/\/newmood.com.tr\/en\/wp-json\/wp\/v2\/media?parent=1748"}],"wp:term":[{"taxonomy":"product_brand","embeddable":true,"href":"https:\/\/newmood.com.tr\/en\/wp-json\/wp\/v2\/product_brand?post=1748"},{"taxonomy":"product_cat","embeddable":true,"href":"https:\/\/newmood.com.tr\/en\/wp-json\/wp\/v2\/product_cat?post=1748"},{"taxonomy":"product_tag","embeddable":true,"href":"https:\/\/newmood.com.tr\/en\/wp-json\/wp\/v2\/product_tag?post=1748"}],"curies":[{"name":"wp","href":"https:\/\/api.w.org\/{rel}","templated":true}]}}